{"id":122,"date":"2025-10-22T08:37:17","date_gmt":"2025-10-22T08:37:17","guid":{"rendered":"https:\/\/beta-machine.com\/?post_type=product&#038;p=122"},"modified":"2026-03-16T06:41:28","modified_gmt":"2026-03-16T06:41:28","slug":"double-station-blow-molding-machine","status":"publish","type":"product","link":"https:\/\/www.beta-machine.com\/es\/double-station-blow-molding-machine-pd770234388\/","title":{"rendered":"M\u00e1quina moldeadora por soplado de doble estaci\u00f3n"},"content":{"rendered":"<p>Esta m\u00e1quina de extrusi\u00f3n soplado est\u00e1 dise\u00f1ada para fabricar diversos tipos de envases huecos de pl\u00e1stico para alimentos, juguetes, bebidas, productos m\u00e9dicos, qu\u00edmicos, plaguicidas, detergentes, etc.Puede producir envases de 5L a 30L utilizando materiales como PE, PP y PVC. Ejemplos: botellas de agua, leche, m\u00e9dicas, aceite, lubricante, pelotas pl\u00e1sticas y envases pl\u00e1sticos.<br>\nVentajas:<br>\nBajo costo de inversi\u00f3n inicial, buena relaci\u00f3n calidad-precio.<br>\nAlta eficiencia productiva, funcionamiento r\u00e1pido y seguro.<br>\nF\u00e1cil diagn\u00f3stico de fallos y mantenimiento, m\u00ednimo tiempo de inactividad.<br>\nOfrece m\u00faltiples beneficios para fabricantes del sector de envases pl\u00e1sticos.<\/p>\n<p>&nbsp;<\/p>","protected":false},"excerpt":{"rendered":"<p>This extrusion blow molding\/moulding machine is designed to manufacture various types of hollow plastic containers used for storing food, toys, beverages, medicines, chemical products, pesticides, detergents, etc. It can produce containers ranging from 5L to 30L in size using materials like PE, PP, and PVC. Examples of products that can be made include water bottles, [&hellip;]<\/p>\n","protected":false},"featured_media":124,"comment_status":"open","ping_status":"closed","template":"","meta":{"_acf_changed":false},"product_brand":[],"product_cat":[29],"product_tag":[],"class_list":{"0":"post-122","1":"product","2":"type-product","3":"status-publish","4":"has-post-thumbnail","6":"product_cat-double-station-blow-molding-machine","8":"first","9":"instock","10":"shipping-taxable","11":"purchasable","12":"product-type-simple"},"acf":[],"_links":{"self":[{"href":"https:\/\/www.beta-machine.com\/es\/wp-json\/wp\/v2\/product\/122","targetHints":{"allow":["GET"]}}],"collection":[{"href":"https:\/\/www.beta-machine.com\/es\/wp-json\/wp\/v2\/product"}],"about":[{"href":"https:\/\/www.beta-machine.com\/es\/wp-json\/wp\/v2\/types\/product"}],"replies":[{"embeddable":true,"href":"https:\/\/www.beta-machine.com\/es\/wp-json\/wp\/v2\/comments?post=122"}],"wp:featuredmedia":[{"embeddable":true,"href":"https:\/\/www.beta-machine.com\/es\/wp-json\/wp\/v2\/media\/124"}],"wp:attachment":[{"href":"https:\/\/www.beta-machine.com\/es\/wp-json\/wp\/v2\/media?parent=122"}],"wp:term":[{"taxonomy":"product_brand","embeddable":true,"href":"https:\/\/www.beta-machine.com\/es\/wp-json\/wp\/v2\/product_brand?post=122"},{"taxonomy":"product_cat","embeddable":true,"href":"https:\/\/www.beta-machine.com\/es\/wp-json\/wp\/v2\/product_cat?post=122"},{"taxonomy":"product_tag","embeddable":true,"href":"https:\/\/www.beta-machine.com\/es\/wp-json\/wp\/v2\/product_tag?post=122"}],"curies":[{"name":"wp","href":"https:\/\/api.w.org\/{rel}","templated":true}]}}