{"id":125,"date":"2025-10-24T01:51:03","date_gmt":"2025-10-24T01:51:03","guid":{"rendered":"https:\/\/beta-machine.com\/?post_type=product&#038;p=125"},"modified":"2026-03-16T06:29:37","modified_gmt":"2026-03-16T06:29:37","slug":"manufacturer-customized-small-fully-automatic-waste-plastic-crusher","status":"publish","type":"product","link":"https:\/\/www.beta-machine.com\/es\/manufacturer-customized-small-fully-automatic-waste-plastic-crusher-pd738628088\/","title":{"rendered":"Trituradora de pl\u00e1stico residual peque\u00f1a y totalmente autom\u00e1tica, personalizada por el fabricante"},"content":{"rendered":"<h3>An\u00e1lisis detallado<\/h3>\n<div>\n<ol>\n<li>Motor de calidad, potencia fuerte, funcionamiento estable, garant\u00eda de calidad y muchos a\u00f1os de experiencia en la industria.<\/li>\n<li>Pieza de transmisi\u00f3n: funcionamiento estable, duradera y personalizable seg\u00fan las necesidades del usuario.<\/li>\n<li>Refuerzo general, materiales seleccionados, resistente y duradero, maquinaria de alta calidad y selecci\u00f3n s\u00f3lida de materiales.<\/li>\n<\/ol>\n<\/div>","protected":false},"excerpt":{"rendered":"<p>Detailed analysis Quality motor Strong power, smooth operation, quality assurance, and years of industry experience. Transmission part Stable operation, durable and customizable according to user needs. Overall reinforcement Selected materials, sturdy and durable, with high-quality machinery and solid material selection.<\/p>","protected":false},"featured_media":132,"comment_status":"closed","ping_status":"closed","template":"","meta":{"_acf_changed":false},"product_brand":[],"product_cat":[41],"product_tag":[44],"class_list":{"0":"post-125","1":"product","2":"type-product","3":"status-publish","4":"has-post-thumbnail","6":"product_cat-auxiliary-machines","7":"product_tag-various","9":"first","10":"instock","11":"shipping-taxable","12":"purchasable","13":"product-type-variable"},"acf":[],"_links":{"self":[{"href":"https:\/\/www.beta-machine.com\/es\/wp-json\/wp\/v2\/product\/125","targetHints":{"allow":["GET"]}}],"collection":[{"href":"https:\/\/www.beta-machine.com\/es\/wp-json\/wp\/v2\/product"}],"about":[{"href":"https:\/\/www.beta-machine.com\/es\/wp-json\/wp\/v2\/types\/product"}],"replies":[{"embeddable":true,"href":"https:\/\/www.beta-machine.com\/es\/wp-json\/wp\/v2\/comments?post=125"}],"wp:featuredmedia":[{"embeddable":true,"href":"https:\/\/www.beta-machine.com\/es\/wp-json\/wp\/v2\/media\/132"}],"wp:attachment":[{"href":"https:\/\/www.beta-machine.com\/es\/wp-json\/wp\/v2\/media?parent=125"}],"wp:term":[{"taxonomy":"product_brand","embeddable":true,"href":"https:\/\/www.beta-machine.com\/es\/wp-json\/wp\/v2\/product_brand?post=125"},{"taxonomy":"product_cat","embeddable":true,"href":"https:\/\/www.beta-machine.com\/es\/wp-json\/wp\/v2\/product_cat?post=125"},{"taxonomy":"product_tag","embeddable":true,"href":"https:\/\/www.beta-machine.com\/es\/wp-json\/wp\/v2\/product_tag?post=125"}],"curies":[{"name":"wp","href":"https:\/\/api.w.org\/{rel}","templated":true}]}}