{"id":148,"date":"2025-10-24T03:07:41","date_gmt":"2025-10-24T03:07:41","guid":{"rendered":"https:\/\/beta-machine.com\/?post_type=product&#038;p=148"},"modified":"2026-03-16T06:08:38","modified_gmt":"2026-03-16T06:08:38","slug":"manufacturer-customized-fully-automatic-water-oil-mold-temperature-machine","status":"publish","type":"product","link":"https:\/\/www.beta-machine.com\/es\/manufacturer-customized-fully-automatic-water-oil-mold-temperature-machine\/","title":{"rendered":"Fabricante M\u00e1quina de Temperatura de Molde de Agua\/ Aceite Totalmente Autom\u00e1tica Personalizada"},"content":{"rendered":"<h2>M\u00e1quina de temperatura de molde tipo agua \/ tipo aceite<\/h2>\n<p><img fetchpriority=\"high\" decoding=\"async\" class=\"alignnone wp-image-153 size-medium\" title=\"Mold Temperature Machine\" src=\"https:\/\/beta-machine.com\/wp-content\/uploads\/2025\/10\/Water-type-oil-type-mold-temperature-machine-300x300.png\" alt=\"Mold Temperature Machine\" width=\"300\" height=\"300\" srcset=\"https:\/\/www.beta-machine.com\/wp-content\/uploads\/2025\/10\/Water-type-oil-type-mold-temperature-machine-300x300.png 300w, https:\/\/www.beta-machine.com\/wp-content\/uploads\/2025\/10\/Water-type-oil-type-mold-temperature-machine-100x100.png 100w, https:\/\/www.beta-machine.com\/wp-content\/uploads\/2025\/10\/Water-type-oil-type-mold-temperature-machine-600x600.png 600w, https:\/\/www.beta-machine.com\/wp-content\/uploads\/2025\/10\/Water-type-oil-type-mold-temperature-machine-150x150.png 150w, https:\/\/www.beta-machine.com\/wp-content\/uploads\/2025\/10\/Water-type-oil-type-mold-temperature-machine-768x768.png 768w, https:\/\/www.beta-machine.com\/wp-content\/uploads\/2025\/10\/Water-type-oil-type-mold-temperature-machine.png 800w\" sizes=\"(max-width: 300px) 100vw, 300px\" \/><\/p>\n<p><strong>Control por microcomputadora<\/strong><\/p>\n<p>Control por microcomputadora, pantalla LCD y funcionamiento por botones;<\/p>\n<p><strong>Sistema de control de temperatura segmentado<\/strong><\/p>\n<p>Se puede mantener estable la temperatura del molde en cualquier estado, con una precisi\u00f3n de control de temperatura de hasta \u00b10.5 \u2103;<\/p>\n<p><strong>F\u00e1cil de operar<\/strong><\/p>\n<p>Se puede cambiar entre chino e ingl\u00e9s. La interfaz de operaci\u00f3n es simple y f\u00e1cil de entender, y la visualizaci\u00f3n de los problemas de fallos es clara de un vistazo.<\/p>\n<div class=\"sliderTable mt10 mb10 sliderTable-index0\"><\/div>\n<h2>M\u00e1quina de temperatura de molde de aceite de alta temperatura<\/h2>\n<p><img decoding=\"async\" class=\"alignnone wp-image-152 size-medium\" title=\"Mold Temperature Machine\" src=\"https:\/\/beta-machine.com\/wp-content\/uploads\/2025\/10\/High-temperature-oil-mold-temperature-machine-300x300.png\" alt=\"Mold Temperature Machine\" width=\"300\" height=\"300\" srcset=\"https:\/\/www.beta-machine.com\/wp-content\/uploads\/2025\/10\/High-temperature-oil-mold-temperature-machine-300x300.png 300w, https:\/\/www.beta-machine.com\/wp-content\/uploads\/2025\/10\/High-temperature-oil-mold-temperature-machine-100x100.png 100w, https:\/\/www.beta-machine.com\/wp-content\/uploads\/2025\/10\/High-temperature-oil-mold-temperature-machine-600x600.png 600w, https:\/\/www.beta-machine.com\/wp-content\/uploads\/2025\/10\/High-temperature-oil-mold-temperature-machine-150x150.png 150w, https:\/\/www.beta-machine.com\/wp-content\/uploads\/2025\/10\/High-temperature-oil-mold-temperature-machine-768x768.png 768w, https:\/\/www.beta-machine.com\/wp-content\/uploads\/2025\/10\/High-temperature-oil-mold-temperature-machine.png 800w\" sizes=\"(max-width: 300px) 100vw, 300px\" \/><\/p>\n<p><strong>Control por modo microcomputadora<\/strong><\/p>\n<p>Funcionamiento simple y f\u00e1cil de entender, adopta un sistema de control digital completo de doble etapa PID, con una precisi\u00f3n de control de temperatura de \u00b10.1 \u2103;<\/p>\n<p><strong>Adopta bomba de acoplamiento de alta temperatura<\/strong><\/p>\n<p>Sistema completo de protecci\u00f3n de seguridad e indicaci\u00f3n de fallos; adopta bomba de acoplamiento de alta temperatura, sin fugas de aceite;<\/p>\n<p><strong>Emplea refrigeraci\u00f3n indirecta<\/strong><\/p>\n<p>Se emplea refrigeraci\u00f3n indirecta, con velocidad r\u00e1pida de subida y bajada de temperatura, y temperatura precisa y estable.<\/p>\n<div class=\"sliderTable mt10 mb10 sliderTable-index1\"><\/div>\n<h2>M\u00e1quina de temperatura de molde de doble uso fr\u00edo-calor<\/h2>\n<p><img decoding=\"async\" class=\"alignnone wp-image-153 size-medium\" src=\"https:\/\/beta-machine.com\/wp-content\/uploads\/2025\/10\/Water-type-oil-type-mold-temperature-machine-300x300.png\" alt=\"Mold Temperature Machine\" width=\"300\" height=\"300\" srcset=\"https:\/\/www.beta-machine.com\/wp-content\/uploads\/2025\/10\/Water-type-oil-type-mold-temperature-machine-300x300.png 300w, https:\/\/www.beta-machine.com\/wp-content\/uploads\/2025\/10\/Water-type-oil-type-mold-temperature-machine-100x100.png 100w, https:\/\/www.beta-machine.com\/wp-content\/uploads\/2025\/10\/Water-type-oil-type-mold-temperature-machine-600x600.png 600w, https:\/\/www.beta-machine.com\/wp-content\/uploads\/2025\/10\/Water-type-oil-type-mold-temperature-machine-150x150.png 150w, https:\/\/www.beta-machine.com\/wp-content\/uploads\/2025\/10\/Water-type-oil-type-mold-temperature-machine-768x768.png 768w, https:\/\/www.beta-machine.com\/wp-content\/uploads\/2025\/10\/Water-type-oil-type-mold-temperature-machine.png 800w\" sizes=\"(max-width: 300px) 100vw, 300px\" \/><\/p>\n<p><strong>Operaci\u00f3n con un solo clic y conversi\u00f3n convenientes.<\/strong><\/p>\n<p>Proporciona agua circulante de refrigeraci\u00f3n para enfriamiento de equipos o agua caliente para calefacci\u00f3n seg\u00fan las necesidades de producci\u00f3n;<\/p>\n<p><strong>Bajo ruido y vibraci\u00f3n;<\/strong><\/p>\n<p>El equipo principal adopta compresores de marcas estadounidenses y japonesas, con protecci\u00f3n de seguridad incorporada, bajo ruido, estable y duradero;<\/p>\n<p><strong>Selecci\u00f3n estricta de materiales<\/strong><\/p>\n<p>Medidas de protecci\u00f3n completas, indicaci\u00f3n inteligente de fallos, alarma con zumbador, alto grado de automatizaci\u00f3n, no se necesita personal dedicado para operar.<\/p>\n<div class=\"sliderTable mt10 mb10 sliderTable-index2\"><\/div>\n<h2>M\u00e1quina de temperatura de molde de doble m\u00e1quina integrada<\/h2>\n<p><img loading=\"lazy\" decoding=\"async\" class=\"alignnone size-medium wp-image-151\" src=\"https:\/\/beta-machine.com\/wp-content\/uploads\/2025\/10\/Dual-machine-integrated-mold-temperature-machine-300x300.png\" alt=\"Mold Temperature Machine\" width=\"300\" height=\"300\" srcset=\"https:\/\/www.beta-machine.com\/wp-content\/uploads\/2025\/10\/Dual-machine-integrated-mold-temperature-machine-300x300.png 300w, https:\/\/www.beta-machine.com\/wp-content\/uploads\/2025\/10\/Dual-machine-integrated-mold-temperature-machine-100x100.png 100w, https:\/\/www.beta-machine.com\/wp-content\/uploads\/2025\/10\/Dual-machine-integrated-mold-temperature-machine-600x600.png 600w, https:\/\/www.beta-machine.com\/wp-content\/uploads\/2025\/10\/Dual-machine-integrated-mold-temperature-machine-150x150.png 150w, https:\/\/www.beta-machine.com\/wp-content\/uploads\/2025\/10\/Dual-machine-integrated-mold-temperature-machine-768x768.png 768w, https:\/\/www.beta-machine.com\/wp-content\/uploads\/2025\/10\/Dual-machine-integrated-mold-temperature-machine.png 800w\" sizes=\"(max-width: 300px) 100vw, 300px\" \/><\/p>\n<p><strong>Peque\u00f1a huella espacial<\/strong><\/p>\n<p>Dise\u00f1o nuevo, peque\u00f1a huella espacial y funciones completas;<\/p>\n<p><strong>Control de temperatura independiente<\/strong><\/p>\n<p>Doble control de temperatura independiente, adecuado para diferentes temperaturas de moldes superior e inferior, tambi\u00e9n puede controlar simult\u00e1neamente dos equipos principales con diferentes temperaturas;<\/p>\n<p><strong>F\u00e1cil de operar<\/strong><\/p>\n<p>Dise\u00f1o humanizado en apariencia, operaci\u00f3n conveniente y eficiente, mantenimiento y desmontaje m\u00e1s razonables.<\/p>\n<div class=\"sliderTable mt10 mb10 sliderTable-index3\"><\/div>","protected":false},"excerpt":{"rendered":"<p>Las m\u00e1quinas de temperatura de molde personalizadas de BETA vienen en cuatro modelos: tipo agua y aceite, tipo aceite de alta temperatura, tipo fr\u00edo-calor dual y tipo doble m\u00e1quina integrada.<\/p>","protected":false},"featured_media":151,"comment_status":"closed","ping_status":"closed","template":"","meta":{"_acf_changed":false},"product_brand":[],"product_cat":[41],"product_tag":[],"class_list":{"0":"post-148","1":"product","2":"type-product","3":"status-publish","4":"has-post-thumbnail","6":"product_cat-auxiliary-machines","8":"first","9":"instock","10":"shipping-taxable","11":"purchasable","12":"product-type-simple"},"acf":[],"_links":{"self":[{"href":"https:\/\/www.beta-machine.com\/es\/wp-json\/wp\/v2\/product\/148","targetHints":{"allow":["GET"]}}],"collection":[{"href":"https:\/\/www.beta-machine.com\/es\/wp-json\/wp\/v2\/product"}],"about":[{"href":"https:\/\/www.beta-machine.com\/es\/wp-json\/wp\/v2\/types\/product"}],"replies":[{"embeddable":true,"href":"https:\/\/www.beta-machine.com\/es\/wp-json\/wp\/v2\/comments?post=148"}],"wp:featuredmedia":[{"embeddable":true,"href":"https:\/\/www.beta-machine.com\/es\/wp-json\/wp\/v2\/media\/151"}],"wp:attachment":[{"href":"https:\/\/www.beta-machine.com\/es\/wp-json\/wp\/v2\/media?parent=148"}],"wp:term":[{"taxonomy":"product_brand","embeddable":true,"href":"https:\/\/www.beta-machine.com\/es\/wp-json\/wp\/v2\/product_brand?post=148"},{"taxonomy":"product_cat","embeddable":true,"href":"https:\/\/www.beta-machine.com\/es\/wp-json\/wp\/v2\/product_cat?post=148"},{"taxonomy":"product_tag","embeddable":true,"href":"https:\/\/www.beta-machine.com\/es\/wp-json\/wp\/v2\/product_tag?post=148"}],"curies":[{"name":"wp","href":"https:\/\/api.w.org\/{rel}","templated":true}]}}