{"id":156,"date":"2025-10-24T03:18:56","date_gmt":"2025-10-24T03:18:56","guid":{"rendered":"https:\/\/beta-machine.com\/?post_type=product&#038;p=156"},"modified":"2026-03-16T06:01:34","modified_gmt":"2026-03-16T06:01:34","slug":"manufacturer-customized-fully-automatic-small-single-axis-waste-plastic-shredder","status":"publish","type":"product","link":"https:\/\/www.beta-machine.com\/es\/manufacturer-customized-fully-automatic-small-single-axis-waste-plastic-shredder-pd728328088\/","title":{"rendered":"Fabricante Trituradora de Residuos Pl\u00e1sticos de Un Solo Eje Peque\u00f1a, Totalmente Autom\u00e1tica y Personalizada"},"content":{"rendered":"<p><strong>Trituradora de un solo eje<\/strong><\/p>\n<h2>Ventajas<\/h2>\n<div>\n<ol>\n<li>La caja de engranajes de la trituradora est\u00e1 soldada con placas de acero, de alta precisi\u00f3n, buen contacto, bajo ruido y larga vida \u00fatil.<\/li>\n<li>Los componentes de transmisi\u00f3n de la trituradora est\u00e1n conectados por acoplamientos para reducir la vibraci\u00f3n, proteger el eje principal y el reductor, sin da\u00f1ar la fuerza.<\/li>\n<li>La cuchilla de la trituradora se somete a forjado, tratamiento t\u00e9rmico de recocido, aislamiento temporal y rectificado fino en corte en l\u00ednea.<\/li>\n<li>El motor de la trituradora adopta un motor de n\u00facleo de cobre puro para reducir el consumo de energ\u00eda y mejorar la vida \u00fatil.<\/li>\n<\/ol>\n<\/div>\n<div>\n<h2>Campo de aplicaci\u00f3n<\/h2>\n<div>\n<ol>\n<li>Varios recipientes huecos: latas de bebidas pl\u00e1sticas, cubetas pl\u00e1sticas, cubetas de hierro, etc.<\/li>\n<li>Electrodom\u00e9sticos usados: televisores, lavadoras, carcasas de refrigeradores<\/li>\n<li>Tuber\u00edas: tuber\u00edas grandes, accesorios, tuber\u00edas PE<\/li>\n<li>Plantillas usadas: paletas de madera, paletas de pl\u00e1stico, paletas de carretilla elevadora, etc.<\/li>\n<li>Neum\u00e1ticos usados: neum\u00e1ticos de coche, neum\u00e1ticos de cami\u00f3n<\/li>\n<li>Metales de desecho: carrocer\u00edas de autom\u00f3viles, aleaciones de aluminio y piezas fundidas de aluminio usadas<\/li>\n<li>Desechos de cocina, residuos dom\u00e9sticos, cad\u00e1veres de animales, residuos m\u00e9dicos, etc.<\/li>\n<li>Material de cabeza de goma, cuerda retorcida de f\u00e1brica de papel<\/li>\n<\/ol>\n<h2>Campo de aplicaci\u00f3n<\/h2>\n<p><img fetchpriority=\"high\" decoding=\"async\" class=\"alignnone wp-image-158 size-full\" src=\"https:\/\/beta-machine.com\/wp-content\/uploads\/2025\/10\/Application-scenarios.png\" alt=\"Plastic Shredder\" width=\"849\" height=\"518\" srcset=\"https:\/\/www.beta-machine.com\/wp-content\/uploads\/2025\/10\/Application-scenarios.png 849w, https:\/\/www.beta-machine.com\/wp-content\/uploads\/2025\/10\/Application-scenarios-600x366.png 600w, https:\/\/www.beta-machine.com\/wp-content\/uploads\/2025\/10\/Application-scenarios-300x183.png 300w, https:\/\/www.beta-machine.com\/wp-content\/uploads\/2025\/10\/Application-scenarios-768x469.png 768w\" sizes=\"(max-width: 849px) 100vw, 849px\" \/><\/p>\n<\/div>\n<\/div>","protected":false},"excerpt":{"rendered":"<p>La trituradora de un solo eje personalizada de BETA es econ\u00f3mica y f\u00e1cil de operar.<\/p>","protected":false},"featured_media":161,"comment_status":"closed","ping_status":"closed","template":"","meta":{"_acf_changed":false},"product_brand":[],"product_cat":[41],"product_tag":[],"class_list":{"0":"post-156","1":"product","2":"type-product","3":"status-publish","4":"has-post-thumbnail","6":"product_cat-auxiliary-machines","8":"first","9":"instock","10":"shipping-taxable","11":"purchasable","12":"product-type-simple"},"acf":[],"_links":{"self":[{"href":"https:\/\/www.beta-machine.com\/es\/wp-json\/wp\/v2\/product\/156","targetHints":{"allow":["GET"]}}],"collection":[{"href":"https:\/\/www.beta-machine.com\/es\/wp-json\/wp\/v2\/product"}],"about":[{"href":"https:\/\/www.beta-machine.com\/es\/wp-json\/wp\/v2\/types\/product"}],"replies":[{"embeddable":true,"href":"https:\/\/www.beta-machine.com\/es\/wp-json\/wp\/v2\/comments?post=156"}],"wp:featuredmedia":[{"embeddable":true,"href":"https:\/\/www.beta-machine.com\/es\/wp-json\/wp\/v2\/media\/161"}],"wp:attachment":[{"href":"https:\/\/www.beta-machine.com\/es\/wp-json\/wp\/v2\/media?parent=156"}],"wp:term":[{"taxonomy":"product_brand","embeddable":true,"href":"https:\/\/www.beta-machine.com\/es\/wp-json\/wp\/v2\/product_brand?post=156"},{"taxonomy":"product_cat","embeddable":true,"href":"https:\/\/www.beta-machine.com\/es\/wp-json\/wp\/v2\/product_cat?post=156"},{"taxonomy":"product_tag","embeddable":true,"href":"https:\/\/www.beta-machine.com\/es\/wp-json\/wp\/v2\/product_tag?post=156"}],"curies":[{"name":"wp","href":"https:\/\/api.w.org\/{rel}","templated":true}]}}