{"id":191,"date":"2025-10-24T05:25:16","date_gmt":"2025-10-24T05:25:16","guid":{"rendered":"https:\/\/beta-machine.com\/?post_type=product&#038;p=191"},"modified":"2025-10-24T06:51:38","modified_gmt":"2025-10-24T06:51:38","slug":"air-dryer-refrigerated-air-drying-machine-for-air-compressor","status":"publish","type":"product","link":"https:\/\/www.beta-machine.com\/es\/air-dryer-refrigerated-air-drying-machine-for-air-compressor-pd723085088\/","title":{"rendered":"Secador de aire refrigerado para compresor de aire"},"content":{"rendered":"<p><strong>Secador de aire refrigerado para compresor de aire<\/strong><\/p>\n<p><strong>1. Principio de funcionamiento<br \/>\n<\/strong>El aire comprimido h\u00famedo y de alta temperatura entra en el precooler para disipar el calor y luego fluye al intercambiador de calor para intercambiar calor con el aire fr\u00edo descargado del evaporador, reduciendo as\u00ed la temperatura del aire comprimido que entra en el evaporador.<\/p>\n<p>El aire comprimido intercambiado de calor fluye hacia el evaporador e intercambia calor con el refrigerante mediante la funci\u00f3n de intercambio de calor del evaporador. El calor del aire comprimido es absorbido por el refrigerante, y el aire comprimido se enfr\u00eda r\u00e1pidamente.La humedad del aire h\u00famedo se condensa r\u00e1pidamente al alcanzar la temperatura de saturaci\u00f3n, formando gotas de agua. Mediante la rotaci\u00f3n a alta velocidad del separador aire-agua \u00fanico, la humedad se separa del aire por fuerza centr\u00edfuga. El agua separada se descarga a trav\u00e9s de la v\u00e1lvula de drenaje autom\u00e1tica.El punto de roc\u00edo a presi\u00f3n del aire enfriado puede alcanzar un m\u00ednimo de 2\u2103.<\/p>\n<div>\n<p><strong>2. Caracter\u00edsticas del producto<\/strong><br \/>\n\u2013 Dise\u00f1o especial que consigue baja diferencia de presi\u00f3n y ahorro de energ\u00eda.<br \/>\n\u2013 Se utilizan tubos de cobre engrosados para evitar la corrosi\u00f3n y fugas, prolongando la vida \u00fatil.<br \/>\n\u2013 Emplea un intercambiador de calor de alto rendimiento.<br \/>\n\u2013 El margen de dise\u00f1o de todo el equipo se incrementa en un 20% para garantizar el funcionamiento estable de la unidad en condiciones de trabajo severas.<br \/>\n\u2013 El cilindro est\u00e1 recubierto de pintura antioxido para evitar la oxidaci\u00f3n interior del equipo.<br \/>\n\u2013 Emplea piezas de alta calidad.<br \/>\n\u2013 El separador aire-agua y el dise\u00f1o de m\u00faltiples drenajes permiten un drenaje m\u00e1s oportuno y completo, evitando el problema de la mala calidad del punto de roc\u00edo causado por la humedad residual.<br \/>\n\u2013 Dispone de dispositivo de protecci\u00f3n contra baja presi\u00f3n que protege eficazmente la vida \u00fatil del compresor y reduce los costes de mantenimiento.<\/p>\n<\/div>\n<div class=\"sliderTable mt10 mb10 sliderTable-index0\">\n<div class=\"inner\">\n<table width=\"882\">\n<tbody>\n<tr class=\"firstRow\">\n<td valign=\"top\" width=\"266\">Nombre del producto<\/td>\n<td valign=\"top\" width=\"573\">Tanque de aire de acero inoxidable<\/td>\n<\/tr>\n<tr>\n<td valign=\"top\" width=\"266\">Volumen<\/td>\n<td valign=\"top\" width=\"573\">300-6000L; 0.3-6m\u00b3<\/td>\n<\/tr>\n<tr>\n<td valign=\"top\" width=\"266\">Presi\u00f3n<\/td>\n<td valign=\"top\" width=\"573\">8-16 bar<\/td>\n<\/tr>\n<tr>\n<td valign=\"top\" width=\"266\">Industria aplicable<\/td>\n<td valign=\"top\" width=\"573\">Compresor de aire<\/td>\n<\/tr>\n<tr>\n<td valign=\"top\" width=\"266\">Medio<\/td>\n<td valign=\"top\" width=\"573\">aire, vapor, nitr\u00f3geno, ox\u00edgeno, agua<\/td>\n<\/tr>\n<tr>\n<td valign=\"top\" width=\"266\">Temperatura de entrada de aire<\/td>\n<td valign=\"top\" width=\"573\">\u226460\u2103<\/td>\n<\/tr>\n<tr>\n<td valign=\"top\" width=\"266\">Vida \u00fatil<\/td>\n<td valign=\"top\" width=\"573\">10-15 a\u00f1os<\/td>\n<\/tr>\n<\/tbody>\n<\/table>\n<\/div>\n<\/div>\n<p><img fetchpriority=\"high\" decoding=\"async\" class=\"alignnone size-full wp-image-198\" src=\"https:\/\/beta-machine.com\/wp-content\/uploads\/2025\/10\/air-dryer7.jpg\" alt=\"air-dryer\" width=\"729\" height=\"1523\" srcset=\"https:\/\/www.beta-machine.com\/wp-content\/uploads\/2025\/10\/air-dryer7.jpg 729w, https:\/\/www.beta-machine.com\/wp-content\/uploads\/2025\/10\/air-dryer7-600x1253.jpg 600w, https:\/\/www.beta-machine.com\/wp-content\/uploads\/2025\/10\/air-dryer7-144x300.jpg 144w, https:\/\/www.beta-machine.com\/wp-content\/uploads\/2025\/10\/air-dryer7-490x1024.jpg 490w\" sizes=\"(max-width: 729px) 100vw, 729px\" \/><\/p>\n<div class=\"sliderTable mt10 mb10 sliderTable-index1\">\n<div class=\"inner\"><\/div>\n<\/div>","protected":false},"excerpt":{"rendered":"<p>El secador de aire se utiliza ampliamente en diversas industrias, como el procesamiento de alimentos, la farmac\u00e9utica y la biotecnolog\u00eda. Ofrece numerosos beneficios, como una mejor calidad del producto, una vida \u00fatil m\u00e1s prolongada y un menor consumo de energ\u00eda en comparaci\u00f3n con los m\u00e9todos de secado tradicionales. Adem\u00e1s, la versatilidad del secador de aire permite la personalizaci\u00f3n de los par\u00e1metros de secado para cumplir con los requisitos espec\u00edficos de cada producto.<\/p>","protected":false},"featured_media":194,"comment_status":"closed","ping_status":"closed","template":"","meta":{"_acf_changed":false},"product_brand":[],"product_cat":[41],"product_tag":[],"class_list":{"0":"post-191","1":"product","2":"type-product","3":"status-publish","4":"has-post-thumbnail","6":"product_cat-auxiliary-machines","8":"first","9":"instock","10":"shipping-taxable","11":"purchasable","12":"product-type-variable"},"acf":[],"_links":{"self":[{"href":"https:\/\/www.beta-machine.com\/es\/wp-json\/wp\/v2\/product\/191","targetHints":{"allow":["GET"]}}],"collection":[{"href":"https:\/\/www.beta-machine.com\/es\/wp-json\/wp\/v2\/product"}],"about":[{"href":"https:\/\/www.beta-machine.com\/es\/wp-json\/wp\/v2\/types\/product"}],"replies":[{"embeddable":true,"href":"https:\/\/www.beta-machine.com\/es\/wp-json\/wp\/v2\/comments?post=191"}],"wp:featuredmedia":[{"embeddable":true,"href":"https:\/\/www.beta-machine.com\/es\/wp-json\/wp\/v2\/media\/194"}],"wp:attachment":[{"href":"https:\/\/www.beta-machine.com\/es\/wp-json\/wp\/v2\/media?parent=191"}],"wp:term":[{"taxonomy":"product_brand","embeddable":true,"href":"https:\/\/www.beta-machine.com\/es\/wp-json\/wp\/v2\/product_brand?post=191"},{"taxonomy":"product_cat","embeddable":true,"href":"https:\/\/www.beta-machine.com\/es\/wp-json\/wp\/v2\/product_cat?post=191"},{"taxonomy":"product_tag","embeddable":true,"href":"https:\/\/www.beta-machine.com\/es\/wp-json\/wp\/v2\/product_tag?post=191"}],"curies":[{"name":"wp","href":"https:\/\/api.w.org\/{rel}","templated":true}]}}