{"id":204,"date":"2025-10-24T05:56:36","date_gmt":"2025-10-24T05:56:36","guid":{"rendered":"https:\/\/beta-machine.com\/?post_type=product&#038;p=204"},"modified":"2026-03-16T03:27:32","modified_gmt":"2026-03-16T03:27:32","slug":"industrial-compressed-air-dryer-inline-air-filter-for-air-compressor","status":"publish","type":"product","link":"https:\/\/www.beta-machine.com\/es\/industrial-compressed-air-dryer-inline-air-filter-for-air-compressor-pd727875088\/","title":{"rendered":"Filtro de aire en l\u00ednea para secador de aire comprimido industrial, para compresor de aire"},"content":{"rendered":"<p><strong>Filtro de aire en l\u00ednea para secador de aire comprimido industrial, para compresor de aire<\/strong><\/p>\n<p><img fetchpriority=\"high\" decoding=\"async\" class=\"size-full wp-image-206\" src=\"https:\/\/beta-machine.com\/wp-content\/uploads\/2025\/10\/air-filter13.jpg\" alt=\"\" width=\"1080\" height=\"578\" srcset=\"https:\/\/www.beta-machine.com\/wp-content\/uploads\/2025\/10\/air-filter13.jpg 1080w, https:\/\/www.beta-machine.com\/wp-content\/uploads\/2025\/10\/air-filter13-600x321.jpg 600w, https:\/\/www.beta-machine.com\/wp-content\/uploads\/2025\/10\/air-filter13-300x161.jpg 300w, https:\/\/www.beta-machine.com\/wp-content\/uploads\/2025\/10\/air-filter13-1024x548.jpg 1024w, https:\/\/www.beta-machine.com\/wp-content\/uploads\/2025\/10\/air-filter13-768x411.jpg 768w\" sizes=\"(max-width: 1080px) 100vw, 1080px\" \/><\/p>\n<p>filtro de aire<\/p>\n<p><img decoding=\"async\" class=\"alignnone size-full wp-image-217\" src=\"https:\/\/beta-machine.com\/wp-content\/uploads\/2025\/10\/air-filter11.jpg\" alt=\"air filter\" width=\"605\" height=\"438\" srcset=\"https:\/\/www.beta-machine.com\/wp-content\/uploads\/2025\/10\/air-filter11.jpg 605w, https:\/\/www.beta-machine.com\/wp-content\/uploads\/2025\/10\/air-filter11-600x434.jpg 600w, https:\/\/www.beta-machine.com\/wp-content\/uploads\/2025\/10\/air-filter11-300x217.jpg 300w\" sizes=\"(max-width: 605px) 100vw, 605px\" \/><\/p>\n<p><strong>Principio de funcionamiento del filtro de aire comprimido<\/strong><\/p>\n<p>El filtro de aire comprimido hace entrar el aire comprimido que contiene sustancias nocivas como polvo, aceite, \u00f3xido y humedad en el dispositivo de filtrado de primera etapa del filtro de aire comprimido.<\/p>\n<ol>\n<li>Introducir el aire comprimido con sustancias nocivas como polvo, aceite, \u00f3xido y humedad en el dispositivo de filtrado de primera etapa del filtro de aire comprimido.<\/li>\n<li>Cuando el aire comprimido pasa por el elemento filtrante cil\u00edndrico de malla de primera etapa, se produce un efecto de coalescencia: las part\u00edculas m\u00e1s grandes quedan adsorbidas en el material filtrante y el agua se condensa en gotas m\u00e1s grandes.<\/li>\n<li>Al entrar en la c\u00e1mara de separaci\u00f3n, la velocidad del aire comprimido disminuye, lo que provoca una nueva agrupaci\u00f3n de part\u00edculas, y la neblina de agua se condensa nuevamente en un colector de agua de tipo panal.<\/li>\n<li>El agua con part\u00edculas impuras fluye por el fondo hacia el dispositivo de drenaje y es descargada a trav\u00e9s de la v\u00e1lvula de drenaje autom\u00e1tica o el\u00e9ctrica.<\/li>\n<li>M\u00e1s del 95% de las gotas de agua, aceite y part\u00edculas grandes en el aire comprimido han sido filtradas por el primer elemento filtrante, y el aire comprimido filtrado en la primera etapa entra en el elemento filtrante de la segunda etapa.<\/li>\n<li>Cuando el aire comprimido pasa por el filtro de fibra de segunda etapa hecho de algod\u00f3n especial, se generan miles de peque\u00f1os v\u00f3rtices. Al mismo tiempo, el aire comprimido se acelera decenas de veces. El centro del v\u00f3rtice, como un tornado, forma un estado de vac\u00edo: las gotas de agua no filtradas en la primera etapa se vaporizan, transforman y filtran nuevamente. Asimismo, las part\u00edculas de hasta 5 micr\u00f3metros son eliminadas completamente por el filtro de segunda etapa.<\/li>\n<li>Despu\u00e9s de la filtraci\u00f3n de dos etapas, se obtiene aire comprimido limpio y seco, libre de polvo, \u00f3xido, aceite y gotas de agua, lo que garantiza el funcionamiento normal de los equipos neum\u00e1ticos y prolonga su vida \u00fatil.<\/li>\n<\/ol>\n<p><img decoding=\"async\" class=\"alignnone size-full wp-image-214\" src=\"https:\/\/beta-machine.com\/wp-content\/uploads\/2025\/10\/air-filter9.jpg\" alt=\"air filter\" width=\"711\" height=\"932\" srcset=\"https:\/\/www.beta-machine.com\/wp-content\/uploads\/2025\/10\/air-filter9.jpg 711w, https:\/\/www.beta-machine.com\/wp-content\/uploads\/2025\/10\/air-filter9-600x786.jpg 600w, https:\/\/www.beta-machine.com\/wp-content\/uploads\/2025\/10\/air-filter9-229x300.jpg 229w\" sizes=\"(max-width: 711px) 100vw, 711px\" \/><\/p>\n<div><strong>Caracter\u00edsticas del filtro<\/strong><\/div>\n<ol>\n<li>El filtro de eliminaci\u00f3n precisa de aceite de aire comprimido combina las funciones de eliminaci\u00f3n de aceite, desodorizaci\u00f3n y eliminaci\u00f3n de polvo;<\/li>\n<li>\n<div>Puede eliminar el 99,9% de la neblina de aceite y mantener la concentraci\u00f3n de neblina de aceite por debajo de 0,01 ppm.<\/div>\n<\/li>\n<li>\n<div>Estructura razonable y tama\u00f1o reducido<\/div>\n<\/li>\n<li>La misma estructura externa que los secadores filtrantes de segunda y tercera etapa.<\/li>\n<li>Se puede lograr la funci\u00f3n de filtro respiratorio mediante un dise\u00f1o combinado.<\/li>\n<\/ol>\n<p><img loading=\"lazy\" decoding=\"async\" class=\"alignnone size-full wp-image-215\" src=\"https:\/\/beta-machine.com\/wp-content\/uploads\/2025\/10\/air-filter10.jpg\" alt=\"air filter\" width=\"869\" height=\"1186\" srcset=\"https:\/\/www.beta-machine.com\/wp-content\/uploads\/2025\/10\/air-filter10.jpg 869w, https:\/\/www.beta-machine.com\/wp-content\/uploads\/2025\/10\/air-filter10-600x819.jpg 600w, https:\/\/www.beta-machine.com\/wp-content\/uploads\/2025\/10\/air-filter10-220x300.jpg 220w, https:\/\/www.beta-machine.com\/wp-content\/uploads\/2025\/10\/air-filter10-750x1024.jpg 750w, https:\/\/www.beta-machine.com\/wp-content\/uploads\/2025\/10\/air-filter10-768x1048.jpg 768w\" sizes=\"(max-width: 869px) 100vw, 869px\" \/><\/p>\n<p><strong>Par\u00e1metros b\u00e1sicos\uff1a<\/strong><\/p>\n<ol>\n<li>La carcasa est\u00e1 equipada con un dispositivo de sellado;<\/li>\n<li>El elemento filtrante tiene una alta resistencia a la corrosi\u00f3n;<\/li>\n<li>La resistencia al flujo de aire del equipo es baja;<\/li>\n<li>La zona de filtraci\u00f3n efectiva es amplia para garantizar una alta eficiencia\uff1b<\/li>\n<li>No contiene silicona;<\/li>\n<li>Puede soportar altas temperaturas de 80\u2103<\/li>\n<\/ol>\n<p><img loading=\"lazy\" decoding=\"async\" class=\"alignnone size-full wp-image-213\" src=\"https:\/\/beta-machine.com\/wp-content\/uploads\/2025\/10\/air-filter8.jpg\" alt=\"air filter\" width=\"1238\" height=\"1137\" srcset=\"https:\/\/www.beta-machine.com\/wp-content\/uploads\/2025\/10\/air-filter8.jpg 1238w, https:\/\/www.beta-machine.com\/wp-content\/uploads\/2025\/10\/air-filter8-600x551.jpg 600w, https:\/\/www.beta-machine.com\/wp-content\/uploads\/2025\/10\/air-filter8-300x276.jpg 300w, https:\/\/www.beta-machine.com\/wp-content\/uploads\/2025\/10\/air-filter8-1024x940.jpg 1024w, https:\/\/www.beta-machine.com\/wp-content\/uploads\/2025\/10\/air-filter8-768x705.jpg 768w\" sizes=\"(max-width: 1238px) 100vw, 1238px\" \/> <img loading=\"lazy\" decoding=\"async\" class=\"alignnone size-full wp-image-212\" src=\"https:\/\/beta-machine.com\/wp-content\/uploads\/2025\/10\/air-filter7.jpg\" alt=\"air filter\" width=\"1266\" height=\"1062\" srcset=\"https:\/\/www.beta-machine.com\/wp-content\/uploads\/2025\/10\/air-filter7.jpg 1266w, https:\/\/www.beta-machine.com\/wp-content\/uploads\/2025\/10\/air-filter7-600x503.jpg 600w, https:\/\/www.beta-machine.com\/wp-content\/uploads\/2025\/10\/air-filter7-300x252.jpg 300w, https:\/\/www.beta-machine.com\/wp-content\/uploads\/2025\/10\/air-filter7-1024x859.jpg 1024w, https:\/\/www.beta-machine.com\/wp-content\/uploads\/2025\/10\/air-filter7-768x644.jpg 768w\" sizes=\"(max-width: 1266px) 100vw, 1266px\" \/><\/p>\n<div class=\"sliderTable mt10 mb10 sliderTable-index0\">\n<div class=\"inner\"><\/div>\n<\/div>","protected":false},"excerpt":{"rendered":"<p>El filtro de aire comprimido hace entrar el aire comprimido que contiene sustancias nocivas como polvo, aceite, \u00f3xido y humedad en el dispositivo de filtrado de primera etapa del filtro de aire comprimido.<\/p>","protected":false},"featured_media":216,"comment_status":"closed","ping_status":"closed","template":"","meta":{"_acf_changed":false},"product_brand":[],"product_cat":[41],"product_tag":[],"class_list":{"0":"post-204","1":"product","2":"type-product","3":"status-publish","4":"has-post-thumbnail","6":"product_cat-auxiliary-machines","8":"first","9":"instock","10":"shipping-taxable","11":"purchasable","12":"product-type-variable"},"acf":[],"_links":{"self":[{"href":"https:\/\/www.beta-machine.com\/es\/wp-json\/wp\/v2\/product\/204","targetHints":{"allow":["GET"]}}],"collection":[{"href":"https:\/\/www.beta-machine.com\/es\/wp-json\/wp\/v2\/product"}],"about":[{"href":"https:\/\/www.beta-machine.com\/es\/wp-json\/wp\/v2\/types\/product"}],"replies":[{"embeddable":true,"href":"https:\/\/www.beta-machine.com\/es\/wp-json\/wp\/v2\/comments?post=204"}],"wp:featuredmedia":[{"embeddable":true,"href":"https:\/\/www.beta-machine.com\/es\/wp-json\/wp\/v2\/media\/216"}],"wp:attachment":[{"href":"https:\/\/www.beta-machine.com\/es\/wp-json\/wp\/v2\/media?parent=204"}],"wp:term":[{"taxonomy":"product_brand","embeddable":true,"href":"https:\/\/www.beta-machine.com\/es\/wp-json\/wp\/v2\/product_brand?post=204"},{"taxonomy":"product_cat","embeddable":true,"href":"https:\/\/www.beta-machine.com\/es\/wp-json\/wp\/v2\/product_cat?post=204"},{"taxonomy":"product_tag","embeddable":true,"href":"https:\/\/www.beta-machine.com\/es\/wp-json\/wp\/v2\/product_tag?post=204"}],"curies":[{"name":"wp","href":"https:\/\/api.w.org\/{rel}","templated":true}]}}