{"id":221,"date":"2025-10-24T06:03:18","date_gmt":"2025-10-24T06:03:18","guid":{"rendered":"https:\/\/beta-machine.com\/?post_type=product&#038;p=221"},"modified":"2025-10-24T06:50:49","modified_gmt":"2025-10-24T06:50:49","slug":"industrial-compressor-portable-piston-type-air-compressor","status":"publish","type":"product","link":"https:\/\/www.beta-machine.com\/es\/industrial-compressor-portable-piston-type-air-compressor-pd779945088\/","title":{"rendered":"Compresor de aire industrial port\u00e1til de pist\u00f3n"},"content":{"rendered":"<p><strong>Compresor de aire industrial port\u00e1til de pist\u00f3n<\/strong><\/p>\n<p><img fetchpriority=\"high\" decoding=\"async\" class=\"alignnone size-full wp-image-223\" src=\"https:\/\/beta-machine.com\/wp-content\/uploads\/2025\/10\/air-compressor10.jpg\" alt=\"\" width=\"1149\" height=\"908\" srcset=\"https:\/\/www.beta-machine.com\/wp-content\/uploads\/2025\/10\/air-compressor10.jpg 1149w, https:\/\/www.beta-machine.com\/wp-content\/uploads\/2025\/10\/air-compressor10-600x474.jpg 600w, https:\/\/www.beta-machine.com\/wp-content\/uploads\/2025\/10\/air-compressor10-300x237.jpg 300w, https:\/\/www.beta-machine.com\/wp-content\/uploads\/2025\/10\/air-compressor10-1024x809.jpg 1024w, https:\/\/www.beta-machine.com\/wp-content\/uploads\/2025\/10\/air-compressor10-768x607.jpg 768w\" sizes=\"(max-width: 1149px) 100vw, 1149px\" \/><\/p>\n<p><strong>Compresor de aire de pist\u00f3n<\/strong><\/p>\n<p>El pist\u00f3n del compresor de aire de pist\u00f3n realiza un movimiento alternativo en el cilindro. Cuando el pist\u00f3n se desplaza hacia la derecha, la presi\u00f3n en la c\u00e1mara izquierda del pist\u00f3n dentro del cilindro es inferior a la presi\u00f3n atmosf\u00e9rica PA, la v\u00e1lvula de aspiraci\u00f3n se abre y entra aire exterior en el cilindro; este proceso se denomina proceso de aspiraci\u00f3n. Cuando la presi\u00f3n en el cilindro es superior a la presi\u00f3n P en el tubo de aire de salida, la v\u00e1lvula de escape se abre.<br>El movimiento alternativo del pist\u00f3n es generado por un mecanismo biela-manivela accionado por un motor el\u00e9ctrico. El movimiento rotativo del cig\u00fce\u00f1al se convierte en el movimiento deslizante alternativo del pist\u00f3n. Cuenta con una estructura sencilla, larga vida \u00fatil y permite obtener f\u00e1cilmente gran caudal y salida de alta presi\u00f3n.<\/p>\n<p><img decoding=\"async\" class=\"alignnone size-full wp-image-224\" src=\"https:\/\/beta-machine.com\/wp-content\/uploads\/2025\/10\/air-compressor11.jpg\" alt=\"\" width=\"743\" height=\"752\" srcset=\"https:\/\/www.beta-machine.com\/wp-content\/uploads\/2025\/10\/air-compressor11.jpg 743w, https:\/\/www.beta-machine.com\/wp-content\/uploads\/2025\/10\/air-compressor11-100x100.jpg 100w, https:\/\/www.beta-machine.com\/wp-content\/uploads\/2025\/10\/air-compressor11-600x607.jpg 600w, https:\/\/www.beta-machine.com\/wp-content\/uploads\/2025\/10\/air-compressor11-296x300.jpg 296w\" sizes=\"(max-width: 743px) 100vw, 743px\" \/><\/p>\n<div class=\"sliderTable mt10 mb10 sliderTable-index0\">\n<div class=\"inner\"><\/div>\n<\/div>","protected":false},"excerpt":{"rendered":"<p>El pist\u00f3n es accionado por un motor que proporciona la energ\u00eda necesaria para realizar la compresi\u00f3n. Al moverse hacia abajo, el pist\u00f3n crea un vac\u00edo en el cilindro, haciendo que entre aire en la c\u00e1mara. Una vez que el pist\u00f3n alcanza el punto inferior de su carrera, comienza a subir, comprimiendo el aire dentro del cilindro.<\/p>","protected":false},"featured_media":225,"comment_status":"closed","ping_status":"closed","template":"","meta":{"_acf_changed":false},"product_brand":[],"product_cat":[41],"product_tag":[],"class_list":{"0":"post-221","1":"product","2":"type-product","3":"status-publish","4":"has-post-thumbnail","6":"product_cat-auxiliary-machines","8":"first","9":"instock","10":"shipping-taxable","11":"purchasable","12":"product-type-variable"},"acf":[],"_links":{"self":[{"href":"https:\/\/www.beta-machine.com\/es\/wp-json\/wp\/v2\/product\/221","targetHints":{"allow":["GET"]}}],"collection":[{"href":"https:\/\/www.beta-machine.com\/es\/wp-json\/wp\/v2\/product"}],"about":[{"href":"https:\/\/www.beta-machine.com\/es\/wp-json\/wp\/v2\/types\/product"}],"replies":[{"embeddable":true,"href":"https:\/\/www.beta-machine.com\/es\/wp-json\/wp\/v2\/comments?post=221"}],"wp:featuredmedia":[{"embeddable":true,"href":"https:\/\/www.beta-machine.com\/es\/wp-json\/wp\/v2\/media\/225"}],"wp:attachment":[{"href":"https:\/\/www.beta-machine.com\/es\/wp-json\/wp\/v2\/media?parent=221"}],"wp:term":[{"taxonomy":"product_brand","embeddable":true,"href":"https:\/\/www.beta-machine.com\/es\/wp-json\/wp\/v2\/product_brand?post=221"},{"taxonomy":"product_cat","embeddable":true,"href":"https:\/\/www.beta-machine.com\/es\/wp-json\/wp\/v2\/product_cat?post=221"},{"taxonomy":"product_tag","embeddable":true,"href":"https:\/\/www.beta-machine.com\/es\/wp-json\/wp\/v2\/product_tag?post=221"}],"curies":[{"name":"wp","href":"https:\/\/api.w.org\/{rel}","templated":true}]}}