{"id":232,"date":"2025-10-24T06:04:39","date_gmt":"2025-10-24T06:04:39","guid":{"rendered":"https:\/\/beta-machine.com\/?post_type=product&#038;p=232"},"modified":"2025-10-24T06:49:41","modified_gmt":"2025-10-24T06:49:41","slug":"screw-type-air-compressor-oil-free-industrial-compressor","status":"publish","type":"product","link":"https:\/\/www.beta-machine.com\/es\/screw-type-air-compressor-oil-free-industrial-compressor-pd706745088\/","title":{"rendered":"Compresor de aire de tornillo sin aceite, compresor industrial"},"content":{"rendered":"<p><strong>Compresor de aire de tornillo sin aceite, compresor industrial<\/strong><\/p>\n<p><img fetchpriority=\"high\" decoding=\"async\" class=\"alignnone size-full wp-image-241\" src=\"https:\/\/beta-machine.com\/wp-content\/uploads\/2025\/10\/screw-type-air-compressor14.png\" alt=\"\" width=\"880\" height=\"640\" srcset=\"https:\/\/www.beta-machine.com\/wp-content\/uploads\/2025\/10\/screw-type-air-compressor14.png 880w, https:\/\/www.beta-machine.com\/wp-content\/uploads\/2025\/10\/screw-type-air-compressor14-600x436.png 600w, https:\/\/www.beta-machine.com\/wp-content\/uploads\/2025\/10\/screw-type-air-compressor14-300x218.png 300w, https:\/\/www.beta-machine.com\/wp-content\/uploads\/2025\/10\/screw-type-air-compressor14-768x559.png 768w\" sizes=\"(max-width: 880px) 100vw, 880px\" \/><\/p>\n<p><strong>Principio de funcionamiento<\/strong><\/p>\n<p><strong>1. Aspiraci\u00f3n<\/strong>\u00a0- Se abre la v\u00e1lvula de admisi\u00f3n del compresor de aire de tornillo, la presi\u00f3n del aire en la c\u00e1mara de compresi\u00f3n de tornillo es inferior a la presi\u00f3n atmosf\u00e9rica, y el aire es aspirado hacia la c\u00e1mara de compresi\u00f3n despu\u00e9s de filtrar impurezas y contaminantes a trav\u00e9s del dispositivo de filtrado.<\/p>\n<div><strong>2. Compresi\u00f3n\u00a0<\/strong>- Cuando los dos tornillos giran, el aire queda confinado en el espacio entre la carcasa de la c\u00e1mara de compresi\u00f3n y los tornillos giratorios. La interacci\u00f3n del engranaje y el pi\u00f1\u00f3n provoca la compresi\u00f3n del gas entre los tornillos, y la presi\u00f3n y temperatura del aire en la cavidad aumentan gradualmente.<\/div>\n<div><strong>3. Escape<\/strong>\u00a0- Despu\u00e9s de que el gas se comprime hasta alcanzar la presi\u00f3n est\u00e1ndar, es descargado a trav\u00e9s de la v\u00e1lvula de salida. Durante el proceso de escape, el aire es enfriado por un enfriador y separado de la humedad y sedimentos por un separador.<\/div>\n<div><strong>4. Circulaci\u00f3n<\/strong>\u00a0Durante el funcionamiento del compresor de aire de tornillo, el gas circula por la c\u00e1mara de compresi\u00f3n y, tras ser enfriado por el enfriador de gas, vuelve a entrar en la c\u00e1mara de compresi\u00f3n de tornillo para ser comprimido nuevamente.<\/div>\n<div><\/div>\n<div><img decoding=\"async\" class=\"alignnone size-full wp-image-242\" src=\"https:\/\/beta-machine.com\/wp-content\/uploads\/2025\/10\/screw-air-compressor7.jpg\" alt=\"\" width=\"974\" height=\"1773\" srcset=\"https:\/\/www.beta-machine.com\/wp-content\/uploads\/2025\/10\/screw-air-compressor7.jpg 974w, https:\/\/www.beta-machine.com\/wp-content\/uploads\/2025\/10\/screw-air-compressor7-600x1092.jpg 600w, https:\/\/www.beta-machine.com\/wp-content\/uploads\/2025\/10\/screw-air-compressor7-165x300.jpg 165w, https:\/\/www.beta-machine.com\/wp-content\/uploads\/2025\/10\/screw-air-compressor7-563x1024.jpg 563w, https:\/\/www.beta-machine.com\/wp-content\/uploads\/2025\/10\/screw-air-compressor7-768x1398.jpg 768w, https:\/\/www.beta-machine.com\/wp-content\/uploads\/2025\/10\/screw-air-compressor7-844x1536.jpg 844w\" sizes=\"(max-width: 974px) 100vw, 974px\" \/><\/div>\n<div>\n<div class=\"sliderTable mt10 mb10 sliderTable-index0\">\n<div class=\"inner\"><\/div>\n<\/div>\n<\/div>","protected":false},"excerpt":{"rendered":"<div class=\"pro-this-prodBrief\">El compresor de tornillo se caracteriza por su funcionamiento continuo y su capacidad para suministrar aire comprimido de forma constante. Se usa com\u00fanmente en sectores como la fabricaci\u00f3n, la construcci\u00f3n y la automoci\u00f3n. Gracias a su dise\u00f1o compacto y sus bajos niveles de ruido, es una opci\u00f3n muy popular para muchas empresas.<\/div>","protected":false},"featured_media":239,"comment_status":"closed","ping_status":"closed","template":"","meta":{"_acf_changed":false},"product_brand":[],"product_cat":[41],"product_tag":[],"class_list":{"0":"post-232","1":"product","2":"type-product","3":"status-publish","4":"has-post-thumbnail","6":"product_cat-auxiliary-machines","8":"first","9":"instock","10":"shipping-taxable","11":"purchasable","12":"product-type-variable"},"acf":[],"_links":{"self":[{"href":"https:\/\/www.beta-machine.com\/es\/wp-json\/wp\/v2\/product\/232","targetHints":{"allow":["GET"]}}],"collection":[{"href":"https:\/\/www.beta-machine.com\/es\/wp-json\/wp\/v2\/product"}],"about":[{"href":"https:\/\/www.beta-machine.com\/es\/wp-json\/wp\/v2\/types\/product"}],"replies":[{"embeddable":true,"href":"https:\/\/www.beta-machine.com\/es\/wp-json\/wp\/v2\/comments?post=232"}],"wp:featuredmedia":[{"embeddable":true,"href":"https:\/\/www.beta-machine.com\/es\/wp-json\/wp\/v2\/media\/239"}],"wp:attachment":[{"href":"https:\/\/www.beta-machine.com\/es\/wp-json\/wp\/v2\/media?parent=232"}],"wp:term":[{"taxonomy":"product_brand","embeddable":true,"href":"https:\/\/www.beta-machine.com\/es\/wp-json\/wp\/v2\/product_brand?post=232"},{"taxonomy":"product_cat","embeddable":true,"href":"https:\/\/www.beta-machine.com\/es\/wp-json\/wp\/v2\/product_cat?post=232"},{"taxonomy":"product_tag","embeddable":true,"href":"https:\/\/www.beta-machine.com\/es\/wp-json\/wp\/v2\/product_tag?post=232"}],"curies":[{"name":"wp","href":"https:\/\/api.w.org\/{rel}","templated":true}]}}