{"id":246,"date":"2025-10-24T06:13:02","date_gmt":"2025-10-24T06:13:02","guid":{"rendered":"https:\/\/beta-machine.com\/?post_type=product&#038;p=246"},"modified":"2026-03-16T02:52:00","modified_gmt":"2026-03-16T02:52:00","slug":"industrial-air-filter-for-bottle-blow-moulding-machine","status":"publish","type":"product","link":"https:\/\/www.beta-machine.com\/es\/industrial-air-filter-for-bottle-blow-moulding-machine-pd727905088\/","title":{"rendered":"Filtro de aire industrial para m\u00e1quina de soplado de botellas"},"content":{"rendered":"<p><strong>Filtro de aire industrial para m\u00e1quina de soplado de botellas<\/strong><\/p>\n<p><img fetchpriority=\"high\" decoding=\"async\" class=\"size-full wp-image-206\" src=\"https:\/\/beta-machine.com\/wp-content\/uploads\/2025\/10\/air-filter13.jpg\" alt=\"\" width=\"1080\" height=\"578\" srcset=\"https:\/\/www.beta-machine.com\/wp-content\/uploads\/2025\/10\/air-filter13.jpg 1080w, https:\/\/www.beta-machine.com\/wp-content\/uploads\/2025\/10\/air-filter13-600x321.jpg 600w, https:\/\/www.beta-machine.com\/wp-content\/uploads\/2025\/10\/air-filter13-300x161.jpg 300w, https:\/\/www.beta-machine.com\/wp-content\/uploads\/2025\/10\/air-filter13-1024x548.jpg 1024w, https:\/\/www.beta-machine.com\/wp-content\/uploads\/2025\/10\/air-filter13-768x411.jpg 768w\" sizes=\"(max-width: 1080px) 100vw, 1080px\" \/><\/p>\n<p>filtro de aire<\/p>\n<p><img decoding=\"async\" class=\"alignnone size-full wp-image-217\" src=\"https:\/\/beta-machine.com\/wp-content\/uploads\/2025\/10\/air-filter11.jpg\" alt=\"air filter\" width=\"605\" height=\"438\" srcset=\"https:\/\/www.beta-machine.com\/wp-content\/uploads\/2025\/10\/air-filter11.jpg 605w, https:\/\/www.beta-machine.com\/wp-content\/uploads\/2025\/10\/air-filter11-600x434.jpg 600w, https:\/\/www.beta-machine.com\/wp-content\/uploads\/2025\/10\/air-filter11-300x217.jpg 300w\" sizes=\"(max-width: 605px) 100vw, 605px\" \/><\/p>\n<p><strong>Principio de funcionamiento del filtro de aire comprimido<\/strong><\/p>\n<p>Los filtros de aire comprimido se utilizan para eliminar contaminantes como suciedad, aceite, agua y otras part\u00edculas de los sistemas de aire comprimido. El principio de funcionamiento de un filtro de aire comprimido consta de varias etapas:<\/p>\n<ol>\n<li>Entrada: El aire comprimido entra en el filtro a trav\u00e9s del puerto de entrada.<\/li>\n<li>Etapa de coalescencia: La primera etapa del filtro es la etapa de coalescencia. Consta de una serie de elementos filtrantes con malla fina o material fibroso. Estos elementos est\u00e1n dise\u00f1ados para capturar y coalescer las diminutas gotas de aceite y agua presentes en el aire comprimido. Las gotas coalescidas caen hacia el sumidero en la parte inferior del filtro.<\/li>\n<li>Etapa de filtraci\u00f3n: Despu\u00e9s de la etapa de coalescencia, el aire comprimido pasa a trav\u00e9s de una serie de elementos filtrantes con material poroso, como carb\u00f3n activado o fibra sint\u00e9tica. Estos elementos est\u00e1n dise\u00f1ados para capturar part\u00edculas s\u00f3lidas como polvo, suciedad y \u00f3xido presentes en el aire comprimido. Los elementos filtrantes tienen diferentes niveles de filtraci\u00f3n, medidos normalmente en micr\u00f3metros, para eliminar part\u00edculas de distintos tama\u00f1os.<\/li>\n<li>Drenaje: El aceite y el agua separados, recogidos en el sumidero, son evacuados del filtro a trav\u00e9s de una v\u00e1lvula de drenaje. Esto evita que los contaminantes vuelvan a ingresar al sistema de aire comprimido.<\/li>\n<li>Salida: El aire comprimido filtrado sale del filtro a trav\u00e9s del puerto de salida, listo para usarse en diversas aplicaciones.<\/li>\n<li>En resumen, el principio de funcionamiento de un filtro de aire comprimido implica la separaci\u00f3n y eliminaci\u00f3n de contaminantes a trav\u00e9s de las etapas de coalescencia, filtraci\u00f3n y drenaje, garantizando aire comprimido limpio y purificado para el funcionamiento eficiente de los sistemas y equipos neum\u00e1ticos.<\/li>\n<\/ol>\n<p><img decoding=\"async\" class=\"alignnone size-full wp-image-214\" src=\"https:\/\/beta-machine.com\/wp-content\/uploads\/2025\/10\/air-filter9.jpg\" alt=\"air filter\" width=\"711\" height=\"932\" srcset=\"https:\/\/www.beta-machine.com\/wp-content\/uploads\/2025\/10\/air-filter9.jpg 711w, https:\/\/www.beta-machine.com\/wp-content\/uploads\/2025\/10\/air-filter9-600x786.jpg 600w, https:\/\/www.beta-machine.com\/wp-content\/uploads\/2025\/10\/air-filter9-229x300.jpg 229w\" sizes=\"(max-width: 711px) 100vw, 711px\" \/><\/p>\n<div>\n<div><strong>Caracter\u00edsticas del filtro<\/strong><\/div>\n<ol class=\"list-paddingleft-2\">\n<li>Filtraci\u00f3n de alta eficiencia: Los filtros de aire est\u00e1n dise\u00f1ados para capturar y eliminar eficazmente part\u00edculas en el aire, como polvo, polen, caspa de mascotas y esporas de moho.<\/li>\n<li>M\u00faltiples etapas de filtraci\u00f3n: Muchos filtros de aire cuentan con m\u00faltiples capas o etapas de filtraci\u00f3n, incluidos prefiltros, filtros de carb\u00f3n activado y filtros HEPA, para proporcionar una purificaci\u00f3n de aire integral.<\/li>\n<li>Eliminaci\u00f3n de olores: Algunos filtros de aire est\u00e1n equipados con filtros de carb\u00f3n activado que pueden eliminar eficazmente los olores desagradables y los compuestos org\u00e1nicos vol\u00e1tiles (COV) del aire.<\/li>\n<li>Reducci\u00f3n de al\u00e9rgenos: Los filtros HEPA, com\u00fanmente utilizados en purificadores de aire, pueden capturar y retener al\u00e9rgenos como polen, \u00e1caros del polvo y caspa de mascotas, ayudando a aliviar los s\u00edntomas de alergia.<\/li>\n<li>Monitoreo de la calidad del aire: Los filtros de aire avanzados pueden incluir sensores o indicadores que monitorean y muestran el nivel actual de calidad del aire, permitiendo a los usuarios evaluar la efectividad del sistema de filtraci\u00f3n.<\/li>\n<li>Velocidades del ventilador ajustables: Muchos filtros de aire ofrecen m\u00faltiples ajustes de velocidad del ventilador, permitiendo a los usuarios ajustar el flujo de aire y el nivel de ruido seg\u00fan sus preferencias.<\/li>\n<li>Temporizador y apagado autom\u00e1tico: Algunos filtros de aire cuentan con temporizadores programables y funciones de apagado autom\u00e1tico, lo que permite a los usuarios establecer tiempos de funcionamiento espec\u00edficos o conservar energ\u00eda apagando el dispositivo autom\u00e1ticamente despu\u00e9s de un determinado per\u00edodo.<\/li>\n<li>Funcionamiento silencioso: Los filtros de aire est\u00e1n dise\u00f1ados para funcionar en silencio, garantizando una m\u00ednima interrupci\u00f3n en las actividades diarias o el sue\u00f1o.<\/li>\n<li>Eficiencia energ\u00e9tica: Muchos filtros de aire est\u00e1n dise\u00f1ados para ser eficientes energ\u00e9ticamente, consumiendo m\u00ednima energ\u00eda mientras proporcionan una purificaci\u00f3n de aire efectiva.<\/li>\n<li>Mantenimiento sencillo: Los filtros de aire suelen contar con elementos filtrantes extra\u00edbles y lavables, lo que facilita la limpieza y el mantenimiento del equipo para un rendimiento \u00f3ptimo.<\/li>\n<li>Port\u00e1til y compacto: Muchos filtros de aire son compactos y ligeros, lo que permite una f\u00e1cil portabilidad y colocaci\u00f3n en diversas habitaciones o espacios.<\/li>\n<li>Mando a distancia y funciones inteligentes: Algunos filtros de aire vienen con mandos a distancia o funciones inteligentes, como conectividad Wi-Fi y compatibilidad con asistentes de voz, permitiendo a los usuarios controlar el dispositivo de forma remota o integrarlo en sus sistemas de hogar inteligente.<\/li>\n<\/ol>\n<\/div>\n<p><img loading=\"lazy\" decoding=\"async\" class=\"alignnone size-full wp-image-215\" src=\"https:\/\/beta-machine.com\/wp-content\/uploads\/2025\/10\/air-filter10.jpg\" alt=\"air filter\" width=\"869\" height=\"1186\" srcset=\"https:\/\/www.beta-machine.com\/wp-content\/uploads\/2025\/10\/air-filter10.jpg 869w, https:\/\/www.beta-machine.com\/wp-content\/uploads\/2025\/10\/air-filter10-600x819.jpg 600w, https:\/\/www.beta-machine.com\/wp-content\/uploads\/2025\/10\/air-filter10-220x300.jpg 220w, https:\/\/www.beta-machine.com\/wp-content\/uploads\/2025\/10\/air-filter10-750x1024.jpg 750w, https:\/\/www.beta-machine.com\/wp-content\/uploads\/2025\/10\/air-filter10-768x1048.jpg 768w\" sizes=\"(max-width: 869px) 100vw, 869px\" \/><\/p>\n<p><strong>Par\u00e1metros b\u00e1sicos\uff1a<\/strong><\/p>\n<ol>\n<li>La carcasa est\u00e1 equipada con un dispositivo de sellado;<\/li>\n<li>El elemento filtrante tiene una alta resistencia a la corrosi\u00f3n;<\/li>\n<li>\n<div>La resistencia al flujo de aire del equipo es baja;<\/div>\n<\/li>\n<li>La zona de filtraci\u00f3n efectiva es amplia para garantizar una alta eficiencia\uff1b<\/li>\n<li>No contiene silicona;<\/li>\n<li>Puede soportar altas temperaturas de 80\u2103<\/li>\n<\/ol>\n<p><img loading=\"lazy\" decoding=\"async\" class=\"alignnone size-full wp-image-213\" src=\"https:\/\/beta-machine.com\/wp-content\/uploads\/2025\/10\/air-filter8.jpg\" alt=\"air filter\" width=\"1238\" height=\"1137\" srcset=\"https:\/\/www.beta-machine.com\/wp-content\/uploads\/2025\/10\/air-filter8.jpg 1238w, https:\/\/www.beta-machine.com\/wp-content\/uploads\/2025\/10\/air-filter8-600x551.jpg 600w, https:\/\/www.beta-machine.com\/wp-content\/uploads\/2025\/10\/air-filter8-300x276.jpg 300w, https:\/\/www.beta-machine.com\/wp-content\/uploads\/2025\/10\/air-filter8-1024x940.jpg 1024w, https:\/\/www.beta-machine.com\/wp-content\/uploads\/2025\/10\/air-filter8-768x705.jpg 768w\" sizes=\"(max-width: 1238px) 100vw, 1238px\" \/> <img loading=\"lazy\" decoding=\"async\" class=\"alignnone size-full wp-image-212\" src=\"https:\/\/beta-machine.com\/wp-content\/uploads\/2025\/10\/air-filter7.jpg\" alt=\"air filter\" width=\"1266\" height=\"1062\" srcset=\"https:\/\/www.beta-machine.com\/wp-content\/uploads\/2025\/10\/air-filter7.jpg 1266w, https:\/\/www.beta-machine.com\/wp-content\/uploads\/2025\/10\/air-filter7-600x503.jpg 600w, https:\/\/www.beta-machine.com\/wp-content\/uploads\/2025\/10\/air-filter7-300x252.jpg 300w, https:\/\/www.beta-machine.com\/wp-content\/uploads\/2025\/10\/air-filter7-1024x859.jpg 1024w, https:\/\/www.beta-machine.com\/wp-content\/uploads\/2025\/10\/air-filter7-768x644.jpg 768w\" sizes=\"(max-width: 1266px) 100vw, 1266px\" \/><\/p>\n<div class=\"sliderTable mt10 mb10 sliderTable-index0\">\n<div class=\"inner\"><\/div>\n<\/div>","protected":false},"excerpt":{"rendered":"<p>Los filtros de aire se utilizan com\u00fanmente en instalaciones de fabricaci\u00f3n, centrales el\u00e9ctricas, laboratorios y otros entornos industriales donde la calidad del aire es crucial. Desempe\u00f1an un papel vital en la protecci\u00f3n de la salud de los trabajadores, la prevenci\u00f3n de da\u00f1os en los equipos y el aseguramiento de la calidad del producto.<\/p>","protected":false},"featured_media":207,"comment_status":"closed","ping_status":"closed","template":"","meta":{"_acf_changed":false},"product_brand":[],"product_cat":[41],"product_tag":[],"class_list":{"0":"post-246","1":"product","2":"type-product","3":"status-publish","4":"has-post-thumbnail","6":"product_cat-auxiliary-machines","8":"first","9":"instock","10":"shipping-taxable","11":"purchasable","12":"product-type-variable"},"acf":[],"_links":{"self":[{"href":"https:\/\/www.beta-machine.com\/es\/wp-json\/wp\/v2\/product\/246","targetHints":{"allow":["GET"]}}],"collection":[{"href":"https:\/\/www.beta-machine.com\/es\/wp-json\/wp\/v2\/product"}],"about":[{"href":"https:\/\/www.beta-machine.com\/es\/wp-json\/wp\/v2\/types\/product"}],"replies":[{"embeddable":true,"href":"https:\/\/www.beta-machine.com\/es\/wp-json\/wp\/v2\/comments?post=246"}],"wp:featuredmedia":[{"embeddable":true,"href":"https:\/\/www.beta-machine.com\/es\/wp-json\/wp\/v2\/media\/207"}],"wp:attachment":[{"href":"https:\/\/www.beta-machine.com\/es\/wp-json\/wp\/v2\/media?parent=246"}],"wp:term":[{"taxonomy":"product_brand","embeddable":true,"href":"https:\/\/www.beta-machine.com\/es\/wp-json\/wp\/v2\/product_brand?post=246"},{"taxonomy":"product_cat","embeddable":true,"href":"https:\/\/www.beta-machine.com\/es\/wp-json\/wp\/v2\/product_cat?post=246"},{"taxonomy":"product_tag","embeddable":true,"href":"https:\/\/www.beta-machine.com\/es\/wp-json\/wp\/v2\/product_tag?post=246"}],"curies":[{"name":"wp","href":"https:\/\/api.w.org\/{rel}","templated":true}]}}