{"id":254,"date":"2025-10-24T06:32:40","date_gmt":"2025-10-24T06:32:40","guid":{"rendered":"https:\/\/beta-machine.com\/?post_type=product&#038;p=254"},"modified":"2025-10-24T06:48:11","modified_gmt":"2025-10-24T06:48:11","slug":"industrial-plastic-making-machinery-strong-grinder-shredder-plastic-crusher-machine","status":"publish","type":"product","link":"https:\/\/www.beta-machine.com\/es\/industrial-plastic-making-machinery-strong-grinder-shredder-plastic-crusher-machine-pd786645088\/","title":{"rendered":"Maquinaria industrial para fabricaci\u00f3n de pl\u00e1sticos Molino triturador fuerte Trituradora de pl\u00e1sticos"},"content":{"rendered":"<h2><strong>Introducci\u00f3n de la trituradora de pl\u00e1sticos<\/strong><\/h2>\n<p>La trituradora de pl\u00e1sticos se utiliza para triturar todo tipo de pl\u00e1sticos y cauchos. Las part\u00edculas pulverizadas se pueden usar directamente como materias primas de producci\u00f3n. Emplea cuchillas de acero aleado para una larga vida \u00fatil. La m\u00e1quina cuenta con un dise\u00f1o separado para facilitar el mantenimiento y la limpieza, posee una estructura de doble capa con materiales aislantes del sonido y es de bajo ruido. La base est\u00e1 equipada con cuatro ruedas para facilitar el movimiento.<\/p>\n<p><img fetchpriority=\"high\" decoding=\"async\" class=\"alignnone size-full wp-image-261\" src=\"https:\/\/beta-machine.com\/wp-content\/uploads\/2025\/10\/crusher7.jpg\" alt=\"\" width=\"1166\" height=\"933\" srcset=\"https:\/\/www.beta-machine.com\/wp-content\/uploads\/2025\/10\/crusher7.jpg 1166w, https:\/\/www.beta-machine.com\/wp-content\/uploads\/2025\/10\/crusher7-600x480.jpg 600w, https:\/\/www.beta-machine.com\/wp-content\/uploads\/2025\/10\/crusher7-300x240.jpg 300w, https:\/\/www.beta-machine.com\/wp-content\/uploads\/2025\/10\/crusher7-1024x819.jpg 1024w, https:\/\/www.beta-machine.com\/wp-content\/uploads\/2025\/10\/crusher7-768x615.jpg 768w\" sizes=\"(max-width: 1166px) 100vw, 1166px\" \/><\/p>\n<p>&nbsp;<\/p>\n<h2><strong>Productos aplicables<\/strong><\/h2>\n<p>La trituradora de pl\u00e1sticos tiene una amplia gama de usos, es adecuada para la trituraci\u00f3n y reciclaje de materiales blandos y duros como PU, PVC, PC, ABS. Equipada con dispositivo de protecci\u00f3n contra sobrecarga y sistema de protecci\u00f3n de cadena de potencia, funcionamiento seguro, limpio y fiable.<\/p>\n<p><img decoding=\"async\" class=\"alignnone size-full wp-image-259\" src=\"https:\/\/beta-machine.com\/wp-content\/uploads\/2025\/10\/crusher5.jpg\" alt=\"\" width=\"1109\" height=\"1355\" srcset=\"https:\/\/www.beta-machine.com\/wp-content\/uploads\/2025\/10\/crusher5.jpg 1109w, https:\/\/www.beta-machine.com\/wp-content\/uploads\/2025\/10\/crusher5-600x733.jpg 600w, https:\/\/www.beta-machine.com\/wp-content\/uploads\/2025\/10\/crusher5-246x300.jpg 246w, https:\/\/www.beta-machine.com\/wp-content\/uploads\/2025\/10\/crusher5-838x1024.jpg 838w, https:\/\/www.beta-machine.com\/wp-content\/uploads\/2025\/10\/crusher5-768x938.jpg 768w\" sizes=\"(max-width: 1109px) 100vw, 1109px\" \/><\/p>","protected":false},"excerpt":{"rendered":"<p>La trituradora es una m\u00e1quina pesada dise\u00f1ada para descomponer materiales grandes y duros en piezas m\u00e1s peque\u00f1as. Se usa com\u00fanmente en industrias como miner\u00eda, construcci\u00f3n y reciclaje. La trituradora funciona aplicando fuerza al material, provocando su rotura o deformaci\u00f3n. Est\u00e1 equipada con cuchillas o martillos fuertes y duraderos que golpean repetidamente el material hasta reducirlo al tama\u00f1o deseado.<\/p>","protected":false},"featured_media":260,"comment_status":"closed","ping_status":"closed","template":"","meta":{"_acf_changed":false},"product_brand":[],"product_cat":[41],"product_tag":[],"class_list":{"0":"post-254","1":"product","2":"type-product","3":"status-publish","4":"has-post-thumbnail","6":"product_cat-auxiliary-machines","8":"first","9":"instock","10":"shipping-taxable","11":"purchasable","12":"product-type-variable"},"acf":[],"_links":{"self":[{"href":"https:\/\/www.beta-machine.com\/es\/wp-json\/wp\/v2\/product\/254","targetHints":{"allow":["GET"]}}],"collection":[{"href":"https:\/\/www.beta-machine.com\/es\/wp-json\/wp\/v2\/product"}],"about":[{"href":"https:\/\/www.beta-machine.com\/es\/wp-json\/wp\/v2\/types\/product"}],"replies":[{"embeddable":true,"href":"https:\/\/www.beta-machine.com\/es\/wp-json\/wp\/v2\/comments?post=254"}],"wp:featuredmedia":[{"embeddable":true,"href":"https:\/\/www.beta-machine.com\/es\/wp-json\/wp\/v2\/media\/260"}],"wp:attachment":[{"href":"https:\/\/www.beta-machine.com\/es\/wp-json\/wp\/v2\/media?parent=254"}],"wp:term":[{"taxonomy":"product_brand","embeddable":true,"href":"https:\/\/www.beta-machine.com\/es\/wp-json\/wp\/v2\/product_brand?post=254"},{"taxonomy":"product_cat","embeddable":true,"href":"https:\/\/www.beta-machine.com\/es\/wp-json\/wp\/v2\/product_cat?post=254"},{"taxonomy":"product_tag","embeddable":true,"href":"https:\/\/www.beta-machine.com\/es\/wp-json\/wp\/v2\/product_tag?post=254"}],"curies":[{"name":"wp","href":"https:\/\/api.w.org\/{rel}","templated":true}]}}