{"id":264,"date":"2025-10-24T06:37:56","date_gmt":"2025-10-24T06:37:56","guid":{"rendered":"https:\/\/beta-machine.com\/?post_type=product&#038;p=264"},"modified":"2026-03-16T02:03:11","modified_gmt":"2026-03-16T02:03:11","slug":"factory-customized-fully-automatic-air-cooled-water-cooled-screw-chiller","status":"publish","type":"product","link":"https:\/\/www.beta-machine.com\/es\/factory-customized-fully-automatic-air-cooled-water-cooled-screw-chiller\/","title":{"rendered":"Enfriador de tornillo totalmente autom\u00e1tico, enfriado por aire\/agua, personalizado de f\u00e1brica"},"content":{"rendered":"<p><strong>Enfriador de agua \/ Enfriador refrigerado por agua<\/strong><\/p>\n<p><img fetchpriority=\"high\" decoding=\"async\" class=\"alignnone wp-image-268 size-medium\" src=\"https:\/\/beta-machine.com\/wp-content\/uploads\/2025\/10\/Water-cooled-Chiller-300x300.png\" alt=\"\" width=\"300\" height=\"300\" srcset=\"https:\/\/www.beta-machine.com\/wp-content\/uploads\/2025\/10\/Water-cooled-Chiller-300x300.png 300w, https:\/\/www.beta-machine.com\/wp-content\/uploads\/2025\/10\/Water-cooled-Chiller-100x100.png 100w, https:\/\/www.beta-machine.com\/wp-content\/uploads\/2025\/10\/Water-cooled-Chiller-600x600.png 600w, https:\/\/www.beta-machine.com\/wp-content\/uploads\/2025\/10\/Water-cooled-Chiller-150x150.png 150w, https:\/\/www.beta-machine.com\/wp-content\/uploads\/2025\/10\/Water-cooled-Chiller-768x768.png 768w, https:\/\/www.beta-machine.com\/wp-content\/uploads\/2025\/10\/Water-cooled-Chiller.png 800w\" sizes=\"(max-width: 300px) 100vw, 300px\" \/><\/p>\n<p>&nbsp;<\/p>\n<div class=\"sliderTable mt10 mb10 sliderTable-index0\">\n<div class=\"inner\">\n<table width=\"884\">\n<tbody>\n<tr>\n<td valign=\"top\" width=\"285\">\u00cdtem<\/td>\n<td valign=\"top\" width=\"556\">Par\u00e1metro<\/td>\n<\/tr>\n<tr>\n<td valign=\"top\" width=\"285\">Marca<\/td>\n<td valign=\"top\" width=\"556\">Beta<\/td>\n<\/tr>\n<tr>\n<td valign=\"top\" width=\"285\">Tipo<\/td>\n<td valign=\"top\" width=\"556\">Enfriador refrigerado por agua<\/td>\n<\/tr>\n<tr>\n<td valign=\"top\" width=\"285\">Personalizaci\u00f3n de procesamiento<\/td>\n<td valign=\"top\" width=\"556\">S\u00ed<\/td>\n<\/tr>\n<tr>\n<td valign=\"top\" width=\"285\">Modelo<\/td>\n<td valign=\"top\" width=\"556\">BT-20WD<\/td>\n<\/tr>\n<tr>\n<td valign=\"top\" width=\"285\">Capacidad de refrigeraci\u00f3n est\u00e1ndar<\/td>\n<td valign=\"top\" width=\"556\">67 (KW)<\/td>\n<\/tr>\n<tr>\n<td valign=\"top\" width=\"285\">Potencia de entrada<\/td>\n<td valign=\"top\" width=\"556\">17 (KW)<\/td>\n<\/tr>\n<\/tbody>\n<\/table>\n<\/div>\n<\/div>\n<p><strong>Enfriador de tornillo refrigerado por agua<\/strong><\/p>\n<p><strong><img decoding=\"async\" class=\"alignnone wp-image-269 size-medium\" src=\"https:\/\/beta-machine.com\/wp-content\/uploads\/2025\/10\/Water-cooled-Screw-Chiller-300x300.png\" alt=\"\" width=\"300\" height=\"300\" srcset=\"https:\/\/www.beta-machine.com\/wp-content\/uploads\/2025\/10\/Water-cooled-Screw-Chiller-300x300.png 300w, https:\/\/www.beta-machine.com\/wp-content\/uploads\/2025\/10\/Water-cooled-Screw-Chiller-100x100.png 100w, https:\/\/www.beta-machine.com\/wp-content\/uploads\/2025\/10\/Water-cooled-Screw-Chiller-600x600.png 600w, https:\/\/www.beta-machine.com\/wp-content\/uploads\/2025\/10\/Water-cooled-Screw-Chiller-150x150.png 150w, https:\/\/www.beta-machine.com\/wp-content\/uploads\/2025\/10\/Water-cooled-Screw-Chiller-768x768.png 768w, https:\/\/www.beta-machine.com\/wp-content\/uploads\/2025\/10\/Water-cooled-Screw-Chiller.png 800w\" sizes=\"(max-width: 300px) 100vw, 300px\" \/><\/strong><\/p>\n<p>&nbsp;<\/p>\n<div class=\"sliderTable mt10 mb10 sliderTable-index1\">\n<div class=\"inner\">\n<table width=\"885\">\n<tbody>\n<tr>\n<td valign=\"top\" width=\"285\">\u00cdtem<\/td>\n<td valign=\"top\" width=\"556\">Par\u00e1metro<\/td>\n<\/tr>\n<tr>\n<td valign=\"top\" width=\"302\">Tipo<\/td>\n<td valign=\"top\" width=\"540\">Enfriador de tornillo<\/td>\n<\/tr>\n<tr>\n<td valign=\"top\" width=\"302\">Personalizaci\u00f3n de procesamiento<\/td>\n<td valign=\"top\" width=\"540\">S\u00ed<\/td>\n<\/tr>\n<tr>\n<td valign=\"top\" width=\"302\">Modelo<\/td>\n<td valign=\"top\" width=\"540\">BT-340WS<\/td>\n<\/tr>\n<tr>\n<td valign=\"top\" width=\"302\">Capacidad de refrigeraci\u00f3n est\u00e1ndar<\/td>\n<td valign=\"top\" width=\"540\">313 (KW)<\/td>\n<\/tr>\n<tr>\n<td valign=\"top\" width=\"302\">Potencia de entrada<\/td>\n<td valign=\"top\" width=\"540\">71 (KW)<\/td>\n<\/tr>\n<\/tbody>\n<\/table>\n<\/div>\n<\/div>\n<p><strong>Enfriador refrigerado por aire<\/strong><\/p>\n<p><strong><img decoding=\"async\" class=\"alignnone size-medium wp-image-266\" src=\"https:\/\/beta-machine.com\/wp-content\/uploads\/2025\/10\/Air-cooled-Chiller-300x300.png\" alt=\"\" width=\"300\" height=\"300\" srcset=\"https:\/\/www.beta-machine.com\/wp-content\/uploads\/2025\/10\/Air-cooled-Chiller-300x300.png 300w, https:\/\/www.beta-machine.com\/wp-content\/uploads\/2025\/10\/Air-cooled-Chiller-100x100.png 100w, https:\/\/www.beta-machine.com\/wp-content\/uploads\/2025\/10\/Air-cooled-Chiller-600x600.png 600w, https:\/\/www.beta-machine.com\/wp-content\/uploads\/2025\/10\/Air-cooled-Chiller-150x150.png 150w, https:\/\/www.beta-machine.com\/wp-content\/uploads\/2025\/10\/Air-cooled-Chiller-768x768.png 768w, https:\/\/www.beta-machine.com\/wp-content\/uploads\/2025\/10\/Air-cooled-Chiller.png 800w\" sizes=\"(max-width: 300px) 100vw, 300px\" \/><\/strong><\/p>\n<p>Caracter\u00edsticas del producto<\/p>\n<div class=\"sliderTable mt10 mb10 sliderTable-index2\">\n<ul>\n<li>El compresor del equipo es de tipo scroll totalmente cerrado, con componentes de control electr\u00f3nico; est\u00e1 equipado con condensador y evaporador fabricados en tubos de cobre de alta calidad y alta eficiencia de intercambio t\u00e9rmico;<\/li>\n<li>Equipado con varios dispositivos de protecci\u00f3n de seguridad, de rendimiento estable, bajo ruido, larga vida \u00fatil y funcionamiento sencillo; Cuenta con interfaz hombre-m\u00e1quina con pantalla LCD, de operaci\u00f3n f\u00e1cil y c\u00f3moda, y el estado de funcionamiento es visible de un vistazo;<\/li>\n<li>El modelo adopta un sistema de refrigeraci\u00f3n de compresor \u00fanico o combinaci\u00f3n de varios compresores. Los compresores pueden funcionar autom\u00e1ticamente de forma alternada seg\u00fan los cambios de carga, equilibrando las horas de funcionamiento de cada compresor, logrando el efecto de ahorro de consumo de energ\u00eda y extensi\u00f3n de la vida \u00fatil del enfriador. Ajuste de energ\u00eda conveniente, m\u00e1s eficiente energ\u00e9ticamente bajo cargas parciales;<\/li>\n<li>La m\u00e1quina completa cuenta con una estructura de caja, de apariencia agradable y estructura compacta, que permite comprobar el funcionamiento del equipo en cualquier momento; El equipo puede incluir su propio dep\u00f3sito de agua y bomba de circulaci\u00f3n de acuerdo con la capacidad de refrigeraci\u00f3n, sin necesidad de torre de enfriamiento ni bomba de agua de enfriamiento, por lo que la instalaci\u00f3n y el mantenimiento son sencillos y convenientes.<\/li>\n<\/ul>\n<\/div>\n<p><strong>Enfriador de tornillo refrigerado por aire<\/strong><\/p>\n<p><strong><img loading=\"lazy\" decoding=\"async\" class=\"alignnone size-medium wp-image-267\" src=\"https:\/\/beta-machine.com\/wp-content\/uploads\/2025\/10\/Air-cooled-Screw-Chiller-300x300.png\" alt=\"\" width=\"300\" height=\"300\" srcset=\"https:\/\/www.beta-machine.com\/wp-content\/uploads\/2025\/10\/Air-cooled-Screw-Chiller-300x300.png 300w, https:\/\/www.beta-machine.com\/wp-content\/uploads\/2025\/10\/Air-cooled-Screw-Chiller-100x100.png 100w, https:\/\/www.beta-machine.com\/wp-content\/uploads\/2025\/10\/Air-cooled-Screw-Chiller-600x600.png 600w, https:\/\/www.beta-machine.com\/wp-content\/uploads\/2025\/10\/Air-cooled-Screw-Chiller-150x150.png 150w, https:\/\/www.beta-machine.com\/wp-content\/uploads\/2025\/10\/Air-cooled-Screw-Chiller-768x768.png 768w, https:\/\/www.beta-machine.com\/wp-content\/uploads\/2025\/10\/Air-cooled-Screw-Chiller.png 800w\" sizes=\"(max-width: 300px) 100vw, 300px\" \/><\/strong><\/p>\n<p>&nbsp;<\/p>\n<div class=\"sliderTable mt10 mb10 sliderTable-index3\">\n<div class=\"inner\">\n<table width=\"877\">\n<tbody>\n<tr>\n<td valign=\"top\" width=\"285\">\u00cdtem<\/td>\n<td valign=\"top\" width=\"556\">Par\u00e1metro<\/td>\n<\/tr>\n<tr>\n<td valign=\"top\" width=\"301\">Tipo<\/td>\n<td valign=\"top\" width=\"533\">Enfriador de tornillo<\/td>\n<\/tr>\n<tr>\n<td valign=\"top\" width=\"301\">Personalizaci\u00f3n de procesamiento<\/td>\n<td valign=\"top\" width=\"533\">S\u00ed<\/td>\n<\/tr>\n<tr>\n<td valign=\"top\" width=\"301\">Modelo<\/td>\n<td valign=\"top\" width=\"533\">BT-180AS<\/td>\n<\/tr>\n<tr>\n<td valign=\"top\" width=\"301\">Capacidad de refrigeraci\u00f3n est\u00e1ndar<\/td>\n<td valign=\"top\" width=\"533\">135 (KW)<\/td>\n<\/tr>\n<tr>\n<td valign=\"top\" width=\"301\">Potencia de entrada<\/td>\n<td valign=\"top\" width=\"533\">52 (KW)<\/td>\n<\/tr>\n<\/tbody>\n<\/table>\n<\/div>\n<\/div>","protected":false},"excerpt":{"rendered":"<p>Enfriadores personalizados de BETA incluyen enfriados por aire, enfriados por agua, de tornillo enfriado por aire y de tornillo enfriado por agua, aptos para uso industrial.<\/p>","protected":false},"featured_media":266,"comment_status":"closed","ping_status":"closed","template":"","meta":{"_acf_changed":false},"product_brand":[],"product_cat":[41],"product_tag":[],"class_list":{"0":"post-264","1":"product","2":"type-product","3":"status-publish","4":"has-post-thumbnail","6":"product_cat-auxiliary-machines","8":"first","9":"instock","10":"shipping-taxable","11":"purchasable","12":"product-type-simple"},"acf":[],"_links":{"self":[{"href":"https:\/\/www.beta-machine.com\/es\/wp-json\/wp\/v2\/product\/264","targetHints":{"allow":["GET"]}}],"collection":[{"href":"https:\/\/www.beta-machine.com\/es\/wp-json\/wp\/v2\/product"}],"about":[{"href":"https:\/\/www.beta-machine.com\/es\/wp-json\/wp\/v2\/types\/product"}],"replies":[{"embeddable":true,"href":"https:\/\/www.beta-machine.com\/es\/wp-json\/wp\/v2\/comments?post=264"}],"wp:featuredmedia":[{"embeddable":true,"href":"https:\/\/www.beta-machine.com\/es\/wp-json\/wp\/v2\/media\/266"}],"wp:attachment":[{"href":"https:\/\/www.beta-machine.com\/es\/wp-json\/wp\/v2\/media?parent=264"}],"wp:term":[{"taxonomy":"product_brand","embeddable":true,"href":"https:\/\/www.beta-machine.com\/es\/wp-json\/wp\/v2\/product_brand?post=264"},{"taxonomy":"product_cat","embeddable":true,"href":"https:\/\/www.beta-machine.com\/es\/wp-json\/wp\/v2\/product_cat?post=264"},{"taxonomy":"product_tag","embeddable":true,"href":"https:\/\/www.beta-machine.com\/es\/wp-json\/wp\/v2\/product_tag?post=264"}],"curies":[{"name":"wp","href":"https:\/\/api.w.org\/{rel}","templated":true}]}}