{"id":315,"date":"2025-10-24T07:33:20","date_gmt":"2025-10-24T07:33:20","guid":{"rendered":"https:\/\/beta-machine.com\/?post_type=product&#038;p=315"},"modified":"2026-03-13T07:39:04","modified_gmt":"2026-03-13T07:39:04","slug":"plastic-bottle-blowing-mold-water-drinks-bottle-moulds","status":"publish","type":"product","link":"https:\/\/www.beta-machine.com\/es\/plastic-bottle-blowing-mold-water-drinks-bottle-moulds-pd791266088\/","title":{"rendered":"Molde para soplado de botellas pl\u00e1sticas \/ Moldes para botellas de bebidas"},"content":{"rendered":"<h3>Moldes para botellas<\/h3>\n<div>\n<ul>\n<li>\u00a0Empleamos tecnolog\u00edas CDC\/CAM de \u00faltima generaci\u00f3n para dise\u00f1ar y fabricar herramientas de alta calidad.<\/li>\n<li>Suministramos moldes de soplado seg\u00fan la demanda del cliente para una amplia variedad de aplicaciones en el mercado: frascos de boca ancha, frascos cosm\u00e9ticos, frascos de detergente, frascos farmac\u00e9uticos, frascos de salsa de soja y aceite comestible, latas de doble costura, botellas de agua, botellas resistentes al calor y botellas de bebidas carbonatadas.<\/li>\n<\/ul>\n<h3>Caracter\u00edsticas<\/h3>\n<ol>\n<li>El molde de soplado para botellas PET utiliza dise\u00f1o de gr\u00e1ficos por computadora en 3D para mejorar la tasa de \u00e9xito del soplado.<\/li>\n<li>Alta productividad.<\/li>\n<li>Se dise\u00f1an y producen varios tipos de moldes, y se pueden dise\u00f1ar preformas de botellas seg\u00fan la forma de la botella.<\/li>\n<li>Todas las piezas y componentes durante el proceso de producci\u00f3n son mecanizados con instrumentos de medici\u00f3n de alta precisi\u00f3n y maquinaria de alta precisi\u00f3n.<\/li>\n<li>El proceso de control de calidad es estrictamente regulado para garantizar la calidad del producto.<\/li>\n<li>Podemos cooperar con los clientes para desarrollar, dise\u00f1ar y fabricar productos conjuntamente.<\/li>\n<li>Fabricado en acero aleado y acero inoxidable, duradero y con buena estabilidad.<\/li>\n<\/ol>\n<div><img fetchpriority=\"high\" decoding=\"async\" class=\"alignnone wp-image-318 size-full\" src=\"https:\/\/beta-machine.com\/wp-content\/uploads\/2025\/10\/details.jpg\" alt=\"\" width=\"990\" height=\"685\" srcset=\"https:\/\/www.beta-machine.com\/wp-content\/uploads\/2025\/10\/details.jpg 990w, https:\/\/www.beta-machine.com\/wp-content\/uploads\/2025\/10\/details-600x415.jpg 600w, https:\/\/www.beta-machine.com\/wp-content\/uploads\/2025\/10\/details-300x208.jpg 300w, https:\/\/www.beta-machine.com\/wp-content\/uploads\/2025\/10\/details-768x531.jpg 768w\" sizes=\"(max-width: 990px) 100vw, 990px\" \/><\/div>\n<h3>Modelos de Moldes de Botellas<\/h3>\n<div><img decoding=\"async\" class=\"alignnone size-full wp-image-317\" src=\"https:\/\/beta-machine.com\/wp-content\/uploads\/2025\/10\/Bottle-Mould-Models.jpg\" alt=\"\" width=\"984\" height=\"671\" srcset=\"https:\/\/www.beta-machine.com\/wp-content\/uploads\/2025\/10\/Bottle-Mould-Models.jpg 984w, https:\/\/www.beta-machine.com\/wp-content\/uploads\/2025\/10\/Bottle-Mould-Models-600x409.jpg 600w, https:\/\/www.beta-machine.com\/wp-content\/uploads\/2025\/10\/Bottle-Mould-Models-300x205.jpg 300w, https:\/\/www.beta-machine.com\/wp-content\/uploads\/2025\/10\/Bottle-Mould-Models-768x524.jpg 768w\" sizes=\"(max-width: 984px) 100vw, 984px\" \/> \u00a0<img decoding=\"async\" class=\"alignnone wp-image-287 size-full\" src=\"https:\/\/beta-machine.com\/wp-content\/uploads\/2025\/10\/Injection-Bottle-Cap-Moulds-2.png\" alt=\"\" width=\"988\" height=\"785\" srcset=\"https:\/\/www.beta-machine.com\/wp-content\/uploads\/2025\/10\/Injection-Bottle-Cap-Moulds-2.png 988w, https:\/\/www.beta-machine.com\/wp-content\/uploads\/2025\/10\/Injection-Bottle-Cap-Moulds-2-600x477.png 600w, https:\/\/www.beta-machine.com\/wp-content\/uploads\/2025\/10\/Injection-Bottle-Cap-Moulds-2-300x238.png 300w, https:\/\/www.beta-machine.com\/wp-content\/uploads\/2025\/10\/Injection-Bottle-Cap-Moulds-2-768x610.png 768w\" sizes=\"(max-width: 988px) 100vw, 988px\" \/><\/div>\n<\/div>","protected":false},"excerpt":{"rendered":"<p>BETA ofrece moldes para botellas de varios estilos personalizados, cons\u00faltenos sin compromiso.<\/p>","protected":false},"featured_media":322,"comment_status":"closed","ping_status":"closed","template":"","meta":{"_acf_changed":false},"product_brand":[],"product_cat":[38],"product_tag":[],"class_list":{"0":"post-315","1":"product","2":"type-product","3":"status-publish","4":"has-post-thumbnail","6":"product_cat-bottle-moulds","8":"first","9":"instock","10":"shipping-taxable","11":"purchasable","12":"product-type-simple"},"acf":[],"_links":{"self":[{"href":"https:\/\/www.beta-machine.com\/es\/wp-json\/wp\/v2\/product\/315","targetHints":{"allow":["GET"]}}],"collection":[{"href":"https:\/\/www.beta-machine.com\/es\/wp-json\/wp\/v2\/product"}],"about":[{"href":"https:\/\/www.beta-machine.com\/es\/wp-json\/wp\/v2\/types\/product"}],"replies":[{"embeddable":true,"href":"https:\/\/www.beta-machine.com\/es\/wp-json\/wp\/v2\/comments?post=315"}],"wp:featuredmedia":[{"embeddable":true,"href":"https:\/\/www.beta-machine.com\/es\/wp-json\/wp\/v2\/media\/322"}],"wp:attachment":[{"href":"https:\/\/www.beta-machine.com\/es\/wp-json\/wp\/v2\/media?parent=315"}],"wp:term":[{"taxonomy":"product_brand","embeddable":true,"href":"https:\/\/www.beta-machine.com\/es\/wp-json\/wp\/v2\/product_brand?post=315"},{"taxonomy":"product_cat","embeddable":true,"href":"https:\/\/www.beta-machine.com\/es\/wp-json\/wp\/v2\/product_cat?post=315"},{"taxonomy":"product_tag","embeddable":true,"href":"https:\/\/www.beta-machine.com\/es\/wp-json\/wp\/v2\/product_tag?post=315"}],"curies":[{"name":"wp","href":"https:\/\/api.w.org\/{rel}","templated":true}]}}