{"id":324,"date":"2025-10-24T07:43:42","date_gmt":"2025-10-24T07:43:42","guid":{"rendered":"https:\/\/beta-machine.com\/?post_type=product&#038;p=324"},"modified":"2026-03-13T06:49:35","modified_gmt":"2026-03-13T06:49:35","slug":"cap-lining-machine","status":"publish","type":"product","link":"https:\/\/www.beta-machine.com\/es\/cap-lining-machine-pd711034388\/","title":{"rendered":"M\u00e1quina de revestimiento de tapones"},"content":{"rendered":"<h2>Proceso de fabricaci\u00f3n de tapones<\/h2>\n<p>La m\u00e1quina taponadora es accionada por el material pl\u00e1stico extruido por la extrusora a trav\u00e9s de un tornillo, cortado por una placa separadora y distribuido uniformemente en cada cavidad para formar un tap\u00f3n.<\/p>\n<p>&nbsp;<\/p>\n<h2>Ventajas \u00fanicas de la m\u00e1quina<\/h2>\n<ol>\n<li>El material principal del molde de tapones est\u00e1 fabricado con materiales patentados, que poseen excelente resistencia al desgaste, resistencia a la corrosi\u00f3n, propiedades de pulido \u00f3ptico activo, as\u00ed como buena maquinabilidad y estabilidad al temple.<\/li>\n<li>Soporte de alta dureza, acero aleado con alta resistencia al desgaste y poco propenso a quemaduras.<\/li>\n<\/ol>\n<h2>Ventajas del recubrimiento<\/h2>\n<ol class=\"list-paddingleft-2\">\n<li>Recubrimiento especificado para moldes de tapones suministrado por empresas suizas<\/li>\n<li>Recubrimiento de acero delgado con espesor uniforme y fuerte adhesi\u00f3n<\/li>\n<li>Alta dureza<\/li>\n<li>Reducir la fricci\u00f3n y el desgaste<\/li>\n<li>Puede extender eficazmente la vida \u00fatil del molde en 2 a 6 veces<\/li>\n<\/ol>","protected":false},"excerpt":{"rendered":"<p>Cap manufacturing process The capping machine is driven by the plastic material extruded by the extruder through a screw, cut from a separating plate, and evenly distributed into each chamber to make a capping. &nbsp; Unique advantages of the machine The main cap mold material is made of proprietary materials, which have excellent wear resistance, [&hellip;]<\/p>\n","protected":false},"featured_media":326,"comment_status":"closed","ping_status":"closed","template":"","meta":{"_acf_changed":false},"product_brand":[],"product_cat":[37],"product_tag":[],"class_list":{"0":"post-324","1":"product","2":"type-product","3":"status-publish","4":"has-post-thumbnail","6":"product_cat-cap-lining-machine","8":"first","9":"instock","10":"shipping-taxable","11":"purchasable","12":"product-type-simple"},"acf":[],"_links":{"self":[{"href":"https:\/\/www.beta-machine.com\/es\/wp-json\/wp\/v2\/product\/324","targetHints":{"allow":["GET"]}}],"collection":[{"href":"https:\/\/www.beta-machine.com\/es\/wp-json\/wp\/v2\/product"}],"about":[{"href":"https:\/\/www.beta-machine.com\/es\/wp-json\/wp\/v2\/types\/product"}],"replies":[{"embeddable":true,"href":"https:\/\/www.beta-machine.com\/es\/wp-json\/wp\/v2\/comments?post=324"}],"wp:featuredmedia":[{"embeddable":true,"href":"https:\/\/www.beta-machine.com\/es\/wp-json\/wp\/v2\/media\/326"}],"wp:attachment":[{"href":"https:\/\/www.beta-machine.com\/es\/wp-json\/wp\/v2\/media?parent=324"}],"wp:term":[{"taxonomy":"product_brand","embeddable":true,"href":"https:\/\/www.beta-machine.com\/es\/wp-json\/wp\/v2\/product_brand?post=324"},{"taxonomy":"product_cat","embeddable":true,"href":"https:\/\/www.beta-machine.com\/es\/wp-json\/wp\/v2\/product_cat?post=324"},{"taxonomy":"product_tag","embeddable":true,"href":"https:\/\/www.beta-machine.com\/es\/wp-json\/wp\/v2\/product_tag?post=324"}],"curies":[{"name":"wp","href":"https:\/\/api.w.org\/{rel}","templated":true}]}}