{"id":327,"date":"2025-10-24T07:45:41","date_gmt":"2025-10-24T07:45:41","guid":{"rendered":"https:\/\/beta-machine.com\/?post_type=product&#038;p=327"},"modified":"2026-03-13T06:44:16","modified_gmt":"2026-03-13T06:44:16","slug":"automatic-plastic-cap-lining-machine-aluminium-foil-wad-inserting-machine","status":"publish","type":"product","link":"https:\/\/www.beta-machine.com\/es\/automatic-plastic-cap-lining-machine-aluminium-foil-wad-inserting-machine-pd722239088\/","title":{"rendered":"M\u00e1quina autom\u00e1tica de inserci\u00f3n de juntas en tapones pl\u00e1sticos \/ M\u00e1quina de inserci\u00f3n de juntas de aluminio"},"content":{"rendered":"<h2>M\u00e1quina autom\u00e1tica de inserci\u00f3n de juntas en tapones pl\u00e1sticos \/ M\u00e1quina de inserci\u00f3n de juntas de aluminio<\/h2>\n<p>La m\u00e1quina de inserci\u00f3n de juntas para tapones se utiliza principalmente para fabricar juntas internas de tapones de aluminio y pl\u00e1stico. Dado que la junta es m\u00e1s flexible que el tap\u00f3n, se inserta en el tap\u00f3n mediante moldeo y prensado a alta temperatura, adapt\u00e1ndose mejor a la botella, garantizando un alto grado de carbonataci\u00f3n de la bebida, resolviendo los problemas de fugas de agua y gas, prolongando la vida \u00fatil y cumpliendo con la norma nacional de higiene alimentaria.<\/p>\n<p><img fetchpriority=\"high\" decoding=\"async\" class=\"alignnone size-full wp-image-337\" src=\"https:\/\/beta-machine.com\/wp-content\/uploads\/2025\/10\/cap-lining-1.png\" alt=\"\" width=\"720\" height=\"405\" srcset=\"https:\/\/www.beta-machine.com\/wp-content\/uploads\/2025\/10\/cap-lining-1.png 720w, https:\/\/www.beta-machine.com\/wp-content\/uploads\/2025\/10\/cap-lining-1-600x338.png 600w, https:\/\/www.beta-machine.com\/wp-content\/uploads\/2025\/10\/cap-lining-1-300x169.png 300w\" sizes=\"(max-width: 720px) 100vw, 720px\" \/><\/p>\n<h2>Campo de aplicaci\u00f3n<\/h2>\n<p><img decoding=\"async\" class=\"alignnone size-full wp-image-338\" src=\"https:\/\/beta-machine.com\/wp-content\/uploads\/2025\/10\/cap-lining.jpg\" alt=\"\" width=\"1987\" height=\"1648\" srcset=\"https:\/\/www.beta-machine.com\/wp-content\/uploads\/2025\/10\/cap-lining.jpg 1987w, https:\/\/www.beta-machine.com\/wp-content\/uploads\/2025\/10\/cap-lining-600x498.jpg 600w, https:\/\/www.beta-machine.com\/wp-content\/uploads\/2025\/10\/cap-lining-300x249.jpg 300w, https:\/\/www.beta-machine.com\/wp-content\/uploads\/2025\/10\/cap-lining-1024x849.jpg 1024w, https:\/\/www.beta-machine.com\/wp-content\/uploads\/2025\/10\/cap-lining-768x637.jpg 768w, https:\/\/www.beta-machine.com\/wp-content\/uploads\/2025\/10\/cap-lining-1536x1274.jpg 1536w\" sizes=\"(max-width: 1987px) 100vw, 1987px\" \/> <img decoding=\"async\" class=\"alignnone size-full wp-image-339\" src=\"https:\/\/beta-machine.com\/wp-content\/uploads\/2025\/10\/cap-lining.png\" alt=\"\" width=\"1569\" height=\"1134\" srcset=\"https:\/\/www.beta-machine.com\/wp-content\/uploads\/2025\/10\/cap-lining.png 1569w, https:\/\/www.beta-machine.com\/wp-content\/uploads\/2025\/10\/cap-lining-600x434.png 600w, https:\/\/www.beta-machine.com\/wp-content\/uploads\/2025\/10\/cap-lining-300x217.png 300w, https:\/\/www.beta-machine.com\/wp-content\/uploads\/2025\/10\/cap-lining-1024x740.png 1024w, https:\/\/www.beta-machine.com\/wp-content\/uploads\/2025\/10\/cap-lining-768x555.png 768w, https:\/\/www.beta-machine.com\/wp-content\/uploads\/2025\/10\/cap-lining-1536x1110.png 1536w\" sizes=\"(max-width: 1569px) 100vw, 1569px\" \/><\/p>","protected":false},"excerpt":{"rendered":"<p>La m\u00e1quina de inserci\u00f3n de juntas para tapones se utiliza principalmente para fabricar juntas internas de tapones de aluminio y pl\u00e1stico. Dado que la junta es m\u00e1s flexible que el tap\u00f3n, se inserta en el tap\u00f3n mediante moldeo y prensado a alta temperatura, adapt\u00e1ndose mejor a la botella, garantizando un alto grado de carbonataci\u00f3n de la bebida, resolviendo los problemas de fugas de agua y gas, prolongando la vida \u00fatil y cumpliendo con la norma nacional de higiene alimentaria.<\/p>","protected":false},"featured_media":331,"comment_status":"closed","ping_status":"closed","template":"","meta":{"_acf_changed":false},"product_brand":[],"product_cat":[37],"product_tag":[],"class_list":{"0":"post-327","1":"product","2":"type-product","3":"status-publish","4":"has-post-thumbnail","6":"product_cat-cap-lining-machine","8":"first","9":"instock","10":"shipping-taxable","11":"purchasable","12":"product-type-variable"},"acf":[],"_links":{"self":[{"href":"https:\/\/www.beta-machine.com\/es\/wp-json\/wp\/v2\/product\/327","targetHints":{"allow":["GET"]}}],"collection":[{"href":"https:\/\/www.beta-machine.com\/es\/wp-json\/wp\/v2\/product"}],"about":[{"href":"https:\/\/www.beta-machine.com\/es\/wp-json\/wp\/v2\/types\/product"}],"replies":[{"embeddable":true,"href":"https:\/\/www.beta-machine.com\/es\/wp-json\/wp\/v2\/comments?post=327"}],"wp:featuredmedia":[{"embeddable":true,"href":"https:\/\/www.beta-machine.com\/es\/wp-json\/wp\/v2\/media\/331"}],"wp:attachment":[{"href":"https:\/\/www.beta-machine.com\/es\/wp-json\/wp\/v2\/media?parent=327"}],"wp:term":[{"taxonomy":"product_brand","embeddable":true,"href":"https:\/\/www.beta-machine.com\/es\/wp-json\/wp\/v2\/product_brand?post=327"},{"taxonomy":"product_cat","embeddable":true,"href":"https:\/\/www.beta-machine.com\/es\/wp-json\/wp\/v2\/product_cat?post=327"},{"taxonomy":"product_tag","embeddable":true,"href":"https:\/\/www.beta-machine.com\/es\/wp-json\/wp\/v2\/product_tag?post=327"}],"curies":[{"name":"wp","href":"https:\/\/api.w.org\/{rel}","templated":true}]}}