{"id":340,"date":"2025-10-24T07:56:54","date_gmt":"2025-10-24T07:56:54","guid":{"rendered":"https:\/\/beta-machine.com\/?post_type=product&#038;p=340"},"modified":"2026-03-13T06:41:48","modified_gmt":"2026-03-13T06:41:48","slug":"automatic-plastic-cap-slitting-machine-cap-anti-theft-ring-slitting-machine","status":"publish","type":"product","link":"https:\/\/www.beta-machine.com\/es\/automatic-plastic-cap-slitting-machine-cap-anti-theft-ring-slitting-machine-pd760034388\/","title":{"rendered":"M\u00e1quina autom\u00e1tica de ranurado de tapones pl\u00e1sticos \/ M\u00e1quina de ranurado del anillo antirrobo de tapones"},"content":{"rendered":"<h2>Ventajas de la m\u00e1quina<\/h2>\n<p>El material principal del molde de tapas es un material patentado con excelente resistencia al desgaste, resistencia a la corrosi\u00f3n, pulido \u00f3ptico, buena mecanizabilidad y estabilidad al temple.<\/p>\n<p>Los soportes son de acero aleado de alta dureza y alta resistencia al desgaste, no se queman f\u00e1cilmente<\/p>\n<p>&nbsp;<\/p>\n<h2>Ventaja del recubrimiento<\/h2>\n<ol class=\"list-paddingleft-2\">\n<li>Recubrimiento especificado por empresa suiza para molde de tapas<\/li>\n<li>El recubrimiento es de poco grosor y con fuerte adhesi\u00f3n.<\/li>\n<li>Alta dureza<\/li>\n<li>Menor fricci\u00f3n y reducci\u00f3n del desgaste<\/li>\n<li>Puede extender eficazmente la vida \u00fatil de los moldes de 2 a 6 veces<\/li>\n<\/ol>","protected":false},"excerpt":{"rendered":"<p>Esta m\u00e1quina se utiliza para cortar el anillo antirrobo de los tapones pl\u00e1sticos. Requiere una precisi\u00f3n tecnol\u00f3gica absoluta para ranurar cada tap\u00f3n de forma r\u00e1pida y fina en funcionamiento a alta velocidad, manteniendo sus caracter\u00edsticas multifuncionales estables y garantizando la uniformidad, la seguridad antirrobo y la hermeticidad de todas las ranuras del tap\u00f3n.<br \/>\nLa ranura del tap\u00f3n realizada por esta m\u00e1quina es lisa, plana y bonita, lo que permite que los tapones reflejen mejor la funci\u00f3n antirrobo de los tapones antirrobo de rosca despu\u00e9s del corte del anillo.<\/p>","protected":false},"featured_media":342,"comment_status":"closed","ping_status":"closed","template":"","meta":{"_acf_changed":false},"product_brand":[],"product_cat":[36],"product_tag":[],"class_list":{"0":"post-340","1":"product","2":"type-product","3":"status-publish","4":"has-post-thumbnail","6":"product_cat-cap-slitting-machine","8":"first","9":"instock","10":"shipping-taxable","11":"purchasable","12":"product-type-simple"},"acf":[],"_links":{"self":[{"href":"https:\/\/www.beta-machine.com\/es\/wp-json\/wp\/v2\/product\/340","targetHints":{"allow":["GET"]}}],"collection":[{"href":"https:\/\/www.beta-machine.com\/es\/wp-json\/wp\/v2\/product"}],"about":[{"href":"https:\/\/www.beta-machine.com\/es\/wp-json\/wp\/v2\/types\/product"}],"replies":[{"embeddable":true,"href":"https:\/\/www.beta-machine.com\/es\/wp-json\/wp\/v2\/comments?post=340"}],"wp:featuredmedia":[{"embeddable":true,"href":"https:\/\/www.beta-machine.com\/es\/wp-json\/wp\/v2\/media\/342"}],"wp:attachment":[{"href":"https:\/\/www.beta-machine.com\/es\/wp-json\/wp\/v2\/media?parent=340"}],"wp:term":[{"taxonomy":"product_brand","embeddable":true,"href":"https:\/\/www.beta-machine.com\/es\/wp-json\/wp\/v2\/product_brand?post=340"},{"taxonomy":"product_cat","embeddable":true,"href":"https:\/\/www.beta-machine.com\/es\/wp-json\/wp\/v2\/product_cat?post=340"},{"taxonomy":"product_tag","embeddable":true,"href":"https:\/\/www.beta-machine.com\/es\/wp-json\/wp\/v2\/product_tag?post=340"}],"curies":[{"name":"wp","href":"https:\/\/api.w.org\/{rel}","templated":true}]}}