{"id":345,"date":"2025-10-24T08:07:51","date_gmt":"2025-10-24T08:07:51","guid":{"rendered":"https:\/\/beta-machine.com\/?post_type=product&#038;p=345"},"modified":"2025-11-04T08:20:59","modified_gmt":"2025-11-04T08:20:59","slug":"automatic-plastic-cap-anti-theft-ring-slitting-machine","status":"publish","type":"product","link":"https:\/\/www.beta-machine.com\/es\/automatic-plastic-cap-anti-theft-ring-slitting-machine-pd704628088\/","title":{"rendered":"M\u00e1quina autom\u00e1tica de ranurado del anillo antirrobo de tapones pl\u00e1sticos"},"content":{"rendered":"<p><strong>M\u00e1quina autom\u00e1tica de ranurado de tapones pl\u00e1sticos \/ M\u00e1quina de ranurado del anillo antirrobo de tapones<\/strong><\/p>\n<p>\u00b7 \u00a0La m\u00e1quina de ranurado de tapones se utiliza para cortar el anillo antirrobo de los tapones pl\u00e1sticos. Requiere una precisi\u00f3n tecnol\u00f3gica absoluta para que cada tap\u00f3n se ranure r\u00e1pida y finamente bajo funcionamiento a alta velocidad, manteniendo sus caracter\u00edsticas multifuncionales y garantizando la consistencia, seguridad antirrobo y hermeticidad de cada ranura del tap\u00f3n.<\/p>\n<div>\u00b7 \u00a0La ranura del tap\u00f3n realizada por esta m\u00e1quina es lisa, plana y bonita, lo que permite que los tapones reflejen mejor la funci\u00f3n antirrobo de los tapones antirrobo de rosca despu\u00e9s del corte del anillo.<\/div>\n<p><img fetchpriority=\"high\" decoding=\"async\" class=\"alignnone size-full wp-image-347\" src=\"https:\/\/beta-machine.com\/wp-content\/uploads\/2025\/10\/cap-slitting-machine-1.png\" alt=\"\" width=\"721\" height=\"689\" srcset=\"https:\/\/www.beta-machine.com\/wp-content\/uploads\/2025\/10\/cap-slitting-machine-1.png 721w, https:\/\/www.beta-machine.com\/wp-content\/uploads\/2025\/10\/cap-slitting-machine-1-600x573.png 600w, https:\/\/www.beta-machine.com\/wp-content\/uploads\/2025\/10\/cap-slitting-machine-1-300x287.png 300w\" sizes=\"(max-width: 721px) 100vw, 721px\" \/> <img decoding=\"async\" class=\"alignnone size-full wp-image-348\" src=\"https:\/\/beta-machine.com\/wp-content\/uploads\/2025\/10\/cap-slitting-machine1.png\" alt=\"\" width=\"1126\" height=\"261\" srcset=\"https:\/\/www.beta-machine.com\/wp-content\/uploads\/2025\/10\/cap-slitting-machine1.png 1126w, https:\/\/www.beta-machine.com\/wp-content\/uploads\/2025\/10\/cap-slitting-machine1-600x139.png 600w, https:\/\/www.beta-machine.com\/wp-content\/uploads\/2025\/10\/cap-slitting-machine1-300x70.png 300w, https:\/\/www.beta-machine.com\/wp-content\/uploads\/2025\/10\/cap-slitting-machine1-1024x237.png 1024w, https:\/\/www.beta-machine.com\/wp-content\/uploads\/2025\/10\/cap-slitting-machine1-768x178.png 768w\" sizes=\"(max-width: 1126px) 100vw, 1126px\" \/><\/p>\n<p>Tanto para tapones serie como para tapones est\u00e1ndar, podemos recomendar a los usuarios una m\u00e1quina de ranurado eficiente y pr\u00e1ctica. Se puede utilizar una sola m\u00e1quina de ranurado o de dobladizo para optimizar el rendimiento.<\/p>\n<p><strong>Campo de aplicaci\u00f3n<\/strong><\/p>\n<p><img decoding=\"async\" class=\"alignnone size-full wp-image-349\" src=\"https:\/\/beta-machine.com\/wp-content\/uploads\/2025\/10\/cap-slitting-machine-1-1.png\" alt=\"\" width=\"1962\" height=\"555\" srcset=\"https:\/\/www.beta-machine.com\/wp-content\/uploads\/2025\/10\/cap-slitting-machine-1-1.png 1962w, https:\/\/www.beta-machine.com\/wp-content\/uploads\/2025\/10\/cap-slitting-machine-1-1-600x170.png 600w, https:\/\/www.beta-machine.com\/wp-content\/uploads\/2025\/10\/cap-slitting-machine-1-1-300x85.png 300w, https:\/\/www.beta-machine.com\/wp-content\/uploads\/2025\/10\/cap-slitting-machine-1-1-1024x290.png 1024w, https:\/\/www.beta-machine.com\/wp-content\/uploads\/2025\/10\/cap-slitting-machine-1-1-768x217.png 768w, https:\/\/www.beta-machine.com\/wp-content\/uploads\/2025\/10\/cap-slitting-machine-1-1-1536x434.png 1536w\" sizes=\"(max-width: 1962px) 100vw, 1962px\" \/><\/p>\n<p><strong>Detalles del producto<\/strong><\/p>\n<p><img loading=\"lazy\" decoding=\"async\" class=\"alignnone size-full wp-image-350\" src=\"https:\/\/beta-machine.com\/wp-content\/uploads\/2025\/10\/cap-slitting2.png\" alt=\"\" width=\"750\" height=\"685\" srcset=\"https:\/\/www.beta-machine.com\/wp-content\/uploads\/2025\/10\/cap-slitting2.png 750w, https:\/\/www.beta-machine.com\/wp-content\/uploads\/2025\/10\/cap-slitting2-600x548.png 600w, https:\/\/www.beta-machine.com\/wp-content\/uploads\/2025\/10\/cap-slitting2-300x274.png 300w\" sizes=\"(max-width: 750px) 100vw, 750px\" \/><\/p>","protected":false},"excerpt":{"rendered":"<p>La m\u00e1quina de ranurado de tapones se utiliza para cortar el anillo antirrobo de los tapones pl\u00e1sticos. Requiere una precisi\u00f3n tecnol\u00f3gica absoluta para que cada tap\u00f3n se ranure r\u00e1pida y finamente bajo funcionamiento a alta velocidad, manteniendo sus caracter\u00edsticas multifuncionales y garantizando la consistencia, seguridad antirrobo y hermeticidad de cada ranura del tap\u00f3n.<\/p>\n<div>La ranura del tap\u00f3n realizada por esta m\u00e1quina es lisa, plana y bonita, lo que permite que los tapones reflejen mejor la funci\u00f3n antirrobo de los tapones antirrobo de rosca despu\u00e9s del corte del anillo.<\/div>","protected":false},"featured_media":351,"comment_status":"closed","ping_status":"closed","template":"","meta":{"_acf_changed":false},"product_brand":[],"product_cat":[36],"product_tag":[],"class_list":{"0":"post-345","1":"product","2":"type-product","3":"status-publish","4":"has-post-thumbnail","6":"product_cat-cap-slitting-machine","8":"first","9":"instock","10":"shipping-taxable","11":"purchasable","12":"product-type-simple"},"acf":[],"_links":{"self":[{"href":"https:\/\/www.beta-machine.com\/es\/wp-json\/wp\/v2\/product\/345","targetHints":{"allow":["GET"]}}],"collection":[{"href":"https:\/\/www.beta-machine.com\/es\/wp-json\/wp\/v2\/product"}],"about":[{"href":"https:\/\/www.beta-machine.com\/es\/wp-json\/wp\/v2\/types\/product"}],"replies":[{"embeddable":true,"href":"https:\/\/www.beta-machine.com\/es\/wp-json\/wp\/v2\/comments?post=345"}],"wp:featuredmedia":[{"embeddable":true,"href":"https:\/\/www.beta-machine.com\/es\/wp-json\/wp\/v2\/media\/351"}],"wp:attachment":[{"href":"https:\/\/www.beta-machine.com\/es\/wp-json\/wp\/v2\/media?parent=345"}],"wp:term":[{"taxonomy":"product_brand","embeddable":true,"href":"https:\/\/www.beta-machine.com\/es\/wp-json\/wp\/v2\/product_brand?post=345"},{"taxonomy":"product_cat","embeddable":true,"href":"https:\/\/www.beta-machine.com\/es\/wp-json\/wp\/v2\/product_cat?post=345"},{"taxonomy":"product_tag","embeddable":true,"href":"https:\/\/www.beta-machine.com\/es\/wp-json\/wp\/v2\/product_tag?post=345"}],"curies":[{"name":"wp","href":"https:\/\/api.w.org\/{rel}","templated":true}]}}