{"id":358,"date":"2025-10-24T08:18:35","date_gmt":"2025-10-24T08:18:35","guid":{"rendered":"https:\/\/beta-machine.com\/?post_type=product&#038;p=358"},"modified":"2025-12-16T05:40:19","modified_gmt":"2025-12-16T05:40:19","slug":"high-speed-automatic-pet-plastic-cap-folding-machine-for-bottle-cap-cutting","status":"publish","type":"product","link":"https:\/\/www.beta-machine.com\/es\/high-speed-automatic-pet-plastic-cap-folding-machine-for-bottle-cap-cutting\/","title":{"rendered":"M\u00e1quina autom\u00e1tica de dobladizo de tapones de pl\u00e1stico PET de alta velocidad para corte de tapones"},"content":{"rendered":"<p><strong>M\u00e1quina autom\u00e1tica de dobladizo de tapones de pl\u00e1stico PET de alta velocidad para corte de tapones<\/strong><\/p>\n<p>\u00b7 La m\u00e1quina de doblado est\u00e1 dise\u00f1ada para tapones especiales con anillo acanalado, dif\u00edciles de doblar hacia adentro despu\u00e9s del moldeo por compresi\u00f3n o inyecci\u00f3n.<br \/>\nEste tipo de tap\u00f3n debe pasar por un proceso de dobladizo despu\u00e9s del moldeo para poder realizar un taponado adecuado. Los tapones que son apilados t\u00e9rmicamente por la m\u00e1quina de dobladizo tienen la caracter\u00edstica de que las piezas antirrobo no rebotan f\u00e1cilmente y tienen un buen efecto antirrobo. Esta m\u00e1quina resuelve eficazmente el problema del dobladizo interno de las l\u00e1minas antirrobo de los tapones de pl\u00e1stico, mejora significativamente el rendimiento antirrobo de los tapones de pl\u00e1stico y puede satisfacer las necesidades de diferentes clientes con diferentes equipos y capacidades.<\/p>\n<p><img fetchpriority=\"high\" decoding=\"async\" class=\"alignnone size-full wp-image-366\" src=\"https:\/\/beta-machine.com\/wp-content\/uploads\/2025\/10\/cap-folding-machine1.png\" alt=\"\" width=\"1979\" height=\"661\" srcset=\"https:\/\/www.beta-machine.com\/wp-content\/uploads\/2025\/10\/cap-folding-machine1.png 1979w, https:\/\/www.beta-machine.com\/wp-content\/uploads\/2025\/10\/cap-folding-machine1-600x200.png 600w, https:\/\/www.beta-machine.com\/wp-content\/uploads\/2025\/10\/cap-folding-machine1-300x100.png 300w, https:\/\/www.beta-machine.com\/wp-content\/uploads\/2025\/10\/cap-folding-machine1-1024x342.png 1024w, https:\/\/www.beta-machine.com\/wp-content\/uploads\/2025\/10\/cap-folding-machine1-768x257.png 768w, https:\/\/www.beta-machine.com\/wp-content\/uploads\/2025\/10\/cap-folding-machine1-1536x513.png 1536w\" sizes=\"(max-width: 1979px) 100vw, 1979px\" \/><\/p>\n<p>Esta m\u00e1quina de doblado est\u00e1 especialmente desarrollada para tapones complejos dif\u00edciles de encajar en la botella por tener el anillo antirrobo interno extendido hacia afuera.<\/p>\n<p><strong>Campo de aplicaci\u00f3n<\/strong><\/p>\n<p><img decoding=\"async\" class=\"alignnone size-full wp-image-349\" src=\"https:\/\/beta-machine.com\/wp-content\/uploads\/2025\/10\/cap-slitting-machine-1-1.png\" alt=\"\" width=\"1962\" height=\"555\" srcset=\"https:\/\/www.beta-machine.com\/wp-content\/uploads\/2025\/10\/cap-slitting-machine-1-1.png 1962w, https:\/\/www.beta-machine.com\/wp-content\/uploads\/2025\/10\/cap-slitting-machine-1-1-600x170.png 600w, https:\/\/www.beta-machine.com\/wp-content\/uploads\/2025\/10\/cap-slitting-machine-1-1-300x85.png 300w, https:\/\/www.beta-machine.com\/wp-content\/uploads\/2025\/10\/cap-slitting-machine-1-1-1024x290.png 1024w, https:\/\/www.beta-machine.com\/wp-content\/uploads\/2025\/10\/cap-slitting-machine-1-1-768x217.png 768w, https:\/\/www.beta-machine.com\/wp-content\/uploads\/2025\/10\/cap-slitting-machine-1-1-1536x434.png 1536w\" sizes=\"(max-width: 1962px) 100vw, 1962px\" \/><\/p>\n<p><strong>Detalles del producto<\/strong><\/p>\n<p><img decoding=\"async\" class=\"alignnone size-full wp-image-367\" src=\"https:\/\/beta-machine.com\/wp-content\/uploads\/2025\/10\/cap-folding-1.png\" alt=\"\" width=\"760\" height=\"457\" srcset=\"https:\/\/www.beta-machine.com\/wp-content\/uploads\/2025\/10\/cap-folding-1.png 760w, https:\/\/www.beta-machine.com\/wp-content\/uploads\/2025\/10\/cap-folding-1-600x361.png 600w, https:\/\/www.beta-machine.com\/wp-content\/uploads\/2025\/10\/cap-folding-1-300x180.png 300w\" sizes=\"(max-width: 760px) 100vw, 760px\" \/><\/p>","protected":false},"excerpt":{"rendered":"<p>La m\u00e1quina de doblado de tapones est\u00e1 dise\u00f1ada para tapones especiales con anillo acanalado, dif\u00edciles de doblar internamente despu\u00e9s del moldeo por compresi\u00f3n o inyecci\u00f3n.<\/p>\n<div>Este tipo de tap\u00f3n debe pasar por un proceso de dobladizo despu\u00e9s del moldeo para poder realizar un taponado adecuado. Los tapones que son apilados t\u00e9rmicamente por la m\u00e1quina de dobladizo tienen la caracter\u00edstica de que las piezas antirrobo no rebotan f\u00e1cilmente y tienen un buen efecto antirrobo. Esta m\u00e1quina resuelve eficazmente el problema del dobladizo interno de las l\u00e1minas antirrobo de los tapones de pl\u00e1stico, mejora significativamente el rendimiento antirrobo de los tapones de pl\u00e1stico y puede satisfacer las necesidades de diferentes clientes con diferentes equipos y capacidades.<\/div>","protected":false},"featured_media":360,"comment_status":"closed","ping_status":"closed","template":"","meta":{"_acf_changed":false},"product_brand":[],"product_cat":[35],"product_tag":[],"class_list":{"0":"post-358","1":"product","2":"type-product","3":"status-publish","4":"has-post-thumbnail","6":"product_cat-cap-folding-machine","8":"first","9":"instock","10":"shipping-taxable","11":"purchasable","12":"product-type-variable"},"acf":[],"_links":{"self":[{"href":"https:\/\/www.beta-machine.com\/es\/wp-json\/wp\/v2\/product\/358","targetHints":{"allow":["GET"]}}],"collection":[{"href":"https:\/\/www.beta-machine.com\/es\/wp-json\/wp\/v2\/product"}],"about":[{"href":"https:\/\/www.beta-machine.com\/es\/wp-json\/wp\/v2\/types\/product"}],"replies":[{"embeddable":true,"href":"https:\/\/www.beta-machine.com\/es\/wp-json\/wp\/v2\/comments?post=358"}],"wp:featuredmedia":[{"embeddable":true,"href":"https:\/\/www.beta-machine.com\/es\/wp-json\/wp\/v2\/media\/360"}],"wp:attachment":[{"href":"https:\/\/www.beta-machine.com\/es\/wp-json\/wp\/v2\/media?parent=358"}],"wp:term":[{"taxonomy":"product_brand","embeddable":true,"href":"https:\/\/www.beta-machine.com\/es\/wp-json\/wp\/v2\/product_brand?post=358"},{"taxonomy":"product_cat","embeddable":true,"href":"https:\/\/www.beta-machine.com\/es\/wp-json\/wp\/v2\/product_cat?post=358"},{"taxonomy":"product_tag","embeddable":true,"href":"https:\/\/www.beta-machine.com\/es\/wp-json\/wp\/v2\/product_tag?post=358"}],"curies":[{"name":"wp","href":"https:\/\/api.w.org\/{rel}","templated":true}]}}