{"id":368,"date":"2025-10-24T08:21:23","date_gmt":"2025-10-24T08:21:23","guid":{"rendered":"https:\/\/beta-machine.com\/?post_type=product&#038;p=368"},"modified":"2026-03-13T06:12:35","modified_gmt":"2026-03-13T06:12:35","slug":"high-speed-automatic-plastic-cap-folding-machine-for-bottle-cap-cutting","status":"publish","type":"product","link":"https:\/\/www.beta-machine.com\/es\/high-speed-automatic-plastic-cap-folding-machine-for-bottle-cap-cutting-pd741034388\/","title":{"rendered":"M\u00e1quina Autom\u00e1tica de Doblez de Tapones de Pl\u00e1stico de Alta Velocidad para Corte de Tapones de Botella"},"content":{"rendered":"<p><strong>Proceso de fabricaci\u00f3n de tapones<\/strong><\/p>\n<p>La m\u00e1quina taponadora es accionada por el material pl\u00e1stico extruido por la extrusora a trav\u00e9s de un tornillo, cortado por una placa separadora y distribuido uniformemente en cada cavidad para formar un tap\u00f3n.<\/p>\n<p><strong>M\u00e1quina autom\u00e1tica de dobladizo de tapones de pl\u00e1stico PET de alta velocidad para corte de tapones<\/strong><\/p>\n<p>La m\u00e1quina de dobladizo est\u00e1 desarrollada para tapones especiales con banda \u201cacanalada\u201d, los cuales no se pueden doblar f\u00e1cilmente despu\u00e9s del moldeo por compresi\u00f3n o inyecci\u00f3n.<\/p>\n<p>Este tipo de tap\u00f3n debe pasar por un proceso de dobladizo despu\u00e9s del moldeo para poder realizar un taponado adecuado. Los tapones que son apilados t\u00e9rmicamente por la m\u00e1quina de dobladizo tienen la caracter\u00edstica de que las piezas antirrobo no rebotan f\u00e1cilmente y tienen un buen efecto antirrobo. Esta m\u00e1quina resuelve eficazmente el problema del dobladizo interno de las l\u00e1minas antirrobo de los tapones de pl\u00e1stico, mejora significativamente el rendimiento antirrobo de los tapones de pl\u00e1stico y puede satisfacer las necesidades de diferentes clientes con diferentes equipos y capacidades.<\/p>\n<p><strong>Ventajas \u00danicas de la M\u00e1quina<\/strong><\/p>\n<p>El material principal del molde de tapas es un material patentado con excelente resistencia al desgaste, resistencia a la corrosi\u00f3n, pulido \u00f3ptico, buena mecanizabilidad y estabilidad al temple.<\/p>\n<p>Los soportes son de acero aleado de alta dureza y alta resistencia al desgaste, no se queman f\u00e1cilmente<\/p>\n<p><strong>Ventajas del recubrimiento<\/strong><\/p>\n<p>Recubrimiento especificado por empresa suiza para molde de tapas<\/p>\n<p>El recubrimiento es de poco grosor y con fuerte adhesi\u00f3n.<br \/>\nAlta dureza<br \/>\nMenor fricci\u00f3n y reducci\u00f3n del desgaste<br \/>\nPuede extender eficazmente la vida \u00fatil de los moldes de 2 a 6 veces<\/p>","protected":false},"excerpt":{"rendered":"<p>Cap manufacturing process The capping machine is driven by the plastic material extruded by the extruder through a screw, cut from a separating plate, and evenly distributed into each chamber to make a capping. High Speed Automatic PET Plastic Cap Folding Machine For Bottle Cap Cutting Folding machine is developed for some special cap that [&hellip;]<\/p>\n","protected":false},"featured_media":370,"comment_status":"closed","ping_status":"closed","template":"","meta":{"_acf_changed":false},"product_brand":[],"product_cat":[35],"product_tag":[],"class_list":{"0":"post-368","1":"product","2":"type-product","3":"status-publish","4":"has-post-thumbnail","6":"product_cat-cap-folding-machine","8":"first","9":"instock","10":"shipping-taxable","11":"purchasable","12":"product-type-simple"},"acf":[],"_links":{"self":[{"href":"https:\/\/www.beta-machine.com\/es\/wp-json\/wp\/v2\/product\/368","targetHints":{"allow":["GET"]}}],"collection":[{"href":"https:\/\/www.beta-machine.com\/es\/wp-json\/wp\/v2\/product"}],"about":[{"href":"https:\/\/www.beta-machine.com\/es\/wp-json\/wp\/v2\/types\/product"}],"replies":[{"embeddable":true,"href":"https:\/\/www.beta-machine.com\/es\/wp-json\/wp\/v2\/comments?post=368"}],"wp:featuredmedia":[{"embeddable":true,"href":"https:\/\/www.beta-machine.com\/es\/wp-json\/wp\/v2\/media\/370"}],"wp:attachment":[{"href":"https:\/\/www.beta-machine.com\/es\/wp-json\/wp\/v2\/media?parent=368"}],"wp:term":[{"taxonomy":"product_brand","embeddable":true,"href":"https:\/\/www.beta-machine.com\/es\/wp-json\/wp\/v2\/product_brand?post=368"},{"taxonomy":"product_cat","embeddable":true,"href":"https:\/\/www.beta-machine.com\/es\/wp-json\/wp\/v2\/product_cat?post=368"},{"taxonomy":"product_tag","embeddable":true,"href":"https:\/\/www.beta-machine.com\/es\/wp-json\/wp\/v2\/product_tag?post=368"}],"curies":[{"name":"wp","href":"https:\/\/api.w.org\/{rel}","templated":true}]}}