{"id":371,"date":"2025-10-24T08:25:02","date_gmt":"2025-10-24T08:25:02","guid":{"rendered":"https:\/\/beta-machine.com\/?post_type=product&#038;p=371"},"modified":"2025-10-24T08:25:14","modified_gmt":"2025-10-24T08:25:14","slug":"hydraulic-plastic-cap-compression-molding-machinestandard-type","status":"publish","type":"product","link":"https:\/\/www.beta-machine.com\/es\/hydraulic-plastic-cap-compression-molding-machine-standard-type-pd714034388\/","title":{"rendered":"M\u00e1quina Moldeadora por Compresi\u00f3n Hidr\u00e1ulica de Tapones Pl\u00e1sticos (Tipo Est\u00e1ndar)"},"content":{"rendered":"<p><strong>Ventajas \u00danicas de la M\u00e1quina<\/strong><\/p>\n<p>El material principal del molde de tapas es un material patentado con excelente resistencia al desgaste, resistencia a la corrosi\u00f3n, pulido \u00f3ptico, buena mecanizabilidad y estabilidad al temple.<\/p>\n<p>Los soportes son de acero aleado de alta dureza y alta resistencia al desgaste, no se queman f\u00e1cilmente<\/p>\n<p><strong>Ventajas del recubrimiento<\/strong><\/p>\n<ol class=\"list-paddingleft-2\">\n<li>Recubrimiento especificado por empresa suiza para molde de tapas<\/li>\n<li>El recubrimiento es de poco grosor y con fuerte adhesi\u00f3n.<\/li>\n<li>Alta dureza<\/li>\n<li>Menor fricci\u00f3n y reducci\u00f3n del desgaste<\/li>\n<li>Puede extender eficazmente la vida \u00fatil de los moldes de 2 a 6 veces<\/li>\n<\/ol>\n<p><strong>M\u00e1quina Moldeadora por Compresi\u00f3n Hidr\u00e1ulica de Tapones Pl\u00e1sticos (Tipo Est\u00e1ndar)<\/strong><\/p>\n<p>Esta m\u00e1quina utiliza la bomba de aceite para suministrar presi\u00f3n, la cual es mayor y m\u00e1s estable, pudiendo proporcionar la misma presi\u00f3n a cada molde. Por lo tanto, las tapas fabricadas con esta m\u00e1quina tienen una apariencia m\u00e1s bonita y una estructura compacta. Tambi\u00e9n contribuye a prolongar la vida \u00fatil de los moldes.<\/p>\n<p>Mayor velocidad de moldeado de tapones y menor diferencia en la calidad requerida. Adem\u00e1s, este modelo ampl\u00eda la gama de productos y el rango de di\u00e1metros de tapones para satisfacer las demandas individualizadas de los clientes.<\/p>\n<p>\u00b7 Teniendo en cuenta el consumo de energ\u00eda, consumo de materiales y protecci\u00f3n ambiental, esta m\u00e1quina de moldeo por compresi\u00f3n es la tendencia actual y futura. Brinda una buena plataforma para la inteligencia, informaci\u00f3n y control del proceso productivo.<\/p>\n<p>Ventajas: alto grado de automatizaci\u00f3n, alta eficiencia, cambio de diferentes moldes, una m\u00e1quina con m\u00faltiples usos.<\/p>","protected":false},"excerpt":{"rendered":"<p>Machine Unique Advantage The main cap mould material use proprietary material,it has excellent wear resistance, corriosion resistance and polishing of optical activity, good machinability, and quench stability. Braces with high hardness, high wear resistance of alloy steel, not easy to burn. Coating advantages Cap mould specified coating by Swiss company The coating thickness of thin [&hellip;]<\/p>\n","protected":false},"featured_media":373,"comment_status":"closed","ping_status":"closed","template":"","meta":{"_acf_changed":false},"product_brand":[],"product_cat":[34],"product_tag":[],"class_list":{"0":"post-371","1":"product","2":"type-product","3":"status-publish","4":"has-post-thumbnail","6":"product_cat-cap-compression-molding-machine-cap-compression-molding-machine","8":"first","9":"instock","10":"shipping-taxable","11":"purchasable","12":"product-type-simple"},"acf":[],"_links":{"self":[{"href":"https:\/\/www.beta-machine.com\/es\/wp-json\/wp\/v2\/product\/371","targetHints":{"allow":["GET"]}}],"collection":[{"href":"https:\/\/www.beta-machine.com\/es\/wp-json\/wp\/v2\/product"}],"about":[{"href":"https:\/\/www.beta-machine.com\/es\/wp-json\/wp\/v2\/types\/product"}],"replies":[{"embeddable":true,"href":"https:\/\/www.beta-machine.com\/es\/wp-json\/wp\/v2\/comments?post=371"}],"wp:featuredmedia":[{"embeddable":true,"href":"https:\/\/www.beta-machine.com\/es\/wp-json\/wp\/v2\/media\/373"}],"wp:attachment":[{"href":"https:\/\/www.beta-machine.com\/es\/wp-json\/wp\/v2\/media?parent=371"}],"wp:term":[{"taxonomy":"product_brand","embeddable":true,"href":"https:\/\/www.beta-machine.com\/es\/wp-json\/wp\/v2\/product_brand?post=371"},{"taxonomy":"product_cat","embeddable":true,"href":"https:\/\/www.beta-machine.com\/es\/wp-json\/wp\/v2\/product_cat?post=371"},{"taxonomy":"product_tag","embeddable":true,"href":"https:\/\/www.beta-machine.com\/es\/wp-json\/wp\/v2\/product_tag?post=371"}],"curies":[{"name":"wp","href":"https:\/\/api.w.org\/{rel}","templated":true}]}}