{"id":374,"date":"2025-10-24T08:26:54","date_gmt":"2025-10-24T08:26:54","guid":{"rendered":"https:\/\/beta-machine.com\/?post_type=product&#038;p=374"},"modified":"2025-10-24T08:27:16","modified_gmt":"2025-10-24T08:27:16","slug":"hydraulic-plastic-cap-compression-molding-machinemiddle-speed-type","status":"publish","type":"product","link":"https:\/\/www.beta-machine.com\/es\/hydraulic-plastic-cap-compression-molding-machine-middle-speed-type-pd743034388\/","title":{"rendered":"M\u00e1quina moldeadora por compresi\u00f3n hidr\u00e1ulica de tapones pl\u00e1sticos (tipo velocidad media)"},"content":{"rendered":"<p><strong>Ventajas \u00danicas de la M\u00e1quina<\/strong><\/p>\n<p>El material principal del molde de tapas es un material patentado con excelente resistencia al desgaste, resistencia a la corrosi\u00f3n, pulido \u00f3ptico, buena mecanizabilidad y estabilidad al temple.<\/p>\n<p>Los soportes son de acero aleado de alta dureza y alta resistencia al desgaste, no se queman f\u00e1cilmente<\/p>\n<p><strong>Ventajas del recubrimiento<\/strong><\/p>\n<ol class=\"list-paddingleft-2\">\n<li>Recubrimiento especificado por empresa suiza para molde de tapas<\/li>\n<li>El recubrimiento es de poco grosor y con fuerte adhesi\u00f3n.<\/li>\n<li>Alta dureza<\/li>\n<li>Menor fricci\u00f3n y reducci\u00f3n del desgaste<\/li>\n<li>Puede extender eficazmente la vida \u00fatil de los moldes de 2 a 6 veces<\/li>\n<\/ol>\n<p><strong>M\u00e1quina moldeadora por compresi\u00f3n hidr\u00e1ulica de tapones pl\u00e1sticos (tipo velocidad media)<\/strong><\/p>\n<p>Alta eficiencia y bajo consumo energ\u00e9tico<\/p>\n<p>&nbsp;<\/p>\n<p>Esta m\u00e1quina se mejora bas\u00e1ndose en la m\u00e1quina est\u00e1ndar. En comparaci\u00f3n con m\u00e1quinas de igual consumo energ\u00e9tico, aumenta la producci\u00f3n en un 25%\u201330%.<\/p>\n<p>&nbsp;<\/p>\n<p>La superficie del molde cuenta con un recubrimiento especial aplicado con equipos importados de Europa. Mejora la resistencia al desgaste del molde y prolonga su vida \u00fatil, permitiendo un uso prolongado.<\/p>","protected":false},"excerpt":{"rendered":"<p>Machine Unique Advantage The main cap mould material use proprietary material,it has excellent wear resistance, corriosion resistance and polishing of optical activity, good machinability, and quench stability. Braces with high hardness, high wear resistance of alloy steel, not easy to burn. Coating advantages Cap mould specified coating by Swiss company The coating thickness of thin [&hellip;]<\/p>\n","protected":false},"featured_media":376,"comment_status":"closed","ping_status":"closed","template":"","meta":{"_acf_changed":false},"product_brand":[],"product_cat":[34],"product_tag":[],"class_list":{"0":"post-374","1":"product","2":"type-product","3":"status-publish","4":"has-post-thumbnail","6":"product_cat-cap-compression-molding-machine-cap-compression-molding-machine","8":"first","9":"instock","10":"shipping-taxable","11":"purchasable","12":"product-type-simple"},"acf":[],"_links":{"self":[{"href":"https:\/\/www.beta-machine.com\/es\/wp-json\/wp\/v2\/product\/374","targetHints":{"allow":["GET"]}}],"collection":[{"href":"https:\/\/www.beta-machine.com\/es\/wp-json\/wp\/v2\/product"}],"about":[{"href":"https:\/\/www.beta-machine.com\/es\/wp-json\/wp\/v2\/types\/product"}],"replies":[{"embeddable":true,"href":"https:\/\/www.beta-machine.com\/es\/wp-json\/wp\/v2\/comments?post=374"}],"wp:featuredmedia":[{"embeddable":true,"href":"https:\/\/www.beta-machine.com\/es\/wp-json\/wp\/v2\/media\/376"}],"wp:attachment":[{"href":"https:\/\/www.beta-machine.com\/es\/wp-json\/wp\/v2\/media?parent=374"}],"wp:term":[{"taxonomy":"product_brand","embeddable":true,"href":"https:\/\/www.beta-machine.com\/es\/wp-json\/wp\/v2\/product_brand?post=374"},{"taxonomy":"product_cat","embeddable":true,"href":"https:\/\/www.beta-machine.com\/es\/wp-json\/wp\/v2\/product_cat?post=374"},{"taxonomy":"product_tag","embeddable":true,"href":"https:\/\/www.beta-machine.com\/es\/wp-json\/wp\/v2\/product_tag?post=374"}],"curies":[{"name":"wp","href":"https:\/\/api.w.org\/{rel}","templated":true}]}}