{"id":377,"date":"2025-10-24T08:28:48","date_gmt":"2025-10-24T08:28:48","guid":{"rendered":"https:\/\/beta-machine.com\/?post_type=product&#038;p=377"},"modified":"2025-10-24T08:29:02","modified_gmt":"2025-10-24T08:29:02","slug":"hydraulic-plastic-cap-compression-molding-machinehigh-speed-type","status":"publish","type":"product","link":"https:\/\/www.beta-machine.com\/es\/hydraulic-plastic-cap-compression-molding-machine-high-speed-type-pd762034388\/","title":{"rendered":"M\u00e1quina moldeadora por compresi\u00f3n hidr\u00e1ulica de tapones pl\u00e1sticos (tipo alta velocidad)"},"content":{"rendered":"<p><strong>Ventajas \u00danicas de la M\u00e1quina<\/strong><\/p>\n<p>El material principal del molde de tapas es un material patentado con excelente resistencia al desgaste, resistencia a la corrosi\u00f3n, pulido \u00f3ptico, buena mecanizabilidad y estabilidad al temple.<\/p>\n<p>Los soportes son de acero aleado de alta dureza y alta resistencia al desgaste, no se queman f\u00e1cilmente<\/p>\n<p><strong>Ventajas del recubrimiento<\/strong><\/p>\n<ol class=\"list-paddingleft-2\">\n<li>Recubrimiento especificado por empresa suiza para molde de tapas<\/li>\n<li>El recubrimiento es de poco grosor y con fuerte adhesi\u00f3n.<\/li>\n<li>Alta dureza<\/li>\n<li>Menor fricci\u00f3n y reducci\u00f3n del desgaste<\/li>\n<li>Puede extender eficazmente la vida \u00fatil de los moldes de 2 a 6 veces<\/li>\n<\/ol>\n<p><strong>M\u00e1quina moldeadora por compresi\u00f3n hidr\u00e1ulica de tapones pl\u00e1sticos (tipo alta velocidad)<\/strong><\/p>\n<p>La m\u00e1quina adopta un sistema de bomba hidr\u00e1ulica de alta-media-baja velocidad. En comparaci\u00f3n con el tipo antiguo que solo tiene sistema de bomba hidr\u00e1ulica de alta velocidad, reduce la carga del motor de la bomba de aceite y ahorra un 50% del consumo de energ\u00eda.<\/p>\n<p>&nbsp;<\/p>\n<p>La m\u00e1quina reduce las v\u00e1lvulas hidr\u00e1ulicas; este peque\u00f1o ajuste permite disminuir los accidentes de fuga de aceite y reducir el mantenimiento y la reparaci\u00f3n.<\/p>\n<p>&nbsp;<\/p>\n<p>Despu\u00e9s de mejorar el sistema de tuber\u00edas de aceite, el efecto de enfriamiento del aceite hidr\u00e1ulico es mejor y se reduce un 50% el consumo de energ\u00eda.<\/p>\n<p>&nbsp;<\/p>\n<p>Optimizamos a\u00fan m\u00e1s la materia prima y la estructura del molde, seleccionando materiales de alta conductividad t\u00e9rmica para la cavidad inferior y el n\u00facleo interior del molde. Gracias a estas mejoras, el efecto de enfriamiento de las tapas es mejor y la producci\u00f3n se duplica. La nueva estructura del molde es mejor y m\u00e1s f\u00e1cil de cambiar.<\/p>","protected":false},"excerpt":{"rendered":"<p>Machine Unique Advantage The main cap mould material use proprietary material,it has excellent wear resistance, corriosion resistance and polishing of optical activity, good machinability, and quench stability. Braces with high hardness, high wear resistance of alloy steel, not easy to burn. Coating advantages Cap mould specified coating by Swiss company The coating thickness of thin [&hellip;]<\/p>\n","protected":false},"featured_media":379,"comment_status":"closed","ping_status":"closed","template":"","meta":{"_acf_changed":false},"product_brand":[],"product_cat":[34],"product_tag":[],"class_list":{"0":"post-377","1":"product","2":"type-product","3":"status-publish","4":"has-post-thumbnail","6":"product_cat-cap-compression-molding-machine-cap-compression-molding-machine","8":"first","9":"instock","10":"shipping-taxable","11":"purchasable","12":"product-type-simple"},"acf":[],"_links":{"self":[{"href":"https:\/\/www.beta-machine.com\/es\/wp-json\/wp\/v2\/product\/377","targetHints":{"allow":["GET"]}}],"collection":[{"href":"https:\/\/www.beta-machine.com\/es\/wp-json\/wp\/v2\/product"}],"about":[{"href":"https:\/\/www.beta-machine.com\/es\/wp-json\/wp\/v2\/types\/product"}],"replies":[{"embeddable":true,"href":"https:\/\/www.beta-machine.com\/es\/wp-json\/wp\/v2\/comments?post=377"}],"wp:featuredmedia":[{"embeddable":true,"href":"https:\/\/www.beta-machine.com\/es\/wp-json\/wp\/v2\/media\/379"}],"wp:attachment":[{"href":"https:\/\/www.beta-machine.com\/es\/wp-json\/wp\/v2\/media?parent=377"}],"wp:term":[{"taxonomy":"product_brand","embeddable":true,"href":"https:\/\/www.beta-machine.com\/es\/wp-json\/wp\/v2\/product_brand?post=377"},{"taxonomy":"product_cat","embeddable":true,"href":"https:\/\/www.beta-machine.com\/es\/wp-json\/wp\/v2\/product_cat?post=377"},{"taxonomy":"product_tag","embeddable":true,"href":"https:\/\/www.beta-machine.com\/es\/wp-json\/wp\/v2\/product_tag?post=377"}],"curies":[{"name":"wp","href":"https:\/\/api.w.org\/{rel}","templated":true}]}}