{"id":381,"date":"2025-10-24T09:00:41","date_gmt":"2025-10-24T09:00:41","guid":{"rendered":"https:\/\/beta-machine.com\/?post_type=product&#038;p=381"},"modified":"2025-10-31T03:25:17","modified_gmt":"2025-10-31T03:25:17","slug":"automatic-plastic-cap-compression-molding-machine-chemical-cap-making-machine","status":"publish","type":"product","link":"https:\/\/www.beta-machine.com\/es\/automatic-plastic-cap-compression-molding-machine-chemical-cap-making-machine-pd776046088\/","title":{"rendered":"M\u00e1quina moldeadora por compresi\u00f3n autom\u00e1tica de tapones pl\u00e1sticos | M\u00e1quina para fabricar tapones qu\u00edmicos"},"content":{"rendered":"<div><strong>M\u00e1quina moldeadora por compresi\u00f3n de tapones pl\u00e1sticos (tipo para tapones qu\u00edmicos)<\/strong><\/div>\n<p>Los tapones de aluminio y pl\u00e1stico m\u00e9dicos se han convertido en una de las partes importantes de la industria de empaquetado de China y se encuentran en un per\u00edodo de crecimiento r\u00e1pido. Nuestra f\u00e1brica, enfocada a la demanda del mercado, ha desarrollado la m\u00e1quina de moldeo de tapones pl\u00e1sticos modelo SY-30A (serie de tapones m\u00e9dicos).<\/p>\n<p>En comparaci\u00f3n con la m\u00e1quina de inyecci\u00f3n tradicional, esta m\u00e1quina tiene muchas ventajas claras.<\/p>\n<p>Bajo costo, alto beneficio y bajo consumo de energ\u00eda. En comparaci\u00f3n con la misma m\u00e1quina de inyecci\u00f3n de tornillo, el consumo de energ\u00eda es solo un tercio, pero la capacidad es tres veces mayor.<\/p>\n<p>Alta calidad. Permite fabricar tapas con forma mejor y m\u00e1s estable al ajustar la temperatura de calentamiento y enfriamiento de las materias primas. Las tapas no tienen punto de inyecci\u00f3n, son m\u00e1s bonitas y el efecto de impresi\u00f3n es mejor.<\/p>\n<p>Cuenta con un sistema de enfriamiento independiente, logrando que las tapas tengan una mayor tasa de moldeado y menor diferencia en la calidad requerida, lo que garantiza la repetibilidad de los productos buenos.<\/p>\n<p>Ahorra inversi\u00f3n. Adem\u00e1s, esta m\u00e1quina cuenta con otras caracter\u00edsticas, como construcci\u00f3n compacta, poco espacio ocupado, funcionamiento sencillo, mantenimiento c\u00f3modo, etc.<\/p>\n<p><strong>Campo de aplicaci\u00f3n<\/strong><\/p>\n<p><img fetchpriority=\"high\" decoding=\"async\" class=\"alignnone size-full wp-image-390\" src=\"https:\/\/beta-machine.com\/wp-content\/uploads\/2025\/10\/chemical-cap1.jpg\" alt=\"\" width=\"1985\" height=\"447\" srcset=\"https:\/\/www.beta-machine.com\/wp-content\/uploads\/2025\/10\/chemical-cap1.jpg 1985w, https:\/\/www.beta-machine.com\/wp-content\/uploads\/2025\/10\/chemical-cap1-600x135.jpg 600w, https:\/\/www.beta-machine.com\/wp-content\/uploads\/2025\/10\/chemical-cap1-300x68.jpg 300w, https:\/\/www.beta-machine.com\/wp-content\/uploads\/2025\/10\/chemical-cap1-1024x231.jpg 1024w, https:\/\/www.beta-machine.com\/wp-content\/uploads\/2025\/10\/chemical-cap1-768x173.jpg 768w, https:\/\/www.beta-machine.com\/wp-content\/uploads\/2025\/10\/chemical-cap1-1536x346.jpg 1536w\" sizes=\"(max-width: 1985px) 100vw, 1985px\" \/><\/p>\n<p><strong>Proceso de fabricaci\u00f3n de tapones<\/strong><\/p>\n<p><img decoding=\"async\" class=\"alignnone size-full wp-image-388\" src=\"https:\/\/beta-machine.com\/wp-content\/uploads\/2025\/10\/cap-compression-molding.png\" alt=\"\" width=\"1860\" height=\"1602\" srcset=\"https:\/\/www.beta-machine.com\/wp-content\/uploads\/2025\/10\/cap-compression-molding.png 1860w, https:\/\/www.beta-machine.com\/wp-content\/uploads\/2025\/10\/cap-compression-molding-600x517.png 600w, https:\/\/www.beta-machine.com\/wp-content\/uploads\/2025\/10\/cap-compression-molding-300x258.png 300w, https:\/\/www.beta-machine.com\/wp-content\/uploads\/2025\/10\/cap-compression-molding-1024x882.png 1024w, https:\/\/www.beta-machine.com\/wp-content\/uploads\/2025\/10\/cap-compression-molding-768x661.png 768w, https:\/\/www.beta-machine.com\/wp-content\/uploads\/2025\/10\/cap-compression-molding-1536x1323.png 1536w\" sizes=\"(max-width: 1860px) 100vw, 1860px\" \/><\/p>\n<p>La m\u00e1quina moldeadora por compresi\u00f3n de tapones se utiliza para fabricar tapones con materiales pl\u00e1sticos extruidos por el extrusor, distribuidos equitativamente a cada cavidad mediante el accionamiento del tornillo y la placa de separaci\u00f3n.<img decoding=\"async\" class=\"alignnone size-full wp-image-389\" src=\"https:\/\/beta-machine.com\/wp-content\/uploads\/2025\/10\/cap-compression-molding1.png\" alt=\"\" width=\"1831\" height=\"542\" srcset=\"https:\/\/www.beta-machine.com\/wp-content\/uploads\/2025\/10\/cap-compression-molding1.png 1831w, https:\/\/www.beta-machine.com\/wp-content\/uploads\/2025\/10\/cap-compression-molding1-600x178.png 600w, https:\/\/www.beta-machine.com\/wp-content\/uploads\/2025\/10\/cap-compression-molding1-300x89.png 300w, https:\/\/www.beta-machine.com\/wp-content\/uploads\/2025\/10\/cap-compression-molding1-1024x303.png 1024w, https:\/\/www.beta-machine.com\/wp-content\/uploads\/2025\/10\/cap-compression-molding1-768x227.png 768w, https:\/\/www.beta-machine.com\/wp-content\/uploads\/2025\/10\/cap-compression-molding1-1536x455.png 1536w\" sizes=\"(max-width: 1831px) 100vw, 1831px\" \/><\/p>\n<p><strong>Ventajas \u00danicas de la M\u00e1quina<\/strong><\/p>\n<p>El material principal del molde de tapas es un material patentado con excelente resistencia al desgaste, resistencia a la corrosi\u00f3n, pulido \u00f3ptico, buena mecanizabilidad y estabilidad al temple.<\/p>\n<p>Los soportes son de acero aleado de alta dureza y alta resistencia al desgaste, no se queman f\u00e1cilmente<\/p>\n<p><strong>Ventaja del recubrimiento<\/strong><\/p>\n<p>\u00b7 Revestimiento espec\u00edfico para molde de tap\u00f3n suministrado por empresa suiza<br \/>\n\u00b7 Recubrimiento de grosor fino y alta adherencia<br \/>\nAlta dureza<br \/>\n\u00b7 Baja fricci\u00f3n y reducci\u00f3n del desgaste<br \/>\n\u00b7 Puede extender eficazmente la vida \u00fatil de los moldes de 2 a 6 veces<\/p>","protected":false},"excerpt":{"rendered":"<p>La m\u00e1quina moldeadora por compresi\u00f3n de tapones se utiliza para fabricar tapones con materiales pl\u00e1sticos que son extruidos por el extrusor, cortados por la placa de separaci\u00f3n mediante accionamiento de tornillo y distribuidos equitativamente a cada cavidad.<\/p>","protected":false},"featured_media":387,"comment_status":"closed","ping_status":"closed","template":"","meta":{"_acf_changed":false},"product_brand":[],"product_cat":[34],"product_tag":[],"class_list":{"0":"post-381","1":"product","2":"type-product","3":"status-publish","4":"has-post-thumbnail","6":"product_cat-cap-compression-molding-machine-cap-compression-molding-machine","8":"first","9":"instock","10":"shipping-taxable","11":"purchasable","12":"product-type-variable"},"acf":[],"_links":{"self":[{"href":"https:\/\/www.beta-machine.com\/es\/wp-json\/wp\/v2\/product\/381","targetHints":{"allow":["GET"]}}],"collection":[{"href":"https:\/\/www.beta-machine.com\/es\/wp-json\/wp\/v2\/product"}],"about":[{"href":"https:\/\/www.beta-machine.com\/es\/wp-json\/wp\/v2\/types\/product"}],"replies":[{"embeddable":true,"href":"https:\/\/www.beta-machine.com\/es\/wp-json\/wp\/v2\/comments?post=381"}],"wp:featuredmedia":[{"embeddable":true,"href":"https:\/\/www.beta-machine.com\/es\/wp-json\/wp\/v2\/media\/387"}],"wp:attachment":[{"href":"https:\/\/www.beta-machine.com\/es\/wp-json\/wp\/v2\/media?parent=381"}],"wp:term":[{"taxonomy":"product_brand","embeddable":true,"href":"https:\/\/www.beta-machine.com\/es\/wp-json\/wp\/v2\/product_brand?post=381"},{"taxonomy":"product_cat","embeddable":true,"href":"https:\/\/www.beta-machine.com\/es\/wp-json\/wp\/v2\/product_cat?post=381"},{"taxonomy":"product_tag","embeddable":true,"href":"https:\/\/www.beta-machine.com\/es\/wp-json\/wp\/v2\/product_tag?post=381"}],"curies":[{"name":"wp","href":"https:\/\/api.w.org\/{rel}","templated":true}]}}