{"id":407,"date":"2025-10-31T05:17:15","date_gmt":"2025-10-31T05:17:15","guid":{"rendered":"https:\/\/beta-machine.com\/?post_type=product&#038;p=407"},"modified":"2025-10-31T05:21:52","modified_gmt":"2025-10-31T05:21:52","slug":"middle-speed-type-automatic-plastic-cap-making-compression-molding-machine","status":"publish","type":"product","link":"https:\/\/www.beta-machine.com\/es\/middle-speed-type-automatic-plastic-cap-making-compression-molding-machine-pd748257088\/","title":{"rendered":"M\u00e1quina moldeadora por compresi\u00f3n autom\u00e1tica de velocidad media para tapones pl\u00e1sticos"},"content":{"rendered":"<div>\n<p><strong>M\u00e1quina moldeadora por compresi\u00f3n hidr\u00e1ulica de tapones pl\u00e1sticos (tipo velocidad media)<\/strong><\/p>\n<p>\u00b7 Alta eficiencia y bajo consumo de energ\u00eda<\/p>\n<div>\u00b7 Esta m\u00e1quina est\u00e1 mejorada sobre la m\u00e1quina est\u00e1ndar. En comparaci\u00f3n con m\u00e1quinas de igual consumo de energ\u00eda, aumenta la producci\u00f3n en un 25%\u201330%.<\/div>\n<div>\u00b7 La superficie del molde cuenta con un recubrimiento especial aplicado mediante equipos importados de Europa. Mejora la resistencia al desgaste del molde y prolonga su vida \u00fatil para un uso prolongado.<\/div>\n<\/div>\n<p><strong>Campo de aplicaci\u00f3n<\/strong><\/p>\n<p><img fetchpriority=\"high\" decoding=\"async\" class=\"alignnone size-full wp-image-411\" src=\"https:\/\/beta-machine.com\/wp-content\/uploads\/2025\/10\/middle-speed1.png\" alt=\"\" width=\"1624\" height=\"271\" srcset=\"https:\/\/www.beta-machine.com\/wp-content\/uploads\/2025\/10\/middle-speed1.png 1624w, https:\/\/www.beta-machine.com\/wp-content\/uploads\/2025\/10\/middle-speed1-600x100.png 600w, https:\/\/www.beta-machine.com\/wp-content\/uploads\/2025\/10\/middle-speed1-300x50.png 300w, https:\/\/www.beta-machine.com\/wp-content\/uploads\/2025\/10\/middle-speed1-1024x171.png 1024w, https:\/\/www.beta-machine.com\/wp-content\/uploads\/2025\/10\/middle-speed1-768x128.png 768w, https:\/\/www.beta-machine.com\/wp-content\/uploads\/2025\/10\/middle-speed1-1536x256.png 1536w\" sizes=\"(max-width: 1624px) 100vw, 1624px\" \/><\/p>\n<p><img decoding=\"async\" class=\"alignnone size-full wp-image-410\" src=\"https:\/\/beta-machine.com\/wp-content\/uploads\/2025\/10\/middle-speed.png\" alt=\"\" width=\"1626\" height=\"434\" srcset=\"https:\/\/www.beta-machine.com\/wp-content\/uploads\/2025\/10\/middle-speed.png 1626w, https:\/\/www.beta-machine.com\/wp-content\/uploads\/2025\/10\/middle-speed-600x160.png 600w, https:\/\/www.beta-machine.com\/wp-content\/uploads\/2025\/10\/middle-speed-300x80.png 300w, https:\/\/www.beta-machine.com\/wp-content\/uploads\/2025\/10\/middle-speed-1024x273.png 1024w, https:\/\/www.beta-machine.com\/wp-content\/uploads\/2025\/10\/middle-speed-768x205.png 768w, https:\/\/www.beta-machine.com\/wp-content\/uploads\/2025\/10\/middle-speed-1536x410.png 1536w\" sizes=\"(max-width: 1626px) 100vw, 1626px\" \/><\/p>\n<p><strong>Proceso de fabricaci\u00f3n de tapones<\/strong><\/p>\n<p><img decoding=\"async\" class=\"alignnone size-full wp-image-388\" src=\"https:\/\/beta-machine.com\/wp-content\/uploads\/2025\/10\/cap-compression-molding.png\" alt=\"\" width=\"1860\" height=\"1602\" srcset=\"https:\/\/www.beta-machine.com\/wp-content\/uploads\/2025\/10\/cap-compression-molding.png 1860w, https:\/\/www.beta-machine.com\/wp-content\/uploads\/2025\/10\/cap-compression-molding-600x517.png 600w, https:\/\/www.beta-machine.com\/wp-content\/uploads\/2025\/10\/cap-compression-molding-300x258.png 300w, https:\/\/www.beta-machine.com\/wp-content\/uploads\/2025\/10\/cap-compression-molding-1024x882.png 1024w, https:\/\/www.beta-machine.com\/wp-content\/uploads\/2025\/10\/cap-compression-molding-768x661.png 768w, https:\/\/www.beta-machine.com\/wp-content\/uploads\/2025\/10\/cap-compression-molding-1536x1323.png 1536w\" sizes=\"(max-width: 1860px) 100vw, 1860px\" \/><\/p>\n<p>La m\u00e1quina moldeadora por compresi\u00f3n de tapones se utiliza para fabricar tapones con materiales pl\u00e1sticos extruidos por el extrusor, distribuidos equitativamente a cada cavidad mediante el accionamiento del tornillo y la placa de separaci\u00f3n.<img loading=\"lazy\" decoding=\"async\" class=\"alignnone size-full wp-image-389\" src=\"https:\/\/beta-machine.com\/wp-content\/uploads\/2025\/10\/cap-compression-molding1.png\" alt=\"\" width=\"1831\" height=\"542\" srcset=\"https:\/\/www.beta-machine.com\/wp-content\/uploads\/2025\/10\/cap-compression-molding1.png 1831w, https:\/\/www.beta-machine.com\/wp-content\/uploads\/2025\/10\/cap-compression-molding1-600x178.png 600w, https:\/\/www.beta-machine.com\/wp-content\/uploads\/2025\/10\/cap-compression-molding1-300x89.png 300w, https:\/\/www.beta-machine.com\/wp-content\/uploads\/2025\/10\/cap-compression-molding1-1024x303.png 1024w, https:\/\/www.beta-machine.com\/wp-content\/uploads\/2025\/10\/cap-compression-molding1-768x227.png 768w, https:\/\/www.beta-machine.com\/wp-content\/uploads\/2025\/10\/cap-compression-molding1-1536x455.png 1536w\" sizes=\"(max-width: 1831px) 100vw, 1831px\" \/><\/p>\n<p><strong>Ventajas \u00danicas de la M\u00e1quina<\/strong><\/p>\n<p>El material principal del molde de tapas es un material patentado con excelente resistencia al desgaste, resistencia a la corrosi\u00f3n, pulido \u00f3ptico, buena mecanizabilidad y estabilidad al temple.<\/p>\n<p>Los soportes son de acero aleado de alta dureza y alta resistencia al desgaste, no se queman f\u00e1cilmente<\/p>\n<p><strong>Ventaja del recubrimiento<\/strong><\/p>\n<p>\u00b7 Revestimiento espec\u00edfico para molde de tap\u00f3n suministrado por empresa suiza<br \/>\n\u00b7 Recubrimiento de grosor fino y alta adherencia<br \/>\nAlta dureza<br \/>\n\u00b7 Baja fricci\u00f3n y reducci\u00f3n del desgaste<br \/>\n\u00b7 Puede extender eficazmente la vida \u00fatil de los moldes de 2 a 6 veces<\/p>","protected":false},"excerpt":{"rendered":"<p>La m\u00e1quina moldeadora por compresi\u00f3n de tapones es un equipo especializado para la fabricaci\u00f3n de tapones de pl\u00e1stico. Las materias primas pl\u00e1sticas se extruyen primero mediante un extrusor y luego se cortan por una placa divisoria. Los materiales cortados se transportan a trav\u00e9s de un mecanismo de tornillo y se distribuyen uniformemente a cada cavidad del molde.<\/p>","protected":false},"featured_media":406,"comment_status":"closed","ping_status":"closed","template":"","meta":{"_acf_changed":false},"product_brand":[],"product_cat":[34],"product_tag":[],"class_list":{"0":"post-407","1":"product","2":"type-product","3":"status-publish","4":"has-post-thumbnail","6":"product_cat-cap-compression-molding-machine-cap-compression-molding-machine","8":"first","9":"instock","10":"shipping-taxable","11":"purchasable","12":"product-type-variable"},"acf":[],"_links":{"self":[{"href":"https:\/\/www.beta-machine.com\/es\/wp-json\/wp\/v2\/product\/407","targetHints":{"allow":["GET"]}}],"collection":[{"href":"https:\/\/www.beta-machine.com\/es\/wp-json\/wp\/v2\/product"}],"about":[{"href":"https:\/\/www.beta-machine.com\/es\/wp-json\/wp\/v2\/types\/product"}],"replies":[{"embeddable":true,"href":"https:\/\/www.beta-machine.com\/es\/wp-json\/wp\/v2\/comments?post=407"}],"wp:featuredmedia":[{"embeddable":true,"href":"https:\/\/www.beta-machine.com\/es\/wp-json\/wp\/v2\/media\/406"}],"wp:attachment":[{"href":"https:\/\/www.beta-machine.com\/es\/wp-json\/wp\/v2\/media?parent=407"}],"wp:term":[{"taxonomy":"product_brand","embeddable":true,"href":"https:\/\/www.beta-machine.com\/es\/wp-json\/wp\/v2\/product_brand?post=407"},{"taxonomy":"product_cat","embeddable":true,"href":"https:\/\/www.beta-machine.com\/es\/wp-json\/wp\/v2\/product_cat?post=407"},{"taxonomy":"product_tag","embeddable":true,"href":"https:\/\/www.beta-machine.com\/es\/wp-json\/wp\/v2\/product_tag?post=407"}],"curies":[{"name":"wp","href":"https:\/\/api.w.org\/{rel}","templated":true}]}}