{"id":422,"date":"2025-10-31T05:28:02","date_gmt":"2025-10-31T05:28:02","guid":{"rendered":"https:\/\/beta-machine.com\/?post_type=product&#038;p=422"},"modified":"2025-11-05T05:24:06","modified_gmt":"2025-11-05T05:24:06","slug":"automatic-standard-type-hydraulic-plastic-cap-compression-molding-machine","status":"publish","type":"product","link":"https:\/\/www.beta-machine.com\/es\/automatic-standard-type-hydraulic-plastic-cap-compression-molding-machine\/","title":{"rendered":"M\u00e1quina Moldeadora por Compresi\u00f3n Hidr\u00e1ulica Autom\u00e1tica de Tapones Pl\u00e1sticos de Tipo Est\u00e1ndar"},"content":{"rendered":"<div>\n<div>\n<p><strong>M\u00e1quina Moldeadora por Compresi\u00f3n Hidr\u00e1ulica de Tapones Pl\u00e1sticos (Tipo Est\u00e1ndar)<\/strong><\/p>\n<p>\u00b7 Esta m\u00e1quina utiliza una bomba de aceite para suministrar presi\u00f3n, la cual es mayor y estable, e imparte la misma presi\u00f3n a cada molde. Los tapones fabricados tienen un aspecto m\u00e1s bonito y una estructura compacta, adem\u00e1s de contribuir a prolongar la vida \u00fatil de los moldes.<br \/>\n\u00b7 La velocidad de moldeo de los tapones es mayor y la diferencia de calidad requerida es menor. Adem\u00e1s, este tipo de m\u00e1quina ampl\u00eda el tipo de productos y el rango de di\u00e1metro de los tapones para satisfacer las demandas personalizadas de los clientes.<br \/>\n\u00b7 Teniendo en cuenta el consumo de energ\u00eda, consumo de materiales y protecci\u00f3n ambiental, esta m\u00e1quina de moldeo por compresi\u00f3n es la tendencia actual y futura. Brinda una buena plataforma para la inteligencia, informaci\u00f3n y control del proceso productivo.<br \/>\nVentajas: alto grado de automatizaci\u00f3n, alta eficiencia, cambio de diferentes moldes, una m\u00e1quina con m\u00faltiples usos.<\/p>\n<\/div>\n<p><strong>Campo de aplicaci\u00f3n<\/strong><\/p>\n<p><img fetchpriority=\"high\" decoding=\"async\" class=\"alignnone size-full wp-image-424\" src=\"https:\/\/beta-machine.com\/wp-content\/uploads\/2025\/10\/standard-type1.png\" alt=\"\" width=\"1860\" height=\"509\" srcset=\"https:\/\/www.beta-machine.com\/wp-content\/uploads\/2025\/10\/standard-type1.png 1860w, https:\/\/www.beta-machine.com\/wp-content\/uploads\/2025\/10\/standard-type1-600x164.png 600w, https:\/\/www.beta-machine.com\/wp-content\/uploads\/2025\/10\/standard-type1-300x82.png 300w, https:\/\/www.beta-machine.com\/wp-content\/uploads\/2025\/10\/standard-type1-1024x280.png 1024w, https:\/\/www.beta-machine.com\/wp-content\/uploads\/2025\/10\/standard-type1-768x210.png 768w, https:\/\/www.beta-machine.com\/wp-content\/uploads\/2025\/10\/standard-type1-1536x420.png 1536w\" sizes=\"(max-width: 1860px) 100vw, 1860px\" \/><\/p>\n<p>&nbsp;<\/p>\n<\/div>\n<p><strong>Proceso de fabricaci\u00f3n de tapones<\/strong><\/p>\n<p><img decoding=\"async\" class=\"alignnone size-full wp-image-388\" src=\"https:\/\/beta-machine.com\/wp-content\/uploads\/2025\/10\/cap-compression-molding.png\" alt=\"\" width=\"1860\" height=\"1602\" srcset=\"https:\/\/www.beta-machine.com\/wp-content\/uploads\/2025\/10\/cap-compression-molding.png 1860w, https:\/\/www.beta-machine.com\/wp-content\/uploads\/2025\/10\/cap-compression-molding-600x517.png 600w, https:\/\/www.beta-machine.com\/wp-content\/uploads\/2025\/10\/cap-compression-molding-300x258.png 300w, https:\/\/www.beta-machine.com\/wp-content\/uploads\/2025\/10\/cap-compression-molding-1024x882.png 1024w, https:\/\/www.beta-machine.com\/wp-content\/uploads\/2025\/10\/cap-compression-molding-768x661.png 768w, https:\/\/www.beta-machine.com\/wp-content\/uploads\/2025\/10\/cap-compression-molding-1536x1323.png 1536w\" sizes=\"(max-width: 1860px) 100vw, 1860px\" \/><\/p>\n<p>La m\u00e1quina moldeadora por compresi\u00f3n de tapones se utiliza para fabricar tapones con materiales pl\u00e1sticos extruidos por el extrusor, distribuidos equitativamente a cada cavidad mediante el accionamiento del tornillo y la placa de separaci\u00f3n.<img decoding=\"async\" class=\"alignnone size-full wp-image-389\" src=\"https:\/\/beta-machine.com\/wp-content\/uploads\/2025\/10\/cap-compression-molding1.png\" alt=\"\" width=\"1831\" height=\"542\" srcset=\"https:\/\/www.beta-machine.com\/wp-content\/uploads\/2025\/10\/cap-compression-molding1.png 1831w, https:\/\/www.beta-machine.com\/wp-content\/uploads\/2025\/10\/cap-compression-molding1-600x178.png 600w, https:\/\/www.beta-machine.com\/wp-content\/uploads\/2025\/10\/cap-compression-molding1-300x89.png 300w, https:\/\/www.beta-machine.com\/wp-content\/uploads\/2025\/10\/cap-compression-molding1-1024x303.png 1024w, https:\/\/www.beta-machine.com\/wp-content\/uploads\/2025\/10\/cap-compression-molding1-768x227.png 768w, https:\/\/www.beta-machine.com\/wp-content\/uploads\/2025\/10\/cap-compression-molding1-1536x455.png 1536w\" sizes=\"(max-width: 1831px) 100vw, 1831px\" \/><\/p>\n<p><strong>Ventajas \u00danicas de la M\u00e1quina<\/strong><\/p>\n<p>El material principal del molde de tapas es un material patentado con excelente resistencia al desgaste, resistencia a la corrosi\u00f3n, pulido \u00f3ptico, buena mecanizabilidad y estabilidad al temple.<\/p>\n<p>Los soportes son de acero aleado de alta dureza y alta resistencia al desgaste, no se queman f\u00e1cilmente<\/p>\n<p><strong>Ventaja del recubrimiento<\/strong><\/p>\n<p>\u00b7 Revestimiento espec\u00edfico para molde de tap\u00f3n suministrado por empresa suiza<br \/>\n\u00b7 Recubrimiento de grosor fino y alta adherencia<br \/>\nAlta dureza<br \/>\n\u00b7 Baja fricci\u00f3n y reducci\u00f3n del desgaste<br \/>\n\u00b7 Puede extender eficazmente la vida \u00fatil de los moldes de 2 a 6 veces<\/p>","protected":false},"excerpt":{"rendered":"<p>La m\u00e1quina moldeadora por compresi\u00f3n de tapones se utiliza para fabricar tapones con materiales pl\u00e1sticos que son extruidos por el extrusor, cortados por la placa de separaci\u00f3n mediante accionamiento de tornillo y distribuidos equitativamente a cada cavidad.<\/p>","protected":false},"featured_media":425,"comment_status":"closed","ping_status":"closed","template":"","meta":{"_acf_changed":false},"product_brand":[],"product_cat":[34],"product_tag":[],"class_list":{"0":"post-422","1":"product","2":"type-product","3":"status-publish","4":"has-post-thumbnail","6":"product_cat-cap-compression-molding-machine-cap-compression-molding-machine","8":"first","9":"instock","10":"shipping-taxable","11":"purchasable","12":"product-type-variable"},"acf":[],"_links":{"self":[{"href":"https:\/\/www.beta-machine.com\/es\/wp-json\/wp\/v2\/product\/422","targetHints":{"allow":["GET"]}}],"collection":[{"href":"https:\/\/www.beta-machine.com\/es\/wp-json\/wp\/v2\/product"}],"about":[{"href":"https:\/\/www.beta-machine.com\/es\/wp-json\/wp\/v2\/types\/product"}],"replies":[{"embeddable":true,"href":"https:\/\/www.beta-machine.com\/es\/wp-json\/wp\/v2\/comments?post=422"}],"wp:featuredmedia":[{"embeddable":true,"href":"https:\/\/www.beta-machine.com\/es\/wp-json\/wp\/v2\/media\/425"}],"wp:attachment":[{"href":"https:\/\/www.beta-machine.com\/es\/wp-json\/wp\/v2\/media?parent=422"}],"wp:term":[{"taxonomy":"product_brand","embeddable":true,"href":"https:\/\/www.beta-machine.com\/es\/wp-json\/wp\/v2\/product_brand?post=422"},{"taxonomy":"product_cat","embeddable":true,"href":"https:\/\/www.beta-machine.com\/es\/wp-json\/wp\/v2\/product_cat?post=422"},{"taxonomy":"product_tag","embeddable":true,"href":"https:\/\/www.beta-machine.com\/es\/wp-json\/wp\/v2\/product_tag?post=422"}],"curies":[{"name":"wp","href":"https:\/\/api.w.org\/{rel}","templated":true}]}}