{"id":428,"date":"2025-10-31T05:32:37","date_gmt":"2025-10-31T05:32:37","guid":{"rendered":"https:\/\/beta-machine.com\/?post_type=product&#038;p=428"},"modified":"2025-11-05T03:19:57","modified_gmt":"2025-11-05T03:19:57","slug":"special-cap-making-machine-automatic-hydraulic-plastic-cap-compression-molding-machine","status":"publish","type":"product","link":"https:\/\/www.beta-machine.com\/es\/special-cap-making-machine-automatic-hydraulic-plastic-cap-compression-molding-machine\/","title":{"rendered":"M\u00e1quina Especial para Fabricaci\u00f3n de Tapones | M\u00e1quina Moldeadora por Compresi\u00f3n Hidr\u00e1ulica Autom\u00e1tica de Tapones Pl\u00e1sticos"},"content":{"rendered":"<div>\n<div>\n<div><strong>M\u00e1quina hidr\u00e1ulica de moldeo por compresi\u00f3n para tapas pl\u00e1sticas (tapa especial)<\/strong><\/div>\n<p>La m\u00e1quina moldeadora por compresi\u00f3n de tapones especiales est\u00e1 dise\u00f1ada especialmente para tapones complejos y de mayor tama\u00f1o, como tapones cosm\u00e9ticos, tapones de cubetas, vasos dosificadores, envases pl\u00e1sticos, tapones de aceite de motor y tapones de productos agroqu\u00edmicos, satisfaciendo las demandas de diversos clientes.<\/p>\n<p><img fetchpriority=\"high\" decoding=\"async\" class=\"alignnone size-full wp-image-432\" src=\"https:\/\/beta-machine.com\/wp-content\/uploads\/2025\/10\/special-cap1.png\" alt=\"\" width=\"1507\" height=\"484\" srcset=\"https:\/\/www.beta-machine.com\/wp-content\/uploads\/2025\/10\/special-cap1.png 1507w, https:\/\/www.beta-machine.com\/wp-content\/uploads\/2025\/10\/special-cap1-600x193.png 600w, https:\/\/www.beta-machine.com\/wp-content\/uploads\/2025\/10\/special-cap1-300x96.png 300w, https:\/\/www.beta-machine.com\/wp-content\/uploads\/2025\/10\/special-cap1-1024x329.png 1024w, https:\/\/www.beta-machine.com\/wp-content\/uploads\/2025\/10\/special-cap1-768x247.png 768w\" sizes=\"(max-width: 1507px) 100vw, 1507px\" \/><\/p>\n<\/div>\n<p><strong>Campo de aplicaci\u00f3n<\/strong><\/p>\n<p><img decoding=\"async\" class=\"alignnone size-full wp-image-433\" src=\"https:\/\/beta-machine.com\/wp-content\/uploads\/2025\/10\/special-cap2.png\" alt=\"\" width=\"1986\" height=\"447\" srcset=\"https:\/\/www.beta-machine.com\/wp-content\/uploads\/2025\/10\/special-cap2.png 1986w, https:\/\/www.beta-machine.com\/wp-content\/uploads\/2025\/10\/special-cap2-600x135.png 600w, https:\/\/www.beta-machine.com\/wp-content\/uploads\/2025\/10\/special-cap2-300x68.png 300w, https:\/\/www.beta-machine.com\/wp-content\/uploads\/2025\/10\/special-cap2-1024x230.png 1024w, https:\/\/www.beta-machine.com\/wp-content\/uploads\/2025\/10\/special-cap2-768x173.png 768w, https:\/\/www.beta-machine.com\/wp-content\/uploads\/2025\/10\/special-cap2-1536x346.png 1536w\" sizes=\"(max-width: 1986px) 100vw, 1986px\" \/><\/p>\n<p>&nbsp;<\/p>\n<\/div>\n<p><strong>Proceso de fabricaci\u00f3n de tapones<\/strong><\/p>\n<p><img decoding=\"async\" class=\"alignnone size-full wp-image-388\" src=\"https:\/\/beta-machine.com\/wp-content\/uploads\/2025\/10\/cap-compression-molding.png\" alt=\"\" width=\"1860\" height=\"1602\" srcset=\"https:\/\/www.beta-machine.com\/wp-content\/uploads\/2025\/10\/cap-compression-molding.png 1860w, https:\/\/www.beta-machine.com\/wp-content\/uploads\/2025\/10\/cap-compression-molding-600x517.png 600w, https:\/\/www.beta-machine.com\/wp-content\/uploads\/2025\/10\/cap-compression-molding-300x258.png 300w, https:\/\/www.beta-machine.com\/wp-content\/uploads\/2025\/10\/cap-compression-molding-1024x882.png 1024w, https:\/\/www.beta-machine.com\/wp-content\/uploads\/2025\/10\/cap-compression-molding-768x661.png 768w, https:\/\/www.beta-machine.com\/wp-content\/uploads\/2025\/10\/cap-compression-molding-1536x1323.png 1536w\" sizes=\"(max-width: 1860px) 100vw, 1860px\" \/><\/p>\n<p>La m\u00e1quina moldeadora por compresi\u00f3n de tapones se utiliza para fabricar tapones con materiales pl\u00e1sticos extruidos por el extrusor, distribuidos equitativamente a cada cavidad mediante el accionamiento del tornillo y la placa de separaci\u00f3n.<img loading=\"lazy\" decoding=\"async\" class=\"alignnone size-full wp-image-389\" src=\"https:\/\/beta-machine.com\/wp-content\/uploads\/2025\/10\/cap-compression-molding1.png\" alt=\"\" width=\"1831\" height=\"542\" srcset=\"https:\/\/www.beta-machine.com\/wp-content\/uploads\/2025\/10\/cap-compression-molding1.png 1831w, https:\/\/www.beta-machine.com\/wp-content\/uploads\/2025\/10\/cap-compression-molding1-600x178.png 600w, https:\/\/www.beta-machine.com\/wp-content\/uploads\/2025\/10\/cap-compression-molding1-300x89.png 300w, https:\/\/www.beta-machine.com\/wp-content\/uploads\/2025\/10\/cap-compression-molding1-1024x303.png 1024w, https:\/\/www.beta-machine.com\/wp-content\/uploads\/2025\/10\/cap-compression-molding1-768x227.png 768w, https:\/\/www.beta-machine.com\/wp-content\/uploads\/2025\/10\/cap-compression-molding1-1536x455.png 1536w\" sizes=\"(max-width: 1831px) 100vw, 1831px\" \/><\/p>\n<p><strong>Ventajas \u00danicas de la M\u00e1quina<\/strong><\/p>\n<p>El material principal del molde de tapas es un material patentado con excelente resistencia al desgaste, resistencia a la corrosi\u00f3n, pulido \u00f3ptico, buena mecanizabilidad y estabilidad al temple.<\/p>\n<p>Los soportes son de acero aleado de alta dureza y alta resistencia al desgaste, no se queman f\u00e1cilmente<\/p>\n<p><strong>Ventaja del recubrimiento<\/strong><\/p>\n<p>\u00b7 Revestimiento espec\u00edfico para molde de tap\u00f3n suministrado por empresa suiza<br \/>\n\u00b7 Recubrimiento de grosor fino y alta adherencia<br \/>\nAlta dureza<br \/>\n\u00b7 Baja fricci\u00f3n y reducci\u00f3n del desgaste<br \/>\n\u00b7 Puede extender eficazmente la vida \u00fatil de los moldes de 2 a 6 veces<\/p>","protected":false},"excerpt":{"rendered":"<p>La m\u00e1quina moldeadora por compresi\u00f3n de tapones se utiliza para fabricar tapones con materiales pl\u00e1sticos que son extruidos por el extrusor, cortados por la placa de separaci\u00f3n mediante accionamiento de tornillo y distribuidos equitativamente a cada cavidad.<\/p>","protected":false},"featured_media":431,"comment_status":"closed","ping_status":"closed","template":"","meta":{"_acf_changed":false},"product_brand":[],"product_cat":[34],"product_tag":[],"class_list":{"0":"post-428","1":"product","2":"type-product","3":"status-publish","4":"has-post-thumbnail","6":"product_cat-cap-compression-molding-machine-cap-compression-molding-machine","8":"first","9":"instock","10":"shipping-taxable","11":"purchasable","12":"product-type-variable"},"acf":[],"_links":{"self":[{"href":"https:\/\/www.beta-machine.com\/es\/wp-json\/wp\/v2\/product\/428","targetHints":{"allow":["GET"]}}],"collection":[{"href":"https:\/\/www.beta-machine.com\/es\/wp-json\/wp\/v2\/product"}],"about":[{"href":"https:\/\/www.beta-machine.com\/es\/wp-json\/wp\/v2\/types\/product"}],"replies":[{"embeddable":true,"href":"https:\/\/www.beta-machine.com\/es\/wp-json\/wp\/v2\/comments?post=428"}],"wp:featuredmedia":[{"embeddable":true,"href":"https:\/\/www.beta-machine.com\/es\/wp-json\/wp\/v2\/media\/431"}],"wp:attachment":[{"href":"https:\/\/www.beta-machine.com\/es\/wp-json\/wp\/v2\/media?parent=428"}],"wp:term":[{"taxonomy":"product_brand","embeddable":true,"href":"https:\/\/www.beta-machine.com\/es\/wp-json\/wp\/v2\/product_brand?post=428"},{"taxonomy":"product_cat","embeddable":true,"href":"https:\/\/www.beta-machine.com\/es\/wp-json\/wp\/v2\/product_cat?post=428"},{"taxonomy":"product_tag","embeddable":true,"href":"https:\/\/www.beta-machine.com\/es\/wp-json\/wp\/v2\/product_tag?post=428"}],"curies":[{"name":"wp","href":"https:\/\/api.w.org\/{rel}","templated":true}]}}