{"id":439,"date":"2025-10-31T05:42:10","date_gmt":"2025-10-31T05:42:10","guid":{"rendered":"https:\/\/beta-machine.com\/?post_type=product&#038;p=439"},"modified":"2026-03-12T08:39:09","modified_gmt":"2026-03-12T08:39:09","slug":"hydraulic-plastic-cap-compression-molding-machinespecial-cap","status":"publish","type":"product","link":"https:\/\/www.beta-machine.com\/es\/hydraulic-plastic-cap-compression-molding-machine-special-cap-pd781034388\/","title":{"rendered":"M\u00e1quina hidr\u00e1ulica de moldeo por compresi\u00f3n para tapas pl\u00e1sticas (tapa especial)"},"content":{"rendered":"<h2>Descripci\u00f3n del producto<\/h2>\n<h2>M\u00e1quina hidr\u00e1ulica de moldeo por compresi\u00f3n para tapas pl\u00e1sticas (tapa especial)<\/h2>\n<p><strong>Ventajas \u00danicas de la M\u00e1quina<\/strong><\/p>\n<p>El material principal del molde de tapas es un material patentado con excelente resistencia al desgaste, resistencia a la corrosi\u00f3n, pulido \u00f3ptico, buena mecanizabilidad y estabilidad al temple.<\/p>\n<p>Los soportes son de acero aleado de alta dureza y alta resistencia al desgaste, no se queman f\u00e1cilmente<\/p>\n<p><strong>Ventajas del recubrimiento<\/strong><\/p>\n<ol class=\"list-paddingleft-2\">\n<li>Recubrimiento especificado por empresa suiza para molde de tapas<\/li>\n<li>El recubrimiento es de poco grosor y con fuerte adhesi\u00f3n.<\/li>\n<li>Alta dureza<\/li>\n<li>Menor fricci\u00f3n y reducci\u00f3n del desgaste<\/li>\n<li>Puede extender eficazmente la vida \u00fatil de los moldes de 2 a 6 veces<\/li>\n<\/ol>\n<p><strong>M\u00e1quina hidr\u00e1ulica de moldeo por compresi\u00f3n para tapas pl\u00e1sticas (tapa especial)<\/strong><\/p>\n<p>Esta m\u00e1quina est\u00e1 dise\u00f1ada especialmente para tapas complejas y de mayor tama\u00f1o, como tapas cosm\u00e9ticas, tapas de cubeta, vasos dosificadores, envases pl\u00e1sticos, tapas de aceite de motor y tapas de productos agroqu\u00edmicos, para satisfacer las demandas de m\u00e1s clientes.<\/p>\n<h2>Aplicaciones<\/h2>\n<div>La M\u00e1quina Hidr\u00e1ulica de Moldeo por Compresi\u00f3n para Tapas Pl\u00e1sticas es ideal para:<\/div>\n<ul class=\"list-paddingleft-2\">\n<li>\n<div><strong>Industria cosm\u00e9tica<\/strong>: Producci\u00f3n de tapas y envases cosm\u00e9ticos de alta calidad<\/div>\n<\/li>\n<li>\n<div><strong>Industria del embalaje<\/strong>: Fabricaci\u00f3n de tapas de cubeta, vasos dosificadores y tapas de envases pl\u00e1sticos<\/div>\n<\/li>\n<li>\n<div><strong>Automoci\u00f3n e industria<\/strong>: Producci\u00f3n de tapas para aceite de motor y otras tapas especializadas<\/div>\n<\/li>\n<li>\n<div><strong>Productos agroqu\u00edmicos<\/strong>: Tapas para envases qu\u00edmicos que requieren durabilidad y resistencia a productos qu\u00edmicos<\/div>\n<\/li>\n<\/ul>\n<h2>Preguntas frecuentes<\/h2>\n<div><strong>P1: \u00bfCu\u00e1l es el per\u00edodo de garant\u00eda de la M\u00e1quina Hidr\u00e1ulica de Moldeo por Compresi\u00f3n para Tapones Pl\u00e1sticos?<\/strong><br \/>\nR1: La m\u00e1quina cuenta con una garant\u00eda de un a\u00f1o a partir de la fecha de entrega.<\/div>\n<div><\/div>\n<div><strong>P2: \u00bfPueden proporcionar el sistema completo, incluidos tapones y equipos auxiliares como compresores de aire?<\/strong><br \/>\nR2: S\u00ed, ofrecemos sistemas completos, incluidos tapones y compresores de aire. Tambi\u00e9n podemos personalizar el sistema seg\u00fan sus requisitos espec\u00edficos.<\/div>\n<div><\/div>\n<div><strong>P3: \u00bfCu\u00e1les son las principales ventajas de usar el recubrimiento especializado en los moldes?<\/strong><br \/>\nR3: El recubrimiento especializado de una empresa suiza ofrece alta dureza, menor fricci\u00f3n y desgaste, y fuerte adhesi\u00f3n. Puede extender eficazmente la vida \u00fatil del molde de 2 a 6 veces.<\/div>\n<div><\/div>\n<div><strong>P4: \u00bfC\u00f3mo puedo asegurarme de que la m\u00e1quina sea adecuada para mis necesidades espec\u00edficas de producci\u00f3n de tapones?<\/strong><br \/>\nR4: Antes del env\u00edo, invitamos a los clientes a inspeccionar la m\u00e1quina y realizar una prueba con sus moldes espec\u00edficos. Esto asegura que la m\u00e1quina cumpla con sus requisitos de producci\u00f3n.<\/div>","protected":false},"excerpt":{"rendered":"<p>Proveedor de M\u00e1quinas de Moldeo de China se enorgullece en presentar la M\u00e1quina Hidr\u00e1ulica de Moldeo por Compresi\u00f3n para Tapas Pl\u00e1sticas, dise\u00f1ada espec\u00edficamente para la fabricaci\u00f3n de tapas complejas y de gran tama\u00f1o, como tapas cosm\u00e9ticas, tapas de cubetas, vasos dosificadores, envases pl\u00e1sticos, tapas de aceite de motor y tapas de productos agroqu\u00edmicos. Esta m\u00e1quina satisface las diversas demandas de los clientes al ofrecer alta precisi\u00f3n, versatilidad y confiabilidad en la producci\u00f3n de tapas.<\/p>","protected":false},"featured_media":373,"comment_status":"closed","ping_status":"closed","template":"","meta":{"_acf_changed":false},"product_brand":[],"product_cat":[34],"product_tag":[],"class_list":{"0":"post-439","1":"product","2":"type-product","3":"status-publish","4":"has-post-thumbnail","6":"product_cat-cap-compression-molding-machine-cap-compression-molding-machine","8":"first","9":"instock","10":"shipping-taxable","11":"purchasable","12":"product-type-simple"},"acf":[],"_links":{"self":[{"href":"https:\/\/www.beta-machine.com\/es\/wp-json\/wp\/v2\/product\/439","targetHints":{"allow":["GET"]}}],"collection":[{"href":"https:\/\/www.beta-machine.com\/es\/wp-json\/wp\/v2\/product"}],"about":[{"href":"https:\/\/www.beta-machine.com\/es\/wp-json\/wp\/v2\/types\/product"}],"replies":[{"embeddable":true,"href":"https:\/\/www.beta-machine.com\/es\/wp-json\/wp\/v2\/comments?post=439"}],"wp:featuredmedia":[{"embeddable":true,"href":"https:\/\/www.beta-machine.com\/es\/wp-json\/wp\/v2\/media\/373"}],"wp:attachment":[{"href":"https:\/\/www.beta-machine.com\/es\/wp-json\/wp\/v2\/media?parent=439"}],"wp:term":[{"taxonomy":"product_brand","embeddable":true,"href":"https:\/\/www.beta-machine.com\/es\/wp-json\/wp\/v2\/product_brand?post=439"},{"taxonomy":"product_cat","embeddable":true,"href":"https:\/\/www.beta-machine.com\/es\/wp-json\/wp\/v2\/product_cat?post=439"},{"taxonomy":"product_tag","embeddable":true,"href":"https:\/\/www.beta-machine.com\/es\/wp-json\/wp\/v2\/product_tag?post=439"}],"curies":[{"name":"wp","href":"https:\/\/api.w.org\/{rel}","templated":true}]}}