{"id":445,"date":"2025-10-31T06:23:54","date_gmt":"2025-10-31T06:23:54","guid":{"rendered":"https:\/\/beta-machine.com\/?post_type=product&#038;p=445"},"modified":"2026-03-12T07:52:22","modified_gmt":"2026-03-12T07:52:22","slug":"automatic-one-step-three-position-injection-blow-hollow-molding-machine-pe-pp-small-bottle-making-machine","status":"publish","type":"product","link":"https:\/\/www.beta-machine.com\/es\/automatic-one-step-three-position-injection-blow-hollow-molding-machine-pe-pp-small-bottle-making-machine-pd733857088\/","title":{"rendered":"M\u00e1quina moldeadora hueca por inyecci\u00f3n-soplado autom\u00e1tica de un paso y tres estaciones para la fabricaci\u00f3n de botellas peque\u00f1as de PE y PP"},"content":{"rendered":"<div>\n<p><strong>M\u00e1quina moldeadora hueca por inyecci\u00f3n-soplado autom\u00e1tica de un paso y tres estaciones para la fabricaci\u00f3n de botellas peque\u00f1as de PE y PP<\/strong><\/p>\n<p><strong>Diagrama de Flujo Productivo del Equipo<\/strong><\/p>\n<\/div>\n<div>\n<div>\n<figure id=\"attachment_447\" aria-describedby=\"caption-attachment-447\" style=\"width: 537px\" class=\"wp-caption alignnone\"><img fetchpriority=\"high\" decoding=\"async\" class=\"wp-image-447 size-full\" src=\"https:\/\/www.beta-machine.com\/wp-content\/uploads\/2025\/10\/H38cf7b7f4681451682925e0315b7a481y.png\" alt=\"\" width=\"537\" height=\"314\" srcset=\"https:\/\/www.beta-machine.com\/wp-content\/uploads\/2025\/10\/H38cf7b7f4681451682925e0315b7a481y.png 537w, https:\/\/www.beta-machine.com\/wp-content\/uploads\/2025\/10\/H38cf7b7f4681451682925e0315b7a481y-300x175.png 300w\" sizes=\"(max-width: 537px) 100vw, 537px\" \/><figcaption id=\"caption-attachment-447\" class=\"wp-caption-text\">1.Preparaci\u00f3n de material y dispositivo de inyecci\u00f3n 2.Canal de flujo caliente 3.Barra completa 4.Preforma de botella 5.Molde de inyecci\u00f3n 6.Estaci\u00f3n de inyecci\u00f3n 7.Estaci\u00f3n de soplado 8.Moldeo por soplado 9.Estaci\u00f3n de desmoldeo<\/figcaption><\/figure>\n<\/div>\n<div>\n<div>\n<div><\/div>\n<\/div>\n<\/div>\n<\/div>\n<div><strong>Ventajas y Aplicaciones<\/strong><\/div>\n<div>Esta m\u00e1quina adopta la tecnolog\u00eda de inyecci\u00f3n-soplado europea y las ventajas del inyecci\u00f3n-soplado nacional.<br \/>\nVentajas<\/div>\n<ol>\n<li>El cilindro de cierre inferior garantiza la limpieza del producto; la fuerza de cierre del molde se mantiene equilibrada y uniforme.<\/li>\n<li>\n<div>\u00a0La reducci\u00f3n de la altura de la m\u00e1quina facilita la operaci\u00f3n de montaje de moldes.<\/div>\n<div><\/div>\n<\/li>\n<li>\n<div>Un sistema servo hidr\u00e1ulico espec\u00edfico y una disposici\u00f3n razonable de las tuber\u00edas mantienen la m\u00e1quina funcionando con alta eficiencia y ahorro de energ\u00eda.<\/div>\n<\/li>\n<li>\n<div>Estructura especial de cierre por presi\u00f3n incrementa la fuerza de cierre y reduce el consumo energ\u00e9tico del sistema.<\/div>\n<\/li>\n<li>\n<div>El sistema de rotaci\u00f3n servo o el dispositivo de indexaci\u00f3n de alta precisi\u00f3n aumentan considerablemente la precisi\u00f3n de rotaci\u00f3n y reducen el tiempo de ciclo.<\/div>\n<\/li>\n<li>\n<div>El sistema de inyecci\u00f3n superpuesto de placa valvular horizontal con doble cilindro especial no solo hace que la inyecci\u00f3n y la carga sean m\u00e1s estables y r\u00e1pidas, sino que tambi\u00e9n logra un buen acabado superficial. Los componentes pl\u00e1sticos especiales cumplen los requisitos de inyecci\u00f3n y presurizaci\u00f3n multinivel para diferentes productos.<\/div>\n<\/li>\n<li>\n<div>La optimizaci\u00f3n de la disposici\u00f3n interna del bastidor facilita el mantenimiento.<\/div>\n<div><\/div>\n<\/li>\n<li>\n<div>El desmoldeo utiliza detecci\u00f3n por sensor digital y cuenta con funci\u00f3n de detecci\u00f3n de rotaci\u00f3n del mandril, logrando el funcionamiento totalmente autom\u00e1tico.<\/div>\n<div><\/div>\n<\/li>\n<li>\n<div>Cuenta con funci\u00f3n de detecci\u00f3n de presi\u00f3n de aire. Cuando la presi\u00f3n de soplado es inferior a la establecida, el equipo alarma y se detiene autom\u00e1ticamente, reduciendo la tasa de rechazo en la producci\u00f3n autom\u00e1tica.<\/div>\n<div><\/div>\n<\/li>\n<li>\n<div>Cuenta con funci\u00f3n de detecci\u00f3n de presi\u00f3n y temperatura del agua de refrigeraci\u00f3n. Cuando la presi\u00f3n y la temperatura del agua de refrigeraci\u00f3n son anormales, el equipo alarma y se detiene autom\u00e1ticamente, reduciendo la tasa de rechazo en la producci\u00f3n autom\u00e1tica.<\/div>\n<div><\/div>\n<\/li>\n<li>\n<div>Cuenta con funci\u00f3n de alarma auxiliar y comunicaci\u00f3n con el equipo principal. Cuando el equipo principal detecta alarma auxiliar, se detiene autom\u00e1ticamente.<\/div>\n<div><\/div>\n<\/li>\n<li>\n<div>Funci\u00f3n opcional de aire acondicionado para mandril que acorta el tiempo de ciclo de refrigeraci\u00f3n y evita la adhesi\u00f3n entre mandril y material.<\/div>\n<div><\/div>\n<\/li>\n<li>\n<div>El respaldo de la cinta transportadora se puede conectar con equipos de inspecci\u00f3n visual para detectar cuerpos extra\u00f1os, falta de material, irregularidades, etc., en el cuerpo de la botella, logrando el funcionamiento autom\u00e1tico.<\/div>\n<div><\/div>\n<\/li>\n<li>\n<div>La cinta transportadora se puede conectar con equipos de inspecci\u00f3n visual, probador de fugas y etiquetador, etc.<\/div>\n<\/li>\n<\/ol>\n<div>Este proceso es ideal para producir grandes cantidades de peque\u00f1os recipientes pl\u00e1sticos refinados de 5ml a 1L, as\u00ed como recipientes de boca ancha utilizados para cosm\u00e9ticos, art\u00edculos de uso diario, medicina y botellas de empaque de alimentos.<\/div>","protected":false},"excerpt":{"rendered":"<p>M\u00e1quina de inyecci\u00f3n-soplado autom\u00e1tica de un paso y tres estaciones para botellas peque\u00f1as de PE\/PP, con tecnolog\u00eda europea, sistema servo de ahorro energ\u00e9tico, cierre estable, detecci\u00f3n totalmente autom\u00e1tica y baja tasa de rechazo, ideal para envases de 5ml\u20131L.<\/p>","protected":false},"featured_media":448,"comment_status":"closed","ping_status":"closed","template":"","meta":{"_acf_changed":false},"product_brand":[],"product_cat":[23],"product_tag":[],"class_list":{"0":"post-445","1":"product","2":"type-product","3":"status-publish","4":"has-post-thumbnail","6":"product_cat-injection-blow-molding-machine","8":"first","9":"instock","10":"shipping-taxable","11":"purchasable","12":"product-type-simple"},"acf":[],"_links":{"self":[{"href":"https:\/\/www.beta-machine.com\/es\/wp-json\/wp\/v2\/product\/445","targetHints":{"allow":["GET"]}}],"collection":[{"href":"https:\/\/www.beta-machine.com\/es\/wp-json\/wp\/v2\/product"}],"about":[{"href":"https:\/\/www.beta-machine.com\/es\/wp-json\/wp\/v2\/types\/product"}],"replies":[{"embeddable":true,"href":"https:\/\/www.beta-machine.com\/es\/wp-json\/wp\/v2\/comments?post=445"}],"wp:featuredmedia":[{"embeddable":true,"href":"https:\/\/www.beta-machine.com\/es\/wp-json\/wp\/v2\/media\/448"}],"wp:attachment":[{"href":"https:\/\/www.beta-machine.com\/es\/wp-json\/wp\/v2\/media?parent=445"}],"wp:term":[{"taxonomy":"product_brand","embeddable":true,"href":"https:\/\/www.beta-machine.com\/es\/wp-json\/wp\/v2\/product_brand?post=445"},{"taxonomy":"product_cat","embeddable":true,"href":"https:\/\/www.beta-machine.com\/es\/wp-json\/wp\/v2\/product_cat?post=445"},{"taxonomy":"product_tag","embeddable":true,"href":"https:\/\/www.beta-machine.com\/es\/wp-json\/wp\/v2\/product_tag?post=445"}],"curies":[{"name":"wp","href":"https:\/\/api.w.org\/{rel}","templated":true}]}}