{"id":457,"date":"2025-10-31T06:42:22","date_gmt":"2025-10-31T06:42:22","guid":{"rendered":"https:\/\/beta-machine.com\/?post_type=product&#038;p=457"},"modified":"2026-03-12T07:33:21","modified_gmt":"2026-03-12T07:33:21","slug":"high-speed-servo-energy-saving-injection-molding-machine-for-plastic-products","status":"publish","type":"product","link":"https:\/\/www.beta-machine.com\/es\/high-speed-servo-energy-saving-injection-molding-machine-for-plastic-products-pd706818088\/","title":{"rendered":"M\u00e1quina de moldeo por inyecci\u00f3n de alta velocidad, servosistema y ahorro de energ\u00eda para productos pl\u00e1sticos"},"content":{"rendered":"<p><strong>M\u00e1quina de moldeo por inyecci\u00f3n de alta velocidad, servosistema y ahorro de energ\u00eda para productos pl\u00e1sticos<\/strong><\/p>\n<p>La pantalla LCD de la m\u00e1quina tiene alta claridad y es compatible con los idiomas chino e ingl\u00e9s para facilitar su uso. La m\u00e1quina tambi\u00e9n cuenta con un sistema de control de temperatura PID de lazo cerrado, que proporciona un control de temperatura de alta precisi\u00f3n.<\/p>\n<div style=\"width: 800px;\" class=\"wp-video\"><video class=\"wp-video-shortcode\" id=\"video-457-1\" width=\"800\" height=\"450\" preload=\"metadata\" controls=\"controls\"><source type=\"video\/mp4\" src=\"https:\/\/beta-machine.com\/wp-content\/uploads\/2025\/10\/jiBklKnijmi-jmipKBilmnRjiSrqiloqpqjmrqr-e8827dfed2a54f0abe0242dbf5234ebf.mp4?_=1\" \/><a href=\"https:\/\/beta-machine.com\/wp-content\/uploads\/2025\/10\/jiBklKnijmi-jmipKBilmnRjiSrqiloqpqjmrqr-e8827dfed2a54f0abe0242dbf5234ebf.mp4\">https:\/\/beta-machine.com\/wp-content\/uploads\/2025\/10\/jiBklKnijmi-jmipKBilmnRjiSrqiloqpqjmrqr-e8827dfed2a54f0abe0242dbf5234ebf.mp4<\/a><\/video><\/div>\n<p>El puesto de operaci\u00f3n de la m\u00e1quina inyectora est\u00e1 equipado con dos medidas de seguridad.<\/p>\n<div>La primera es la seguridad mec\u00e1nica, que garantiza la seguridad general de la m\u00e1quina durante el funcionamiento. La segunda es la seguridad el\u00e9ctrica, que protege a los operadores de cualquier peligro el\u00e9ctrico potencial. Estas medidas de seguridad existen para dar prioridad a la seguridad de los operadores.<\/div>\n<div><img fetchpriority=\"high\" decoding=\"async\" class=\"alignnone size-full wp-image-466\" src=\"https:\/\/beta-machine.com\/wp-content\/uploads\/2025\/10\/UN230.jpg\" alt=\"Clamping unit.\" width=\"2176\" height=\"1409\" srcset=\"https:\/\/www.beta-machine.com\/wp-content\/uploads\/2025\/10\/UN230.jpg 2176w, https:\/\/www.beta-machine.com\/wp-content\/uploads\/2025\/10\/UN230-600x389.jpg 600w, https:\/\/www.beta-machine.com\/wp-content\/uploads\/2025\/10\/UN230-300x194.jpg 300w, https:\/\/www.beta-machine.com\/wp-content\/uploads\/2025\/10\/UN230-1024x663.jpg 1024w, https:\/\/www.beta-machine.com\/wp-content\/uploads\/2025\/10\/UN230-768x497.jpg 768w, https:\/\/www.beta-machine.com\/wp-content\/uploads\/2025\/10\/UN230-1536x995.jpg 1536w, https:\/\/www.beta-machine.com\/wp-content\/uploads\/2025\/10\/UN230-2048x1326.jpg 2048w\" sizes=\"(max-width: 2176px) 100vw, 2176px\" \/><\/div>\n<div>\n<p><strong>1. Unidad de cierre<\/strong><\/p>\n<p>* La serie Universe cuenta con unidad de cierre con ranura en T, lo que permite un cambio de moldes m\u00e1s r\u00e1pido.<\/p>\n<p>* Par\u00e1metros mec\u00e1nicos muy grandes, acordes con m\u00e1s tama\u00f1os de moldes.<\/p>\n<div>* Estructura de eyecci\u00f3n europea, f\u00e1cil mantenimiento del pasador de eyecci\u00f3n.<\/div>\n<div>* Gu\u00eda de cierre extendida y ensanchada garantiza el funcionamiento suave de la m\u00e1quina.<\/div>\n<p><strong><img decoding=\"async\" class=\"alignnone size-full wp-image-465\" src=\"https:\/\/beta-machine.com\/wp-content\/uploads\/2025\/10\/UN230-4.jpg\" alt=\"Injection unit\" width=\"749\" height=\"405\" srcset=\"https:\/\/www.beta-machine.com\/wp-content\/uploads\/2025\/10\/UN230-4.jpg 749w, https:\/\/www.beta-machine.com\/wp-content\/uploads\/2025\/10\/UN230-4-600x324.jpg 600w, https:\/\/www.beta-machine.com\/wp-content\/uploads\/2025\/10\/UN230-4-300x162.jpg 300w\" sizes=\"(max-width: 749px) 100vw, 749px\" \/><\/strong><\/p>\n<p>&nbsp;<\/p>\n<p><strong>2. Unidad de inyecci\u00f3n<\/strong><\/p>\n<p>* La unidad de inyecci\u00f3n de la serie Universe adopta una fiable estructura de inyecci\u00f3n de doble capa con dos varillas gu\u00eda del cilindro de inyecci\u00f3n, utilizada en m\u00e1quinas de alta velocidad. Este sistema mejora considerablemente la precisi\u00f3n de inyecci\u00f3n y la estabilidad de carga.<\/p>\n<div>* La estructura de movimiento de la unidad de inyecci\u00f3n adopta varillas gu\u00eda de alta rigidez y doble cilindro para el desplazamiento del carro. Esta estructura evita la fuga de material durante la inyecci\u00f3n a alta velocidad y presi\u00f3n, as\u00ed como durante la carga con alta contrapresi\u00f3n.<\/div>\n<p><strong><img decoding=\"async\" class=\"alignnone size-full wp-image-463\" src=\"https:\/\/beta-machine.com\/wp-content\/uploads\/2025\/10\/UN230-1.jpg\" alt=\"Hydraulic System\" width=\"2202\" height=\"972\" srcset=\"https:\/\/www.beta-machine.com\/wp-content\/uploads\/2025\/10\/UN230-1.jpg 2202w, https:\/\/www.beta-machine.com\/wp-content\/uploads\/2025\/10\/UN230-1-600x265.jpg 600w, https:\/\/www.beta-machine.com\/wp-content\/uploads\/2025\/10\/UN230-1-300x132.jpg 300w, https:\/\/www.beta-machine.com\/wp-content\/uploads\/2025\/10\/UN230-1-1024x452.jpg 1024w, https:\/\/www.beta-machine.com\/wp-content\/uploads\/2025\/10\/UN230-1-768x339.jpg 768w, https:\/\/www.beta-machine.com\/wp-content\/uploads\/2025\/10\/UN230-1-1536x678.jpg 1536w, https:\/\/www.beta-machine.com\/wp-content\/uploads\/2025\/10\/UN230-1-2048x904.jpg 2048w\" sizes=\"(max-width: 2202px) 100vw, 2202px\" \/><\/strong><\/p>\n<p><strong>3. Sistema hidr\u00e1ulico<\/strong><\/p>\n<p>* Tecnolog\u00eda de accionamiento de alta eficiencia<\/p>\n<div>* El dise\u00f1o modular de la placa de v\u00e1lvulas hidr\u00e1ulicas y la disposici\u00f3n hidr\u00e1ulica optimizada permiten reducir eficazmente la p\u00e9rdida de presi\u00f3n y mejorar la capacidad de respuesta.<\/div>\n<div>* Protecci\u00f3n del medio ambiente<\/div>\n<p><img loading=\"lazy\" decoding=\"async\" class=\"alignnone size-full wp-image-464\" src=\"https:\/\/beta-machine.com\/wp-content\/uploads\/2025\/10\/UN230-3.jpg\" alt=\"Control system\" width=\"922\" height=\"628\" srcset=\"https:\/\/www.beta-machine.com\/wp-content\/uploads\/2025\/10\/UN230-3.jpg 922w, https:\/\/www.beta-machine.com\/wp-content\/uploads\/2025\/10\/UN230-3-600x409.jpg 600w, https:\/\/www.beta-machine.com\/wp-content\/uploads\/2025\/10\/UN230-3-300x204.jpg 300w, https:\/\/www.beta-machine.com\/wp-content\/uploads\/2025\/10\/UN230-3-768x523.jpg 768w\" sizes=\"(max-width: 922px) 100vw, 922px\" \/><\/p>\n<p><strong>4. Sistema de control<\/strong><\/p>\n<p>* El sistema de control fiable e inteligente facilita el moldeado r\u00e1pido de alta precisi\u00f3n.<\/p>\n<div>* La potente funci\u00f3n de control por software permite realizar el complejo proceso de inyecci\u00f3n mediante una operaci\u00f3n sencilla.<\/div>\n<\/div>","protected":false},"excerpt":{"rendered":"<p>La m\u00e1quina de moldeo por inyecci\u00f3n de alta eficiencia y ahorro de energ\u00eda utiliza control proporcional de presi\u00f3n y caudal, permitiendo ajustar la presi\u00f3n y la velocidad. Esto resulta en una curva de movimiento estable y un golpe suave durante el funcionamiento. El ordenador empleado en la m\u00e1quina es importado de la gama industrial, garantizando alta calidad y fiabilidad.<\/p>","protected":false},"featured_media":473,"comment_status":"closed","ping_status":"closed","template":"","meta":{"_acf_changed":false},"product_brand":[],"product_cat":[33],"product_tag":[],"class_list":{"0":"post-457","1":"product","2":"type-product","3":"status-publish","4":"has-post-thumbnail","6":"product_cat-servo-energy-saving-injection-molding-machine","8":"first","9":"instock","10":"shipping-taxable","11":"purchasable","12":"product-type-variable"},"acf":[],"_links":{"self":[{"href":"https:\/\/www.beta-machine.com\/es\/wp-json\/wp\/v2\/product\/457","targetHints":{"allow":["GET"]}}],"collection":[{"href":"https:\/\/www.beta-machine.com\/es\/wp-json\/wp\/v2\/product"}],"about":[{"href":"https:\/\/www.beta-machine.com\/es\/wp-json\/wp\/v2\/types\/product"}],"replies":[{"embeddable":true,"href":"https:\/\/www.beta-machine.com\/es\/wp-json\/wp\/v2\/comments?post=457"}],"wp:featuredmedia":[{"embeddable":true,"href":"https:\/\/www.beta-machine.com\/es\/wp-json\/wp\/v2\/media\/473"}],"wp:attachment":[{"href":"https:\/\/www.beta-machine.com\/es\/wp-json\/wp\/v2\/media?parent=457"}],"wp:term":[{"taxonomy":"product_brand","embeddable":true,"href":"https:\/\/www.beta-machine.com\/es\/wp-json\/wp\/v2\/product_brand?post=457"},{"taxonomy":"product_cat","embeddable":true,"href":"https:\/\/www.beta-machine.com\/es\/wp-json\/wp\/v2\/product_cat?post=457"},{"taxonomy":"product_tag","embeddable":true,"href":"https:\/\/www.beta-machine.com\/es\/wp-json\/wp\/v2\/product_tag?post=457"}],"curies":[{"name":"wp","href":"https:\/\/api.w.org\/{rel}","templated":true}]}}