{"id":485,"date":"2025-10-31T07:25:19","date_gmt":"2025-10-31T07:25:19","guid":{"rendered":"https:\/\/beta-machine.com\/?post_type=product&#038;p=485"},"modified":"2026-03-12T07:31:42","modified_gmt":"2026-03-12T07:31:42","slug":"automatic-servo-type-plastic-beverage-drink-bottle-tube-pet-preform-making-injection-molding-machine","status":"publish","type":"product","link":"https:\/\/www.beta-machine.com\/es\/automatic-servo-type-plastic-beverage-drink-bottle-tube-pet-preform-making-injection-molding-machine-pd770346088\/","title":{"rendered":"M\u00e1quina inyectora autom\u00e1tica de tipo servo para fabricaci\u00f3n de preformas de PET para botellas y tubos de bebidas pl\u00e1sticas"},"content":{"rendered":"<p><strong>M\u00e1quina inyectora autom\u00e1tica de tipo servo para fabricaci\u00f3n de preformas de PET para botellas y tubos de bebidas pl\u00e1sticas<\/strong><\/p>\n<div style=\"width: 800px;\" class=\"wp-video\"><video class=\"wp-video-shortcode\" id=\"video-485-1\" width=\"800\" height=\"450\" preload=\"metadata\" controls=\"controls\"><source type=\"video\/mp4\" src=\"https:\/\/beta-machine.com\/wp-content\/uploads\/2025\/10\/jiBklKnijmi-jmipKBilmnRjiSrqiloqpqjmrqr-e8827dfed2a54f0abe0242dbf5234ebf.mp4?_=1\" \/><a href=\"https:\/\/beta-machine.com\/wp-content\/uploads\/2025\/10\/jiBklKnijmi-jmipKBilmnRjiSrqiloqpqjmrqr-e8827dfed2a54f0abe0242dbf5234ebf.mp4\">https:\/\/beta-machine.com\/wp-content\/uploads\/2025\/10\/jiBklKnijmi-jmipKBilmnRjiSrqiloqpqjmrqr-e8827dfed2a54f0abe0242dbf5234ebf.mp4<\/a><\/video><\/div>\n<p>La m\u00e1quina de moldeo por inyecci\u00f3n est\u00e1 equipada con una pantalla LCD de alta definici\u00f3n que ofrece im\u00e1genes claras y es compatible con los idiomas chino e ingl\u00e9s, lo que facilita su uso. Adem\u00e1s, la m\u00e1quina cuenta con un sistema de control de temperatura PID de bucle cerrado que permite una regulaci\u00f3n precisa de la temperatura.<\/p>\n<p>En materia de seguridad, el puesto de operaci\u00f3n de la m\u00e1quina est\u00e1 equipado con dos medidas de protecci\u00f3n. La primera garantiza la seguridad general de la m\u00e1quina durante su funcionamiento, mientras que la segunda se centra en la seguridad el\u00e9ctrica para proteger a los operadores de riesgos el\u00e9ctricos potenciales. Estas medidas de seguridad se implementan para dar prioridad al bienestar y la seguridad de los operadores.<\/p>\n<p><b>Presentaci\u00f3n del producto<\/b><\/p>\n<div><img fetchpriority=\"high\" decoding=\"async\" class=\"alignnone size-full wp-image-466\" src=\"https:\/\/beta-machine.com\/wp-content\/uploads\/2025\/10\/UN230.jpg\" alt=\"Clamping unit.\" width=\"2176\" height=\"1409\" srcset=\"https:\/\/www.beta-machine.com\/wp-content\/uploads\/2025\/10\/UN230.jpg 2176w, https:\/\/www.beta-machine.com\/wp-content\/uploads\/2025\/10\/UN230-600x389.jpg 600w, https:\/\/www.beta-machine.com\/wp-content\/uploads\/2025\/10\/UN230-300x194.jpg 300w, https:\/\/www.beta-machine.com\/wp-content\/uploads\/2025\/10\/UN230-1024x663.jpg 1024w, https:\/\/www.beta-machine.com\/wp-content\/uploads\/2025\/10\/UN230-768x497.jpg 768w, https:\/\/www.beta-machine.com\/wp-content\/uploads\/2025\/10\/UN230-1536x995.jpg 1536w, https:\/\/www.beta-machine.com\/wp-content\/uploads\/2025\/10\/UN230-2048x1326.jpg 2048w\" sizes=\"(max-width: 2176px) 100vw, 2176px\" \/><\/div>\n<div>\n<p><strong>1. Unidad de cierre<\/strong><\/p>\n<p>* La serie Universe est\u00e1 equipada con una unidad de cierre con ranura en T, que permite cambios de molde m\u00e1s r\u00e1pidos y eficientes.<\/p>\n<p>* Con sus excelentes par\u00e1metros mec\u00e1nicos, la serie Universe puede adaptarse a una gama m\u00e1s amplia de tama\u00f1os de moldes.<\/p>\n<p>* Cuenta con una estructura de eyecci\u00f3n europea, el pasador de eyecci\u00f3n de la m\u00e1quina es f\u00e1cil de mantener.<\/p>\n<p>* La gu\u00eda de cierre extendida y ensanchada garantiza el funcionamiento suave de la m\u00e1quina.<\/p>\n<p>&nbsp;<\/p>\n<p><img decoding=\"async\" class=\"alignnone size-full wp-image-495\" src=\"https:\/\/beta-machine.com\/wp-content\/uploads\/2025\/10\/160A3738.jpg\" alt=\"\" width=\"800\" height=\"800\" srcset=\"https:\/\/www.beta-machine.com\/wp-content\/uploads\/2025\/10\/160A3738.jpg 800w, https:\/\/www.beta-machine.com\/wp-content\/uploads\/2025\/10\/160A3738-300x300.jpg 300w, https:\/\/www.beta-machine.com\/wp-content\/uploads\/2025\/10\/160A3738-100x100.jpg 100w, https:\/\/www.beta-machine.com\/wp-content\/uploads\/2025\/10\/160A3738-600x600.jpg 600w, https:\/\/www.beta-machine.com\/wp-content\/uploads\/2025\/10\/160A3738-150x150.jpg 150w, https:\/\/www.beta-machine.com\/wp-content\/uploads\/2025\/10\/160A3738-768x768.jpg 768w\" sizes=\"(max-width: 800px) 100vw, 800px\" \/><\/p>\n<p><strong>2. Unidad de inyecci\u00f3n<\/strong><\/p>\n<p>La m\u00e1quina de moldeo por inyecci\u00f3n de la serie Universe est\u00e1 equipada con una fiable estructura de inyecci\u00f3n de doble capa en su unidad de inyecci\u00f3n. Esta estructura incorpora dos varillas gu\u00eda del cilindro de inyecci\u00f3n, que se utilizan normalmente en m\u00e1quinas de alta velocidad. Mediante la utilizaci\u00f3n de este sistema, la precisi\u00f3n de inyecci\u00f3n y la estabilidad de carga se mejoran significativamente.<\/p>\n<p>Para garantizar un funcionamiento continuo, la estructura de movimiento de la unidad de inyecci\u00f3n cuenta con un dise\u00f1o de varilla gu\u00eda de alta rigidez, junto con una estructura de doble cilindro para el movimiento del carro. Esta estructura evita eficazmente la fuga de material durante la inyecci\u00f3n a alta velocidad y alta presi\u00f3n, as\u00ed como durante la carga en condiciones de alta contrapresi\u00f3n.<\/p>\n<p><strong><img decoding=\"async\" class=\"alignnone size-full wp-image-463\" src=\"https:\/\/beta-machine.com\/wp-content\/uploads\/2025\/10\/UN230-1.jpg\" alt=\"Hydraulic System\" width=\"2202\" height=\"972\" srcset=\"https:\/\/www.beta-machine.com\/wp-content\/uploads\/2025\/10\/UN230-1.jpg 2202w, https:\/\/www.beta-machine.com\/wp-content\/uploads\/2025\/10\/UN230-1-600x265.jpg 600w, https:\/\/www.beta-machine.com\/wp-content\/uploads\/2025\/10\/UN230-1-300x132.jpg 300w, https:\/\/www.beta-machine.com\/wp-content\/uploads\/2025\/10\/UN230-1-1024x452.jpg 1024w, https:\/\/www.beta-machine.com\/wp-content\/uploads\/2025\/10\/UN230-1-768x339.jpg 768w, https:\/\/www.beta-machine.com\/wp-content\/uploads\/2025\/10\/UN230-1-1536x678.jpg 1536w, https:\/\/www.beta-machine.com\/wp-content\/uploads\/2025\/10\/UN230-1-2048x904.jpg 2048w\" sizes=\"(max-width: 2202px) 100vw, 2202px\" \/><\/strong><\/p>\n<p><strong>3. Sistema hidr\u00e1ulico<\/strong><\/p>\n<p>La m\u00e1quina de moldeo por inyecci\u00f3n de la serie Universe est\u00e1 equipada con tecnolog\u00eda de accionamiento avanzada, lo que mejora considerablemente su eficiencia. Esta tecnolog\u00eda no solo reduce el consumo de energ\u00eda, sino que tambi\u00e9n minimiza los residuos, lo que la convierte en una opci\u00f3n m\u00e1s respetuosa con el medio ambiente.<\/p>\n<p>Adem\u00e1s, el plato de v\u00e1lvulas hidr\u00e1ulicas de la m\u00e1quina est\u00e1 dise\u00f1ado de forma modular y su distribuci\u00f3n hidr\u00e1ulica est\u00e1 optimizada. Estas caracter\u00edsticas ayudan a reducir la p\u00e9rdida de presi\u00f3n y mejorar la capacidad de respuesta de la m\u00e1quina. Como resultado, los procesos de moldeo por inyecci\u00f3n son m\u00e1s r\u00e1pidos y precisos, lo que conlleva un aumento de la productividad y una reducci\u00f3n del desperdicio de material.<\/p>\n<p>Adem\u00e1s de su eficiencia, la m\u00e1quina tambi\u00e9n est\u00e1 dise\u00f1ada teniendo en cuenta la protecci\u00f3n del medio ambiente. Incorpora diversas caracter\u00edsticas y tecnolog\u00edas de ahorro energ\u00e9tico que reducen significativamente el consumo de energ\u00eda y las emisiones de carbono. Esto no solo beneficia al medio ambiente, sino que tambi\u00e9n ayuda a reducir los costos operativos para el usuario.<\/p>\n<p><img loading=\"lazy\" decoding=\"async\" class=\"alignnone size-full wp-image-464\" src=\"https:\/\/beta-machine.com\/wp-content\/uploads\/2025\/10\/UN230-3.jpg\" alt=\"Control system\" width=\"922\" height=\"628\" srcset=\"https:\/\/www.beta-machine.com\/wp-content\/uploads\/2025\/10\/UN230-3.jpg 922w, https:\/\/www.beta-machine.com\/wp-content\/uploads\/2025\/10\/UN230-3-600x409.jpg 600w, https:\/\/www.beta-machine.com\/wp-content\/uploads\/2025\/10\/UN230-3-300x204.jpg 300w, https:\/\/www.beta-machine.com\/wp-content\/uploads\/2025\/10\/UN230-3-768x523.jpg 768w\" sizes=\"(max-width: 922px) 100vw, 922px\" \/><\/p>\n<p><strong>4. Sistema de control<\/strong><\/p>\n<p>* Con un sistema de control fiable e inteligente, lograr un moldeado r\u00e1pido de alta precisi\u00f3n resulta sencillo.<\/p>\n<p>* Cuenta con una funci\u00f3n de control por software avanzada que simplifica el complejo proceso de moldeo por inyecci\u00f3n, permitiendo realizarlo mediante operaciones sencillas.<\/p>\n<p>&nbsp;<\/p>\n<p><strong>5. Productos finales<\/strong><\/p>\n<p><img loading=\"lazy\" decoding=\"async\" class=\"alignnone size-full wp-image-317\" src=\"https:\/\/www.beta-machine.com\/wp-content\/uploads\/2025\/10\/Bottle-Mould-Models.jpg\" alt=\"\" width=\"984\" height=\"671\" srcset=\"https:\/\/www.beta-machine.com\/wp-content\/uploads\/2025\/10\/Bottle-Mould-Models.jpg 984w, https:\/\/www.beta-machine.com\/wp-content\/uploads\/2025\/10\/Bottle-Mould-Models-600x409.jpg 600w, https:\/\/www.beta-machine.com\/wp-content\/uploads\/2025\/10\/Bottle-Mould-Models-300x205.jpg 300w, https:\/\/www.beta-machine.com\/wp-content\/uploads\/2025\/10\/Bottle-Mould-Models-768x524.jpg 768w\" sizes=\"(max-width: 984px) 100vw, 984px\" \/><\/p>\n<\/div>","protected":false},"excerpt":{"rendered":"<p>La m\u00e1quina inyectora de alta eficiencia y ahorro energ\u00e9tico est\u00e1 dise\u00f1ada espec\u00edficamente para optimizar el consumo de energ\u00eda y minimizar los residuos. Esto se consigue mediante la tecnolog\u00eda de control proporcional de presi\u00f3n y caudal, que permite regular la presi\u00f3n y la velocidad durante el funcionamiento. Al controlar estos factores con precisi\u00f3n, la m\u00e1quina alcanza la m\u00e1xima eficiencia y reduce el consumo innecesario de energ\u00eda, logrando un importante ahorro energ\u00e9tico y reducci\u00f3n de residuos.<\/p>","protected":false},"featured_media":493,"comment_status":"closed","ping_status":"closed","template":"","meta":{"_acf_changed":false},"product_brand":[],"product_cat":[33],"product_tag":[],"class_list":{"0":"post-485","1":"product","2":"type-product","3":"status-publish","4":"has-post-thumbnail","6":"product_cat-servo-energy-saving-injection-molding-machine","8":"first","9":"instock","10":"shipping-taxable","11":"purchasable","12":"product-type-variable"},"acf":[],"_links":{"self":[{"href":"https:\/\/www.beta-machine.com\/es\/wp-json\/wp\/v2\/product\/485","targetHints":{"allow":["GET"]}}],"collection":[{"href":"https:\/\/www.beta-machine.com\/es\/wp-json\/wp\/v2\/product"}],"about":[{"href":"https:\/\/www.beta-machine.com\/es\/wp-json\/wp\/v2\/types\/product"}],"replies":[{"embeddable":true,"href":"https:\/\/www.beta-machine.com\/es\/wp-json\/wp\/v2\/comments?post=485"}],"wp:featuredmedia":[{"embeddable":true,"href":"https:\/\/www.beta-machine.com\/es\/wp-json\/wp\/v2\/media\/493"}],"wp:attachment":[{"href":"https:\/\/www.beta-machine.com\/es\/wp-json\/wp\/v2\/media?parent=485"}],"wp:term":[{"taxonomy":"product_brand","embeddable":true,"href":"https:\/\/www.beta-machine.com\/es\/wp-json\/wp\/v2\/product_brand?post=485"},{"taxonomy":"product_cat","embeddable":true,"href":"https:\/\/www.beta-machine.com\/es\/wp-json\/wp\/v2\/product_cat?post=485"},{"taxonomy":"product_tag","embeddable":true,"href":"https:\/\/www.beta-machine.com\/es\/wp-json\/wp\/v2\/product_tag?post=485"}],"curies":[{"name":"wp","href":"https:\/\/api.w.org\/{rel}","templated":true}]}}