{"id":497,"date":"2025-10-31T07:35:30","date_gmt":"2025-10-31T07:35:30","guid":{"rendered":"https:\/\/beta-machine.com\/?post_type=product&#038;p=497"},"modified":"2026-03-12T07:02:48","modified_gmt":"2026-03-12T07:02:48","slug":"factory-direct-servo-type-pet-preform-small-bottle-capsule-plastic-injection-molding-machines","status":"publish","type":"product","link":"https:\/\/www.beta-machine.com\/es\/factory-direct-servo-type-pet-preform-small-bottle-capsule-plastic-injection-molding-machines-pd706146088\/","title":{"rendered":"M\u00e1quinas inyectoras pl\u00e1sticas servo para preformas PET, tapones peque\u00f1os y c\u00e1psulas, suministro directo de f\u00e1brica"},"content":{"rendered":"<p><strong>M\u00e1quinas inyectoras pl\u00e1sticas servo para preformas PET, tapones peque\u00f1os y c\u00e1psulas, suministro directo de f\u00e1brica<\/strong><\/p>\n<div style=\"width: 800px;\" class=\"wp-video\"><video class=\"wp-video-shortcode\" id=\"video-497-1\" width=\"800\" height=\"450\" preload=\"metadata\" controls=\"controls\"><source type=\"video\/mp4\" src=\"https:\/\/beta-machine.com\/wp-content\/uploads\/2025\/10\/jiBklKnijmi-jmipKBilmnRjiSrqiloqpqjmrqr-e8827dfed2a54f0abe0242dbf5234ebf.mp4?_=1\" \/><a href=\"https:\/\/beta-machine.com\/wp-content\/uploads\/2025\/10\/jiBklKnijmi-jmipKBilmnRjiSrqiloqpqjmrqr-e8827dfed2a54f0abe0242dbf5234ebf.mp4\">https:\/\/beta-machine.com\/wp-content\/uploads\/2025\/10\/jiBklKnijmi-jmipKBilmnRjiSrqiloqpqjmrqr-e8827dfed2a54f0abe0242dbf5234ebf.mp4<\/a><\/video><\/div>\n<p>La m\u00e1quina inyectora cuenta con una pantalla LCD de alta definici\u00f3n con im\u00e1genes n\u00edtidas, compatible con los idiomas chino e ingl\u00e9s, lo que mejora la facilidad de uso. Tambi\u00e9n est\u00e1 equipada con un sistema de control de temperatura PID de lazo cerrado, permitiendo una regulaci\u00f3n precisa de la temperatura.<\/p>\n<p>Para garantizar la seguridad, el puesto de operaci\u00f3n de la m\u00e1quina incorpora dos medidas de protecci\u00f3n. La primera se centra en la seguridad mec\u00e1nica, asegurando la seguridad general durante el funcionamiento. La segunda prioriza la seguridad el\u00e9ctrica, protegiendo a los operadores de posibles riesgos el\u00e9ctricos. Estas medidas de seguridad se implementan para priorizar el bienestar y la protecci\u00f3n de los operadores.<\/p>\n<div><strong>Descripci\u00f3n de la producci\u00f3n<\/strong><\/div>\n<div><strong><img fetchpriority=\"high\" decoding=\"async\" class=\"alignnone size-full wp-image-465\" src=\"https:\/\/beta-machine.com\/wp-content\/uploads\/2025\/10\/UN230-4.jpg\" alt=\"Injection unit\" width=\"749\" height=\"405\" srcset=\"https:\/\/www.beta-machine.com\/wp-content\/uploads\/2025\/10\/UN230-4.jpg 749w, https:\/\/www.beta-machine.com\/wp-content\/uploads\/2025\/10\/UN230-4-600x324.jpg 600w, https:\/\/www.beta-machine.com\/wp-content\/uploads\/2025\/10\/UN230-4-300x162.jpg 300w\" sizes=\"(max-width: 749px) 100vw, 749px\" \/><\/strong><\/div>\n<div>\n<p><strong>1. Unidad de inyecci\u00f3n<\/strong><\/p>\n<p>1- La m\u00e1quina inyectora de la serie UNiverse utiliza una estructura de inyecci\u00f3n de doble capa en su unidad de inyecci\u00f3n, con cilindro de inyecci\u00f3n de doble v\u00e1stago saliente.<\/p>\n<p>2- Este dise\u00f1o se usa com\u00fanmente en m\u00e1quinas de alta velocidad y mejora considerablemente la precisi\u00f3n de inyecci\u00f3n y la estabilidad de carga.<\/p>\n<p>3- La estructura de movimiento de la unidad de inyecci\u00f3n est\u00e1 construida con varillas gu\u00eda de alta rigidez y una estructura de doble cilindro para el movimiento del carro.<\/p>\n<p>4- Este dise\u00f1o previene eficazmente la fuga de material durante la inyecci\u00f3n a alta velocidad y alta presi\u00f3n, as\u00ed como la carga bajo alta contrapresi\u00f3n.<\/p>\n<p><img decoding=\"async\" class=\"alignnone size-full wp-image-506\" src=\"https:\/\/beta-machine.com\/wp-content\/uploads\/2025\/10\/160A3657.jpg\" alt=\"\" width=\"1000\" height=\"1000\" srcset=\"https:\/\/www.beta-machine.com\/wp-content\/uploads\/2025\/10\/160A3657.jpg 1000w, https:\/\/www.beta-machine.com\/wp-content\/uploads\/2025\/10\/160A3657-300x300.jpg 300w, https:\/\/www.beta-machine.com\/wp-content\/uploads\/2025\/10\/160A3657-100x100.jpg 100w, https:\/\/www.beta-machine.com\/wp-content\/uploads\/2025\/10\/160A3657-600x600.jpg 600w, https:\/\/www.beta-machine.com\/wp-content\/uploads\/2025\/10\/160A3657-150x150.jpg 150w, https:\/\/www.beta-machine.com\/wp-content\/uploads\/2025\/10\/160A3657-768x768.jpg 768w\" sizes=\"(max-width: 1000px) 100vw, 1000px\" \/><\/p>\n<p><strong>2. Unidad de cierre<\/strong><\/p>\n<div>\n<div>\n<p>1- La m\u00e1quina inyectora de la serie UNiverse cuenta con una unidad de cierre con ranura en T, que permite cambios de molde r\u00e1pidos y eficientes.<\/p>\n<p>2- Con sus impresionantes par\u00e1metros mec\u00e1nicos, la serie UNiverse puede adaptarse a varios tama\u00f1os de molde, ofreciendo versatilidad y adaptabilidad en la fabricaci\u00f3n.<\/p>\n<p>3- La m\u00e1quina incorpora una estructura de eyecci\u00f3n europea, simplificando el mantenimiento del pasador eyector para un mantenimiento sencillo.<\/p>\n<p>4- Adem\u00e1s, la serie UNiverse cuenta con una gu\u00eda de cierre ampliada y extendida, garantizando un funcionamiento suave y fiable de la m\u00e1quina durante todo el proceso de moldeado.<\/p>\n<\/div>\n<\/div>\n<p><img decoding=\"async\" class=\"alignnone size-full wp-image-463\" src=\"https:\/\/beta-machine.com\/wp-content\/uploads\/2025\/10\/UN230-1.jpg\" alt=\"Hydraulic System\" width=\"2202\" height=\"972\" srcset=\"https:\/\/www.beta-machine.com\/wp-content\/uploads\/2025\/10\/UN230-1.jpg 2202w, https:\/\/www.beta-machine.com\/wp-content\/uploads\/2025\/10\/UN230-1-600x265.jpg 600w, https:\/\/www.beta-machine.com\/wp-content\/uploads\/2025\/10\/UN230-1-300x132.jpg 300w, https:\/\/www.beta-machine.com\/wp-content\/uploads\/2025\/10\/UN230-1-1024x452.jpg 1024w, https:\/\/www.beta-machine.com\/wp-content\/uploads\/2025\/10\/UN230-1-768x339.jpg 768w, https:\/\/www.beta-machine.com\/wp-content\/uploads\/2025\/10\/UN230-1-1536x678.jpg 1536w, https:\/\/www.beta-machine.com\/wp-content\/uploads\/2025\/10\/UN230-1-2048x904.jpg 2048w\" sizes=\"(max-width: 2202px) 100vw, 2202px\" \/><\/p>\n<p><strong>3. Sistema hidr\u00e1ulico<\/strong><\/p>\n<div>\n<p>1- La m\u00e1quina inyectora incorpora adem\u00e1s tecnolog\u00eda de accionamiento avanzada, mejorando su eficiencia general. Esta tecnolog\u00eda reduce eficazmente el consumo de energ\u00eda y minimiza los desperdicios, convirti\u00e9ndola en una opci\u00f3n m\u00e1s respetuosa con el medio ambiente.<\/p>\n<p>2- Adem\u00e1s, el plato de v\u00e1lvulas hidr\u00e1ulicas de la m\u00e1quina cuenta con un dise\u00f1o modular y una disposici\u00f3n hidr\u00e1ulica optimizada. Este dise\u00f1o ayuda a minimizar la p\u00e9rdida de presi\u00f3n y mejora la capacidad de respuesta durante el proceso de inyecci\u00f3n. Como resultado, la m\u00e1quina consigue una moldura m\u00e1s r\u00e1pida y precisa, aumentando en \u00faltima instancia la productividad y reduciendo el desperdicio de material.<\/p>\n<p>3- Adem\u00e1s, la m\u00e1quina prioriza la protecci\u00f3n del medio ambiente al integrar caracter\u00edsticas y tecnolog\u00edas de ahorro de energ\u00eda. Estas medidas minimizan eficazmente el consumo de energ\u00eda y reducen las emisiones de carbono. Esto no solo beneficia al medio ambiente, sino que tambi\u00e9n ayuda a reducir los costos operativos para el usuario.<\/p>\n<p><img loading=\"lazy\" decoding=\"async\" class=\"alignnone size-full wp-image-507\" src=\"https:\/\/beta-machine.com\/wp-content\/uploads\/2025\/10\/2.jpg\" alt=\"\" width=\"2034\" height=\"584\" srcset=\"https:\/\/www.beta-machine.com\/wp-content\/uploads\/2025\/10\/2.jpg 2034w, https:\/\/www.beta-machine.com\/wp-content\/uploads\/2025\/10\/2-600x172.jpg 600w, https:\/\/www.beta-machine.com\/wp-content\/uploads\/2025\/10\/2-300x86.jpg 300w, https:\/\/www.beta-machine.com\/wp-content\/uploads\/2025\/10\/2-1024x294.jpg 1024w, https:\/\/www.beta-machine.com\/wp-content\/uploads\/2025\/10\/2-768x221.jpg 768w, https:\/\/www.beta-machine.com\/wp-content\/uploads\/2025\/10\/2-1536x441.jpg 1536w\" sizes=\"(max-width: 2034px) 100vw, 2034px\" \/> <img loading=\"lazy\" decoding=\"async\" class=\"alignnone size-full wp-image-508\" src=\"https:\/\/beta-machine.com\/wp-content\/uploads\/2025\/10\/samples.jpg\" alt=\"\" width=\"750\" height=\"188\" srcset=\"https:\/\/www.beta-machine.com\/wp-content\/uploads\/2025\/10\/samples.jpg 750w, https:\/\/www.beta-machine.com\/wp-content\/uploads\/2025\/10\/samples-600x150.jpg 600w, https:\/\/www.beta-machine.com\/wp-content\/uploads\/2025\/10\/samples-300x75.jpg 300w\" sizes=\"(max-width: 750px) 100vw, 750px\" \/><\/p>\n<p><strong>4. Productos finales<\/strong><\/p>\n<\/div>\n<\/div>","protected":false},"excerpt":{"rendered":"<p>La m\u00e1quina inyectora de alta eficiencia y ahorro de energ\u00eda est\u00e1 equipada con control proporcional de presi\u00f3n y flujo, lo que permite ajustar la presi\u00f3n y la velocidad durante el funcionamiento. Esta caracter\u00edstica garantiza una curva de movimiento estable y minimiza el golpe, logrando procesos de moldeado m\u00e1s suaves y precisos.<\/p>","protected":false},"featured_media":509,"comment_status":"closed","ping_status":"closed","template":"","meta":{"_acf_changed":false},"product_brand":[],"product_cat":[33],"product_tag":[],"class_list":{"0":"post-497","1":"product","2":"type-product","3":"status-publish","4":"has-post-thumbnail","6":"product_cat-servo-energy-saving-injection-molding-machine","8":"first","9":"instock","10":"shipping-taxable","11":"purchasable","12":"product-type-variable"},"acf":[],"_links":{"self":[{"href":"https:\/\/www.beta-machine.com\/es\/wp-json\/wp\/v2\/product\/497","targetHints":{"allow":["GET"]}}],"collection":[{"href":"https:\/\/www.beta-machine.com\/es\/wp-json\/wp\/v2\/product"}],"about":[{"href":"https:\/\/www.beta-machine.com\/es\/wp-json\/wp\/v2\/types\/product"}],"replies":[{"embeddable":true,"href":"https:\/\/www.beta-machine.com\/es\/wp-json\/wp\/v2\/comments?post=497"}],"wp:featuredmedia":[{"embeddable":true,"href":"https:\/\/www.beta-machine.com\/es\/wp-json\/wp\/v2\/media\/509"}],"wp:attachment":[{"href":"https:\/\/www.beta-machine.com\/es\/wp-json\/wp\/v2\/media?parent=497"}],"wp:term":[{"taxonomy":"product_brand","embeddable":true,"href":"https:\/\/www.beta-machine.com\/es\/wp-json\/wp\/v2\/product_brand?post=497"},{"taxonomy":"product_cat","embeddable":true,"href":"https:\/\/www.beta-machine.com\/es\/wp-json\/wp\/v2\/product_cat?post=497"},{"taxonomy":"product_tag","embeddable":true,"href":"https:\/\/www.beta-machine.com\/es\/wp-json\/wp\/v2\/product_tag?post=497"}],"curies":[{"name":"wp","href":"https:\/\/api.w.org\/{rel}","templated":true}]}}