{"id":524,"date":"2025-10-31T08:03:55","date_gmt":"2025-10-31T08:03:55","guid":{"rendered":"https:\/\/beta-machine.com\/?post_type=product&#038;p=524"},"modified":"2026-03-12T06:19:29","modified_gmt":"2026-03-12T06:19:29","slug":"pet-preform-injection-molding-machine","status":"publish","type":"product","link":"https:\/\/www.beta-machine.com\/es\/pet-preform-injection-molding-machine-pd787034388\/","title":{"rendered":"M\u00e1quina inyectora de preformas PET"},"content":{"rendered":"<p><strong>M\u00e1quina inyectora de preformas PET<\/strong><\/p>\n<p>1. Aumenta el volumen de inyecci\u00f3n, lo que es m\u00e1s adecuado para la producci\u00f3n de productos de m\u00faltiples cavidades. Adaptado seg\u00fan diferentes requisitos, tiene m\u00e1s ventajas en la producci\u00f3n de productos de empaque, cavidades profundas y preformas de PET de alta velocidad.<\/p>\n<p>2. El tornillo especial para PET aumenta significativamente la velocidad de fusi\u00f3n y el volumen de inyecci\u00f3n, reduce la temperatura de plastificaci\u00f3n, mejora eficazmente la contracci\u00f3n de la preforma y aumenta la transparencia.<\/p>\n<p>3. Aumenta la fuerza de \u00e9mbolo de eyecci\u00f3n y el recorrido de eyecci\u00f3n, lo que es m\u00e1s adecuado para el moldeo de preformas de PET de cavidad profunda.<\/p>","protected":false},"excerpt":{"rendered":"<p>PET Preform Injection Molding Machine 1.Increase the injection volume, which is more suitable for the production of multi-cavity products. Tailored according to different requirements, it is more advantageous for the production of packaging, deep cavity and high speed PET preform products. 2.PET special screw significantly increases the melting speed and injection volume, reduces the plasticizing [&hellip;]<\/p>\n","protected":false},"featured_media":526,"comment_status":"closed","ping_status":"closed","template":"","meta":{"_acf_changed":false},"product_brand":[],"product_cat":[31],"product_tag":[],"class_list":{"0":"post-524","1":"product","2":"type-product","3":"status-publish","4":"has-post-thumbnail","6":"product_cat-pet-preform-injection-molding-machine","8":"first","9":"instock","10":"shipping-taxable","11":"purchasable","12":"product-type-simple"},"acf":[],"_links":{"self":[{"href":"https:\/\/www.beta-machine.com\/es\/wp-json\/wp\/v2\/product\/524","targetHints":{"allow":["GET"]}}],"collection":[{"href":"https:\/\/www.beta-machine.com\/es\/wp-json\/wp\/v2\/product"}],"about":[{"href":"https:\/\/www.beta-machine.com\/es\/wp-json\/wp\/v2\/types\/product"}],"replies":[{"embeddable":true,"href":"https:\/\/www.beta-machine.com\/es\/wp-json\/wp\/v2\/comments?post=524"}],"wp:featuredmedia":[{"embeddable":true,"href":"https:\/\/www.beta-machine.com\/es\/wp-json\/wp\/v2\/media\/526"}],"wp:attachment":[{"href":"https:\/\/www.beta-machine.com\/es\/wp-json\/wp\/v2\/media?parent=524"}],"wp:term":[{"taxonomy":"product_brand","embeddable":true,"href":"https:\/\/www.beta-machine.com\/es\/wp-json\/wp\/v2\/product_brand?post=524"},{"taxonomy":"product_cat","embeddable":true,"href":"https:\/\/www.beta-machine.com\/es\/wp-json\/wp\/v2\/product_cat?post=524"},{"taxonomy":"product_tag","embeddable":true,"href":"https:\/\/www.beta-machine.com\/es\/wp-json\/wp\/v2\/product_tag?post=524"}],"curies":[{"name":"wp","href":"https:\/\/api.w.org\/{rel}","templated":true}]}}