{"id":536,"date":"2025-10-31T08:14:14","date_gmt":"2025-10-31T08:14:14","guid":{"rendered":"https:\/\/beta-machine.com\/?post_type=product&#038;p=536"},"modified":"2025-10-31T08:47:12","modified_gmt":"2025-10-31T08:47:12","slug":"plastic-5-gallon-bottle-making-machine-automatic-injection-molding-machine","status":"publish","type":"product","link":"https:\/\/www.beta-machine.com\/es\/plastic-5-gallon-bottle-making-machine-automatic-injection-molding-machine-pd770457088\/","title":{"rendered":"M\u00e1quina fabricante de botellas pl\u00e1sticas de 5 galones, m\u00e1quina de moldeo por inyecci\u00f3n autom\u00e1tica"},"content":{"rendered":"<p><strong>M\u00e1quina fabricante de botellas pl\u00e1sticas de 5 galones, m\u00e1quina de moldeo por inyecci\u00f3n autom\u00e1tica<\/strong><\/p>\n<div style=\"width: 750px;\" class=\"wp-video\"><video class=\"wp-video-shortcode\" id=\"video-536-1\" width=\"750\" height=\"1333\" preload=\"metadata\" controls=\"controls\"><source type=\"video\/mp4\" src=\"https:\/\/beta-machine.com\/wp-content\/uploads\/2025\/10\/jiBklKnijmi-jpipKBilmnRjiSrqpkjipnnpimr-1cb46752397646f68e2cf4f34ffcb28c.mp4?_=1\" \/><a href=\"https:\/\/beta-machine.com\/wp-content\/uploads\/2025\/10\/jiBklKnijmi-jpipKBilmnRjiSrqpkjipnnpimr-1cb46752397646f68e2cf4f34ffcb28c.mp4\">https:\/\/beta-machine.com\/wp-content\/uploads\/2025\/10\/jiBklKnijmi-jpipKBilmnRjiSrqpkjipnnpimr-1cb46752397646f68e2cf4f34ffcb28c.mp4<\/a><\/video><\/div>\n<div>\n<div><strong>Imagen detallada<\/strong><\/div>\n<div><img fetchpriority=\"high\" decoding=\"async\" class=\"alignnone size-full wp-image-532\" src=\"https:\/\/beta-machine.com\/wp-content\/uploads\/2025\/10\/clamping-unit2-scaled.jpg\" alt=\"Clamping unit\" width=\"2560\" height=\"985\" srcset=\"https:\/\/www.beta-machine.com\/wp-content\/uploads\/2025\/10\/clamping-unit2-scaled.jpg 2560w, https:\/\/www.beta-machine.com\/wp-content\/uploads\/2025\/10\/clamping-unit2-scaled-600x231.jpg 600w, https:\/\/www.beta-machine.com\/wp-content\/uploads\/2025\/10\/clamping-unit2-300x115.jpg 300w, https:\/\/www.beta-machine.com\/wp-content\/uploads\/2025\/10\/clamping-unit2-1024x394.jpg 1024w, https:\/\/www.beta-machine.com\/wp-content\/uploads\/2025\/10\/clamping-unit2-768x296.jpg 768w, https:\/\/www.beta-machine.com\/wp-content\/uploads\/2025\/10\/clamping-unit2-1536x591.jpg 1536w, https:\/\/www.beta-machine.com\/wp-content\/uploads\/2025\/10\/clamping-unit2-2048x788.jpg 2048w\" sizes=\"(max-width: 2560px) 100vw, 2560px\" \/><\/div>\n<div>\n<p><strong>1. Unidad de cierre<\/strong><\/p>\n<p>&nbsp;<\/p>\n<ul class=\"list-paddingleft-2\">\n<li>La biela de la unidad de cierre est\u00e1 alineada precisamente en el centro para un rendimiento \u00f3ptimo.<\/li>\n<li>La unidad de cierre cuenta con un sistema de lubricaci\u00f3n circulatorio de bucle cerrado, garantizando un funcionamiento suave y una larga vida \u00fatil.<\/li>\n<li>La unidad de cierre incorpora un amortiguador para proporcionar una apertura de molde controlada, evitando cualquier movimiento repentino o brusco.<\/li>\n<li>La unidad de cierre est\u00e1 equipada con una funci\u00f3n altamente sensible para la protecci\u00f3n del molde, garantizando la seguridad tanto del molde como del operador.<\/li>\n<\/ul>\n<p><img decoding=\"async\" class=\"alignnone size-full wp-image-534\" src=\"https:\/\/beta-machine.com\/wp-content\/uploads\/2025\/10\/injection-unit-scaled.jpg\" alt=\"Injection Unit\" width=\"2560\" height=\"1133\" srcset=\"https:\/\/www.beta-machine.com\/wp-content\/uploads\/2025\/10\/injection-unit-scaled.jpg 2560w, https:\/\/www.beta-machine.com\/wp-content\/uploads\/2025\/10\/injection-unit-scaled-600x266.jpg 600w, https:\/\/www.beta-machine.com\/wp-content\/uploads\/2025\/10\/injection-unit-300x133.jpg 300w, https:\/\/www.beta-machine.com\/wp-content\/uploads\/2025\/10\/injection-unit-1024x453.jpg 1024w, https:\/\/www.beta-machine.com\/wp-content\/uploads\/2025\/10\/injection-unit-768x340.jpg 768w, https:\/\/www.beta-machine.com\/wp-content\/uploads\/2025\/10\/injection-unit-1536x680.jpg 1536w, https:\/\/www.beta-machine.com\/wp-content\/uploads\/2025\/10\/injection-unit-2048x906.jpg 2048w\" sizes=\"(max-width: 2560px) 100vw, 2560px\" \/><\/p>\n<p><strong>2. Unidad de inyecci\u00f3n<\/strong><\/p>\n<p>&nbsp;<\/p>\n<div>\n<ol class=\"list-paddingleft-2\">\n<li>La unidad de inyecci\u00f3n est\u00e1 optimizada para obtener el m\u00e1ximo rendimiento y eficiencia.<\/li>\n<li>El conjunto cilindro plastificante y tornillo est\u00e1 dise\u00f1ado para funcionar eficientemente, garantizando una plastificaci\u00f3n suave y homog\u00e9nea del material.<\/li>\n<li>El sistema BETA ofrece una flexibilidad sin parang\u00f3n, permitiendo operaciones vers\u00e1tiles y personalizables.<\/li>\n<\/ol>\n<p><img decoding=\"async\" class=\"alignnone size-full wp-image-545\" src=\"https:\/\/beta-machine.com\/wp-content\/uploads\/2025\/10\/hydraulicunit.jpg\" alt=\"Hydraulic Unit\" width=\"1000\" height=\"667\" srcset=\"https:\/\/www.beta-machine.com\/wp-content\/uploads\/2025\/10\/hydraulicunit.jpg 1000w, https:\/\/www.beta-machine.com\/wp-content\/uploads\/2025\/10\/hydraulicunit-600x400.jpg 600w, https:\/\/www.beta-machine.com\/wp-content\/uploads\/2025\/10\/hydraulicunit-300x200.jpg 300w, https:\/\/www.beta-machine.com\/wp-content\/uploads\/2025\/10\/hydraulicunit-768x512.jpg 768w\" sizes=\"(max-width: 1000px) 100vw, 1000px\" \/><\/p>\n<p><strong>3. Unidad hidr\u00e1ulica<\/strong><\/p>\n<p>Sistema de v\u00eda de aceite de alta respuesta, mejora la velocidad de la m\u00e1quina y ahorra consumo de energ\u00eda.<\/p>\n<\/div>\n<\/div>\n<\/div>","protected":false},"excerpt":{"rendered":"<p>1* Aumenta el volumen de inyecci\u00f3n, que es m\u00e1s adecuado para la producci\u00f3n de productos multicavidad. Adaptado seg\u00fan diferentes requisitos, es m\u00e1s ventajoso para la producci\u00f3n de envases, productos de cavidad profunda y preformas de PET de alta velocidad.<br \/>\n2* El tornillo especial para PET aumenta significativamente la velocidad de fusi\u00f3n y el volumen de inyecci\u00f3n, reduce la temperatura de plastificaci\u00f3n, mejora eficazmente la contracci\u00f3n de la preforma y aumenta la transparencia.<br \/>\n3* Aumenta la fuerza del dedo expulsor y la carrera de eyecci\u00f3n, lo que lo hace m\u00e1s adecuado para el moldeado de preformas de PET de cavidad profunda.<\/p>","protected":false},"featured_media":546,"comment_status":"closed","ping_status":"closed","template":"","meta":{"_acf_changed":false},"product_brand":[],"product_cat":[31],"product_tag":[],"class_list":{"0":"post-536","1":"product","2":"type-product","3":"status-publish","4":"has-post-thumbnail","6":"product_cat-pet-preform-injection-molding-machine","8":"first","9":"instock","10":"shipping-taxable","11":"purchasable","12":"product-type-variable"},"acf":[],"_links":{"self":[{"href":"https:\/\/www.beta-machine.com\/es\/wp-json\/wp\/v2\/product\/536","targetHints":{"allow":["GET"]}}],"collection":[{"href":"https:\/\/www.beta-machine.com\/es\/wp-json\/wp\/v2\/product"}],"about":[{"href":"https:\/\/www.beta-machine.com\/es\/wp-json\/wp\/v2\/types\/product"}],"replies":[{"embeddable":true,"href":"https:\/\/www.beta-machine.com\/es\/wp-json\/wp\/v2\/comments?post=536"}],"wp:featuredmedia":[{"embeddable":true,"href":"https:\/\/www.beta-machine.com\/es\/wp-json\/wp\/v2\/media\/546"}],"wp:attachment":[{"href":"https:\/\/www.beta-machine.com\/es\/wp-json\/wp\/v2\/media?parent=536"}],"wp:term":[{"taxonomy":"product_brand","embeddable":true,"href":"https:\/\/www.beta-machine.com\/es\/wp-json\/wp\/v2\/product_brand?post=536"},{"taxonomy":"product_cat","embeddable":true,"href":"https:\/\/www.beta-machine.com\/es\/wp-json\/wp\/v2\/product_cat?post=536"},{"taxonomy":"product_tag","embeddable":true,"href":"https:\/\/www.beta-machine.com\/es\/wp-json\/wp\/v2\/product_tag?post=536"}],"curies":[{"name":"wp","href":"https:\/\/api.w.org\/{rel}","templated":true}]}}