{"id":547,"date":"2025-10-31T08:20:21","date_gmt":"2025-10-31T08:20:21","guid":{"rendered":"https:\/\/beta-machine.com\/?post_type=product&#038;p=547"},"modified":"2025-10-31T08:46:58","modified_gmt":"2025-10-31T08:46:58","slug":"5-gallon-19-liter-bottle-water-cap-making-machine-injection-molding-machine","status":"publish","type":"product","link":"https:\/\/www.beta-machine.com\/es\/5-gallon-19-liter-bottle-water-cap-making-machine-injection-molding-machine-pd703457088\/","title":{"rendered":"M\u00e1quina de moldeo por inyecci\u00f3n para fabricaci\u00f3n de tapas de botellas de agua de 5 galones (19 litros)"},"content":{"rendered":"<p><strong>M\u00e1quina de moldeo por inyecci\u00f3n para fabricaci\u00f3n de tapas de botellas de agua de 5 galones (19 litros)<\/strong><\/p>\n<p>Las m\u00e1quinas de moldeo por inyecci\u00f3n hidr\u00e1ulicas tienen una larga vida \u00fatil, una gran distancia de accionamiento y un bajo costo de mantenimiento. Este tipo de m\u00e1quina contribuye a una reducci\u00f3n significativa del tiempo del ciclo de producci\u00f3n.<\/p>\n<div>\n<div><strong>Imagen detallada<\/strong><\/div>\n<div><img fetchpriority=\"high\" decoding=\"async\" class=\"alignnone size-full wp-image-533\" src=\"https:\/\/beta-machine.com\/wp-content\/uploads\/2025\/10\/High-response-oil-way.jpg\" alt=\"High response oil-way system\" width=\"629\" height=\"513\" srcset=\"https:\/\/www.beta-machine.com\/wp-content\/uploads\/2025\/10\/High-response-oil-way.jpg 629w, https:\/\/www.beta-machine.com\/wp-content\/uploads\/2025\/10\/High-response-oil-way-600x489.jpg 600w, https:\/\/www.beta-machine.com\/wp-content\/uploads\/2025\/10\/High-response-oil-way-300x245.jpg 300w\" sizes=\"(max-width: 629px) 100vw, 629px\" \/><\/div>\n<div>\n<p><strong>* Sistema de v\u00eda de aceite de alta respuesta<\/strong><\/p>\n<p>Un sistema hidr\u00e1ulico modular de alta eficiencia energ\u00e9tica mejora la velocidad de toda la m\u00e1quina y reduce el consumo de energ\u00eda.<\/p>\n<p><img decoding=\"async\" class=\"alignnone size-full wp-image-532\" src=\"https:\/\/beta-machine.com\/wp-content\/uploads\/2025\/10\/clamping-unit2-scaled.jpg\" alt=\"Clamping unit\" width=\"2560\" height=\"985\" srcset=\"https:\/\/www.beta-machine.com\/wp-content\/uploads\/2025\/10\/clamping-unit2-scaled.jpg 2560w, https:\/\/www.beta-machine.com\/wp-content\/uploads\/2025\/10\/clamping-unit2-scaled-600x231.jpg 600w, https:\/\/www.beta-machine.com\/wp-content\/uploads\/2025\/10\/clamping-unit2-300x115.jpg 300w, https:\/\/www.beta-machine.com\/wp-content\/uploads\/2025\/10\/clamping-unit2-1024x394.jpg 1024w, https:\/\/www.beta-machine.com\/wp-content\/uploads\/2025\/10\/clamping-unit2-768x296.jpg 768w, https:\/\/www.beta-machine.com\/wp-content\/uploads\/2025\/10\/clamping-unit2-1536x591.jpg 1536w, https:\/\/www.beta-machine.com\/wp-content\/uploads\/2025\/10\/clamping-unit2-2048x788.jpg 2048w\" sizes=\"(max-width: 2560px) 100vw, 2560px\" \/><\/p>\n<p><strong>* Unidad de cierre<\/strong><\/p>\n<p>La unidad de cierre de dos platos tiene un dise\u00f1o compacto que ahorra espacio. Adem\u00e1s, el dise\u00f1o perfecto sin fricci\u00f3n de las dos placas garantiza la mejor paralelismo de las plantillas y la protecci\u00f3n del molde m\u00e1s sensible mediante gu\u00edas lineales. Esto asegura la m\u00e1xima seguridad del usuario y calidad del producto.<\/p>\n<ul>\n<li>1. Biela alineada centralmente<\/li>\n<li>2. Sistema de lubricaci\u00f3n circulatorio de bucle cerrado<\/li>\n<li>3.  Amortiguador de apertura de molde<\/li>\n<li>4. Funci\u00f3n sensible de protecci\u00f3n del molde<\/li>\n<\/ul>\n<p><img decoding=\"async\" class=\"alignnone size-full wp-image-534\" src=\"https:\/\/beta-machine.com\/wp-content\/uploads\/2025\/10\/injection-unit-scaled.jpg\" alt=\"Injection Unit \" width=\"2560\" height=\"1133\" srcset=\"https:\/\/www.beta-machine.com\/wp-content\/uploads\/2025\/10\/injection-unit-scaled.jpg 2560w, https:\/\/www.beta-machine.com\/wp-content\/uploads\/2025\/10\/injection-unit-scaled-600x266.jpg 600w, https:\/\/www.beta-machine.com\/wp-content\/uploads\/2025\/10\/injection-unit-300x133.jpg 300w, https:\/\/www.beta-machine.com\/wp-content\/uploads\/2025\/10\/injection-unit-1024x453.jpg 1024w, https:\/\/www.beta-machine.com\/wp-content\/uploads\/2025\/10\/injection-unit-768x340.jpg 768w, https:\/\/www.beta-machine.com\/wp-content\/uploads\/2025\/10\/injection-unit-1536x680.jpg 1536w, https:\/\/www.beta-machine.com\/wp-content\/uploads\/2025\/10\/injection-unit-2048x906.jpg 2048w\" sizes=\"(max-width: 2560px) 100vw, 2560px\" \/><\/p>\n<p><strong>* Unidad de inyecci\u00f3n<\/strong><\/p>\n<p>1-Unidad de inyecci\u00f3n optimizada<\/p>\n<div>2-Conjunto eficiente de cilindro plastificante y tornillo<\/div>\n<div>3-El sistema BETA ofrece la m\u00e1xima flexibilidad<\/div>\n<div><\/div>\n<div><strong>Productos finales<\/strong><\/div>\n<div><img loading=\"lazy\" decoding=\"async\" class=\"alignnone size-full wp-image-552\" src=\"https:\/\/beta-machine.com\/wp-content\/uploads\/2025\/10\/cap1.jpg\" alt=\"5 Gallon 19 Liter Bottle Water Cap Making Machine Injection Molding Machine\" width=\"1987\" height=\"1110\" srcset=\"https:\/\/www.beta-machine.com\/wp-content\/uploads\/2025\/10\/cap1.jpg 1987w, https:\/\/www.beta-machine.com\/wp-content\/uploads\/2025\/10\/cap1-600x335.jpg 600w, https:\/\/www.beta-machine.com\/wp-content\/uploads\/2025\/10\/cap1-300x168.jpg 300w, https:\/\/www.beta-machine.com\/wp-content\/uploads\/2025\/10\/cap1-1024x572.jpg 1024w, https:\/\/www.beta-machine.com\/wp-content\/uploads\/2025\/10\/cap1-768x429.jpg 768w, https:\/\/www.beta-machine.com\/wp-content\/uploads\/2025\/10\/cap1-1536x858.jpg 1536w\" sizes=\"(max-width: 1987px) 100vw, 1987px\" \/><\/div>\n<p>&nbsp;<\/p>\n<\/div>\n<\/div>","protected":false},"excerpt":{"rendered":"<p>1* Aumenta el volumen de inyecci\u00f3n, que es m\u00e1s adecuado para la producci\u00f3n de productos multicavidad. Adaptado seg\u00fan diferentes requisitos, es m\u00e1s ventajoso para la producci\u00f3n de envases, productos de cavidad profunda y preformas de PET de alta velocidad.<br \/>\n2* El tornillo especial para PET aumenta significativamente la velocidad de fusi\u00f3n y el volumen de inyecci\u00f3n, reduce la temperatura de plastificaci\u00f3n, mejora eficazmente la contracci\u00f3n de la preforma y aumenta la transparencia.<br \/>\n3* Aumenta la fuerza del dedo expulsor y la carrera de eyecci\u00f3n, lo que lo hace m\u00e1s adecuado para el moldeado de preformas de PET de cavidad profunda.<\/p>","protected":false},"featured_media":553,"comment_status":"closed","ping_status":"closed","template":"","meta":{"_acf_changed":false},"product_brand":[],"product_cat":[31],"product_tag":[],"class_list":{"0":"post-547","1":"product","2":"type-product","3":"status-publish","4":"has-post-thumbnail","6":"product_cat-pet-preform-injection-molding-machine","8":"first","9":"instock","10":"shipping-taxable","11":"purchasable","12":"product-type-variable"},"acf":[],"_links":{"self":[{"href":"https:\/\/www.beta-machine.com\/es\/wp-json\/wp\/v2\/product\/547","targetHints":{"allow":["GET"]}}],"collection":[{"href":"https:\/\/www.beta-machine.com\/es\/wp-json\/wp\/v2\/product"}],"about":[{"href":"https:\/\/www.beta-machine.com\/es\/wp-json\/wp\/v2\/types\/product"}],"replies":[{"embeddable":true,"href":"https:\/\/www.beta-machine.com\/es\/wp-json\/wp\/v2\/comments?post=547"}],"wp:featuredmedia":[{"embeddable":true,"href":"https:\/\/www.beta-machine.com\/es\/wp-json\/wp\/v2\/media\/553"}],"wp:attachment":[{"href":"https:\/\/www.beta-machine.com\/es\/wp-json\/wp\/v2\/media?parent=547"}],"wp:term":[{"taxonomy":"product_brand","embeddable":true,"href":"https:\/\/www.beta-machine.com\/es\/wp-json\/wp\/v2\/product_brand?post=547"},{"taxonomy":"product_cat","embeddable":true,"href":"https:\/\/www.beta-machine.com\/es\/wp-json\/wp\/v2\/product_cat?post=547"},{"taxonomy":"product_tag","embeddable":true,"href":"https:\/\/www.beta-machine.com\/es\/wp-json\/wp\/v2\/product_tag?post=547"}],"curies":[{"name":"wp","href":"https:\/\/api.w.org\/{rel}","templated":true}]}}