{"id":554,"date":"2025-10-31T08:41:31","date_gmt":"2025-10-31T08:41:31","guid":{"rendered":"https:\/\/beta-machine.com\/?post_type=product&#038;p=554"},"modified":"2026-03-12T05:37:19","modified_gmt":"2026-03-12T05:37:19","slug":"plastic-pet-preform-making-machine-automatic-injection-molding-machine","status":"publish","type":"product","link":"https:\/\/www.beta-machine.com\/es\/plastic-pet-preform-making-machine-automatic-injection-molding-machine-pd767346088\/","title":{"rendered":"M\u00e1quina inyectora autom\u00e1tica para preformas de PET"},"content":{"rendered":"<p><strong>M\u00e1quina inyectora autom\u00e1tica para preformas de PET<\/strong><strong>Imagen detallada<\/strong><\/p>\n<div>\n<div><strong>Imagen detallada<\/strong><\/div>\n<div><img fetchpriority=\"high\" decoding=\"async\" class=\"alignnone size-full wp-image-533\" src=\"https:\/\/beta-machine.com\/wp-content\/uploads\/2025\/10\/High-response-oil-way.jpg\" alt=\"High response oil-way system\" width=\"629\" height=\"513\" srcset=\"https:\/\/www.beta-machine.com\/wp-content\/uploads\/2025\/10\/High-response-oil-way.jpg 629w, https:\/\/www.beta-machine.com\/wp-content\/uploads\/2025\/10\/High-response-oil-way-600x489.jpg 600w, https:\/\/www.beta-machine.com\/wp-content\/uploads\/2025\/10\/High-response-oil-way-300x245.jpg 300w\" sizes=\"(max-width: 629px) 100vw, 629px\" \/><\/div>\n<div>\n<p><strong>* Sistema de v\u00eda de aceite de alta respuesta<\/strong><\/p>\n<p>1* La utilizaci\u00f3n de un sistema hidr\u00e1ulico modular de ahorro energ\u00e9tico y alta respuesta mejora eficazmente la velocidad general de la m\u00e1quina, lo que resulta en una mayor productividad.<\/p>\n<p>2* Asimismo, este sistema est\u00e1 dise\u00f1ado para ahorrar energ\u00eda, reduciendo el consumo energ\u00e9tico durante el funcionamiento.<\/p>\n<p><img decoding=\"async\" class=\"alignnone size-full wp-image-532\" src=\"https:\/\/beta-machine.com\/wp-content\/uploads\/2025\/10\/clamping-unit2-scaled.jpg\" alt=\"Clamping unit\" width=\"2560\" height=\"985\" srcset=\"https:\/\/www.beta-machine.com\/wp-content\/uploads\/2025\/10\/clamping-unit2-scaled.jpg 2560w, https:\/\/www.beta-machine.com\/wp-content\/uploads\/2025\/10\/clamping-unit2-scaled-600x231.jpg 600w, https:\/\/www.beta-machine.com\/wp-content\/uploads\/2025\/10\/clamping-unit2-300x115.jpg 300w, https:\/\/www.beta-machine.com\/wp-content\/uploads\/2025\/10\/clamping-unit2-1024x394.jpg 1024w, https:\/\/www.beta-machine.com\/wp-content\/uploads\/2025\/10\/clamping-unit2-768x296.jpg 768w, https:\/\/www.beta-machine.com\/wp-content\/uploads\/2025\/10\/clamping-unit2-1536x591.jpg 1536w, https:\/\/www.beta-machine.com\/wp-content\/uploads\/2025\/10\/clamping-unit2-2048x788.jpg 2048w\" sizes=\"(max-width: 2560px) 100vw, 2560px\" \/><\/p>\n<p><strong>* Unidad de cierre<\/strong><\/p>\n<p>1* La biela de la unidad de cierre de dos platos est\u00e1 alineada centralmente, proporcionando un equilibrio y estabilidad \u00f3ptimos durante el funcionamiento.<\/p>\n<p>2* La unidad de cierre est\u00e1 equipada con un sistema de lubricaci\u00f3n circulatorio de bucle cerrado, garantizando un movimiento suave y eficiente de las dos placas.<\/p>\n<p>3* Se incorpora un amortiguador de apertura de molde en el dise\u00f1o, permitiendo una apertura controlada y suave, minimizando el riesgo de da\u00f1os.<\/p>\n<p>4* La unidad de cierre cuenta con una funci\u00f3n sensible de protecci\u00f3n del molde, utilizando gu\u00edas lineales para garantizar una protecci\u00f3n precisa y fiable del molde, mejorando la seguridad del usuario y la calidad del producto.<\/p>\n<p><img decoding=\"async\" class=\"alignnone size-full wp-image-534\" src=\"https:\/\/beta-machine.com\/wp-content\/uploads\/2025\/10\/injection-unit-scaled.jpg\" alt=\"Injection Unit \" width=\"2560\" height=\"1133\" srcset=\"https:\/\/www.beta-machine.com\/wp-content\/uploads\/2025\/10\/injection-unit-scaled.jpg 2560w, https:\/\/www.beta-machine.com\/wp-content\/uploads\/2025\/10\/injection-unit-scaled-600x266.jpg 600w, https:\/\/www.beta-machine.com\/wp-content\/uploads\/2025\/10\/injection-unit-300x133.jpg 300w, https:\/\/www.beta-machine.com\/wp-content\/uploads\/2025\/10\/injection-unit-1024x453.jpg 1024w, https:\/\/www.beta-machine.com\/wp-content\/uploads\/2025\/10\/injection-unit-768x340.jpg 768w, https:\/\/www.beta-machine.com\/wp-content\/uploads\/2025\/10\/injection-unit-1536x680.jpg 1536w, https:\/\/www.beta-machine.com\/wp-content\/uploads\/2025\/10\/injection-unit-2048x906.jpg 2048w\" sizes=\"(max-width: 2560px) 100vw, 2560px\" \/><\/p>\n<p><strong>* Unidad de inyecci\u00f3n<\/strong><\/p>\n<p>1* La unidad de inyecci\u00f3n est\u00e1 optimizada para ofrecer el mejor rendimiento y eficiencia.<\/p>\n<p>2* El conjunto del cilindro plastificante y el tornillo est\u00e1 dise\u00f1ado para ser altamente eficiente, garantizando una plastificaci\u00f3n \u00f3ptima del material.<\/p>\n<p>3* El sistema BETA ofrece una flexibilidad incomparable, permitiendo una f\u00e1cil personalizaci\u00f3n y adaptaci\u00f3n a diversos requisitos de producci\u00f3n.<\/p>\n<div><\/div>\n<div><strong>Productos finales<\/strong><\/div>\n<div><img loading=\"lazy\" decoding=\"async\" class=\"alignnone size-full wp-image-560\" src=\"https:\/\/beta-machine.com\/wp-content\/uploads\/2025\/10\/preform.jpg\" alt=\"\" width=\"1500\" height=\"568\" srcset=\"https:\/\/www.beta-machine.com\/wp-content\/uploads\/2025\/10\/preform.jpg 1500w, https:\/\/www.beta-machine.com\/wp-content\/uploads\/2025\/10\/preform-600x227.jpg 600w, https:\/\/www.beta-machine.com\/wp-content\/uploads\/2025\/10\/preform-300x114.jpg 300w, https:\/\/www.beta-machine.com\/wp-content\/uploads\/2025\/10\/preform-1024x388.jpg 1024w, https:\/\/www.beta-machine.com\/wp-content\/uploads\/2025\/10\/preform-768x291.jpg 768w\" sizes=\"(max-width: 1500px) 100vw, 1500px\" \/><\/div>\n<p>&nbsp;<\/p>\n<\/div>\n<\/div>","protected":false},"excerpt":{"rendered":"<p>Incrementa el volumen de inyecci\u00f3n, adapt\u00e1ndose a la producci\u00f3n de productos multicavidad. Personalizable seg\u00fan requisitos espec\u00edficos, ofrece ventajas adicionales para la fabricaci\u00f3n de envases, productos de cavidad profunda y preformas de PET de alta velocidad.<\/p>\n<p>El tornillo especial para PET acelera considerablemente la velocidad de fusi\u00f3n y el volumen de inyecci\u00f3n, reduciendo la temperatura de plastificaci\u00f3n. Esto mejora eficazmente la contracci\u00f3n y la transparencia de la preforma.<\/p>\n<p>Aumenta la fuerza del dedo expulsor y la carrera de eyecci\u00f3n, ideal para la moldeaje de preformas de PET de cavidad profunda.<\/p>","protected":false},"featured_media":559,"comment_status":"closed","ping_status":"closed","template":"","meta":{"_acf_changed":false},"product_brand":[],"product_cat":[31],"product_tag":[],"class_list":{"0":"post-554","1":"product","2":"type-product","3":"status-publish","4":"has-post-thumbnail","6":"product_cat-pet-preform-injection-molding-machine","8":"first","9":"instock","10":"shipping-taxable","11":"purchasable","12":"product-type-variable"},"acf":[],"_links":{"self":[{"href":"https:\/\/www.beta-machine.com\/es\/wp-json\/wp\/v2\/product\/554","targetHints":{"allow":["GET"]}}],"collection":[{"href":"https:\/\/www.beta-machine.com\/es\/wp-json\/wp\/v2\/product"}],"about":[{"href":"https:\/\/www.beta-machine.com\/es\/wp-json\/wp\/v2\/types\/product"}],"replies":[{"embeddable":true,"href":"https:\/\/www.beta-machine.com\/es\/wp-json\/wp\/v2\/comments?post=554"}],"wp:featuredmedia":[{"embeddable":true,"href":"https:\/\/www.beta-machine.com\/es\/wp-json\/wp\/v2\/media\/559"}],"wp:attachment":[{"href":"https:\/\/www.beta-machine.com\/es\/wp-json\/wp\/v2\/media?parent=554"}],"wp:term":[{"taxonomy":"product_brand","embeddable":true,"href":"https:\/\/www.beta-machine.com\/es\/wp-json\/wp\/v2\/product_brand?post=554"},{"taxonomy":"product_cat","embeddable":true,"href":"https:\/\/www.beta-machine.com\/es\/wp-json\/wp\/v2\/product_cat?post=554"},{"taxonomy":"product_tag","embeddable":true,"href":"https:\/\/www.beta-machine.com\/es\/wp-json\/wp\/v2\/product_tag?post=554"}],"curies":[{"name":"wp","href":"https:\/\/api.w.org\/{rel}","templated":true}]}}