{"id":562,"date":"2025-10-31T08:48:11","date_gmt":"2025-10-31T08:48:11","guid":{"rendered":"https:\/\/beta-machine.com\/?post_type=product&#038;p=562"},"modified":"2025-10-31T08:53:40","modified_gmt":"2025-10-31T08:53:40","slug":"machine-for-plastic-caps-for-bottles-automatic-injection-molding-machine","status":"publish","type":"product","link":"https:\/\/www.beta-machine.com\/es\/machine-for-plastic-caps-for-bottles-automatic-injection-molding-machine-pd722647088\/","title":{"rendered":"M\u00e1quina inyectora autom\u00e1tica para tapones pl\u00e1sticos de botellas"},"content":{"rendered":"<p><strong>M\u00e1quina inyectora autom\u00e1tica para tapones pl\u00e1sticos de botellas<\/strong><\/p>\n<div style=\"width: 800px;\" class=\"wp-video\"><video class=\"wp-video-shortcode\" id=\"video-562-1\" width=\"800\" height=\"1422\" preload=\"metadata\" controls=\"controls\"><source type=\"video\/mp4\" src=\"https:\/\/beta-machine.com\/wp-content\/uploads\/2025\/10\/jiBklKnijmi-jpipKBilmnRjiSrqpkjipnnpimr-1cb46752397646f68e2cf4f34ffcb28c.mp4?_=1\" \/><a href=\"https:\/\/beta-machine.com\/wp-content\/uploads\/2025\/10\/jiBklKnijmi-jpipKBilmnRjiSrqpkjipnnpimr-1cb46752397646f68e2cf4f34ffcb28c.mp4\">https:\/\/beta-machine.com\/wp-content\/uploads\/2025\/10\/jiBklKnijmi-jpipKBilmnRjiSrqpkjipnnpimr-1cb46752397646f68e2cf4f34ffcb28c.mp4<\/a><\/video><\/div>\n<p>La m\u00e1quina inyectora de preformas serie PET combina tecnolog\u00eda avanzada nacional y extranjera, con ventajas en ahorro de energ\u00eda, protecci\u00f3n ambiental, estabilidad, fiabilidad y alta precisi\u00f3n. Cuenta con una gama completa de especificaciones, adecuada para la producci\u00f3n de diversos preformas; es muy rentable y puede ofrecer a los clientes un mejor retorno de la inversi\u00f3n y una mejor experiencia de uso.<\/p>\n<p>Bienvenido a Proveedor Chino de M\u00e1quinas de Moldeo, un proveedor l\u00edder de m\u00e1quinas inyectoras de alta calidad. Nuestra m\u00e1quina inyectora autom\u00e1tica para tapones de botellas est\u00e1 dise\u00f1ada para producir eficientemente tapones pl\u00e1sticos para diversas industrias, incluidas bebidas, farmac\u00e9utica y cosm\u00e9tica. Esta m\u00e1quina combina tecnolog\u00eda avanzada con funciones f\u00e1ciles de usar para ofrecer alta precisi\u00f3n y productividad.<\/p>\n<p>&nbsp;<\/p>\n<h4><\/h4>\n<h2>Caracter\u00edsticas y Beneficios Clave<\/h2>\n<ol class=\"list-paddingleft-2\">\n<li>\n<div><strong>Alta eficiencia de producci\u00f3n<\/strong>: Capaz de producir una gran cantidad de tapones en poco tiempo, lo que la hace ideal para la producci\u00f3n a gran escala.<\/div>\n<\/li>\n<li>\n<div><strong>Precisi\u00f3n y consistencia<\/strong>: Garantiza la uniformidad en forma, tama\u00f1o y dise\u00f1o, obteniendo tapones de alta calidad con tolerancias ajustadas.<\/div>\n<\/li>\n<li>\n<div><strong>Versatilidad<\/strong>: Compatible con diversos materiales pl\u00e1sticos como polipropileno (PP), polietileno (PE) y polietileno tereftalato (PET) para satisfacer las diferentes necesidades del mercado.<\/div>\n<\/li>\n<li>\n<div><strong>Automatizaci\u00f3n<\/strong>: Se integra perfectamente en l\u00edneas de producci\u00f3n automatizadas, reduciendo costes laborales y aumentando la productividad total.<\/div>\n<\/li>\n<li>\n<div><strong>Econ\u00f3mica<\/strong>: Reduce los costos de producci\u00f3n mediante el uso eficiente de materiales y la reducci\u00f3n de residuos.<\/div>\n<\/li>\n<li>\n<div><strong>Control de proceso avanzado<\/strong>: La monitorizaci\u00f3n en tiempo real y el an\u00e1lisis de datos garantizan la estabilidad del proceso y la calidad constante del producto.<\/div>\n<\/li>\n<\/ol>\n<div>\n<div><strong>Imagen detallada<\/strong><\/div>\n<div><img fetchpriority=\"high\" decoding=\"async\" class=\"alignnone size-full wp-image-532\" src=\"https:\/\/beta-machine.com\/wp-content\/uploads\/2025\/10\/clamping-unit2-scaled.jpg\" alt=\"Clamping unit\" width=\"2560\" height=\"985\" srcset=\"https:\/\/www.beta-machine.com\/wp-content\/uploads\/2025\/10\/clamping-unit2-scaled.jpg 2560w, https:\/\/www.beta-machine.com\/wp-content\/uploads\/2025\/10\/clamping-unit2-scaled-600x231.jpg 600w, https:\/\/www.beta-machine.com\/wp-content\/uploads\/2025\/10\/clamping-unit2-300x115.jpg 300w, https:\/\/www.beta-machine.com\/wp-content\/uploads\/2025\/10\/clamping-unit2-1024x394.jpg 1024w, https:\/\/www.beta-machine.com\/wp-content\/uploads\/2025\/10\/clamping-unit2-768x296.jpg 768w, https:\/\/www.beta-machine.com\/wp-content\/uploads\/2025\/10\/clamping-unit2-1536x591.jpg 1536w, https:\/\/www.beta-machine.com\/wp-content\/uploads\/2025\/10\/clamping-unit2-2048x788.jpg 2048w\" sizes=\"(max-width: 2560px) 100vw, 2560px\" \/><\/div>\n<div>\n<p><strong>1. Unidad de cierre<\/strong><\/p>\n<div>\n<p>El dise\u00f1o compacto y eficiente en espacio de la unidad de cierre de dos placas se complementa con su funcionamiento sin fricci\u00f3n, garantizando la paralelismo \u00f3ptimo de las plantillas y la protecci\u00f3n precisa del molde mediante gu\u00edas lineales. Estas caracter\u00edsticas no solo aseguran la m\u00e1xima seguridad del cliente, sino que tambi\u00e9n mejoran la calidad del producto.<\/p>\n<p>1. La palanca de biela est\u00e1 alineada en el centro, favoreciendo una distribuci\u00f3n equilibrada de la fuerza.<\/p>\n<p>2. El sistema de lubricaci\u00f3n circulatorio de bucle cerrado garantiza una lubricaci\u00f3n eficiente y constante.<\/p>\n<p>3. Se incorpora un amortiguador para la apertura del molde, evitando movimientos bruscos y minimizando posibles da\u00f1os.<\/p>\n<p>4. El sistema incluye una funci\u00f3n sensible de protecci\u00f3n del molde, proporcionando una capa adicional de seguridad durante el funcionamiento.<\/p>\n<\/div>\n<p><img decoding=\"async\" class=\"alignnone size-full wp-image-534\" src=\"https:\/\/beta-machine.com\/wp-content\/uploads\/2025\/10\/injection-unit-scaled.jpg\" alt=\"Injection Unit \" width=\"2560\" height=\"1133\" srcset=\"https:\/\/www.beta-machine.com\/wp-content\/uploads\/2025\/10\/injection-unit-scaled.jpg 2560w, https:\/\/www.beta-machine.com\/wp-content\/uploads\/2025\/10\/injection-unit-scaled-600x266.jpg 600w, https:\/\/www.beta-machine.com\/wp-content\/uploads\/2025\/10\/injection-unit-300x133.jpg 300w, https:\/\/www.beta-machine.com\/wp-content\/uploads\/2025\/10\/injection-unit-1024x453.jpg 1024w, https:\/\/www.beta-machine.com\/wp-content\/uploads\/2025\/10\/injection-unit-768x340.jpg 768w, https:\/\/www.beta-machine.com\/wp-content\/uploads\/2025\/10\/injection-unit-1536x680.jpg 1536w, https:\/\/www.beta-machine.com\/wp-content\/uploads\/2025\/10\/injection-unit-2048x906.jpg 2048w\" sizes=\"(max-width: 2560px) 100vw, 2560px\" \/><\/p>\n<p><strong>2. Unidad de inyecci\u00f3n<\/strong><\/p>\n<p>1. La unidad de inyecci\u00f3n ha sido optimizada para maximizar el rendimiento y la eficiencia.<\/p>\n<p>2. El conjunto de barril plastificante y tornillo ha sido dise\u00f1ado para operar eficientemente, garantizando una plastificaci\u00f3n \u00f3ptima del material.<\/p>\n<p>3. El sistema BETA ofrece una flexibilidad sin precedentes, permitiendo una amplia gama de opciones de personalizaci\u00f3n para satisfacer necesidades de producci\u00f3n espec\u00edficas.<\/p>\n<div><\/div>\n<div><strong>Productos finales<\/strong><\/div>\n<div><img decoding=\"async\" class=\"alignnone size-full wp-image-507\" src=\"https:\/\/beta-machine.com\/wp-content\/uploads\/2025\/10\/2.jpg\" alt=\"\" width=\"2034\" height=\"584\" srcset=\"https:\/\/www.beta-machine.com\/wp-content\/uploads\/2025\/10\/2.jpg 2034w, https:\/\/www.beta-machine.com\/wp-content\/uploads\/2025\/10\/2-600x172.jpg 600w, https:\/\/www.beta-machine.com\/wp-content\/uploads\/2025\/10\/2-300x86.jpg 300w, https:\/\/www.beta-machine.com\/wp-content\/uploads\/2025\/10\/2-1024x294.jpg 1024w, https:\/\/www.beta-machine.com\/wp-content\/uploads\/2025\/10\/2-768x221.jpg 768w, https:\/\/www.beta-machine.com\/wp-content\/uploads\/2025\/10\/2-1536x441.jpg 1536w\" sizes=\"(max-width: 2034px) 100vw, 2034px\" \/><\/div>\n<div><\/div>\n<p><strong>3. Aplicaciones<\/strong><\/p>\n<div>Nuestra m\u00e1quina inyectora autom\u00e1tica para tapones y botellas es ampliamente utilizada en:<\/div>\n<ul class=\"list-paddingleft-2\">\n<li>\n<div><strong>Industria de bebidas<\/strong>: Para tapones de botellas de agua, botellas de zumo y bebidas carbonatadas.<\/div>\n<\/li>\n<li>\n<div><strong>Industria farmac\u00e9utica<\/strong>: Para tapones a prueba de ni\u00f1os y con evidencia de manipulaci\u00f3n.<\/div>\n<\/li>\n<li>\n<div><strong>Industria de alimentos<\/strong>: Para tapones de frascos de condimentos y productos l\u00e1cteos.<\/div>\n<\/li>\n<li>\n<div><strong>Industria cosm\u00e9tica<\/strong>: Para tapones de frascos de champ\u00fa y otros productos de cuidado personal.<\/div>\n<\/li>\n<\/ul>\n<\/div>\n<\/div>","protected":false},"excerpt":{"rendered":"<p>El volumen de inyecci\u00f3n ha sido aumentado para adaptarse a la producci\u00f3n de productos multicavidad. Se puede personalizar seg\u00fan requisitos espec\u00edficos, por lo que es ideal para la fabricaci\u00f3n de envases, productos de cavidad profunda y preformas de PET de alta velocidad.<\/p>\n<div>El tornillo especial para PET acelera considerablemente la velocidad de fusi\u00f3n y el volumen de inyecci\u00f3n, reduciendo al mismo tiempo la temperatura de plastificaci\u00f3n. Esto mejora eficazmente la contracci\u00f3n de la preforma y aumenta su transparencia.<\/div>\n<div>Se ha incrementado la fuerza del pasador y la carrera de eyecci\u00f3n, lo que lo hace m\u00e1s adecuado para la moldeaje de preformas PET de cavidad profunda.<\/div>","protected":false},"featured_media":571,"comment_status":"closed","ping_status":"closed","template":"","meta":{"_acf_changed":false},"product_brand":[],"product_cat":[31],"product_tag":[],"class_list":{"0":"post-562","1":"product","2":"type-product","3":"status-publish","4":"has-post-thumbnail","6":"product_cat-pet-preform-injection-molding-machine","8":"first","9":"instock","10":"shipping-taxable","11":"purchasable","12":"product-type-variable"},"acf":[],"_links":{"self":[{"href":"https:\/\/www.beta-machine.com\/es\/wp-json\/wp\/v2\/product\/562","targetHints":{"allow":["GET"]}}],"collection":[{"href":"https:\/\/www.beta-machine.com\/es\/wp-json\/wp\/v2\/product"}],"about":[{"href":"https:\/\/www.beta-machine.com\/es\/wp-json\/wp\/v2\/types\/product"}],"replies":[{"embeddable":true,"href":"https:\/\/www.beta-machine.com\/es\/wp-json\/wp\/v2\/comments?post=562"}],"wp:featuredmedia":[{"embeddable":true,"href":"https:\/\/www.beta-machine.com\/es\/wp-json\/wp\/v2\/media\/571"}],"wp:attachment":[{"href":"https:\/\/www.beta-machine.com\/es\/wp-json\/wp\/v2\/media?parent=562"}],"wp:term":[{"taxonomy":"product_brand","embeddable":true,"href":"https:\/\/www.beta-machine.com\/es\/wp-json\/wp\/v2\/product_brand?post=562"},{"taxonomy":"product_cat","embeddable":true,"href":"https:\/\/www.beta-machine.com\/es\/wp-json\/wp\/v2\/product_cat?post=562"},{"taxonomy":"product_tag","embeddable":true,"href":"https:\/\/www.beta-machine.com\/es\/wp-json\/wp\/v2\/product_tag?post=562"}],"curies":[{"name":"wp","href":"https:\/\/api.w.org\/{rel}","templated":true}]}}