{"id":572,"date":"2025-10-31T08:54:50","date_gmt":"2025-10-31T08:54:50","guid":{"rendered":"https:\/\/beta-machine.com\/?post_type=product&#038;p=572"},"modified":"2026-03-11T08:58:49","modified_gmt":"2026-03-11T08:58:49","slug":"injection-molding-machine-for-pet-preforms","status":"publish","type":"product","link":"https:\/\/www.beta-machine.com\/es\/injection-molding-machine-for-pet-preforms-pd770057088\/","title":{"rendered":"M\u00e1quina inyectora para preformas de PET"},"content":{"rendered":"<p><strong>M\u00e1quina inyectora para preformas de PET<\/strong><\/p>\n<div style=\"width: 800px;\" class=\"wp-video\"><video class=\"wp-video-shortcode\" id=\"video-572-1\" width=\"800\" height=\"1422\" preload=\"metadata\" controls=\"controls\"><source type=\"video\/mp4\" src=\"https:\/\/beta-machine.com\/wp-content\/uploads\/2025\/10\/jiBklKnijmi-jpipKBilmnRjiSrqpkjipnnpimr-1cb46752397646f68e2cf4f34ffcb28c.mp4?_=1\" \/><a href=\"https:\/\/beta-machine.com\/wp-content\/uploads\/2025\/10\/jiBklKnijmi-jpipKBilmnRjiSrqpkjipnnpimr-1cb46752397646f68e2cf4f34ffcb28c.mp4\">https:\/\/beta-machine.com\/wp-content\/uploads\/2025\/10\/jiBklKnijmi-jpipKBilmnRjiSrqpkjipnnpimr-1cb46752397646f68e2cf4f34ffcb28c.mp4<\/a><\/video><\/div>\n<div>\n<p>* El volumen de inyecci\u00f3n ha sido aumentado para facilitar la producci\u00f3n de productos multicavidad. Esta caracter\u00edstica se puede adaptar a requisitos espec\u00edficos, por lo que es ideal para la fabricaci\u00f3n de envases, preformas de PET de cavidad profunda y de alta velocidad.<\/p>\n<p>* El tornillo especial para PET aumenta significativamente la velocidad de fusi\u00f3n y el volumen de inyecci\u00f3n, reduciendo al mismo tiempo la temperatura de plastificaci\u00f3n. Esto mejora eficazmente la contracci\u00f3n de la preforma y aumenta su transparencia.<\/p>\n<p>* Se ha incrementado la fuerza del pasador y la carrera de eyecci\u00f3n, lo que lo hace m\u00e1s adecuado para el moldeo de preformas PET de cavidad profunda.<\/p>\n<p>* Bienvenido a Proveedor Chino de M\u00e1quinas de Moldeo, un proveedor l\u00edder de soluciones avanzadas de moldeo por inyecci\u00f3n. Nuestra M\u00e1quina Inyectora para Preformas de PET est\u00e1 dise\u00f1ada espec\u00edficamente para producir preformas de PET de alta calidad para aplicaciones en las industrias de bebidas, alimentos, farmac\u00e9utica y cosm\u00e9tica. Esta m\u00e1quina combina ingenier\u00eda de precisi\u00f3n, eficiencia energ\u00e9tica y sistemas de control avanzados para ofrecer resultados consistentes y de alta calidad.<\/p>\n<p>&nbsp;<\/p>\n<h4><\/h4>\n<h2>Caracter\u00edsticas y Beneficios Clave<\/h2>\n<ol class=\"list-paddingleft-2\">\n<li>\n<div><strong>Sistema de inyecci\u00f3n de alta velocidad y alta presi\u00f3n<\/strong><br \/>\nNuestras m\u00e1quinas inyectoras para preformas PET cuentan con sistemas de inyecci\u00f3n de alta velocidad y alta presi\u00f3n, garantizando un llenado r\u00e1pido y uniforme de la cavidad del molde. Este dise\u00f1o asegura dimensiones y calidad constantes en las preformas.<\/div>\n<\/li>\n<li>\n<div><strong>Sistemas avanzados de calefacci\u00f3n y refrigeraci\u00f3n<\/strong><br \/>\nEquipadas con sistemas avanzados de calefacci\u00f3n y refrigeraci\u00f3n, nuestras m\u00e1quinas mantienen temperaturas \u00f3ptimas durante todo el proceso de moldeo. Un control adecuado de la temperatura garantiza una distribuci\u00f3n uniforme del material y evita defectos en las preformas.<\/div>\n<\/li>\n<li>\n<div><strong>Dise\u00f1o eficiente energ\u00e9ticamente<\/strong><br \/>\nNuestras m\u00e1quinas est\u00e1n dise\u00f1adas con componentes de ahorro energ\u00e9tico, como motores servo y accionamientos de bomba variable, para minimizar el consumo de energ\u00eda y reducir los costes operativos.<\/div>\n<\/li>\n<li>\n<div><strong>Alta precisi\u00f3n y consistencia<\/strong><br \/>\nNuestras m\u00e1quinas proporcionan un moldeo de alta precisi\u00f3n, garantizando que cada preforma cumpla con estrictos est\u00e1ndares de calidad. Esta consistencia es crucial para el posterior proceso de soplado.<\/div>\n<\/li>\n<li>\n<div><strong>Interfaz f\u00e1cil de usar<\/strong><br \/>\nLas m\u00e1quinas cuentan con interfaces de usuario intuitivas que permiten a los operarios configurar par\u00e1metros, monitorizar el proceso y realizar ajustes seg\u00fan sea necesario.<\/div>\n<\/li>\n<li>\n<div><strong>Personalizaci\u00f3n y flexibilidad<\/strong><br \/>\nOfrecemos una variedad de opciones de personalizaci\u00f3n para adaptarnos a diversos dise\u00f1os y especificaciones de preformas, satisfaciendo los requisitos \u00fanicos de diferentes segmentos de mercado.<\/div>\n<\/li>\n<\/ol>\n<\/div>\n<div>\n<div><strong>Imagen detallada<\/strong><\/div>\n<div><img fetchpriority=\"high\" decoding=\"async\" class=\"alignnone size-full wp-image-533\" src=\"https:\/\/beta-machine.com\/wp-content\/uploads\/2025\/10\/High-response-oil-way.jpg\" alt=\"High response oil-way system\" width=\"629\" height=\"513\" srcset=\"https:\/\/www.beta-machine.com\/wp-content\/uploads\/2025\/10\/High-response-oil-way.jpg 629w, https:\/\/www.beta-machine.com\/wp-content\/uploads\/2025\/10\/High-response-oil-way-600x489.jpg 600w, https:\/\/www.beta-machine.com\/wp-content\/uploads\/2025\/10\/High-response-oil-way-300x245.jpg 300w\" sizes=\"(max-width: 629px) 100vw, 629px\" \/><\/div>\n<div>\n<p><strong>* Sistema de v\u00eda de aceite de alta respuesta<\/strong><\/p>\n<p>El sistema de v\u00eda de aceite modular, de ahorro energ\u00e9tico y alta respuesta, mejora la velocidad general de la m\u00e1quina y reduce el consumo de energ\u00eda.<\/p>\n<\/div>\n<div><img decoding=\"async\" class=\"alignnone size-full wp-image-532\" src=\"https:\/\/beta-machine.com\/wp-content\/uploads\/2025\/10\/clamping-unit2-scaled.jpg\" alt=\"Clamping unit\" width=\"2560\" height=\"985\" srcset=\"https:\/\/www.beta-machine.com\/wp-content\/uploads\/2025\/10\/clamping-unit2-scaled.jpg 2560w, https:\/\/www.beta-machine.com\/wp-content\/uploads\/2025\/10\/clamping-unit2-scaled-600x231.jpg 600w, https:\/\/www.beta-machine.com\/wp-content\/uploads\/2025\/10\/clamping-unit2-300x115.jpg 300w, https:\/\/www.beta-machine.com\/wp-content\/uploads\/2025\/10\/clamping-unit2-1024x394.jpg 1024w, https:\/\/www.beta-machine.com\/wp-content\/uploads\/2025\/10\/clamping-unit2-768x296.jpg 768w, https:\/\/www.beta-machine.com\/wp-content\/uploads\/2025\/10\/clamping-unit2-1536x591.jpg 1536w, https:\/\/www.beta-machine.com\/wp-content\/uploads\/2025\/10\/clamping-unit2-2048x788.jpg 2048w\" sizes=\"(max-width: 2560px) 100vw, 2560px\" \/><\/div>\n<div>\n<p><strong>* Unidad de cierre<\/strong><\/p>\n<div>\n<p>La unidad de cierre de dos placas tiene un dise\u00f1o compacto y ahorra espacio. Adem\u00e1s, las dos placas son completamente sin fricci\u00f3n, garantizando que las plantillas est\u00e9n paralelas y que los moldes est\u00e9n altamente protegidos mediante gu\u00edas lineales. Esto ofrece el m\u00e1ximo nivel de seguridad para los clientes y garantiza productos de la mejor calidad.Otras caracter\u00edsticas de esta unidad incluyen una palanca de biela alineada centralmente para garantizar un funcionamiento preciso, un sistema de lubricaci\u00f3n circulatorio de bucle cerrado, un amortiguador de apertura de molde para un funcionamiento suave y una funci\u00f3n de protecci\u00f3n de molde de alta sensibilidad.<\/p>\n<p>&nbsp;<\/p>\n<\/div>\n<p><img decoding=\"async\" class=\"alignnone size-full wp-image-534\" src=\"https:\/\/beta-machine.com\/wp-content\/uploads\/2025\/10\/injection-unit-scaled.jpg\" alt=\"Injection Unit \" width=\"2560\" height=\"1133\" srcset=\"https:\/\/www.beta-machine.com\/wp-content\/uploads\/2025\/10\/injection-unit-scaled.jpg 2560w, https:\/\/www.beta-machine.com\/wp-content\/uploads\/2025\/10\/injection-unit-scaled-600x266.jpg 600w, https:\/\/www.beta-machine.com\/wp-content\/uploads\/2025\/10\/injection-unit-300x133.jpg 300w, https:\/\/www.beta-machine.com\/wp-content\/uploads\/2025\/10\/injection-unit-1024x453.jpg 1024w, https:\/\/www.beta-machine.com\/wp-content\/uploads\/2025\/10\/injection-unit-768x340.jpg 768w, https:\/\/www.beta-machine.com\/wp-content\/uploads\/2025\/10\/injection-unit-1536x680.jpg 1536w, https:\/\/www.beta-machine.com\/wp-content\/uploads\/2025\/10\/injection-unit-2048x906.jpg 2048w\" sizes=\"(max-width: 2560px) 100vw, 2560px\" \/><\/p>\n<p><strong>* Unidad de inyecci\u00f3n<\/strong><\/p>\n<p>1. Unidad de inyecci\u00f3n optimizada<\/p>\n<p>2. Emplear un conjunto de barril y tornillo plastificante eficiente.<\/p>\n<p>3. El BETA ofrece una flexibilidad m\u00e1xima.<\/p>\n<p>&nbsp;<\/p>\n<h4>Aplicaciones<\/h4>\n<div>Nuestra m\u00e1quina inyectora para preformas PET es ampliamente utilizada en:<\/div>\n<ol class=\"list-paddingleft-2\">\n<li>\n<div><strong>Industria de bebidas<\/strong>Para la producci\u00f3n de preformas para botellas de agua, refrescos y zumos.<\/div>\n<\/li>\n<li>\n<div><strong>Envasado de alimentos<\/strong>: Para envases, bandejas y tapas que requieren alta transparencia y resistencia.<\/div>\n<\/li>\n<li>\n<div><strong>Envases cosm\u00e9ticos<\/strong>: Para el envasado de cremas, lociones y perfumes.<\/div>\n<\/li>\n<li>\n<div><strong>Envases farmac\u00e9uticos<\/strong>: Para la producci\u00f3n de preformas que cumplen estrictos est\u00e1ndares de grado m\u00e9dico.<\/div>\n<\/li>\n<li>\n<div><strong>Productos dom\u00e9sticos<\/strong>: Para envases de almacenamiento, utensilios de cocina y botellas de productos de limpieza.<\/div>\n<\/li>\n<\/ol>\n<h3>Preguntas frecuentes<\/h3>\n<div><strong>P1: \u00bfCu\u00e1les son las principales ventajas de usar m\u00e1quinas inyectoras para preformas PET?<\/strong><\/div>\n<div>\n<div>R: Estas m\u00e1quinas ofrecen alta precisi\u00f3n, enfriamiento eficiente, ahorro de energ\u00eda, interfaces f\u00e1ciles de usar y versatilidad en el dise\u00f1o de preformas.<\/div>\n<div><strong>P2: \u00bfEn qu\u00e9 benefician los sistemas avanzados de calefacci\u00f3n y refrigeraci\u00f3n al proceso de moldeo?<\/strong><br \/>\nR: Aseguran una distribuci\u00f3n uniforme del material y previenen defectos, reduciendo los ciclos de producci\u00f3n y mejorando la calidad del producto.<\/div>\n<div><strong>P3: \u00bfSe puede personalizar la m\u00e1quina para dise\u00f1os de preformas espec\u00edficos?<\/strong><br \/>\nR: S\u00ed, nuestras m\u00e1quinas ofrecen opciones de personalizaci\u00f3n para satisfacer diversas necesidades del mercado.<\/div>\n<div><strong>P4: \u00bfQu\u00e9 industrias utilizan com\u00fanmente m\u00e1quinas inyectoras para preformas PET?<\/strong><br \/>\nR: Las industrias de bebidas, alimentos, cosm\u00e9tica, farmac\u00e9utica y productos dom\u00e9sticos.<\/div>\n<div><strong>P5: \u00bfC\u00f3mo contribuye el dise\u00f1o eficiente energ\u00e9ticamente a la sostenibilidad?<\/strong><br \/>\nR: Las m\u00e1quinas utilizan motores servo y accionamientos de bomba variable para minimizar el consumo de energ\u00eda, contribuyendo a un entorno de fabricaci\u00f3n m\u00e1s ecol\u00f3gico.<\/div>\n<div>Para m\u00e1s informaci\u00f3n o solicitar un presupuesto, cont\u00e1ctenos hoy. Estamos comprometidos a proporcionar soluciones avanzadas y fiables para sus necesidades de fabricaci\u00f3n.<\/div>\n<\/div>\n<\/div>\n<\/div>","protected":false},"excerpt":{"rendered":"<p>El volumen de inyecci\u00f3n ha sido aumentado para adaptarse a la producci\u00f3n de productos multicavidad. Se puede personalizar seg\u00fan requisitos espec\u00edficos, por lo que es ideal para la fabricaci\u00f3n de envases, productos de cavidad profunda y preformas de PET de alta velocidad.<\/p>\n<div>El tornillo especial para PET acelera considerablemente la velocidad de fusi\u00f3n y el volumen de inyecci\u00f3n, reduciendo al mismo tiempo la temperatura de plastificaci\u00f3n. Esto mejora eficazmente la contracci\u00f3n de la preforma y aumenta su transparencia.<\/div>\n<div>Se ha incrementado la fuerza del pasador y la carrera de eyecci\u00f3n, lo que lo hace m\u00e1s adecuado para la moldeaje de preformas PET de cavidad profunda.<\/div>","protected":false},"featured_media":577,"comment_status":"closed","ping_status":"closed","template":"","meta":{"_acf_changed":false},"product_brand":[],"product_cat":[31],"product_tag":[],"class_list":{"0":"post-572","1":"product","2":"type-product","3":"status-publish","4":"has-post-thumbnail","6":"product_cat-pet-preform-injection-molding-machine","8":"first","9":"instock","10":"shipping-taxable","11":"purchasable","12":"product-type-variable"},"acf":[],"_links":{"self":[{"href":"https:\/\/www.beta-machine.com\/es\/wp-json\/wp\/v2\/product\/572","targetHints":{"allow":["GET"]}}],"collection":[{"href":"https:\/\/www.beta-machine.com\/es\/wp-json\/wp\/v2\/product"}],"about":[{"href":"https:\/\/www.beta-machine.com\/es\/wp-json\/wp\/v2\/types\/product"}],"replies":[{"embeddable":true,"href":"https:\/\/www.beta-machine.com\/es\/wp-json\/wp\/v2\/comments?post=572"}],"wp:featuredmedia":[{"embeddable":true,"href":"https:\/\/www.beta-machine.com\/es\/wp-json\/wp\/v2\/media\/577"}],"wp:attachment":[{"href":"https:\/\/www.beta-machine.com\/es\/wp-json\/wp\/v2\/media?parent=572"}],"wp:term":[{"taxonomy":"product_brand","embeddable":true,"href":"https:\/\/www.beta-machine.com\/es\/wp-json\/wp\/v2\/product_brand?post=572"},{"taxonomy":"product_cat","embeddable":true,"href":"https:\/\/www.beta-machine.com\/es\/wp-json\/wp\/v2\/product_cat?post=572"},{"taxonomy":"product_tag","embeddable":true,"href":"https:\/\/www.beta-machine.com\/es\/wp-json\/wp\/v2\/product_tag?post=572"}],"curies":[{"name":"wp","href":"https:\/\/api.w.org\/{rel}","templated":true}]}}