{"id":588,"date":"2025-11-04T05:11:40","date_gmt":"2025-11-04T05:11:40","guid":{"rendered":"https:\/\/beta-machine.com\/?post_type=product&#038;p=588"},"modified":"2025-11-04T07:10:51","modified_gmt":"2025-11-04T07:10:51","slug":"high-speed-energy-saving-extrusion-blow-molding-for-20l-jerry-can-production","status":"publish","type":"product","link":"https:\/\/www.beta-machine.com\/es\/high-speed-energy-saving-extrusion-blow-molding-for-20l-jerry-can-production\/","title":{"rendered":"Soplador de extrusi\u00f3n de alta velocidad y ahorro de energ\u00eda para la producci\u00f3n de bidones de 20L"},"content":{"rendered":"<p>Esta m\u00e1quina de extrusi\u00f3n-soplado est\u00e1 dise\u00f1ada espec\u00edficamente para la producci\u00f3n de diversos tipos de envases pl\u00e1sticos huecos. Estos envases se utilizan habitualmente para almacenar una amplia gama de art\u00edculos, entre ellos alimentos, juguetes, bebidas, productos farmac\u00e9uticos, productos qu\u00edmicos, plaguicidas y detergentes. La m\u00e1quina es capaz de fabricar envases con capacidades que van desde 5 L hasta 30 L, utilizando materiales como PE, PP y PVC.<\/p>\n<div style=\"width: 800px;\" class=\"wp-video\"><video class=\"wp-video-shortcode\" id=\"video-588-1\" width=\"800\" height=\"450\" preload=\"metadata\" controls=\"controls\"><source type=\"video\/mp4\" src=\"https:\/\/beta-machine.com\/wp-content\/uploads\/2025\/11\/lmQOocUt1ICrPhAfGYsBRGBygf7h.mp4?_=1\" \/><a href=\"https:\/\/beta-machine.com\/wp-content\/uploads\/2025\/11\/lmQOocUt1ICrPhAfGYsBRGBygf7h.mp4\">https:\/\/beta-machine.com\/wp-content\/uploads\/2025\/11\/lmQOocUt1ICrPhAfGYsBRGBygf7h.mp4<\/a><\/video><\/div>\n<p>Algunos ejemplos de productos que se pueden fabricar con esta m\u00e1quina incluyen botellas de agua, botellas de leche, botellas m\u00e9dicas, botellas de aceite, pelotas pl\u00e1sticas, botellas de lubricante y envases pl\u00e1sticos.<\/p>\n<p>Una de las principales ventajas de estas m\u00e1quinas es su rentabilidad, ya que requieren una inversi\u00f3n inicial relativamente baja. Adem\u00e1s, ofrecen una alta eficiencia de producci\u00f3n, lo que permite un funcionamiento r\u00e1pido y seguro. La resoluci\u00f3n de problemas y el mantenimiento tambi\u00e9n se simplifican, lo que resulta en un tiempo de inactividad m\u00ednimo. En general, estas m\u00e1quinas proporcionan numerosos beneficios para los fabricantes en la industria de envases pl\u00e1sticos.<\/p>\n<h3>Informaci\u00f3n de componentes<\/h3>\n<p><img fetchpriority=\"high\" decoding=\"async\" class=\"alignnone wp-image-591 size-full\" src=\"https:\/\/beta-machine.com\/wp-content\/uploads\/2025\/11\/1-3.jpg\" alt=\"Extrusion System\" width=\"1000\" height=\"1000\" srcset=\"https:\/\/www.beta-machine.com\/wp-content\/uploads\/2025\/11\/1-3.jpg 1000w, https:\/\/www.beta-machine.com\/wp-content\/uploads\/2025\/11\/1-3-300x300.jpg 300w, https:\/\/www.beta-machine.com\/wp-content\/uploads\/2025\/11\/1-3-100x100.jpg 100w, https:\/\/www.beta-machine.com\/wp-content\/uploads\/2025\/11\/1-3-600x600.jpg 600w, https:\/\/www.beta-machine.com\/wp-content\/uploads\/2025\/11\/1-3-150x150.jpg 150w, https:\/\/www.beta-machine.com\/wp-content\/uploads\/2025\/11\/1-3-768x768.jpg 768w\" sizes=\"(max-width: 1000px) 100vw, 1000px\" \/><\/p>\n<h3>Sistema de extrusi\u00f3n<\/h3>\n<p>El tornillo y el cilindro bimet\u00e1licos de nuestra m\u00e1quina de inyecci\u00f3n est\u00e1n dise\u00f1ados para tener una alta dureza, garantizando un excelente rendimiento de plastificaci\u00f3n y una vida \u00fatil m\u00e1s larga. Nuestra m\u00e1quina tambi\u00e9n cuenta con una caja de engranajes, motor e inversor de alta calidad, que contribuyen a su rendimiento general y durabilidad.<\/p>\n<p>Adem\u00e1s, hemos dise\u00f1ado una banda calefactora especial que maximiza la eficiencia y minimiza el consumo de energ\u00eda, mejorando a\u00fan m\u00e1s la capacidad de ahorro energ\u00e9tico de nuestra m\u00e1quina.<\/p>\n<p><img decoding=\"async\" class=\"alignnone wp-image-594 size-full\" src=\"https:\/\/beta-machine.com\/wp-content\/uploads\/2025\/11\/9.jpg\" alt=\"Clamping Unit &amp; Die Head\" width=\"1000\" height=\"1000\" srcset=\"https:\/\/www.beta-machine.com\/wp-content\/uploads\/2025\/11\/9.jpg 1000w, https:\/\/www.beta-machine.com\/wp-content\/uploads\/2025\/11\/9-300x300.jpg 300w, https:\/\/www.beta-machine.com\/wp-content\/uploads\/2025\/11\/9-100x100.jpg 100w, https:\/\/www.beta-machine.com\/wp-content\/uploads\/2025\/11\/9-600x600.jpg 600w, https:\/\/www.beta-machine.com\/wp-content\/uploads\/2025\/11\/9-150x150.jpg 150w, https:\/\/www.beta-machine.com\/wp-content\/uploads\/2025\/11\/9-768x768.jpg 768w\" sizes=\"(max-width: 1000px) 100vw, 1000px\" \/><\/p>\n<p>&nbsp;<\/p>\n<h3>Unidad de Cierre &amp; Cabezal de Matriz<\/h3>\n<p>Nuestra m\u00e1quina cuenta con una fuerza de cierre excepcional, que garantiza un cierre seguro y herm\u00e9tico de los moldes de soplado, lo que resulta en un acabado superficial superior de los productos terminados.<\/p>\n<p>Priorizamos la seguridad de los operarios y hemos incorporado dispositivos de protecci\u00f3n de seguridad en la m\u00e1quina.<\/p>\n<p>Adem\u00e1s, utilizamos materiales de alta calidad para el cabezal de matriz, garantizando un rendimiento \u00f3ptimo y una larga vida \u00fatil.<\/p>\n<p><img decoding=\"async\" class=\"alignnone wp-image-595 size-full\" src=\"https:\/\/beta-machine.com\/wp-content\/uploads\/2025\/11\/Hydraulic-System.jpg\" alt=\"Hydraulic System\" width=\"1000\" height=\"1000\" srcset=\"https:\/\/www.beta-machine.com\/wp-content\/uploads\/2025\/11\/Hydraulic-System.jpg 1000w, https:\/\/www.beta-machine.com\/wp-content\/uploads\/2025\/11\/Hydraulic-System-300x300.jpg 300w, https:\/\/www.beta-machine.com\/wp-content\/uploads\/2025\/11\/Hydraulic-System-100x100.jpg 100w, https:\/\/www.beta-machine.com\/wp-content\/uploads\/2025\/11\/Hydraulic-System-600x600.jpg 600w, https:\/\/www.beta-machine.com\/wp-content\/uploads\/2025\/11\/Hydraulic-System-150x150.jpg 150w, https:\/\/www.beta-machine.com\/wp-content\/uploads\/2025\/11\/Hydraulic-System-768x768.jpg 768w\" sizes=\"(max-width: 1000px) 100vw, 1000px\" \/><\/p>\n<p>&nbsp;<\/p>\n<h3>Sistema hidr\u00e1ulico<\/h3>\n<p>Hemos incorporado v\u00e1lvulas hidr\u00e1ulicas de reconocidas marcas japonesas y taiwanesas en nuestra m\u00e1quina, conocidas por su excepcional calidad y fiabilidad. Estas v\u00e1lvulas permiten el control proporcional de la presi\u00f3n y el caudal de la m\u00e1quina, permitiendo un movimiento preciso y exacto. Esto garantiza que cada operaci\u00f3n se realice con la m\u00e1xima precisi\u00f3n, dando como resultado una producci\u00f3n de alta calidad.<\/p>\n<p><img loading=\"lazy\" decoding=\"async\" class=\"alignnone wp-image-596 size-full\" src=\"https:\/\/beta-machine.com\/wp-content\/uploads\/2025\/11\/servo-motor.jpg\" alt=\"Servo Motor\" width=\"1000\" height=\"1000\" srcset=\"https:\/\/www.beta-machine.com\/wp-content\/uploads\/2025\/11\/servo-motor.jpg 1000w, https:\/\/www.beta-machine.com\/wp-content\/uploads\/2025\/11\/servo-motor-300x300.jpg 300w, https:\/\/www.beta-machine.com\/wp-content\/uploads\/2025\/11\/servo-motor-100x100.jpg 100w, https:\/\/www.beta-machine.com\/wp-content\/uploads\/2025\/11\/servo-motor-600x600.jpg 600w, https:\/\/www.beta-machine.com\/wp-content\/uploads\/2025\/11\/servo-motor-150x150.jpg 150w, https:\/\/www.beta-machine.com\/wp-content\/uploads\/2025\/11\/servo-motor-768x768.jpg 768w\" sizes=\"(max-width: 1000px) 100vw, 1000px\" \/><\/p>\n<p>&nbsp;<\/p>\n<h3>Motor servo<\/h3>\n<p>Mediante la utilizaci\u00f3n de motores y bombas servo de alta eficiencia, nuestra maquinaria ofrece un importante ahorro de consumo de energ\u00eda de hasta el 40% \u2013 50%. Esto se traduce en una reducci\u00f3n de los costos de fabricaci\u00f3n para su f\u00e1brica. Adem\u00e1s, la adopci\u00f3n de estos componentes avanzados garantiza un bajo nivel de ruido y condiciones de trabajo estables, mejorando la productividad y eficiencia general de sus operaciones.<\/p>\n<p>&nbsp;<\/p>\n<p>&nbsp;<\/p>","protected":false},"excerpt":{"rendered":"<p>This extrusion blow molding\/moulding machine is specifically designed for the production of various types of hollow plastic containers. These containers are commonly used for storing a wide range of items, including food, toys, beverages, medicines, chemical products, pesticides, and detergents. The machine is capable of manufacturing containers with capacities ranging from 5L to 30L, using [&hellip;]<\/p>\n","protected":false},"featured_media":593,"comment_status":"closed","ping_status":"closed","template":"","meta":{"_acf_changed":false},"product_brand":[],"product_cat":[30],"product_tag":[],"class_list":{"0":"post-588","1":"product","2":"type-product","3":"status-publish","4":"has-post-thumbnail","6":"product_cat-energy-saving-blow-molding-machine","8":"first","9":"instock","10":"shipping-taxable","11":"purchasable","12":"product-type-variable"},"acf":[],"_links":{"self":[{"href":"https:\/\/www.beta-machine.com\/es\/wp-json\/wp\/v2\/product\/588","targetHints":{"allow":["GET"]}}],"collection":[{"href":"https:\/\/www.beta-machine.com\/es\/wp-json\/wp\/v2\/product"}],"about":[{"href":"https:\/\/www.beta-machine.com\/es\/wp-json\/wp\/v2\/types\/product"}],"replies":[{"embeddable":true,"href":"https:\/\/www.beta-machine.com\/es\/wp-json\/wp\/v2\/comments?post=588"}],"wp:featuredmedia":[{"embeddable":true,"href":"https:\/\/www.beta-machine.com\/es\/wp-json\/wp\/v2\/media\/593"}],"wp:attachment":[{"href":"https:\/\/www.beta-machine.com\/es\/wp-json\/wp\/v2\/media?parent=588"}],"wp:term":[{"taxonomy":"product_brand","embeddable":true,"href":"https:\/\/www.beta-machine.com\/es\/wp-json\/wp\/v2\/product_brand?post=588"},{"taxonomy":"product_cat","embeddable":true,"href":"https:\/\/www.beta-machine.com\/es\/wp-json\/wp\/v2\/product_cat?post=588"},{"taxonomy":"product_tag","embeddable":true,"href":"https:\/\/www.beta-machine.com\/es\/wp-json\/wp\/v2\/product_tag?post=588"}],"curies":[{"name":"wp","href":"https:\/\/api.w.org\/{rel}","templated":true}]}}