{"id":598,"date":"2025-11-04T05:13:08","date_gmt":"2025-11-04T05:13:08","guid":{"rendered":"https:\/\/beta-machine.com\/?post_type=product&#038;p=598"},"modified":"2026-03-11T07:49:20","modified_gmt":"2026-03-11T07:49:20","slug":"double-station-blow-molding-machine-2","status":"publish","type":"product","link":"https:\/\/www.beta-machine.com\/es\/double-station-blow-molding-machine-2\/","title":{"rendered":"M\u00e1quina moldeadora por soplado de doble estaci\u00f3n"},"content":{"rendered":"<p>Esta m\u00e1quina sopladora de extrusi\u00f3n est\u00e1 dise\u00f1ada espec\u00edficamente para fabricar una amplia gama de envases huecos de pl\u00e1stico.<\/p>\n<p>Estos productos se utilizan en aplicaciones como almacenamiento de alimentos, juguetes, bebidas, medicamentos, productos qu\u00edmicos, plaguicidas y detergentes.<\/p>\n<p>Capaz de producir envases con capacidades desde 5L hasta 30L, utilizando materiales como PE, PP y PVC.Productos t\u00edpicos: botellas de agua, botellas de leche, frascos m\u00e9dicos, botellas de aceite, pelotas pl\u00e1sticas, botellas de lubricante y otros envases pl\u00e1sticos.<\/p>\n<p>La m\u00e1quina ofrece varias ventajas, como rentabilidad y baja inversi\u00f3n inicial. Garantiza alta eficiencia productiva, permite una operaci\u00f3n r\u00e1pida y segura, y cuenta con f\u00e1cil resoluci\u00f3n de problemas y mantenimiento para minimizar el tiempo de inactividad.<\/p>\n<p>En general, este equipo proporciona beneficios significativos a los fabricantes en la industria de envases pl\u00e1sticos.<\/p>","protected":false},"excerpt":{"rendered":"<p>This extrusion blow molding machine is specifically designed to manufacture a wide range of hollow plastic containers. These products are used for applications such as food storage, toys, beverages, medicines, chemical products, pesticides, and detergents. It is capable of producing containers with capacities ranging from 5L to 30L, using materials including PE, PP, and PVC. [&hellip;]<\/p>\n","protected":false},"featured_media":599,"comment_status":"closed","ping_status":"closed","template":"","meta":{"_acf_changed":false},"product_brand":[],"product_cat":[29],"product_tag":[43],"class_list":{"0":"post-598","1":"product","2":"type-product","3":"status-publish","4":"has-post-thumbnail","6":"product_cat-double-station-blow-molding-machine","7":"product_tag-single","9":"first","10":"instock","11":"shipping-taxable","12":"purchasable","13":"product-type-simple"},"acf":[],"_links":{"self":[{"href":"https:\/\/www.beta-machine.com\/es\/wp-json\/wp\/v2\/product\/598","targetHints":{"allow":["GET"]}}],"collection":[{"href":"https:\/\/www.beta-machine.com\/es\/wp-json\/wp\/v2\/product"}],"about":[{"href":"https:\/\/www.beta-machine.com\/es\/wp-json\/wp\/v2\/types\/product"}],"replies":[{"embeddable":true,"href":"https:\/\/www.beta-machine.com\/es\/wp-json\/wp\/v2\/comments?post=598"}],"wp:featuredmedia":[{"embeddable":true,"href":"https:\/\/www.beta-machine.com\/es\/wp-json\/wp\/v2\/media\/599"}],"wp:attachment":[{"href":"https:\/\/www.beta-machine.com\/es\/wp-json\/wp\/v2\/media?parent=598"}],"wp:term":[{"taxonomy":"product_brand","embeddable":true,"href":"https:\/\/www.beta-machine.com\/es\/wp-json\/wp\/v2\/product_brand?post=598"},{"taxonomy":"product_cat","embeddable":true,"href":"https:\/\/www.beta-machine.com\/es\/wp-json\/wp\/v2\/product_cat?post=598"},{"taxonomy":"product_tag","embeddable":true,"href":"https:\/\/www.beta-machine.com\/es\/wp-json\/wp\/v2\/product_tag?post=598"}],"curies":[{"name":"wp","href":"https:\/\/api.w.org\/{rel}","templated":true}]}}