{"id":638,"date":"2025-11-04T07:19:31","date_gmt":"2025-11-04T07:19:31","guid":{"rendered":"https:\/\/beta-machine.com\/?post_type=product&#038;p=638"},"modified":"2025-11-04T07:19:31","modified_gmt":"2025-11-04T07:19:31","slug":"continuous-extrusion-blow-molding-machine-with-double-station-for-5-30l-plastic-products","status":"publish","type":"product","link":"https:\/\/www.beta-machine.com\/es\/continuous-extrusion-blow-molding-machine-with-double-station-for-5-30l-plastic-products\/","title":{"rendered":"M\u00e1quina sopladora de extrusi\u00f3n continua con doble estaci\u00f3n para productos pl\u00e1sticos de 5-30L"},"content":{"rendered":"<p><strong>M\u00e1quina sopladora de extrusi\u00f3n continua con doble estaci\u00f3n para productos pl\u00e1sticos de 5-30L<\/strong><\/p>\n<p>&nbsp;<\/p>\n<div>\n<div>\n<p>Esta m\u00e1quina sopladora de extrusi\u00f3n est\u00e1 dise\u00f1ada para fabricar diversos tipos de envases huecos de pl\u00e1stico utilizados para almacenar alimentos, juguetes, bebidas, medicamentos, productos qu\u00edmicos, plaguicidas, detergentes, etc. Puede producir envases de 5L a 30L utilizando materiales como PE, PP y PVC. Ejemplos de productos fabricables: botellas de agua, botellas de leche, botellas m\u00e9dicas, botellas de aceite, pelotas pl\u00e1sticas, botellas de lubricante y envases pl\u00e1sticos.<\/p>\n<\/div>\n<\/div>\n<div style=\"width: 800px;\" class=\"wp-video\"><video class=\"wp-video-shortcode\" id=\"video-638-1\" width=\"800\" height=\"450\" preload=\"metadata\" controls=\"controls\"><source type=\"video\/mp4\" src=\"https:\/\/beta-machine.com\/wp-content\/uploads\/2025\/11\/lmQOocUt1ICrPhAfGYsBRGBygf7h.mp4?_=1\" \/><a href=\"https:\/\/beta-machine.com\/wp-content\/uploads\/2025\/11\/lmQOocUt1ICrPhAfGYsBRGBygf7h.mp4\">https:\/\/beta-machine.com\/wp-content\/uploads\/2025\/11\/lmQOocUt1ICrPhAfGYsBRGBygf7h.mp4<\/a><\/video><\/div>\n<p><strong>Descripci\u00f3n<\/strong><\/p>\n<p><img fetchpriority=\"high\" decoding=\"async\" class=\"alignnone size-full wp-image-591\" src=\"https:\/\/beta-machine.com\/wp-content\/uploads\/2025\/11\/1-3.jpg\" alt=\"Extrusion System\" width=\"1000\" height=\"1000\" srcset=\"https:\/\/www.beta-machine.com\/wp-content\/uploads\/2025\/11\/1-3.jpg 1000w, https:\/\/www.beta-machine.com\/wp-content\/uploads\/2025\/11\/1-3-300x300.jpg 300w, https:\/\/www.beta-machine.com\/wp-content\/uploads\/2025\/11\/1-3-100x100.jpg 100w, https:\/\/www.beta-machine.com\/wp-content\/uploads\/2025\/11\/1-3-600x600.jpg 600w, https:\/\/www.beta-machine.com\/wp-content\/uploads\/2025\/11\/1-3-150x150.jpg 150w, https:\/\/www.beta-machine.com\/wp-content\/uploads\/2025\/11\/1-3-768x768.jpg 768w\" sizes=\"(max-width: 1000px) 100vw, 1000px\" \/><\/p>\n<h3>Sistema de extrusi\u00f3n<\/h3>\n<p>* Tornillo y cilindro bimet\u00e1licos de alta dureza para una alta plastificaci\u00f3n y mayor vida \u00fatil. Caja de engranajes, motor e inversor de alta calidad.<br \/>\n* Banda calefactora de dise\u00f1o especial, alta eficiencia y bajo consumo de energ\u00eda.<\/p>\n<p><img decoding=\"async\" class=\"alignnone wp-image-594 size-full\" src=\"https:\/\/beta-machine.com\/wp-content\/uploads\/2025\/11\/9.jpg\" alt=\"Clamping Unite&amp;Die head\" width=\"1000\" height=\"1000\" srcset=\"https:\/\/www.beta-machine.com\/wp-content\/uploads\/2025\/11\/9.jpg 1000w, https:\/\/www.beta-machine.com\/wp-content\/uploads\/2025\/11\/9-300x300.jpg 300w, https:\/\/www.beta-machine.com\/wp-content\/uploads\/2025\/11\/9-100x100.jpg 100w, https:\/\/www.beta-machine.com\/wp-content\/uploads\/2025\/11\/9-600x600.jpg 600w, https:\/\/www.beta-machine.com\/wp-content\/uploads\/2025\/11\/9-150x150.jpg 150w, https:\/\/www.beta-machine.com\/wp-content\/uploads\/2025\/11\/9-768x768.jpg 768w\" sizes=\"(max-width: 1000px) 100vw, 1000px\" \/><\/p>\n<h3>Unidad de cierre &amp; Cabezal de matriz<\/h3>\n<p>* Fuerza de cierre de la m\u00e1quina extremadamente fuerte, asegura un cierre herm\u00e9tico de los moldes de soplado, para una mejor superficie de los productos terminados.<\/p>\n<div>* Dispositivo de protecci\u00f3n de seguridad para el operador.<br \/>\n* Buena materia utilizada para la cabeza de matriz.<\/div>\n<p><img decoding=\"async\" class=\"alignnone wp-image-595 size-full\" src=\"https:\/\/beta-machine.com\/wp-content\/uploads\/2025\/11\/Hydraulic-System.jpg\" alt=\"Hydraulic System\" width=\"1000\" height=\"1000\" srcset=\"https:\/\/www.beta-machine.com\/wp-content\/uploads\/2025\/11\/Hydraulic-System.jpg 1000w, https:\/\/www.beta-machine.com\/wp-content\/uploads\/2025\/11\/Hydraulic-System-300x300.jpg 300w, https:\/\/www.beta-machine.com\/wp-content\/uploads\/2025\/11\/Hydraulic-System-100x100.jpg 100w, https:\/\/www.beta-machine.com\/wp-content\/uploads\/2025\/11\/Hydraulic-System-600x600.jpg 600w, https:\/\/www.beta-machine.com\/wp-content\/uploads\/2025\/11\/Hydraulic-System-150x150.jpg 150w, https:\/\/www.beta-machine.com\/wp-content\/uploads\/2025\/11\/Hydraulic-System-768x768.jpg 768w\" sizes=\"(max-width: 1000px) 100vw, 1000px\" \/><\/p>\n<h3>Sistema hidr\u00e1ulico<\/h3>\n<p>V\u00e1lvulas hidr\u00e1ulicas de marcas famosas Jap\u00f3n\/Taiw\u00e1n, control proporcional de la presi\u00f3n y el caudal de la m\u00e1quina, para un movimiento preciso.<\/p>\n<p><img loading=\"lazy\" decoding=\"async\" class=\"alignnone wp-image-596 size-full\" src=\"https:\/\/beta-machine.com\/wp-content\/uploads\/2025\/11\/servo-motor.jpg\" alt=\"Servo Motor\" width=\"1000\" height=\"1000\" srcset=\"https:\/\/www.beta-machine.com\/wp-content\/uploads\/2025\/11\/servo-motor.jpg 1000w, https:\/\/www.beta-machine.com\/wp-content\/uploads\/2025\/11\/servo-motor-300x300.jpg 300w, https:\/\/www.beta-machine.com\/wp-content\/uploads\/2025\/11\/servo-motor-100x100.jpg 100w, https:\/\/www.beta-machine.com\/wp-content\/uploads\/2025\/11\/servo-motor-600x600.jpg 600w, https:\/\/www.beta-machine.com\/wp-content\/uploads\/2025\/11\/servo-motor-150x150.jpg 150w, https:\/\/www.beta-machine.com\/wp-content\/uploads\/2025\/11\/servo-motor-768x768.jpg 768w\" sizes=\"(max-width: 1000px) 100vw, 1000px\" \/><\/p>\n<h3>Motor servo<\/h3>\n<p>Adopta motor y bomba servo de alta eficiencia, ahorrando hasta 40% -50% del consumo de energ\u00eda, reduciendo los costos de fabricaci\u00f3n de su f\u00e1brica. Bajo ruido y condiciones de trabajo estables.<\/p>","protected":false},"excerpt":{"rendered":"<p>Esta m\u00e1quina sopladora de extrusi\u00f3n est\u00e1 dise\u00f1ada para fabricar diversos tipos de envases huecos de pl\u00e1stico utilizados para almacenar alimentos, juguetes, bebidas, medicamentos, productos qu\u00edmicos, plaguicidas, detergentes, etc. Puede producir envases de 5L a 30L utilizando materiales como PE, PP y PVC. Ejemplos de productos fabricables: botellas de agua, botellas de leche, botellas m\u00e9dicas, botellas de aceite, pelotas pl\u00e1sticas, botellas de lubricante y envases pl\u00e1sticos.<\/p>\n<p>&nbsp;<\/p>","protected":false},"featured_media":639,"comment_status":"closed","ping_status":"closed","template":"","meta":{"_acf_changed":false},"product_brand":[],"product_cat":[29],"product_tag":[],"class_list":{"0":"post-638","1":"product","2":"type-product","3":"status-publish","4":"has-post-thumbnail","6":"product_cat-double-station-blow-molding-machine","8":"first","9":"instock","10":"shipping-taxable","11":"purchasable","12":"product-type-variable"},"acf":[],"_links":{"self":[{"href":"https:\/\/www.beta-machine.com\/es\/wp-json\/wp\/v2\/product\/638","targetHints":{"allow":["GET"]}}],"collection":[{"href":"https:\/\/www.beta-machine.com\/es\/wp-json\/wp\/v2\/product"}],"about":[{"href":"https:\/\/www.beta-machine.com\/es\/wp-json\/wp\/v2\/types\/product"}],"replies":[{"embeddable":true,"href":"https:\/\/www.beta-machine.com\/es\/wp-json\/wp\/v2\/comments?post=638"}],"wp:featuredmedia":[{"embeddable":true,"href":"https:\/\/www.beta-machine.com\/es\/wp-json\/wp\/v2\/media\/639"}],"wp:attachment":[{"href":"https:\/\/www.beta-machine.com\/es\/wp-json\/wp\/v2\/media?parent=638"}],"wp:term":[{"taxonomy":"product_brand","embeddable":true,"href":"https:\/\/www.beta-machine.com\/es\/wp-json\/wp\/v2\/product_brand?post=638"},{"taxonomy":"product_cat","embeddable":true,"href":"https:\/\/www.beta-machine.com\/es\/wp-json\/wp\/v2\/product_cat?post=638"},{"taxonomy":"product_tag","embeddable":true,"href":"https:\/\/www.beta-machine.com\/es\/wp-json\/wp\/v2\/product_tag?post=638"}],"curies":[{"name":"wp","href":"https:\/\/api.w.org\/{rel}","templated":true}]}}