{"id":643,"date":"2025-11-04T07:20:56","date_gmt":"2025-11-04T07:20:56","guid":{"rendered":"https:\/\/beta-machine.com\/?post_type=product&#038;p=643"},"modified":"2025-11-04T07:20:56","modified_gmt":"2025-11-04T07:20:56","slug":"single-extrusion-blow-molding-machine","status":"publish","type":"product","link":"https:\/\/www.beta-machine.com\/es\/single-extrusion-blow-molding-machine\/","title":{"rendered":"M\u00e1quina moldeadora por soplado de extrusi\u00f3n simple"},"content":{"rendered":"<p><strong>Par\u00e1metros del producto<\/strong><\/p>\n<div class=\"sliderTable mt10 mb10 sliderTable-index0\">\n<div class=\"inner\">\n<table>\n<tbody>\n<tr class=\"firstRow\">\n<td colspan=\"2\">\u00cdtem<\/td>\n<td>K5L<\/td>\n<td>K15L<\/td>\n<td>K30L<\/td>\n<\/tr>\n<tr>\n<td colspan=\"2\">Volumen m\u00e1ximo de producto<\/td>\n<td>5L<\/td>\n<td>15L<\/td>\n<td>30L<\/td>\n<\/tr>\n<tr>\n<td colspan=\"2\">Di\u00e1metro del tornillo<\/td>\n<td>\u03a665mm<\/td>\n<td>\u03a675mm<\/td>\n<td>\u03a690mm<\/td>\n<\/tr>\n<tr>\n<td colspan=\"2\">Relaci\u00f3n L\/D<\/td>\n<td>25:1<\/td>\n<td>25:1<\/td>\n<td>25:1<\/td>\n<\/tr>\n<tr>\n<td colspan=\"2\">Capacidad de plastificaci\u00f3n<\/td>\n<td>60-70kg\/h<\/td>\n<td>95-120kg\/h<\/td>\n<td>140-180kg\/h<\/td>\n<\/tr>\n<tr>\n<td colspan=\"2\">Potencia del motor de extrusi\u00f3n<\/td>\n<td>22KW<\/td>\n<td>37KW<\/td>\n<td>55KW<\/td>\n<\/tr>\n<tr>\n<td colspan=\"2\">Fuerza de cierre<\/td>\n<td>80KN<\/td>\n<td>200KN<\/td>\n<td>220KN<\/td>\n<\/tr>\n<tr>\n<td colspan=\"2\">Potencia del accionamiento servo hidr\u00e1ulico<\/td>\n<td>11KW+4KW<\/td>\n<td>24KW+7.5KW<\/td>\n<td>24KW+7.5KW<\/td>\n<\/tr>\n<tr>\n<td colspan=\"2\">Carrera del carro<\/td>\n<td>550mm<\/td>\n<td>750mm<\/td>\n<td>880mm<\/td>\n<\/tr>\n<tr>\n<td rowspan=\"2\">Tama\u00f1o de la placa de molde<\/td>\n<td>Anchura m\u00e1xima<\/td>\n<td>380mm<\/td>\n<td>580mm<\/td>\n<td>660mm<\/td>\n<\/tr>\n<tr>\n<td>Altura m\u00e1xima<\/td>\n<td>410mm<\/td>\n<td>500mm<\/td>\n<td>680mm<\/td>\n<\/tr>\n<tr>\n<td colspan=\"2\">Presi\u00f3n de aire<\/td>\n<td>0.8MPa<\/td>\n<td>0.8MPa<\/td>\n<td>0.8MPa<\/td>\n<\/tr>\n<tr>\n<td colspan=\"2\">Consumo de aire<\/td>\n<td>60m3\/h<\/td>\n<td>120m3\/h<\/td>\n<td>120m3\/h<\/td>\n<\/tr>\n<\/tbody>\n<\/table>\n<\/div>\n<\/div>","protected":false},"excerpt":{"rendered":"<p>Product Parameters Item K5L K15L K30L Max product volume 5L 15L 30L Screw diameter \u03a665mm \u03a675mm \u03a690mm L\/D 25:1 25:1 25:1 Plasticizing capacity 60-70kg\/h 95-120kg\/h 140-180kg\/h Extrusion motor power 22KW 37KW 55KW Clamping force 80KN 200KN 220KN Hydraulic servo drive power 11KW+4KW 24KW+7.5KW 24KW+7.5KW Carriage stroke 550mm 750mm 880mm Mold platen size W MAX 380mm [&hellip;]<\/p>\n","protected":false},"featured_media":644,"comment_status":"closed","ping_status":"closed","template":"","meta":{"_acf_changed":false},"product_brand":[],"product_cat":[28],"product_tag":[],"class_list":{"0":"post-643","1":"product","2":"type-product","3":"status-publish","4":"has-post-thumbnail","6":"product_cat-single-extrusion-blow-molding-machine","8":"first","9":"instock","10":"shipping-taxable","11":"purchasable","12":"product-type-simple"},"acf":[],"_links":{"self":[{"href":"https:\/\/www.beta-machine.com\/es\/wp-json\/wp\/v2\/product\/643","targetHints":{"allow":["GET"]}}],"collection":[{"href":"https:\/\/www.beta-machine.com\/es\/wp-json\/wp\/v2\/product"}],"about":[{"href":"https:\/\/www.beta-machine.com\/es\/wp-json\/wp\/v2\/types\/product"}],"replies":[{"embeddable":true,"href":"https:\/\/www.beta-machine.com\/es\/wp-json\/wp\/v2\/comments?post=643"}],"wp:featuredmedia":[{"embeddable":true,"href":"https:\/\/www.beta-machine.com\/es\/wp-json\/wp\/v2\/media\/644"}],"wp:attachment":[{"href":"https:\/\/www.beta-machine.com\/es\/wp-json\/wp\/v2\/media?parent=643"}],"wp:term":[{"taxonomy":"product_brand","embeddable":true,"href":"https:\/\/www.beta-machine.com\/es\/wp-json\/wp\/v2\/product_brand?post=643"},{"taxonomy":"product_cat","embeddable":true,"href":"https:\/\/www.beta-machine.com\/es\/wp-json\/wp\/v2\/product_cat?post=643"},{"taxonomy":"product_tag","embeddable":true,"href":"https:\/\/www.beta-machine.com\/es\/wp-json\/wp\/v2\/product_tag?post=643"}],"curies":[{"name":"wp","href":"https:\/\/api.w.org\/{rel}","templated":true}]}}