{"id":645,"date":"2025-11-04T07:25:11","date_gmt":"2025-11-04T07:25:11","guid":{"rendered":"https:\/\/beta-machine.com\/?post_type=product&#038;p=645"},"modified":"2026-03-11T07:06:14","modified_gmt":"2026-03-11T07:06:14","slug":"beta-semi-automatic-plastic-pet-bottle-making-machine-plastic-bottle-blowing-machine","status":"publish","type":"product","link":"https:\/\/www.beta-machine.com\/es\/beta-semi-automatic-plastic-pet-bottle-making-machine-plastic-bottle-blowing-machine\/","title":{"rendered":"M\u00e1quina fabricadora de botellas de pl\u00e1stico PET semiautom\u00e1tica BETA, m\u00e1quina sopladora de botellas de pl\u00e1stico"},"content":{"rendered":"<p><strong>M\u00e1quina fabricadora de botellas de pl\u00e1stico PET semiautom\u00e1tica BETA, m\u00e1quina sopladora de botellas de pl\u00e1stico<\/strong><\/p>\n<div>La m\u00e1quina sopladora de botellas PET semiautom\u00e1tica es adecuada para la producci\u00f3n de envases y botellas de pl\u00e1stico PET de 10 a 2000 ml. Se utiliza ampliamente para fabricar botellas de bebidas carbonatadas, botellas de agua mineral, botellas de pesticidas, botellas de aceite, cosm\u00e9ticos, botellas de boca ancha, etc.<br \/>\n\u25cf Ajuste de molde mediante doble biela, cierre de molde resistente, estable y r\u00e1pido. Horno infrarrojo para calentar la preforma, la preforma gira y se calienta uniformemente.<br \/>\n\u25cf El sistema de aire se divide en dos partes: la parte de acci\u00f3n neum\u00e1tica y la parte de soplado de botellas, para cumplir con los diferentes requisitos de acci\u00f3n y soplado. Puede proporcionar alta presi\u00f3n suficiente y estable para el soplado de botellas grandes de forma irregular.<br \/>\n\u25cf La m\u00e1quina tambi\u00e9n est\u00e1 equipada con silenciador y sistema de engrase para lubricar las partes mec\u00e1nicas de la m\u00e1quina.<br \/>\n\u25cf La m\u00e1quina puede funcionar en modo paso a paso y modo semiautom\u00e1tico.<br \/>\n\u25cf La m\u00e1quina es peque\u00f1a, con baja inversi\u00f3n, f\u00e1cil y segura de operar.<\/div>\n<div>\n<div>\n<div>\n<div>\n<div>\n<div>\n<div><img fetchpriority=\"high\" decoding=\"async\" class=\"alignnone size-full wp-image-653\" src=\"https:\/\/beta-machine.com\/wp-content\/uploads\/2025\/11\/Hff7f2805136f4d62894b97ae86337d38d.jpg\" alt=\"Blower\" width=\"1000\" height=\"624\" srcset=\"https:\/\/www.beta-machine.com\/wp-content\/uploads\/2025\/11\/Hff7f2805136f4d62894b97ae86337d38d.jpg 1000w, https:\/\/www.beta-machine.com\/wp-content\/uploads\/2025\/11\/Hff7f2805136f4d62894b97ae86337d38d-600x374.jpg 600w, https:\/\/www.beta-machine.com\/wp-content\/uploads\/2025\/11\/Hff7f2805136f4d62894b97ae86337d38d-300x187.jpg 300w, https:\/\/www.beta-machine.com\/wp-content\/uploads\/2025\/11\/Hff7f2805136f4d62894b97ae86337d38d-768x479.jpg 768w\" sizes=\"(max-width: 1000px) 100vw, 1000px\" \/><\/div>\n<\/div>\n<\/div>\n<\/div>\n<\/div>\n<\/div>\n<\/div>\n<div>\n<div>\n<div>\n<div>\n<p><img decoding=\"async\" class=\"alignnone size-full wp-image-650\" src=\"https:\/\/beta-machine.com\/wp-content\/uploads\/2025\/11\/H2101110fec95492fa890fb226cc5af42g.jpg\" alt=\"Blower\" width=\"2160\" height=\"2160\" srcset=\"https:\/\/www.beta-machine.com\/wp-content\/uploads\/2025\/11\/H2101110fec95492fa890fb226cc5af42g.jpg 2160w, https:\/\/www.beta-machine.com\/wp-content\/uploads\/2025\/11\/H2101110fec95492fa890fb226cc5af42g-300x300.jpg 300w, https:\/\/www.beta-machine.com\/wp-content\/uploads\/2025\/11\/H2101110fec95492fa890fb226cc5af42g-100x100.jpg 100w, https:\/\/www.beta-machine.com\/wp-content\/uploads\/2025\/11\/H2101110fec95492fa890fb226cc5af42g-600x600.jpg 600w, https:\/\/www.beta-machine.com\/wp-content\/uploads\/2025\/11\/H2101110fec95492fa890fb226cc5af42g-1024x1024.jpg 1024w, https:\/\/www.beta-machine.com\/wp-content\/uploads\/2025\/11\/H2101110fec95492fa890fb226cc5af42g-150x150.jpg 150w, https:\/\/www.beta-machine.com\/wp-content\/uploads\/2025\/11\/H2101110fec95492fa890fb226cc5af42g-768x768.jpg 768w, https:\/\/www.beta-machine.com\/wp-content\/uploads\/2025\/11\/H2101110fec95492fa890fb226cc5af42g-1536x1536.jpg 1536w, https:\/\/www.beta-machine.com\/wp-content\/uploads\/2025\/11\/H2101110fec95492fa890fb226cc5af42g-2048x2048.jpg 2048w, https:\/\/www.beta-machine.com\/wp-content\/uploads\/2025\/11\/H2101110fec95492fa890fb226cc5af42g-50x50.jpg 50w\" sizes=\"(max-width: 2160px) 100vw, 2160px\" \/><\/p>\n<\/div>\n<\/div>\n<div>\n<h3>Soplador<\/h3>\n<\/div>\n<div>\n<div>\u25cf Sistema de calentamiento \u00fanico, control preciso de la temperatura y f\u00e1cil ajuste.<br \/>\n\u25cf Unidad de almacenamiento de aire \u00fanica<br \/>\n\u25cf El sistema de refrigeraci\u00f3n consigue el efecto de enfriamiento deseado.<br \/>\n\u25cf Cada movimiento es accionado por un cilindro neum\u00e1tico en lugar de una bomba de aceite, sin contaminaci\u00f3n.<\/div>\n<\/div>\n<\/div>\n<div>\n<div><img decoding=\"async\" class=\"alignnone wp-image-659 size-full\" src=\"https:\/\/beta-machine.com\/wp-content\/uploads\/2025\/11\/Semi-auto-blowing-machine6.jpg\" alt=\"New Heating System\" width=\"1000\" height=\"1000\" srcset=\"https:\/\/www.beta-machine.com\/wp-content\/uploads\/2025\/11\/Semi-auto-blowing-machine6.jpg 1000w, https:\/\/www.beta-machine.com\/wp-content\/uploads\/2025\/11\/Semi-auto-blowing-machine6-300x300.jpg 300w, https:\/\/www.beta-machine.com\/wp-content\/uploads\/2025\/11\/Semi-auto-blowing-machine6-100x100.jpg 100w, https:\/\/www.beta-machine.com\/wp-content\/uploads\/2025\/11\/Semi-auto-blowing-machine6-600x600.jpg 600w, https:\/\/www.beta-machine.com\/wp-content\/uploads\/2025\/11\/Semi-auto-blowing-machine6-150x150.jpg 150w, https:\/\/www.beta-machine.com\/wp-content\/uploads\/2025\/11\/Semi-auto-blowing-machine6-768x768.jpg 768w, https:\/\/www.beta-machine.com\/wp-content\/uploads\/2025\/11\/Semi-auto-blowing-machine6-50x50.jpg 50w\" sizes=\"(max-width: 1000px) 100vw, 1000px\" \/><\/div>\n<div>\n<h3>Nuevo sistema de calentamiento<\/h3>\n<\/div>\n<div>\n<div>\u25cf El t\u00fanel de secado y la plataforma de soplado est\u00e1n separados, lo que acorta el tiempo de apertura del molde, aumenta la velocidad de soplado y incrementa la producci\u00f3n.<br \/>\n\u25cf Dise\u00f1o compacto que ahorra espacio, reduce costos de inversi\u00f3n y aumenta la competitividad.<br \/>\n\u25cf Sistema de control PLC avanzado, panel de control ligero y sencillo.<\/div>\n<\/div>\n<\/div>\n<\/div>\n<div>\n<div>\n<div><img loading=\"lazy\" decoding=\"async\" class=\"alignnone wp-image-652 size-full\" src=\"https:\/\/beta-machine.com\/wp-content\/uploads\/2025\/11\/Ha4573425232d4ec4bdf7d968ab8e1020b.jpg\" alt=\"Preform heater temperature control\" width=\"2160\" height=\"2160\" srcset=\"https:\/\/www.beta-machine.com\/wp-content\/uploads\/2025\/11\/Ha4573425232d4ec4bdf7d968ab8e1020b.jpg 2160w, https:\/\/www.beta-machine.com\/wp-content\/uploads\/2025\/11\/Ha4573425232d4ec4bdf7d968ab8e1020b-300x300.jpg 300w, https:\/\/www.beta-machine.com\/wp-content\/uploads\/2025\/11\/Ha4573425232d4ec4bdf7d968ab8e1020b-100x100.jpg 100w, https:\/\/www.beta-machine.com\/wp-content\/uploads\/2025\/11\/Ha4573425232d4ec4bdf7d968ab8e1020b-600x600.jpg 600w, https:\/\/www.beta-machine.com\/wp-content\/uploads\/2025\/11\/Ha4573425232d4ec4bdf7d968ab8e1020b-1024x1024.jpg 1024w, https:\/\/www.beta-machine.com\/wp-content\/uploads\/2025\/11\/Ha4573425232d4ec4bdf7d968ab8e1020b-150x150.jpg 150w, https:\/\/www.beta-machine.com\/wp-content\/uploads\/2025\/11\/Ha4573425232d4ec4bdf7d968ab8e1020b-768x768.jpg 768w, https:\/\/www.beta-machine.com\/wp-content\/uploads\/2025\/11\/Ha4573425232d4ec4bdf7d968ab8e1020b-1536x1536.jpg 1536w, https:\/\/www.beta-machine.com\/wp-content\/uploads\/2025\/11\/Ha4573425232d4ec4bdf7d968ab8e1020b-2048x2048.jpg 2048w, https:\/\/www.beta-machine.com\/wp-content\/uploads\/2025\/11\/Ha4573425232d4ec4bdf7d968ab8e1020b-50x50.jpg 50w\" sizes=\"(max-width: 2160px) 100vw, 2160px\" \/><\/div>\n<div>\n<h3>Control de temperatura del calentador de preformas<\/h3>\n<\/div>\n<div>\n<div>\u25cf Ajuste de molde mediante doble biela, cierre de molde resistente, estable y r\u00e1pido. Horno infrarrojo para calentar la preforma, la preforma gira y se calienta uniformemente.<br \/>\n\u25cf El sistema de aire se divide en dos partes: la parte de acci\u00f3n neum\u00e1tica y la parte de soplado de botellas, para cumplir con los diferentes requisitos de acci\u00f3n y soplado. Puede proporcionar alta presi\u00f3n suficiente y estable para el soplado de botellas grandes de forma irregular.<\/div>\n<\/div>\n<\/div>\n<div>\n<div>\n<div><img loading=\"lazy\" decoding=\"async\" class=\"alignnone wp-image-651 size-full\" src=\"https:\/\/beta-machine.com\/wp-content\/uploads\/2025\/11\/H366039822ba84cb588dc8160463dd1034-scaled.jpg\" alt=\"Electrical parts\" width=\"2560\" height=\"1920\" srcset=\"https:\/\/www.beta-machine.com\/wp-content\/uploads\/2025\/11\/H366039822ba84cb588dc8160463dd1034-scaled.jpg 2560w, https:\/\/www.beta-machine.com\/wp-content\/uploads\/2025\/11\/H366039822ba84cb588dc8160463dd1034-scaled-600x450.jpg 600w, https:\/\/www.beta-machine.com\/wp-content\/uploads\/2025\/11\/H366039822ba84cb588dc8160463dd1034-300x225.jpg 300w, https:\/\/www.beta-machine.com\/wp-content\/uploads\/2025\/11\/H366039822ba84cb588dc8160463dd1034-1024x768.jpg 1024w, https:\/\/www.beta-machine.com\/wp-content\/uploads\/2025\/11\/H366039822ba84cb588dc8160463dd1034-768x576.jpg 768w, https:\/\/www.beta-machine.com\/wp-content\/uploads\/2025\/11\/H366039822ba84cb588dc8160463dd1034-1536x1152.jpg 1536w, https:\/\/www.beta-machine.com\/wp-content\/uploads\/2025\/11\/H366039822ba84cb588dc8160463dd1034-2048x1536.jpg 2048w\" sizes=\"(max-width: 2560px) 100vw, 2560px\" \/><\/div>\n<\/div>\n<div>\n<h3>Piezas el\u00e9ctricas<\/h3>\n<\/div>\n<div>\n<div>\u25cf La m\u00e1quina tambi\u00e9n est\u00e1 equipada con silenciador y sistema de engrase para lubricar las partes mec\u00e1nicas de la m\u00e1quina.<br \/>\n\u25cf La m\u00e1quina puede funcionar en modo paso a paso y modo semiautom\u00e1tico.<br \/>\n\u25cf La m\u00e1quina es peque\u00f1a, con baja inversi\u00f3n, f\u00e1cil y segura de operar.<\/div>\n<\/div>\n<\/div>\n<\/div>","protected":false},"excerpt":{"rendered":"<p>La m\u00e1quina sopladora de botellas PET semiautom\u00e1tica es adecuada para la producci\u00f3n de envases y botellas de pl\u00e1stico PET de 10 a 2000 ml. Se utiliza ampliamente para fabricar botellas de bebidas carbonatadas, botellas de agua mineral, botellas de pesticidas, botellas de aceite, cosm\u00e9ticos, botellas de boca ancha, etc.<\/p>","protected":false},"featured_media":654,"comment_status":"closed","ping_status":"closed","template":"","meta":{"_acf_changed":false},"product_brand":[],"product_cat":[27],"product_tag":[],"class_list":{"0":"post-645","1":"product","2":"type-product","3":"status-publish","4":"has-post-thumbnail","6":"product_cat-semi-auto-bottle-blowing-machine","8":"first","9":"instock","10":"shipping-taxable","11":"purchasable","12":"product-type-variable"},"acf":[],"_links":{"self":[{"href":"https:\/\/www.beta-machine.com\/es\/wp-json\/wp\/v2\/product\/645","targetHints":{"allow":["GET"]}}],"collection":[{"href":"https:\/\/www.beta-machine.com\/es\/wp-json\/wp\/v2\/product"}],"about":[{"href":"https:\/\/www.beta-machine.com\/es\/wp-json\/wp\/v2\/types\/product"}],"replies":[{"embeddable":true,"href":"https:\/\/www.beta-machine.com\/es\/wp-json\/wp\/v2\/comments?post=645"}],"wp:featuredmedia":[{"embeddable":true,"href":"https:\/\/www.beta-machine.com\/es\/wp-json\/wp\/v2\/media\/654"}],"wp:attachment":[{"href":"https:\/\/www.beta-machine.com\/es\/wp-json\/wp\/v2\/media?parent=645"}],"wp:term":[{"taxonomy":"product_brand","embeddable":true,"href":"https:\/\/www.beta-machine.com\/es\/wp-json\/wp\/v2\/product_brand?post=645"},{"taxonomy":"product_cat","embeddable":true,"href":"https:\/\/www.beta-machine.com\/es\/wp-json\/wp\/v2\/product_cat?post=645"},{"taxonomy":"product_tag","embeddable":true,"href":"https:\/\/www.beta-machine.com\/es\/wp-json\/wp\/v2\/product_tag?post=645"}],"curies":[{"name":"wp","href":"https:\/\/api.w.org\/{rel}","templated":true}]}}