{"id":676,"date":"2025-11-04T07:32:34","date_gmt":"2025-11-04T07:32:34","guid":{"rendered":"https:\/\/beta-machine.com\/?post_type=product&#038;p=676"},"modified":"2026-03-11T06:56:03","modified_gmt":"2026-03-11T06:56:03","slug":"beta-automatic-plastic-bottle-blowing-machine-pet-blowing-machine-plastic-bottles-making-machine","status":"publish","type":"product","link":"https:\/\/www.beta-machine.com\/es\/beta-automatic-plastic-bottle-blowing-machine-pet-blowing-machine-plastic-bottles-making-machine\/","title":{"rendered":"M\u00e1quina sopladora autom\u00e1tica de botellas de pl\u00e1stico BETAM\u00e1quina sopladora de PETM\u00e1quina fabricante de botellas de pl\u00e1stico"},"content":{"rendered":"<div>\n<p><img fetchpriority=\"high\" decoding=\"async\" class=\"alignnone size-full wp-image-662\" src=\"https:\/\/beta-machine.com\/wp-content\/uploads\/2025\/11\/auto-blowing-machine1.jpg\" alt=\"New Auto Preform Unscrambler System.\" width=\"1000\" height=\"709\" srcset=\"https:\/\/www.beta-machine.com\/wp-content\/uploads\/2025\/11\/auto-blowing-machine1.jpg 1000w, https:\/\/www.beta-machine.com\/wp-content\/uploads\/2025\/11\/auto-blowing-machine1-600x425.jpg 600w, https:\/\/www.beta-machine.com\/wp-content\/uploads\/2025\/11\/auto-blowing-machine1-300x213.jpg 300w, https:\/\/www.beta-machine.com\/wp-content\/uploads\/2025\/11\/auto-blowing-machine1-768x545.jpg 768w\" sizes=\"(max-width: 1000px) 100vw, 1000px\" \/><\/p>\n<p>Nuevo sistema autom\u00e1tico de ordenaci\u00f3n de preformas<\/p>\n<div><\/div>\n<div>* Adopta estructura de alimentaci\u00f3n unidireccional de preformas y estructura de separaci\u00f3n de preformas por motor servo, resolviendo los problemas de atasco y desgaste de las preformas.<br \/>\n* Cuenta con dos sensores fotoel\u00e9ctricos para controlar el motor de carga de preformas y el cilindro de separaci\u00f3n de preformas, que avisan al operador para agregar preformas a la tolva cuando faltan, en lugar de detener la m\u00e1quina.<\/div>\n<\/div>\n<div>\n<div>\n<div>\n<div>\n<div><\/div>\n<\/div>\n<\/div>\n<\/div>\n<div>\n<p><img decoding=\"async\" class=\"alignnone size-full wp-image-663\" src=\"https:\/\/beta-machine.com\/wp-content\/uploads\/2025\/11\/auto-blowing-machine2.jpg\" alt=\"New Heating System.\" width=\"1000\" height=\"709\" srcset=\"https:\/\/www.beta-machine.com\/wp-content\/uploads\/2025\/11\/auto-blowing-machine2.jpg 1000w, https:\/\/www.beta-machine.com\/wp-content\/uploads\/2025\/11\/auto-blowing-machine2-600x425.jpg 600w, https:\/\/www.beta-machine.com\/wp-content\/uploads\/2025\/11\/auto-blowing-machine2-300x213.jpg 300w, https:\/\/www.beta-machine.com\/wp-content\/uploads\/2025\/11\/auto-blowing-machine2-768x545.jpg 768w\" sizes=\"(max-width: 1000px) 100vw, 1000px\" \/><\/p>\n<p>Nuevo sistema de calentamiento<\/p>\n<div><\/div>\n<div>* El dise\u00f1o perfecto del sistema de calentamiento reduce el consumo de energ\u00eda.<br \/>\n* Dise\u00f1o especial de horno ayuda a ahorrar energ\u00eda y es f\u00e1cil de mantener.<br \/>\n* Se puede ajustar la posici\u00f3n y la temperatura de cada l\u00e1mpara.<br \/>\n* El sistema de enfriamiento por aire c\u00edclico mantiene constante la temperatura del horno.<\/div>\n<\/div>\n<\/div>\n<div>\n<div>\n<div>\n<div>\n<div><\/div>\n<\/div>\n<\/div>\n<\/div>\n<div>\n<p><img decoding=\"async\" class=\"alignnone size-full wp-image-664\" src=\"https:\/\/beta-machine.com\/wp-content\/uploads\/2025\/11\/auto-blowing-machine3.jpg\" alt=\"Easy To Change Bottle Shape.\" width=\"1000\" height=\"709\" srcset=\"https:\/\/www.beta-machine.com\/wp-content\/uploads\/2025\/11\/auto-blowing-machine3.jpg 1000w, https:\/\/www.beta-machine.com\/wp-content\/uploads\/2025\/11\/auto-blowing-machine3-600x425.jpg 600w, https:\/\/www.beta-machine.com\/wp-content\/uploads\/2025\/11\/auto-blowing-machine3-300x213.jpg 300w, https:\/\/www.beta-machine.com\/wp-content\/uploads\/2025\/11\/auto-blowing-machine3-768x545.jpg 768w\" sizes=\"(max-width: 1000px) 100vw, 1000px\" \/><\/p>\n<p>F\u00e1cil cambio de forma de botella<\/p>\n<div><\/div>\n<div>* Dise\u00f1o de estructura de molde tipo caj\u00f3n, f\u00e1cil para el cambio de molde. Se puede cambiar un molde en una hora con el mismo di\u00e1metro de cuello de botella.<\/div>\n<\/div>\n<\/div>\n<div>\n<div>\n<div>\n<div>\n<div><\/div>\n<\/div>\n<\/div>\n<\/div>\n<div>\n<p><img loading=\"lazy\" decoding=\"async\" class=\"alignnone size-full wp-image-665\" src=\"https:\/\/beta-machine.com\/wp-content\/uploads\/2025\/11\/auto-blowing-machine4.jpg\" alt=\"Servo Technology Innovation On Clamping System &amp; Stretching.\" width=\"1000\" height=\"709\" srcset=\"https:\/\/www.beta-machine.com\/wp-content\/uploads\/2025\/11\/auto-blowing-machine4.jpg 1000w, https:\/\/www.beta-machine.com\/wp-content\/uploads\/2025\/11\/auto-blowing-machine4-600x425.jpg 600w, https:\/\/www.beta-machine.com\/wp-content\/uploads\/2025\/11\/auto-blowing-machine4-300x213.jpg 300w, https:\/\/www.beta-machine.com\/wp-content\/uploads\/2025\/11\/auto-blowing-machine4-768x545.jpg 768w\" sizes=\"(max-width: 1000px) 100vw, 1000px\" \/><\/p>\n<p>Innovaci\u00f3n tecnol\u00f3gica servo en sistema de cierre y estiramiento.<\/p>\n<div><\/div>\n<div>\n<p>* Adopta motor servo para accionar dos bielas y controlar el sistema de cierre, lo que acorta el tiempo de cierre de molde y mejora la productividad; adem\u00e1s, resuelve los problemas de expansi\u00f3n de molde y l\u00ednea de uni\u00f3n excesiva gracias a la placa de presurizaci\u00f3n.<\/p>\n<p>* Se usa motor servo para el estiramiento, garantizando una velocidad de soplado de botellas m\u00e1s r\u00e1pida y una calidad de botella m\u00e1s estable.<\/p>\n<\/div>\n<\/div>\n<\/div>\n<div>\n<div>\n<div>\n<div>\n<div><\/div>\n<\/div>\n<\/div>\n<\/div>\n<div>\n<p><img loading=\"lazy\" decoding=\"async\" class=\"alignnone size-full wp-image-666\" src=\"https:\/\/beta-machine.com\/wp-content\/uploads\/2025\/11\/auto-blowing-machine5.jpg\" alt=\"Intelligent Human-Machine Interface.\" width=\"1000\" height=\"709\" srcset=\"https:\/\/www.beta-machine.com\/wp-content\/uploads\/2025\/11\/auto-blowing-machine5.jpg 1000w, https:\/\/www.beta-machine.com\/wp-content\/uploads\/2025\/11\/auto-blowing-machine5-600x425.jpg 600w, https:\/\/www.beta-machine.com\/wp-content\/uploads\/2025\/11\/auto-blowing-machine5-300x213.jpg 300w, https:\/\/www.beta-machine.com\/wp-content\/uploads\/2025\/11\/auto-blowing-machine5-768x545.jpg 768w\" sizes=\"(max-width: 1000px) 100vw, 1000px\" \/><\/p>\n<p>Interfaz hombre-m\u00e1quina inteligente<\/p>\n<div><\/div>\n<div>* Control por interfaz hombre-m\u00e1quina, f\u00e1cil de operar y monitorear.<br \/>\n* Supervisi\u00f3n de informaci\u00f3n de producci\u00f3n en vivo, registro autom\u00e1tico de datos de producci\u00f3n cada d\u00eda.<br \/>\n* Alerta de fallos y soluci\u00f3n de problemas.<\/div>\n<\/div>\n<\/div>","protected":false},"excerpt":{"rendered":"<p>La m\u00e1quina moldeadora por soplado autom\u00e1tica es adecuada para la producci\u00f3n de envases y botellas de pl\u00e1stico PET de todas las formas. Se utiliza ampliamente para fabricar botellas de bebidas carbonatadas, agua mineral, pesticidas, aceite, cosm\u00e9ticos, botellas de boca ancha, botellas de llenado en caliente, etc.<\/p>","protected":false},"featured_media":677,"comment_status":"closed","ping_status":"closed","template":"","meta":{"_acf_changed":false},"product_brand":[],"product_cat":[26],"product_tag":[],"class_list":{"0":"post-676","1":"product","2":"type-product","3":"status-publish","4":"has-post-thumbnail","6":"product_cat-automatic-bottle-blowing-machine","8":"first","9":"instock","10":"shipping-taxable","11":"purchasable","12":"product-type-simple"},"acf":[],"_links":{"self":[{"href":"https:\/\/www.beta-machine.com\/es\/wp-json\/wp\/v2\/product\/676","targetHints":{"allow":["GET"]}}],"collection":[{"href":"https:\/\/www.beta-machine.com\/es\/wp-json\/wp\/v2\/product"}],"about":[{"href":"https:\/\/www.beta-machine.com\/es\/wp-json\/wp\/v2\/types\/product"}],"replies":[{"embeddable":true,"href":"https:\/\/www.beta-machine.com\/es\/wp-json\/wp\/v2\/comments?post=676"}],"wp:featuredmedia":[{"embeddable":true,"href":"https:\/\/www.beta-machine.com\/es\/wp-json\/wp\/v2\/media\/677"}],"wp:attachment":[{"href":"https:\/\/www.beta-machine.com\/es\/wp-json\/wp\/v2\/media?parent=676"}],"wp:term":[{"taxonomy":"product_brand","embeddable":true,"href":"https:\/\/www.beta-machine.com\/es\/wp-json\/wp\/v2\/product_brand?post=676"},{"taxonomy":"product_cat","embeddable":true,"href":"https:\/\/www.beta-machine.com\/es\/wp-json\/wp\/v2\/product_cat?post=676"},{"taxonomy":"product_tag","embeddable":true,"href":"https:\/\/www.beta-machine.com\/es\/wp-json\/wp\/v2\/product_tag?post=676"}],"curies":[{"name":"wp","href":"https:\/\/api.w.org\/{rel}","templated":true}]}}