{"id":698,"date":"2025-11-04T07:40:56","date_gmt":"2025-11-04T07:40:56","guid":{"rendered":"https:\/\/beta-machine.com\/?post_type=product&#038;p=698"},"modified":"2026-03-11T06:14:22","modified_gmt":"2026-03-11T06:14:22","slug":"beta-4-cavity-automatic-pet-bottle-blowing-machine-high-speed-automatic-pet-water-bottle-blow-moulding-machine","status":"publish","type":"product","link":"https:\/\/www.beta-machine.com\/es\/beta-4-cavity-automatic-pet-bottle-blowing-machine-high-speed-automatic-pet-water-bottle-blow-moulding-machine\/","title":{"rendered":"M\u00e1quina sopladora de botellas PET autom\u00e1tica de 4 cavidades BETAM\u00e1quina moldeadora por soplado de botellas de agua PET autom\u00e1tica de alta velocidad"},"content":{"rendered":"<p><strong>Serie de alta velocidad BETA M\u00e1quina sopladora lineal de botellas PET M\u00e1quina sopladora de estirado PET Sopladora de botellas de pl\u00e1stico<\/strong><\/p>\n<p><img fetchpriority=\"high\" decoding=\"async\" class=\"alignnone wp-image-686 size-full\" src=\"https:\/\/beta-machine.com\/wp-content\/uploads\/2025\/11\/H0a514cbc1dc74e668fee486230de9743H.jpg\" alt=\"Efficient embryo supply system\" width=\"1000\" height=\"1000\" srcset=\"https:\/\/www.beta-machine.com\/wp-content\/uploads\/2025\/11\/H0a514cbc1dc74e668fee486230de9743H.jpg 1000w, https:\/\/www.beta-machine.com\/wp-content\/uploads\/2025\/11\/H0a514cbc1dc74e668fee486230de9743H-300x300.jpg 300w, https:\/\/www.beta-machine.com\/wp-content\/uploads\/2025\/11\/H0a514cbc1dc74e668fee486230de9743H-100x100.jpg 100w, https:\/\/www.beta-machine.com\/wp-content\/uploads\/2025\/11\/H0a514cbc1dc74e668fee486230de9743H-600x600.jpg 600w, https:\/\/www.beta-machine.com\/wp-content\/uploads\/2025\/11\/H0a514cbc1dc74e668fee486230de9743H-150x150.jpg 150w, https:\/\/www.beta-machine.com\/wp-content\/uploads\/2025\/11\/H0a514cbc1dc74e668fee486230de9743H-768x768.jpg 768w, https:\/\/www.beta-machine.com\/wp-content\/uploads\/2025\/11\/H0a514cbc1dc74e668fee486230de9743H-50x50.jpg 50w\" sizes=\"(max-width: 1000px) 100vw, 1000px\" \/><\/p>\n<div><strong>Sistema eficiente de suministro de preformas<\/strong><\/div>\n<div>El mecanismo autom\u00e1tico de clasificaci\u00f3n y carga de preformas no solo realiza un proceso de clasificaci\u00f3n y carga r\u00e1pido y eficiente para reducir costos laborales, sino que tambi\u00e9n mejora a\u00fan m\u00e1s la estabilidad del funcionamiento de todo el equipo.<\/div>\n<p><img decoding=\"async\" class=\"alignnone wp-image-693 size-full\" src=\"https:\/\/beta-machine.com\/wp-content\/uploads\/2025\/11\/high-speed-linear-bottle-blowing-machine2.jpg\" alt=\"Preform separation\" width=\"1000\" height=\"1000\" srcset=\"https:\/\/www.beta-machine.com\/wp-content\/uploads\/2025\/11\/high-speed-linear-bottle-blowing-machine2.jpg 1000w, https:\/\/www.beta-machine.com\/wp-content\/uploads\/2025\/11\/high-speed-linear-bottle-blowing-machine2-300x300.jpg 300w, https:\/\/www.beta-machine.com\/wp-content\/uploads\/2025\/11\/high-speed-linear-bottle-blowing-machine2-100x100.jpg 100w, https:\/\/www.beta-machine.com\/wp-content\/uploads\/2025\/11\/high-speed-linear-bottle-blowing-machine2-600x600.jpg 600w, https:\/\/www.beta-machine.com\/wp-content\/uploads\/2025\/11\/high-speed-linear-bottle-blowing-machine2-150x150.jpg 150w, https:\/\/www.beta-machine.com\/wp-content\/uploads\/2025\/11\/high-speed-linear-bottle-blowing-machine2-768x768.jpg 768w, https:\/\/www.beta-machine.com\/wp-content\/uploads\/2025\/11\/high-speed-linear-bottle-blowing-machine2-50x50.jpg 50w\" sizes=\"(max-width: 1000px) 100vw, 1000px\" \/><\/p>\n<div><strong>Separaci\u00f3n de preformas<\/strong><\/div>\n<div>Cuando se detecta la se\u00f1al de preforma, el cilindro de separaci\u00f3n de preformas avanza para insertar las preformas, el cilindro de desgerminado sube para desgerminar, y el cilindro de separaci\u00f3n de preformas se mueve a la izquierda para separar las preformas.<\/div>\n<p><img decoding=\"async\" class=\"alignnone wp-image-687 size-full\" src=\"https:\/\/beta-machine.com\/wp-content\/uploads\/2025\/11\/H7f19cd0f5c3f4509b75139441871ed24T.jpg\" alt=\"Intelligent heating system\" width=\"1000\" height=\"1000\" srcset=\"https:\/\/www.beta-machine.com\/wp-content\/uploads\/2025\/11\/H7f19cd0f5c3f4509b75139441871ed24T.jpg 1000w, https:\/\/www.beta-machine.com\/wp-content\/uploads\/2025\/11\/H7f19cd0f5c3f4509b75139441871ed24T-300x300.jpg 300w, https:\/\/www.beta-machine.com\/wp-content\/uploads\/2025\/11\/H7f19cd0f5c3f4509b75139441871ed24T-100x100.jpg 100w, https:\/\/www.beta-machine.com\/wp-content\/uploads\/2025\/11\/H7f19cd0f5c3f4509b75139441871ed24T-600x600.jpg 600w, https:\/\/www.beta-machine.com\/wp-content\/uploads\/2025\/11\/H7f19cd0f5c3f4509b75139441871ed24T-150x150.jpg 150w, https:\/\/www.beta-machine.com\/wp-content\/uploads\/2025\/11\/H7f19cd0f5c3f4509b75139441871ed24T-768x768.jpg 768w, https:\/\/www.beta-machine.com\/wp-content\/uploads\/2025\/11\/H7f19cd0f5c3f4509b75139441871ed24T-50x50.jpg 50w\" sizes=\"(max-width: 1000px) 100vw, 1000px\" \/><\/p>\n<div><strong>Sistema de calentamiento inteligente<\/strong><\/div>\n<div>La l\u00e1mpara se utiliza para calentar la preforma por penetraci\u00f3n, haciendo que la preforma se estire de forma m\u00e1s uniforme con alta transparencia. Equipado con placa reflectora de acero inoxidable para aprovechar al m\u00e1ximo la energ\u00eda t\u00e9rmica de la l\u00e1mpara, acortar el tiempo de calentamiento, reducir el consumo de energ\u00eda y aumentar la capacidad de producci\u00f3n. La temperatura de cada capa de tubos luminosos se puede ajustar de forma independiente, y la temperatura se puede regular hacia arriba y abajo, adelante y atr\u00e1s seg\u00fan las diferentes preformas del cliente.<\/div>\n<p><img loading=\"lazy\" decoding=\"async\" class=\"alignnone wp-image-689 size-full\" src=\"https:\/\/beta-machine.com\/wp-content\/uploads\/2025\/11\/H696fe00023b44728ba0ffd014f31b6d1F.jpg\" alt=\"Servo mold clamping system\" width=\"1000\" height=\"1000\" srcset=\"https:\/\/www.beta-machine.com\/wp-content\/uploads\/2025\/11\/H696fe00023b44728ba0ffd014f31b6d1F.jpg 1000w, https:\/\/www.beta-machine.com\/wp-content\/uploads\/2025\/11\/H696fe00023b44728ba0ffd014f31b6d1F-300x300.jpg 300w, https:\/\/www.beta-machine.com\/wp-content\/uploads\/2025\/11\/H696fe00023b44728ba0ffd014f31b6d1F-100x100.jpg 100w, https:\/\/www.beta-machine.com\/wp-content\/uploads\/2025\/11\/H696fe00023b44728ba0ffd014f31b6d1F-600x600.jpg 600w, https:\/\/www.beta-machine.com\/wp-content\/uploads\/2025\/11\/H696fe00023b44728ba0ffd014f31b6d1F-150x150.jpg 150w, https:\/\/www.beta-machine.com\/wp-content\/uploads\/2025\/11\/H696fe00023b44728ba0ffd014f31b6d1F-768x768.jpg 768w, https:\/\/www.beta-machine.com\/wp-content\/uploads\/2025\/11\/H696fe00023b44728ba0ffd014f31b6d1F-50x50.jpg 50w\" sizes=\"(max-width: 1000px) 100vw, 1000px\" \/><\/p>\n<div><strong>Sistema de cierre de molde por servomotor<\/strong><\/div>\n<div>El sistema de cierre de molde es accionado por un servomotor y transmisi\u00f3n por biela mec\u00e1nica. El molde y el molde inferior se cierran sincr\u00f3nicamente mediante servomotores. La parte posterior de la base del molde est\u00e1 equipada con placa de elevaci\u00f3n de alta presi\u00f3n y cierre de molde de alta presi\u00f3n, lo que reduce eficazmente la visibilidad de la l\u00ednea de cierre de molde de las botellas terminadas y garantiza la calidad de las botellas. El molde adopta una estructura tipo caj\u00f3n, que facilita el cambio de molde, y el operador puede completarlo en media hora.<\/div>\n<p><img loading=\"lazy\" decoding=\"async\" class=\"alignnone wp-image-691 size-full\" src=\"https:\/\/beta-machine.com\/wp-content\/uploads\/2025\/11\/Hfa92de88e84f4233a6022eac65d4f4d44.jpg\" alt=\"Servo stretching system\" width=\"1000\" height=\"1000\" srcset=\"https:\/\/www.beta-machine.com\/wp-content\/uploads\/2025\/11\/Hfa92de88e84f4233a6022eac65d4f4d44.jpg 1000w, https:\/\/www.beta-machine.com\/wp-content\/uploads\/2025\/11\/Hfa92de88e84f4233a6022eac65d4f4d44-300x300.jpg 300w, https:\/\/www.beta-machine.com\/wp-content\/uploads\/2025\/11\/Hfa92de88e84f4233a6022eac65d4f4d44-100x100.jpg 100w, https:\/\/www.beta-machine.com\/wp-content\/uploads\/2025\/11\/Hfa92de88e84f4233a6022eac65d4f4d44-600x600.jpg 600w, https:\/\/www.beta-machine.com\/wp-content\/uploads\/2025\/11\/Hfa92de88e84f4233a6022eac65d4f4d44-150x150.jpg 150w, https:\/\/www.beta-machine.com\/wp-content\/uploads\/2025\/11\/Hfa92de88e84f4233a6022eac65d4f4d44-768x768.jpg 768w, https:\/\/www.beta-machine.com\/wp-content\/uploads\/2025\/11\/Hfa92de88e84f4233a6022eac65d4f4d44-50x50.jpg 50w\" sizes=\"(max-width: 1000px) 100vw, 1000px\" \/><\/p>\n<div><strong>Sistema de estiramiento por servomotor<\/strong><\/div>\n<div>El servomotor acciona el sistema de estiramiento. El servomotor impulsa el engranaje y cremallera para realizar el estiramiento. Los modos de protecci\u00f3n dual de l\u00edmite fotoel\u00e9ctrico y l\u00edmite mec\u00e1nico de desarrollo independiente evitan que la varilla de estiramiento toque el molde inferior. Los tiempos de ciclo del primer y segundo soplado se pueden ajustar individualmente en el consola. Seg\u00fan las diferentes preformas y tipos de botellas del cliente, la varilla de estiramiento se puede ajustar r\u00e1pidamente. Se ajusta autom\u00e1ticamente y tiene alta flexibilidad.<\/div>\n<p><img loading=\"lazy\" decoding=\"async\" class=\"alignnone wp-image-688 size-full\" src=\"https:\/\/beta-machine.com\/wp-content\/uploads\/2025\/11\/H8f8967760a88429dbdb94b0a9da504f2W.jpg\" alt=\"Cooling\/chilled water circulation system\" width=\"1000\" height=\"1000\" srcset=\"https:\/\/www.beta-machine.com\/wp-content\/uploads\/2025\/11\/H8f8967760a88429dbdb94b0a9da504f2W.jpg 1000w, https:\/\/www.beta-machine.com\/wp-content\/uploads\/2025\/11\/H8f8967760a88429dbdb94b0a9da504f2W-300x300.jpg 300w, https:\/\/www.beta-machine.com\/wp-content\/uploads\/2025\/11\/H8f8967760a88429dbdb94b0a9da504f2W-100x100.jpg 100w, https:\/\/www.beta-machine.com\/wp-content\/uploads\/2025\/11\/H8f8967760a88429dbdb94b0a9da504f2W-600x600.jpg 600w, https:\/\/www.beta-machine.com\/wp-content\/uploads\/2025\/11\/H8f8967760a88429dbdb94b0a9da504f2W-150x150.jpg 150w, https:\/\/www.beta-machine.com\/wp-content\/uploads\/2025\/11\/H8f8967760a88429dbdb94b0a9da504f2W-768x768.jpg 768w, https:\/\/www.beta-machine.com\/wp-content\/uploads\/2025\/11\/H8f8967760a88429dbdb94b0a9da504f2W-50x50.jpg 50w\" sizes=\"(max-width: 1000px) 100vw, 1000px\" \/><\/p>\n<div><strong>Sistema de circulaci\u00f3n de agua de enfriamiento\/refrigerada<\/strong><\/div>\n<div>El dispositivo de enfriamiento y calentamiento del cabezal garantiza el enfriamiento del cabezal de calentamiento despu\u00e9s de salir la botella. Hay un canal de agua de enfriamiento debajo del caj\u00f3n de calentamiento. Cuando se calienta la preforma, el canal de agua de enfriamiento se usa para bloquear el calor de la l\u00e1mpara. Debajo del canal de agua de enfriamiento hay un sistema de aire fr\u00edo para enfriar la boca de la botella y protegerla de la deformaci\u00f3n. El agua refrigerada fluye hacia el molde para enfriarlo r\u00e1pidamente y mejorar la eficiencia de producci\u00f3n de toda la m\u00e1quina.<\/div>","protected":false},"excerpt":{"rendered":"<p>La serie BETA de alta velocidad y ahorro de energ\u00eda es una m\u00e1quina sopladora autom\u00e1tica de estirado por soplado descendente de dos pasos con gran estabilidad. Es compatible con moldes de 4 a 10 cavidades y adecuada para soplar todo tipo de botellas de bebidas carbonatadas, bebidas espumosas, agua pura, agua mineral, zumos, cosm\u00e9ticos, gran di\u00e1metro, resistentes a altas temperaturas y otros envases.<\/p>","protected":false},"featured_media":699,"comment_status":"closed","ping_status":"closed","template":"","meta":{"_acf_changed":false},"product_brand":[],"product_cat":[26],"product_tag":[],"class_list":{"0":"post-698","1":"product","2":"type-product","3":"status-publish","4":"has-post-thumbnail","6":"product_cat-automatic-bottle-blowing-machine","8":"first","9":"instock","10":"shipping-taxable","11":"purchasable","12":"product-type-simple"},"acf":[],"_links":{"self":[{"href":"https:\/\/www.beta-machine.com\/es\/wp-json\/wp\/v2\/product\/698","targetHints":{"allow":["GET"]}}],"collection":[{"href":"https:\/\/www.beta-machine.com\/es\/wp-json\/wp\/v2\/product"}],"about":[{"href":"https:\/\/www.beta-machine.com\/es\/wp-json\/wp\/v2\/types\/product"}],"replies":[{"embeddable":true,"href":"https:\/\/www.beta-machine.com\/es\/wp-json\/wp\/v2\/comments?post=698"}],"wp:featuredmedia":[{"embeddable":true,"href":"https:\/\/www.beta-machine.com\/es\/wp-json\/wp\/v2\/media\/699"}],"wp:attachment":[{"href":"https:\/\/www.beta-machine.com\/es\/wp-json\/wp\/v2\/media?parent=698"}],"wp:term":[{"taxonomy":"product_brand","embeddable":true,"href":"https:\/\/www.beta-machine.com\/es\/wp-json\/wp\/v2\/product_brand?post=698"},{"taxonomy":"product_cat","embeddable":true,"href":"https:\/\/www.beta-machine.com\/es\/wp-json\/wp\/v2\/product_cat?post=698"},{"taxonomy":"product_tag","embeddable":true,"href":"https:\/\/www.beta-machine.com\/es\/wp-json\/wp\/v2\/product_tag?post=698"}],"curies":[{"name":"wp","href":"https:\/\/api.w.org\/{rel}","templated":true}]}}