{"id":704,"date":"2025-11-04T07:42:54","date_gmt":"2025-11-04T07:42:54","guid":{"rendered":"https:\/\/beta-machine.com\/?post_type=product&#038;p=704"},"modified":"2026-03-11T05:36:50","modified_gmt":"2026-03-11T05:36:50","slug":"high-speed-automatic-plastic-bottle-blowing-machine-with-4-cavities","status":"publish","type":"product","link":"https:\/\/www.beta-machine.com\/es\/high-speed-automatic-plastic-bottle-blowing-machine-with-4-cavities\/","title":{"rendered":"M\u00e1quina sopladora de botellas de pl\u00e1stico autom\u00e1tica de alta velocidad con 4 cavidades"},"content":{"rendered":"<h3><strong>Descripci\u00f3n<\/strong><\/h3>\n<div>\n<div>\n<p>La serie BETA de alta velocidad y ahorro de energ\u00eda es una m\u00e1quina sopladora autom\u00e1tica de estirado por soplado descendente de dos pasos con gran estabilidad. Es compatible con moldes de 4 a 10 cavidades y adecuada para soplar todo tipo de botellas de bebidas carbonatadas, bebidas espumosas, agua pura, agua mineral, zumos, cosm\u00e9ticos, gran di\u00e1metro, resistentes a altas temperaturas y otros envases.<\/p>\n<div style=\"width: 720px;\" class=\"wp-video\"><video class=\"wp-video-shortcode\" id=\"video-704-1\" width=\"720\" height=\"1280\" preload=\"metadata\" controls=\"controls\"><source type=\"video\/mp4\" src=\"https:\/\/beta-machine.com\/wp-content\/uploads\/2025\/11\/jiBklKnijmi-jmiqKBilmnRjiSjqoroqrqjkrpr-4cd10162cd194b89b531131ce8af66ca.mp4?_=1\" \/><a href=\"https:\/\/beta-machine.com\/wp-content\/uploads\/2025\/11\/jiBklKnijmi-jmiqKBilmnRjiSjqoroqrqjkrpr-4cd10162cd194b89b531131ce8af66ca.mp4\">https:\/\/beta-machine.com\/wp-content\/uploads\/2025\/11\/jiBklKnijmi-jmiqKBilmnRjiSjqoroqrqjkrpr-4cd10162cd194b89b531131ce8af66ca.mp4<\/a><\/video><\/div>\n<p>Bienvenido a Proveedor de M\u00e1quinas de Moldeo de China, proveedor l\u00edder de maquinaria avanzada para procesamiento de pl\u00e1stico. Nuestra M\u00e1quina Sopladora Autom\u00e1tica de Botellas de Pl\u00e1stico de Alta Velocidad con 4 Cavidades est\u00e1 dise\u00f1ada para ofrecer una eficiencia y fiabilidad excepcionales en la producci\u00f3n de botellas PET utilizadas en bebidas, envases de alimentos y otros productos de consumo.<\/p>\n<h3>Caracter\u00edsticas y Beneficios Clave<\/h3>\n<ol class=\"list-paddingleft-2\">\n<li>\n<div><strong>Alta capacidad de producci\u00f3n<\/strong>Capaz de producir hasta 4.500 botellas por hora.<\/div>\n<\/li>\n<li>\n<div><strong>Compatibilidad de materiales<\/strong>Apto para materiales PET, HDPE y PP.<\/div>\n<\/li>\n<li>\n<div><strong>Sistema de control avanzado<\/strong>Equipado con un controlador microcomputarizado PLC y una interfaz hombre-m\u00e1quina para un control preciso de la temperatura y monitorizaci\u00f3n en tiempo real.<\/div>\n<\/li>\n<li>\n<div><strong>Eficiencia energ\u00e9tica<\/strong>El proceso de un solo paso ahorra energ\u00eda al eliminar la necesidad de precalentamiento de preformas.<\/div>\n<\/li>\n<li>\n<div><strong>Calidad y consistencia<\/strong>Garantiza botellas de alta calidad con espesor de pared uniforme y m\u00ednimo desperdicio de material.<\/div>\n<\/li>\n<li>\n<div><strong>Dise\u00f1o compacto<\/strong>Optimizado para la eficiencia espacial, lo que lo hace ideal para l\u00edneas de producci\u00f3n modernas.<\/div>\n<\/li>\n<\/ol>\n<\/div>\n<\/div>\n<p><img fetchpriority=\"high\" decoding=\"async\" class=\"alignnone wp-image-686 size-full\" src=\"https:\/\/beta-machine.com\/wp-content\/uploads\/2025\/11\/H0a514cbc1dc74e668fee486230de9743H.jpg\" alt=\"Efficient embryo supply system\" width=\"1000\" height=\"1000\" srcset=\"https:\/\/www.beta-machine.com\/wp-content\/uploads\/2025\/11\/H0a514cbc1dc74e668fee486230de9743H.jpg 1000w, https:\/\/www.beta-machine.com\/wp-content\/uploads\/2025\/11\/H0a514cbc1dc74e668fee486230de9743H-300x300.jpg 300w, https:\/\/www.beta-machine.com\/wp-content\/uploads\/2025\/11\/H0a514cbc1dc74e668fee486230de9743H-100x100.jpg 100w, https:\/\/www.beta-machine.com\/wp-content\/uploads\/2025\/11\/H0a514cbc1dc74e668fee486230de9743H-600x600.jpg 600w, https:\/\/www.beta-machine.com\/wp-content\/uploads\/2025\/11\/H0a514cbc1dc74e668fee486230de9743H-150x150.jpg 150w, https:\/\/www.beta-machine.com\/wp-content\/uploads\/2025\/11\/H0a514cbc1dc74e668fee486230de9743H-768x768.jpg 768w, https:\/\/www.beta-machine.com\/wp-content\/uploads\/2025\/11\/H0a514cbc1dc74e668fee486230de9743H-50x50.jpg 50w\" sizes=\"(max-width: 1000px) 100vw, 1000px\" \/><\/p>\n<table>\n<thead>\n<tr class=\"firstRow\">\n<th><strong>Par\u00e1metro<\/strong><\/th>\n<th><strong>Detalles<\/strong><\/th>\n<\/tr>\n<tr>\n<td><strong>N\u00famero de cavidades<\/strong><\/td>\n<td>4<\/td>\n<\/tr>\n<tr>\n<td><strong>Capacidad m\u00e1xima de la botella<\/strong><\/td>\n<td>2,000 ml<\/td>\n<\/tr>\n<tr>\n<td><strong>Tama\u00f1o del cuello<\/strong><\/td>\n<td>18-38 mm<\/td>\n<\/tr>\n<tr>\n<td><strong>Di\u00e1metro m\u00e1ximo de la botella<\/strong><\/td>\n<td>105 mm<\/td>\n<\/tr>\n<tr>\n<td><strong>Altura m\u00e1xima de la botella<\/strong><\/td>\n<td>330 mm<\/td>\n<\/tr>\n<tr>\n<td><strong>Capacidad de inyecci\u00f3n<\/strong><\/td>\n<td>238 cm\u00b3<\/td>\n<\/tr>\n<tr>\n<td><strong>Presi\u00f3n de inyecci\u00f3n<\/strong><\/td>\n<td>174 Mpa<\/td>\n<\/tr>\n<tr>\n<td><strong>Fuerza de cierre<\/strong><\/td>\n<td>80 KN<\/td>\n<\/tr>\n<tr>\n<td><strong>Fuente de alimentaci\u00f3n<\/strong><\/td>\n<td>380V, 50Hz\/3PH<\/td>\n<\/tr>\n<tr>\n<td><strong>Potencia nominal<\/strong><\/td>\n<td>49 kW<\/td>\n<\/tr>\n<tr>\n<td><strong>Sistema de aire<\/strong><\/td>\n<td>Compresor de aire a alta presi\u00f3n: 3,0 m\u00b3\/min, 3,0 MPa<\/p>\n<p>Compresor de aire baja presi\u00f3n: 1,6 m\u00b3\/min, 1,0 MPa<\/td>\n<\/tr>\n<tr>\n<td><strong>Agua de enfriamiento<\/strong><\/td>\n<td>Enfriador de agua: 3 HP<\/td>\n<\/tr>\n<tr>\n<td><strong>Dimensiones de la m\u00e1quina (L\u00d7An\u00d7Al mm)<\/strong><\/td>\n<td>4,200\u00d72,100\u00d72,400<\/td>\n<\/tr>\n<tr>\n<td><strong>Peso<\/strong><\/td>\n<td>5,000 kg<\/td>\n<\/tr>\n<\/thead>\n<\/table>\n<div><strong>Sistema eficiente de suministro de preformas<\/strong><\/div>\n<div>El mecanismo autom\u00e1tico de clasificaci\u00f3n y carga de preformas no solo realiza un proceso de clasificaci\u00f3n y carga r\u00e1pido y eficiente para reducir costos laborales, sino que tambi\u00e9n mejora a\u00fan m\u00e1s la estabilidad del funcionamiento de todo el equipo.<\/div>\n<p><img decoding=\"async\" class=\"alignnone wp-image-693 size-full\" src=\"https:\/\/beta-machine.com\/wp-content\/uploads\/2025\/11\/high-speed-linear-bottle-blowing-machine2.jpg\" alt=\"Preform separation\" width=\"1000\" height=\"1000\" srcset=\"https:\/\/www.beta-machine.com\/wp-content\/uploads\/2025\/11\/high-speed-linear-bottle-blowing-machine2.jpg 1000w, https:\/\/www.beta-machine.com\/wp-content\/uploads\/2025\/11\/high-speed-linear-bottle-blowing-machine2-300x300.jpg 300w, https:\/\/www.beta-machine.com\/wp-content\/uploads\/2025\/11\/high-speed-linear-bottle-blowing-machine2-100x100.jpg 100w, https:\/\/www.beta-machine.com\/wp-content\/uploads\/2025\/11\/high-speed-linear-bottle-blowing-machine2-600x600.jpg 600w, https:\/\/www.beta-machine.com\/wp-content\/uploads\/2025\/11\/high-speed-linear-bottle-blowing-machine2-150x150.jpg 150w, https:\/\/www.beta-machine.com\/wp-content\/uploads\/2025\/11\/high-speed-linear-bottle-blowing-machine2-768x768.jpg 768w, https:\/\/www.beta-machine.com\/wp-content\/uploads\/2025\/11\/high-speed-linear-bottle-blowing-machine2-50x50.jpg 50w\" sizes=\"(max-width: 1000px) 100vw, 1000px\" \/><\/p>\n<div><strong>Separaci\u00f3n de preformas<\/strong><\/div>\n<div>Cuando se detecta la se\u00f1al de preforma, el cilindro de separaci\u00f3n de preformas avanza para insertar las preformas, el cilindro de desgerminado sube para desgerminar, y el cilindro de separaci\u00f3n de preformas se mueve a la izquierda para separar las preformas.<\/div>\n<p><img decoding=\"async\" class=\"alignnone wp-image-687 size-full\" src=\"https:\/\/beta-machine.com\/wp-content\/uploads\/2025\/11\/H7f19cd0f5c3f4509b75139441871ed24T.jpg\" alt=\"Intelligent heating system\" width=\"1000\" height=\"1000\" srcset=\"https:\/\/www.beta-machine.com\/wp-content\/uploads\/2025\/11\/H7f19cd0f5c3f4509b75139441871ed24T.jpg 1000w, https:\/\/www.beta-machine.com\/wp-content\/uploads\/2025\/11\/H7f19cd0f5c3f4509b75139441871ed24T-300x300.jpg 300w, https:\/\/www.beta-machine.com\/wp-content\/uploads\/2025\/11\/H7f19cd0f5c3f4509b75139441871ed24T-100x100.jpg 100w, https:\/\/www.beta-machine.com\/wp-content\/uploads\/2025\/11\/H7f19cd0f5c3f4509b75139441871ed24T-600x600.jpg 600w, https:\/\/www.beta-machine.com\/wp-content\/uploads\/2025\/11\/H7f19cd0f5c3f4509b75139441871ed24T-150x150.jpg 150w, https:\/\/www.beta-machine.com\/wp-content\/uploads\/2025\/11\/H7f19cd0f5c3f4509b75139441871ed24T-768x768.jpg 768w, https:\/\/www.beta-machine.com\/wp-content\/uploads\/2025\/11\/H7f19cd0f5c3f4509b75139441871ed24T-50x50.jpg 50w\" sizes=\"(max-width: 1000px) 100vw, 1000px\" \/><\/p>\n<div><strong>Sistema de calentamiento inteligente<\/strong><\/div>\n<div>La l\u00e1mpara se utiliza para calentar la preforma por penetraci\u00f3n, haciendo que la preforma se estire de forma m\u00e1s uniforme con alta transparencia. Equipado con placa reflectora de acero inoxidable para aprovechar al m\u00e1ximo la energ\u00eda t\u00e9rmica de la l\u00e1mpara, acortar el tiempo de calentamiento, reducir el consumo de energ\u00eda y aumentar la capacidad de producci\u00f3n. La temperatura de cada capa de tubos luminosos se puede ajustar de forma independiente, y la temperatura se puede regular hacia arriba y abajo, adelante y atr\u00e1s seg\u00fan las diferentes preformas del cliente.<\/div>\n<p><img loading=\"lazy\" decoding=\"async\" class=\"alignnone wp-image-689 size-full\" src=\"https:\/\/beta-machine.com\/wp-content\/uploads\/2025\/11\/H696fe00023b44728ba0ffd014f31b6d1F.jpg\" alt=\"Servo mold clamping system\" width=\"1000\" height=\"1000\" srcset=\"https:\/\/www.beta-machine.com\/wp-content\/uploads\/2025\/11\/H696fe00023b44728ba0ffd014f31b6d1F.jpg 1000w, https:\/\/www.beta-machine.com\/wp-content\/uploads\/2025\/11\/H696fe00023b44728ba0ffd014f31b6d1F-300x300.jpg 300w, https:\/\/www.beta-machine.com\/wp-content\/uploads\/2025\/11\/H696fe00023b44728ba0ffd014f31b6d1F-100x100.jpg 100w, https:\/\/www.beta-machine.com\/wp-content\/uploads\/2025\/11\/H696fe00023b44728ba0ffd014f31b6d1F-600x600.jpg 600w, https:\/\/www.beta-machine.com\/wp-content\/uploads\/2025\/11\/H696fe00023b44728ba0ffd014f31b6d1F-150x150.jpg 150w, https:\/\/www.beta-machine.com\/wp-content\/uploads\/2025\/11\/H696fe00023b44728ba0ffd014f31b6d1F-768x768.jpg 768w, https:\/\/www.beta-machine.com\/wp-content\/uploads\/2025\/11\/H696fe00023b44728ba0ffd014f31b6d1F-50x50.jpg 50w\" sizes=\"(max-width: 1000px) 100vw, 1000px\" \/><\/p>\n<div><strong>Sistema de cierre de molde por servomotor<\/strong><\/div>\n<div>El sistema de cierre de molde es accionado por un servomotor y transmisi\u00f3n por biela mec\u00e1nica. El molde y el molde inferior se cierran sincr\u00f3nicamente mediante servomotores. La parte posterior de la base del molde est\u00e1 equipada con placa de elevaci\u00f3n de alta presi\u00f3n y cierre de molde de alta presi\u00f3n, lo que reduce eficazmente la visibilidad de la l\u00ednea de cierre de molde de las botellas terminadas y garantiza la calidad de las botellas. El molde adopta una estructura tipo caj\u00f3n, que facilita el cambio de molde, y el operador puede completarlo en media hora.<\/div>\n<p><img loading=\"lazy\" decoding=\"async\" class=\"alignnone wp-image-691 size-full\" src=\"https:\/\/beta-machine.com\/wp-content\/uploads\/2025\/11\/Hfa92de88e84f4233a6022eac65d4f4d44.jpg\" alt=\"Servo stretching system\" width=\"1000\" height=\"1000\" srcset=\"https:\/\/www.beta-machine.com\/wp-content\/uploads\/2025\/11\/Hfa92de88e84f4233a6022eac65d4f4d44.jpg 1000w, https:\/\/www.beta-machine.com\/wp-content\/uploads\/2025\/11\/Hfa92de88e84f4233a6022eac65d4f4d44-300x300.jpg 300w, https:\/\/www.beta-machine.com\/wp-content\/uploads\/2025\/11\/Hfa92de88e84f4233a6022eac65d4f4d44-100x100.jpg 100w, https:\/\/www.beta-machine.com\/wp-content\/uploads\/2025\/11\/Hfa92de88e84f4233a6022eac65d4f4d44-600x600.jpg 600w, https:\/\/www.beta-machine.com\/wp-content\/uploads\/2025\/11\/Hfa92de88e84f4233a6022eac65d4f4d44-150x150.jpg 150w, https:\/\/www.beta-machine.com\/wp-content\/uploads\/2025\/11\/Hfa92de88e84f4233a6022eac65d4f4d44-768x768.jpg 768w, https:\/\/www.beta-machine.com\/wp-content\/uploads\/2025\/11\/Hfa92de88e84f4233a6022eac65d4f4d44-50x50.jpg 50w\" sizes=\"(max-width: 1000px) 100vw, 1000px\" \/><\/p>\n<div><strong>Sistema de estiramiento por servomotor<\/strong><\/div>\n<div>El servomotor acciona el sistema de estiramiento. El servomotor impulsa el engranaje y cremallera para realizar el estiramiento. Los modos de protecci\u00f3n dual de l\u00edmite fotoel\u00e9ctrico y l\u00edmite mec\u00e1nico de desarrollo independiente evitan que la varilla de estiramiento toque el molde inferior. Los tiempos de ciclo del primer y segundo soplado se pueden ajustar individualmente en el consola. Seg\u00fan las diferentes preformas y tipos de botellas del cliente, la varilla de estiramiento se puede ajustar r\u00e1pidamente. Se ajusta autom\u00e1ticamente y tiene alta flexibilidad.<\/div>\n<div>\n<div>\n<div>\n<h3>Aplicaciones<\/h3>\n<div>Nuestra sopladora autom\u00e1tica de botellas de pl\u00e1stico de alta velocidad es ampliamente utilizada en:<\/div>\n<ul class=\"list-paddingleft-2\">\n<li>\n<div><strong>Industria de bebidas<\/strong>Para la producci\u00f3n de botellas de agua, jugos y bebidas carbonatadas.<\/div>\n<\/li>\n<li>\n<div><strong>Industria de alimentos<\/strong>Para el envasado de condimentos, productos l\u00e1cteos y otros art\u00edculos de consumo.<\/div>\n<\/li>\n<li>\n<div><strong>Industria farmac\u00e9utica<\/strong>Para la producci\u00f3n de botellas de alta calidad y libres de contaminaci\u00f3n.<\/div>\n<\/li>\n<li>\n<div><strong>Industria cosm\u00e9tica<\/strong>Para la producci\u00f3n de botellas con alta transparencia y rigidez.<\/div>\n<\/li>\n<\/ul>\n<h3><\/h3>\n<h3>Preguntas frecuentes<\/h3>\n<div><strong>Q1: \u00bfSon una empresa comercial o un fabricante?<\/strong><br \/>\nSomos fabricantes. Producimos las m\u00e1quinas nosotros mismos y podemos garantizar la calidad.<\/div>\n<div><strong>Q2: \u00bfCu\u00e1l es su ventaja?<\/strong><br \/>\nOfrecemos precios competitivos, excelente soporte t\u00e9cnico y servicio en l\u00ednea 24 horas.<\/div>\n<div><strong>Q3: \u00bfCu\u00e1ndo puedo recibir mi m\u00e1quina despu\u00e9s de hacer el pedido?<\/strong><br \/>\nOrganizaremos la entrega a tiempo, de acuerdo con el contrato.<\/div>\n<div><strong>Q4: \u00bfCu\u00e1l es el per\u00edodo de garant\u00eda de sus m\u00e1quinas?<\/strong><br \/>\nOfrecemos una garant\u00eda de 2 a\u00f1os y proporcionamos repuestos gratuitos durante este per\u00edodo.<\/div>\n<div><strong>Q5: \u00bfC\u00f3mo puedo instalar la m\u00e1quina cuando llegue?<\/strong><br \/>\nOfrecemos soporte en l\u00ednea 24 horas. Si es necesario, podemos enviar a nuestros ingenieros a su sitio para la instalaci\u00f3n y capacitaci\u00f3n.<\/div>\n<div><strong>Q6: \u00bfA qu\u00e9 deben prestar atenci\u00f3n los usuarios al operar y mantener las sopladoras de botellas PET?<\/strong><br \/>\nAseg\u00farese de que la tolva de alimentaci\u00f3n no est\u00e9 obstruida. Revise regularmente los sistemas de control y componentes el\u00e9ctricos. Mantenga los sistemas de presi\u00f3n de aire y refrigeraci\u00f3n para garantizar un rendimiento \u00f3ptimo.<\/div>\n<div><strong>Q7: \u00bfSe puede personalizar la m\u00e1quina seg\u00fan los requisitos del cliente?<\/strong><br \/>\nS\u00ed, todas las m\u00e1quinas de envasado de botellas se pueden personalizar seg\u00fan las especificaciones del cliente.\nPara m\u00e1s informaci\u00f3n o solicitar un presupuesto, cont\u00e1ctenos hoy mismo.<\/div>\n<div>For more information or to request a quote, please contact us today.<\/div>\n<\/div>\n<\/div>\n<\/div>\n<div><\/div>","protected":false},"excerpt":{"rendered":"<p>La serie de alta velocidad y ahorro de energ\u00eda BETA es una fiable m\u00e1quina sopladora autom\u00e1tica de estirado por soplado descendente de dos pasos que ofrece estabilidad. Es compatible con moldes de 4 a 10 cavidades y es adecuada para producir una gran variedad de botellas, incluidas las de bebidas carbonatadas, bebidas espumosas, agua pura, agua mineral, zumo de frutas, cosm\u00e9ticos, gran di\u00e1metro, resistentes a altas temperaturas y otros envases.<\/p>","protected":false},"featured_media":703,"comment_status":"closed","ping_status":"closed","template":"","meta":{"_acf_changed":false},"product_brand":[],"product_cat":[26],"product_tag":[],"class_list":{"0":"post-704","1":"product","2":"type-product","3":"status-publish","4":"has-post-thumbnail","6":"product_cat-automatic-bottle-blowing-machine","8":"first","9":"instock","10":"shipping-taxable","11":"purchasable","12":"product-type-variable"},"acf":[],"_links":{"self":[{"href":"https:\/\/www.beta-machine.com\/es\/wp-json\/wp\/v2\/product\/704","targetHints":{"allow":["GET"]}}],"collection":[{"href":"https:\/\/www.beta-machine.com\/es\/wp-json\/wp\/v2\/product"}],"about":[{"href":"https:\/\/www.beta-machine.com\/es\/wp-json\/wp\/v2\/types\/product"}],"replies":[{"embeddable":true,"href":"https:\/\/www.beta-machine.com\/es\/wp-json\/wp\/v2\/comments?post=704"}],"wp:featuredmedia":[{"embeddable":true,"href":"https:\/\/www.beta-machine.com\/es\/wp-json\/wp\/v2\/media\/703"}],"wp:attachment":[{"href":"https:\/\/www.beta-machine.com\/es\/wp-json\/wp\/v2\/media?parent=704"}],"wp:term":[{"taxonomy":"product_brand","embeddable":true,"href":"https:\/\/www.beta-machine.com\/es\/wp-json\/wp\/v2\/product_brand?post=704"},{"taxonomy":"product_cat","embeddable":true,"href":"https:\/\/www.beta-machine.com\/es\/wp-json\/wp\/v2\/product_cat?post=704"},{"taxonomy":"product_tag","embeddable":true,"href":"https:\/\/www.beta-machine.com\/es\/wp-json\/wp\/v2\/product_tag?post=704"}],"curies":[{"name":"wp","href":"https:\/\/api.w.org\/{rel}","templated":true}]}}