{"id":122,"date":"2025-10-22T08:37:17","date_gmt":"2025-10-22T08:37:17","guid":{"rendered":"https:\/\/beta-machine.com\/?post_type=product&#038;p=122"},"modified":"2026-03-16T06:41:28","modified_gmt":"2026-03-16T06:41:28","slug":"double-station-blow-molding-machine","status":"publish","type":"product","link":"https:\/\/www.beta-machine.com\/fr\/double-station-blow-molding-machine-pd770234388\/","title":{"rendered":"Machine de moulage par soufflage double station"},"content":{"rendered":"<p>Cette machine de extrusion soufflage est con\u00e7ue pour fabriquer divers types de r\u00e9cipients creux en plastique destin\u00e9s \u00e0 l\u2019alimentation, les jouets, les boissons, les produits m\u00e9dicaux, chimiques, pesticides, d\u00e9tergents, etc.Elle peut produire des r\u00e9cipients de 5L \u00e0 30L avec des mat\u00e9riaux PE, PP et PVC : bouteilles d\u2019eau, de lait, m\u00e9dicales, d\u2019huile, de lubrifiant, balles plastiques et r\u00e9cipients plastiques.<br>\nAvantages :<br>\nFaible investissement initial, rentable.<br>\nHaute efficacit\u00e9 de production, fonctionnement rapide et s\u00e9curis\u00e9.<br>\nD\u00e9pannage et maintenance faciles, temps d\u2019arr\u00eat minimal.<br>\nDe nombreux avantages pour les fabricants du secteur des emballages plastiques.<\/p>\n<p>&nbsp;<\/p>","protected":false},"excerpt":{"rendered":"<p>This extrusion blow molding\/moulding machine is designed to manufacture various types of hollow plastic containers used for storing food, toys, beverages, medicines, chemical products, pesticides, detergents, etc. It can produce containers ranging from 5L to 30L in size using materials like PE, PP, and PVC. Examples of products that can be made include water bottles, [&hellip;]<\/p>\n","protected":false},"featured_media":124,"comment_status":"open","ping_status":"closed","template":"","meta":{"_acf_changed":false},"product_brand":[],"product_cat":[29],"product_tag":[],"class_list":{"0":"post-122","1":"product","2":"type-product","3":"status-publish","4":"has-post-thumbnail","6":"product_cat-double-station-blow-molding-machine","8":"first","9":"instock","10":"shipping-taxable","11":"purchasable","12":"product-type-simple"},"acf":[],"_links":{"self":[{"href":"https:\/\/www.beta-machine.com\/fr\/wp-json\/wp\/v2\/product\/122","targetHints":{"allow":["GET"]}}],"collection":[{"href":"https:\/\/www.beta-machine.com\/fr\/wp-json\/wp\/v2\/product"}],"about":[{"href":"https:\/\/www.beta-machine.com\/fr\/wp-json\/wp\/v2\/types\/product"}],"replies":[{"embeddable":true,"href":"https:\/\/www.beta-machine.com\/fr\/wp-json\/wp\/v2\/comments?post=122"}],"wp:featuredmedia":[{"embeddable":true,"href":"https:\/\/www.beta-machine.com\/fr\/wp-json\/wp\/v2\/media\/124"}],"wp:attachment":[{"href":"https:\/\/www.beta-machine.com\/fr\/wp-json\/wp\/v2\/media?parent=122"}],"wp:term":[{"taxonomy":"product_brand","embeddable":true,"href":"https:\/\/www.beta-machine.com\/fr\/wp-json\/wp\/v2\/product_brand?post=122"},{"taxonomy":"product_cat","embeddable":true,"href":"https:\/\/www.beta-machine.com\/fr\/wp-json\/wp\/v2\/product_cat?post=122"},{"taxonomy":"product_tag","embeddable":true,"href":"https:\/\/www.beta-machine.com\/fr\/wp-json\/wp\/v2\/product_tag?post=122"}],"curies":[{"name":"wp","href":"https:\/\/api.w.org\/{rel}","templated":true}]}}