{"id":125,"date":"2025-10-24T01:51:03","date_gmt":"2025-10-24T01:51:03","guid":{"rendered":"https:\/\/beta-machine.com\/?post_type=product&#038;p=125"},"modified":"2026-03-16T06:29:37","modified_gmt":"2026-03-16T06:29:37","slug":"manufacturer-customized-small-fully-automatic-waste-plastic-crusher","status":"publish","type":"product","link":"https:\/\/www.beta-machine.com\/fr\/manufacturer-customized-small-fully-automatic-waste-plastic-crusher-pd738628088\/","title":{"rendered":"Broyeur de d\u00e9chets plastiques petit et enti\u00e8rement automatique, personnalis\u00e9 par le fabricant"},"content":{"rendered":"<h3>Analyse d\u00e9taill\u00e9e<\/h3>\n<div>\n<ol>\n<li>Moteur de qualit\u00e9, puissance forte, fonctionnement stable, garantie de qualit\u00e9 et nombreuses ann\u00e9es d\u2019exp\u00e9rience dans le secteur.<\/li>\n<li>Pi\u00e8ce de transmission: fonctionnement stable, durable et personnalisable selon les besoins de l\u2019utilisateur.<\/li>\n<li>Renforcement global, mat\u00e9riaux s\u00e9lectionn\u00e9s, solide et durable, machinerie de haute qualit\u00e9 et choix solide de mat\u00e9riaux.<\/li>\n<\/ol>\n<\/div>","protected":false},"excerpt":{"rendered":"<p>Detailed analysis Quality motor Strong power, smooth operation, quality assurance, and years of industry experience. Transmission part Stable operation, durable and customizable according to user needs. Overall reinforcement Selected materials, sturdy and durable, with high-quality machinery and solid material selection.<\/p>","protected":false},"featured_media":132,"comment_status":"closed","ping_status":"closed","template":"","meta":{"_acf_changed":false},"product_brand":[],"product_cat":[41],"product_tag":[44],"class_list":{"0":"post-125","1":"product","2":"type-product","3":"status-publish","4":"has-post-thumbnail","6":"product_cat-auxiliary-machines","7":"product_tag-various","9":"first","10":"instock","11":"shipping-taxable","12":"purchasable","13":"product-type-variable"},"acf":[],"_links":{"self":[{"href":"https:\/\/www.beta-machine.com\/fr\/wp-json\/wp\/v2\/product\/125","targetHints":{"allow":["GET"]}}],"collection":[{"href":"https:\/\/www.beta-machine.com\/fr\/wp-json\/wp\/v2\/product"}],"about":[{"href":"https:\/\/www.beta-machine.com\/fr\/wp-json\/wp\/v2\/types\/product"}],"replies":[{"embeddable":true,"href":"https:\/\/www.beta-machine.com\/fr\/wp-json\/wp\/v2\/comments?post=125"}],"wp:featuredmedia":[{"embeddable":true,"href":"https:\/\/www.beta-machine.com\/fr\/wp-json\/wp\/v2\/media\/132"}],"wp:attachment":[{"href":"https:\/\/www.beta-machine.com\/fr\/wp-json\/wp\/v2\/media?parent=125"}],"wp:term":[{"taxonomy":"product_brand","embeddable":true,"href":"https:\/\/www.beta-machine.com\/fr\/wp-json\/wp\/v2\/product_brand?post=125"},{"taxonomy":"product_cat","embeddable":true,"href":"https:\/\/www.beta-machine.com\/fr\/wp-json\/wp\/v2\/product_cat?post=125"},{"taxonomy":"product_tag","embeddable":true,"href":"https:\/\/www.beta-machine.com\/fr\/wp-json\/wp\/v2\/product_tag?post=125"}],"curies":[{"name":"wp","href":"https:\/\/api.w.org\/{rel}","templated":true}]}}