{"id":148,"date":"2025-10-24T03:07:41","date_gmt":"2025-10-24T03:07:41","guid":{"rendered":"https:\/\/beta-machine.com\/?post_type=product&#038;p=148"},"modified":"2026-03-16T06:08:38","modified_gmt":"2026-03-16T06:08:38","slug":"manufacturer-customized-fully-automatic-water-oil-mold-temperature-machine","status":"publish","type":"product","link":"https:\/\/www.beta-machine.com\/fr\/manufacturer-customized-fully-automatic-water-oil-mold-temperature-machine\/","title":{"rendered":"Fabricant R\u00e9gulateur de Temp\u00e9rature de Moule \u00e0 Eau\/ Huile Enti\u00e8rement Automatique Personnalis\u00e9"},"content":{"rendered":"<h2>R\u00e9gulateur de temp\u00e9rature de moule type eau \/ type huile<\/h2>\n<p><img fetchpriority=\"high\" decoding=\"async\" class=\"alignnone wp-image-153 size-medium\" title=\"Mold Temperature Machine\" src=\"https:\/\/beta-machine.com\/wp-content\/uploads\/2025\/10\/Water-type-oil-type-mold-temperature-machine-300x300.png\" alt=\"Mold Temperature Machine\" width=\"300\" height=\"300\" srcset=\"https:\/\/www.beta-machine.com\/wp-content\/uploads\/2025\/10\/Water-type-oil-type-mold-temperature-machine-300x300.png 300w, https:\/\/www.beta-machine.com\/wp-content\/uploads\/2025\/10\/Water-type-oil-type-mold-temperature-machine-100x100.png 100w, https:\/\/www.beta-machine.com\/wp-content\/uploads\/2025\/10\/Water-type-oil-type-mold-temperature-machine-600x600.png 600w, https:\/\/www.beta-machine.com\/wp-content\/uploads\/2025\/10\/Water-type-oil-type-mold-temperature-machine-150x150.png 150w, https:\/\/www.beta-machine.com\/wp-content\/uploads\/2025\/10\/Water-type-oil-type-mold-temperature-machine-768x768.png 768w, https:\/\/www.beta-machine.com\/wp-content\/uploads\/2025\/10\/Water-type-oil-type-mold-temperature-machine.png 800w\" sizes=\"(max-width: 300px) 100vw, 300px\" \/><\/p>\n<p><strong>Contr\u00f4le par microordinateur<\/strong><\/p>\n<p>Contr\u00f4le par microordinateur, affichage LCD et fonctionnement par boutons;<\/p>\n<p><strong>Syst\u00e8me de r\u00e9gulation de temp\u00e9rature segment\u00e9<\/strong><\/p>\n<p>La temp\u00e9rature du moule peut \u00eatre maintenue stable dans tous les \u00e9tats, avec une pr\u00e9cision de r\u00e9gulation de temp\u00e9rature allant jusqu'\u00e0 \u00b10.5 \u2103;<\/p>\n<p><strong>Facile \u00e0 utiliser<\/strong><\/p>\n<p>Il permet de basculer entre le chinois et l'anglais. L'interface de fonctionnement est simple et facile \u00e0 comprendre, et l'affichage des probl\u00e8mes de panne est clair en un coup d'\u0153il.<\/p>\n<div class=\"sliderTable mt10 mb10 sliderTable-index0\"><\/div>\n<h2>R\u00e9gulateur de temp\u00e9rature de moule \u00e0 huile haute temp\u00e9rature<\/h2>\n<p><img decoding=\"async\" class=\"alignnone wp-image-152 size-medium\" title=\"Mold Temperature Machine\" src=\"https:\/\/beta-machine.com\/wp-content\/uploads\/2025\/10\/High-temperature-oil-mold-temperature-machine-300x300.png\" alt=\"Mold Temperature Machine\" width=\"300\" height=\"300\" srcset=\"https:\/\/www.beta-machine.com\/wp-content\/uploads\/2025\/10\/High-temperature-oil-mold-temperature-machine-300x300.png 300w, https:\/\/www.beta-machine.com\/wp-content\/uploads\/2025\/10\/High-temperature-oil-mold-temperature-machine-100x100.png 100w, https:\/\/www.beta-machine.com\/wp-content\/uploads\/2025\/10\/High-temperature-oil-mold-temperature-machine-600x600.png 600w, https:\/\/www.beta-machine.com\/wp-content\/uploads\/2025\/10\/High-temperature-oil-mold-temperature-machine-150x150.png 150w, https:\/\/www.beta-machine.com\/wp-content\/uploads\/2025\/10\/High-temperature-oil-mold-temperature-machine-768x768.png 768w, https:\/\/www.beta-machine.com\/wp-content\/uploads\/2025\/10\/High-temperature-oil-mold-temperature-machine.png 800w\" sizes=\"(max-width: 300px) 100vw, 300px\" \/><\/p>\n<p><strong>Commande en mode micro-ordinateur<\/strong><\/p>\n<p>Fonctionnement simple et facile \u00e0 comprendre, adopte un syst\u00e8me de contr\u00f4le double \u00e9tage PID enti\u00e8rement num\u00e9rique, avec une pr\u00e9cision de r\u00e9gulation de temp\u00e9rature de \u00b10.1 \u2103;<\/p>\n<p><strong>Adopte pompe \u00e0 couplage haute temp\u00e9rature<\/strong><\/p>\n<p>Syst\u00e8me parfait de protection de s\u00e9curit\u00e9 et d\u2019indication de pannes; adopte pompe \u00e0 couplage haute temp\u00e9rature, sans fuite d\u2019huile;<\/p>\n<p><strong>Utilise le refroidissement indirect<\/strong><\/p>\n<p>Utilise le refroidissement indirect, avec une vitesse rapide de mont\u00e9e et descente en temp\u00e9rature, et une temp\u00e9rature pr\u00e9cise et stable.<\/p>\n<div class=\"sliderTable mt10 mb10 sliderTable-index1\"><\/div>\n<h2>R\u00e9gulateur de temp\u00e9rature de moule double usage froid-chaud<\/h2>\n<p><img decoding=\"async\" class=\"alignnone wp-image-153 size-medium\" src=\"https:\/\/beta-machine.com\/wp-content\/uploads\/2025\/10\/Water-type-oil-type-mold-temperature-machine-300x300.png\" alt=\"Mold Temperature Machine\" width=\"300\" height=\"300\" srcset=\"https:\/\/www.beta-machine.com\/wp-content\/uploads\/2025\/10\/Water-type-oil-type-mold-temperature-machine-300x300.png 300w, https:\/\/www.beta-machine.com\/wp-content\/uploads\/2025\/10\/Water-type-oil-type-mold-temperature-machine-100x100.png 100w, https:\/\/www.beta-machine.com\/wp-content\/uploads\/2025\/10\/Water-type-oil-type-mold-temperature-machine-600x600.png 600w, https:\/\/www.beta-machine.com\/wp-content\/uploads\/2025\/10\/Water-type-oil-type-mold-temperature-machine-150x150.png 150w, https:\/\/www.beta-machine.com\/wp-content\/uploads\/2025\/10\/Water-type-oil-type-mold-temperature-machine-768x768.png 768w, https:\/\/www.beta-machine.com\/wp-content\/uploads\/2025\/10\/Water-type-oil-type-mold-temperature-machine.png 800w\" sizes=\"(max-width: 300px) 100vw, 300px\" \/><\/p>\n<p><strong>Op\u00e9ration et conversion en un clic pratiques.<\/strong><\/p>\n<p>Fournit de l\u2019eau circulante de refroidissement pour le refroidissement des \u00e9quipements ou de l\u2019eau chaude pour le chauffage selon les besoins de production;<\/p>\n<p><strong>Faible bruit et vibration;<\/strong><\/p>\n<p>L\u2019unit\u00e9 principale adopte des compresseurs de marques am\u00e9ricaines et japonaises, avec protection de s\u00e9curit\u00e9 int\u00e9gr\u00e9e, faible bruit, stable et durable;<\/p>\n<p><strong>S\u00e9lection stricte des mat\u00e9riaux<\/strong><\/p>\n<p>Mesures de protection compl\u00e8tes, indication intelligente des pannes, alarme par buzzer, haut degr\u00e9 d\u2019automatisation, pas besoin de personnel d\u00e9di\u00e9 pour fonctionner.<\/p>\n<div class=\"sliderTable mt10 mb10 sliderTable-index2\"><\/div>\n<h2>R\u00e9gulateur de temp\u00e9rature de moule double machine int\u00e9gr\u00e9e<\/h2>\n<p><img loading=\"lazy\" decoding=\"async\" class=\"alignnone size-medium wp-image-151\" src=\"https:\/\/beta-machine.com\/wp-content\/uploads\/2025\/10\/Dual-machine-integrated-mold-temperature-machine-300x300.png\" alt=\"Mold Temperature Machine\" width=\"300\" height=\"300\" srcset=\"https:\/\/www.beta-machine.com\/wp-content\/uploads\/2025\/10\/Dual-machine-integrated-mold-temperature-machine-300x300.png 300w, https:\/\/www.beta-machine.com\/wp-content\/uploads\/2025\/10\/Dual-machine-integrated-mold-temperature-machine-100x100.png 100w, https:\/\/www.beta-machine.com\/wp-content\/uploads\/2025\/10\/Dual-machine-integrated-mold-temperature-machine-600x600.png 600w, https:\/\/www.beta-machine.com\/wp-content\/uploads\/2025\/10\/Dual-machine-integrated-mold-temperature-machine-150x150.png 150w, https:\/\/www.beta-machine.com\/wp-content\/uploads\/2025\/10\/Dual-machine-integrated-mold-temperature-machine-768x768.png 768w, https:\/\/www.beta-machine.com\/wp-content\/uploads\/2025\/10\/Dual-machine-integrated-mold-temperature-machine.png 800w\" sizes=\"(max-width: 300px) 100vw, 300px\" \/><\/p>\n<p><strong>Faible encombrement<\/strong><\/p>\n<p>Nouveau design, faible encombrement et fonctions compl\u00e8tes;<\/p>\n<p><strong>R\u00e9gulation de temp\u00e9rature ind\u00e9pendante<\/strong><\/p>\n<p>Double r\u00e9gulation de temp\u00e9rature ind\u00e9pendante, adapt\u00e9e \u00e0 diff\u00e9rentes temp\u00e9ratures de moules sup\u00e9rieur et inf\u00e9rieur, peut \u00e9galement contr\u00f4ler simultan\u00e9ment deux unit\u00e9s principales \u00e0 temp\u00e9ratures diff\u00e9rentes;<\/p>\n<p><strong>Facile \u00e0 utiliser<\/strong><\/p>\n<p>Design humanis\u00e9 au niveau de l\u2019apparence, fonctionnement pratique et efficace, maintenance et d\u00e9montage plus raisonnables.<\/p>\n<div class=\"sliderTable mt10 mb10 sliderTable-index3\"><\/div>","protected":false},"excerpt":{"rendered":"<p>Les r\u00e9gulateurs de temp\u00e9rature de moule personnalis\u00e9s de BETA sont disponibles en quatre mod\u00e8les: type eau-huile, type huile haute temp\u00e9rature, type froid-chaud double et type double machine int\u00e9gr\u00e9e.<\/p>","protected":false},"featured_media":151,"comment_status":"closed","ping_status":"closed","template":"","meta":{"_acf_changed":false},"product_brand":[],"product_cat":[41],"product_tag":[],"class_list":{"0":"post-148","1":"product","2":"type-product","3":"status-publish","4":"has-post-thumbnail","6":"product_cat-auxiliary-machines","8":"first","9":"instock","10":"shipping-taxable","11":"purchasable","12":"product-type-simple"},"acf":[],"_links":{"self":[{"href":"https:\/\/www.beta-machine.com\/fr\/wp-json\/wp\/v2\/product\/148","targetHints":{"allow":["GET"]}}],"collection":[{"href":"https:\/\/www.beta-machine.com\/fr\/wp-json\/wp\/v2\/product"}],"about":[{"href":"https:\/\/www.beta-machine.com\/fr\/wp-json\/wp\/v2\/types\/product"}],"replies":[{"embeddable":true,"href":"https:\/\/www.beta-machine.com\/fr\/wp-json\/wp\/v2\/comments?post=148"}],"wp:featuredmedia":[{"embeddable":true,"href":"https:\/\/www.beta-machine.com\/fr\/wp-json\/wp\/v2\/media\/151"}],"wp:attachment":[{"href":"https:\/\/www.beta-machine.com\/fr\/wp-json\/wp\/v2\/media?parent=148"}],"wp:term":[{"taxonomy":"product_brand","embeddable":true,"href":"https:\/\/www.beta-machine.com\/fr\/wp-json\/wp\/v2\/product_brand?post=148"},{"taxonomy":"product_cat","embeddable":true,"href":"https:\/\/www.beta-machine.com\/fr\/wp-json\/wp\/v2\/product_cat?post=148"},{"taxonomy":"product_tag","embeddable":true,"href":"https:\/\/www.beta-machine.com\/fr\/wp-json\/wp\/v2\/product_tag?post=148"}],"curies":[{"name":"wp","href":"https:\/\/api.w.org\/{rel}","templated":true}]}}