{"id":156,"date":"2025-10-24T03:18:56","date_gmt":"2025-10-24T03:18:56","guid":{"rendered":"https:\/\/beta-machine.com\/?post_type=product&#038;p=156"},"modified":"2026-03-16T06:01:34","modified_gmt":"2026-03-16T06:01:34","slug":"manufacturer-customized-fully-automatic-small-single-axis-waste-plastic-shredder","status":"publish","type":"product","link":"https:\/\/www.beta-machine.com\/fr\/manufacturer-customized-fully-automatic-small-single-axis-waste-plastic-shredder-pd728328088\/","title":{"rendered":"Fabricant Broyeur de D\u00e9chets Plastiques Petit \u00e0 Un Axe, Enti\u00e8rement Automatique et Personnalis\u00e9"},"content":{"rendered":"<p><strong>Broyeur \u00e0 un axe<\/strong><\/p>\n<h2>Avantages<\/h2>\n<div>\n<ol>\n<li>Le bo\u00eetier de vitesses du broyeur est soud\u00e9 avec des t\u00f4les d\u2019acier, de haute pr\u00e9cision, bon contact, faible bruit et longue dur\u00e9e de vie.<\/li>\n<li>Les composants d\u2019entra\u00eenement du broyeur sont reli\u00e9s par des accouplements pour r\u00e9duire les vibrations, prot\u00e9ger l\u2019arbre principal et le r\u00e9ducteur, sans endommager la force.<\/li>\n<li>La lame du broyeur subit un forgeage, un traitement thermique de recuit, une isolation de revenu et une rectification fine sur coupe en ligne.<\/li>\n<li>Le moteur du broyeur est un moteur \u00e0 noyau en cuivre pur, permettant de r\u00e9duire la consommation d\u2019\u00e9nergie et d\u2019am\u00e9liorer la dur\u00e9e de vie.<\/li>\n<\/ol>\n<\/div>\n<div>\n<h2>Domaine d\u2019application<\/h2>\n<div>\n<ol>\n<li>Divers r\u00e9cipients creux : canettes de boisson en plastique, seaux en plastique, seaux en fer, etc.<\/li>\n<li>Appareils \u00e9lectrom\u00e9nagers usag\u00e9s: t\u00e9l\u00e9viseurs, machines \u00e0 laver, carters de r\u00e9frig\u00e9rateurs<\/li>\n<li>Tuyaux: grands tuyaux, raccords, tuyaux PE<\/li>\n<li>Mod\u00e8les usag\u00e9s : palettes en bois, palettes en plastique, palettes pour chariots \u00e9l\u00e9vateurs, etc.<\/li>\n<li>Pneus usag\u00e9s: pneus de voiture, pneus de camion<\/li>\n<li>M\u00e9taux de rebut : carrosseries automobiles, alliages d\u2019aluminium et pi\u00e8ces moul\u00e9es en aluminium usag\u00e9es<\/li>\n<li>D\u00e9chets de cuisine, d\u00e9chets m\u00e9nagers, cadavres d\u2019animaux, d\u00e9chets m\u00e9dicaux, etc.<\/li>\n<li>Mat\u00e9riau de t\u00eate en caoutchouc, corde torsad\u00e9e d\u2019usine de papier<\/li>\n<\/ol>\n<h2>Domaine d\u2019application<\/h2>\n<p><img fetchpriority=\"high\" decoding=\"async\" class=\"alignnone wp-image-158 size-full\" src=\"https:\/\/beta-machine.com\/wp-content\/uploads\/2025\/10\/Application-scenarios.png\" alt=\"Plastic Shredder\" width=\"849\" height=\"518\" srcset=\"https:\/\/www.beta-machine.com\/wp-content\/uploads\/2025\/10\/Application-scenarios.png 849w, https:\/\/www.beta-machine.com\/wp-content\/uploads\/2025\/10\/Application-scenarios-600x366.png 600w, https:\/\/www.beta-machine.com\/wp-content\/uploads\/2025\/10\/Application-scenarios-300x183.png 300w, https:\/\/www.beta-machine.com\/wp-content\/uploads\/2025\/10\/Application-scenarios-768x469.png 768w\" sizes=\"(max-width: 849px) 100vw, 849px\" \/><\/p>\n<\/div>\n<\/div>","protected":false},"excerpt":{"rendered":"<p>Le broyeur \u00e0 un axe personnalis\u00e9 de BETA est \u00e9conomique et facile \u00e0 utiliser.<\/p>","protected":false},"featured_media":161,"comment_status":"closed","ping_status":"closed","template":"","meta":{"_acf_changed":false},"product_brand":[],"product_cat":[41],"product_tag":[],"class_list":{"0":"post-156","1":"product","2":"type-product","3":"status-publish","4":"has-post-thumbnail","6":"product_cat-auxiliary-machines","8":"first","9":"instock","10":"shipping-taxable","11":"purchasable","12":"product-type-simple"},"acf":[],"_links":{"self":[{"href":"https:\/\/www.beta-machine.com\/fr\/wp-json\/wp\/v2\/product\/156","targetHints":{"allow":["GET"]}}],"collection":[{"href":"https:\/\/www.beta-machine.com\/fr\/wp-json\/wp\/v2\/product"}],"about":[{"href":"https:\/\/www.beta-machine.com\/fr\/wp-json\/wp\/v2\/types\/product"}],"replies":[{"embeddable":true,"href":"https:\/\/www.beta-machine.com\/fr\/wp-json\/wp\/v2\/comments?post=156"}],"wp:featuredmedia":[{"embeddable":true,"href":"https:\/\/www.beta-machine.com\/fr\/wp-json\/wp\/v2\/media\/161"}],"wp:attachment":[{"href":"https:\/\/www.beta-machine.com\/fr\/wp-json\/wp\/v2\/media?parent=156"}],"wp:term":[{"taxonomy":"product_brand","embeddable":true,"href":"https:\/\/www.beta-machine.com\/fr\/wp-json\/wp\/v2\/product_brand?post=156"},{"taxonomy":"product_cat","embeddable":true,"href":"https:\/\/www.beta-machine.com\/fr\/wp-json\/wp\/v2\/product_cat?post=156"},{"taxonomy":"product_tag","embeddable":true,"href":"https:\/\/www.beta-machine.com\/fr\/wp-json\/wp\/v2\/product_tag?post=156"}],"curies":[{"name":"wp","href":"https:\/\/api.w.org\/{rel}","templated":true}]}}