{"id":162,"date":"2025-10-24T03:25:55","date_gmt":"2025-10-24T03:25:55","guid":{"rendered":"https:\/\/beta-machine.com\/?post_type=product&#038;p=162"},"modified":"2026-03-16T05:51:07","modified_gmt":"2026-03-16T05:51:07","slug":"customized-fully-automatic-plastic-particle-drying-hopper-by-the-manufacturer","status":"publish","type":"product","link":"https:\/\/www.beta-machine.com\/fr\/customized-fully-automatic-plastic-particle-drying-hopper-by-the-manufacturer-pd790279088\/","title":{"rendered":"Tr\u00e9mie s\u00e9cheuse de particules de plastique enti\u00e8rement automatique, personnalis\u00e9e par le fabricant"},"content":{"rendered":"<h2>D\u00e9tails<\/h2>\n<ol>\n<li>Fen\u00eatre de visualisation, r\u00e9gulation de temp\u00e9rature par microordinateur, prise en charge du basculement entre chinois et anglais.<\/li>\n<li>Conception de filtre amovible, toutes les pi\u00e8ces int\u00e9rieures du tonneau sont en acier inoxydable, conception d\u00e9montable pour un nettoyage facile.<\/li>\n<li>Contacteur Schneider, accessoire de marque, durable.<\/li>\n<li>Thermom\u00e8tre de haute sensibilit\u00e9, surveillant constamment la temp\u00e9rature \u00e0 l\u2019int\u00e9rieur du tonneau.<\/li>\n<\/ol>\n<p><img fetchpriority=\"high\" decoding=\"async\" class=\"alignnone size-full wp-image-174\" src=\"https:\/\/beta-machine.com\/wp-content\/uploads\/2025\/10\/01.jpg\" alt=\"\" width=\"801\" height=\"2255\" srcset=\"https:\/\/www.beta-machine.com\/wp-content\/uploads\/2025\/10\/01.jpg 801w, https:\/\/www.beta-machine.com\/wp-content\/uploads\/2025\/10\/01-600x1689.jpg 600w, https:\/\/www.beta-machine.com\/wp-content\/uploads\/2025\/10\/01-107x300.jpg 107w, https:\/\/www.beta-machine.com\/wp-content\/uploads\/2025\/10\/01-364x1024.jpg 364w, https:\/\/www.beta-machine.com\/wp-content\/uploads\/2025\/10\/01-768x2162.jpg 768w, https:\/\/www.beta-machine.com\/wp-content\/uploads\/2025\/10\/01-546x1536.jpg 546w, https:\/\/www.beta-machine.com\/wp-content\/uploads\/2025\/10\/01-727x2048.jpg 727w\" sizes=\"(max-width: 801px) 100vw, 801px\" \/><\/p>","protected":false},"excerpt":{"rendered":"<p>La tr\u00e9mie s\u00e9cheuse de particules de plastique enti\u00e8rement automatique personnalis\u00e9e par BETA est une tr\u00e9mie s\u00e9cheuse efficace et \u00e9conome en \u00e9nergie.<\/p>","protected":false},"featured_media":171,"comment_status":"closed","ping_status":"closed","template":"","meta":{"_acf_changed":false},"product_brand":[],"product_cat":[41],"product_tag":[],"class_list":{"0":"post-162","1":"product","2":"type-product","3":"status-publish","4":"has-post-thumbnail","6":"product_cat-auxiliary-machines","8":"first","9":"instock","10":"shipping-taxable","11":"purchasable","12":"product-type-variable"},"acf":[],"_links":{"self":[{"href":"https:\/\/www.beta-machine.com\/fr\/wp-json\/wp\/v2\/product\/162","targetHints":{"allow":["GET"]}}],"collection":[{"href":"https:\/\/www.beta-machine.com\/fr\/wp-json\/wp\/v2\/product"}],"about":[{"href":"https:\/\/www.beta-machine.com\/fr\/wp-json\/wp\/v2\/types\/product"}],"replies":[{"embeddable":true,"href":"https:\/\/www.beta-machine.com\/fr\/wp-json\/wp\/v2\/comments?post=162"}],"wp:featuredmedia":[{"embeddable":true,"href":"https:\/\/www.beta-machine.com\/fr\/wp-json\/wp\/v2\/media\/171"}],"wp:attachment":[{"href":"https:\/\/www.beta-machine.com\/fr\/wp-json\/wp\/v2\/media?parent=162"}],"wp:term":[{"taxonomy":"product_brand","embeddable":true,"href":"https:\/\/www.beta-machine.com\/fr\/wp-json\/wp\/v2\/product_brand?post=162"},{"taxonomy":"product_cat","embeddable":true,"href":"https:\/\/www.beta-machine.com\/fr\/wp-json\/wp\/v2\/product_cat?post=162"},{"taxonomy":"product_tag","embeddable":true,"href":"https:\/\/www.beta-machine.com\/fr\/wp-json\/wp\/v2\/product_tag?post=162"}],"curies":[{"name":"wp","href":"https:\/\/api.w.org\/{rel}","templated":true}]}}