{"id":180,"date":"2025-10-24T05:08:13","date_gmt":"2025-10-24T05:08:13","guid":{"rendered":"https:\/\/beta-machine.com\/?post_type=product&#038;p=180"},"modified":"2025-10-24T06:52:01","modified_gmt":"2025-10-24T06:52:01","slug":"industrial-air-tank-compressed-air-reservoir-tank","status":"publish","type":"product","link":"https:\/\/www.beta-machine.com\/fr\/industrial-air-tank-compressed-air-reservoir-tank-pd795285088\/","title":{"rendered":"R\u00e9servoir d\u2019air industriel \/ R\u00e9servoir d\u2019air comprim\u00e9"},"content":{"rendered":"<p><strong>R\u00e9servoir d\u2019air industriel \/ R\u00e9servoir d\u2019air comprim\u00e9<\/strong><\/p>\n<p><img fetchpriority=\"high\" decoding=\"async\" class=\"alignnone size-full wp-image-182\" src=\"https:\/\/beta-machine.com\/wp-content\/uploads\/2025\/10\/air-tank9.jpg\" alt=\"air-tank\" width=\"604\" height=\"574\" srcset=\"https:\/\/www.beta-machine.com\/wp-content\/uploads\/2025\/10\/air-tank9.jpg 604w, https:\/\/www.beta-machine.com\/wp-content\/uploads\/2025\/10\/air-tank9-600x570.jpg 600w, https:\/\/www.beta-machine.com\/wp-content\/uploads\/2025\/10\/air-tank9-300x285.jpg 300w\" sizes=\"(max-width: 604px) 100vw, 604px\" \/><\/p>\n<div class=\"sliderTable mt10 mb10 sliderTable-index0\">\n<div class=\"inner\">\n<table width=\"882\">\n<tbody>\n<tr class=\"firstRow\">\n<td valign=\"top\" width=\"266\">Nom du produit<\/td>\n<td valign=\"top\" width=\"573\">R\u00e9servoir d\u2019air en acier inoxydable<\/td>\n<\/tr>\n<tr>\n<td valign=\"top\" width=\"266\">Volume<\/td>\n<td valign=\"top\" width=\"573\">300-6000L; 0.3-6m\u00b3<\/td>\n<\/tr>\n<tr>\n<td valign=\"top\" width=\"266\">Pression<\/td>\n<td valign=\"top\" width=\"573\">8-16 bar<\/td>\n<\/tr>\n<tr>\n<td valign=\"top\" width=\"266\">Industrie applicable<\/td>\n<td valign=\"top\" width=\"573\">Compresseur d\u2019air<\/td>\n<\/tr>\n<tr>\n<td valign=\"top\" width=\"266\">Milieu<\/td>\n<td valign=\"top\" width=\"573\">air, vapeur, azote, oxyg\u00e8ne, eau<\/td>\n<\/tr>\n<tr>\n<td valign=\"top\" width=\"266\">Temp\u00e9rature d\u2019entr\u00e9e d\u2019air<\/td>\n<td valign=\"top\" width=\"573\">\u226460\u2103<\/td>\n<\/tr>\n<tr>\n<td valign=\"top\" width=\"266\">Dur\u00e9e de vie<\/td>\n<td valign=\"top\" width=\"573\">10-15 ans<\/td>\n<\/tr>\n<\/tbody>\n<\/table>\n<\/div>\n<\/div>\n<p><img decoding=\"async\" class=\"alignnone size-full wp-image-183\" src=\"https:\/\/beta-machine.com\/wp-content\/uploads\/2025\/10\/air-tank8-scaled.jpg\" alt=\"air tank\" width=\"2006\" height=\"2560\" srcset=\"https:\/\/www.beta-machine.com\/wp-content\/uploads\/2025\/10\/air-tank8-scaled.jpg 2006w, https:\/\/www.beta-machine.com\/wp-content\/uploads\/2025\/10\/air-tank8-scaled-600x766.jpg 600w, https:\/\/www.beta-machine.com\/wp-content\/uploads\/2025\/10\/air-tank8-235x300.jpg 235w, https:\/\/www.beta-machine.com\/wp-content\/uploads\/2025\/10\/air-tank8-802x1024.jpg 802w, https:\/\/www.beta-machine.com\/wp-content\/uploads\/2025\/10\/air-tank8-768x980.jpg 768w, https:\/\/www.beta-machine.com\/wp-content\/uploads\/2025\/10\/air-tank8-1203x1536.jpg 1203w, https:\/\/www.beta-machine.com\/wp-content\/uploads\/2025\/10\/air-tank8-1604x2048.jpg 1604w\" sizes=\"(max-width: 2006px) 100vw, 2006px\" \/><\/p>\n<div class=\"sliderTable mt10 mb10 sliderTable-index1\">\n<div class=\"inner\"><\/div>\n<\/div>","protected":false},"excerpt":{"rendered":"<div class=\"pro-this-prodBrief\">Le r\u00e9servoir d\u2019air est utilis\u00e9 dans diverses industries avec des fonctions puissantes. Il est largement employ\u00e9 dans la g\u00e9n\u00e9ration d\u2019\u00e9nergie, la p\u00e9trochimie, l\u2019impression et la teinture, la m\u00e9tallurgie, le textile, le ciment, la construction et d\u2019autres industries.<\/div>","protected":false},"featured_media":184,"comment_status":"closed","ping_status":"closed","template":"","meta":{"_acf_changed":false},"product_brand":[],"product_cat":[41],"product_tag":[],"class_list":{"0":"post-180","1":"product","2":"type-product","3":"status-publish","4":"has-post-thumbnail","6":"product_cat-auxiliary-machines","8":"first","9":"instock","10":"shipping-taxable","11":"product-type-variable"},"acf":[],"_links":{"self":[{"href":"https:\/\/www.beta-machine.com\/fr\/wp-json\/wp\/v2\/product\/180","targetHints":{"allow":["GET"]}}],"collection":[{"href":"https:\/\/www.beta-machine.com\/fr\/wp-json\/wp\/v2\/product"}],"about":[{"href":"https:\/\/www.beta-machine.com\/fr\/wp-json\/wp\/v2\/types\/product"}],"replies":[{"embeddable":true,"href":"https:\/\/www.beta-machine.com\/fr\/wp-json\/wp\/v2\/comments?post=180"}],"wp:featuredmedia":[{"embeddable":true,"href":"https:\/\/www.beta-machine.com\/fr\/wp-json\/wp\/v2\/media\/184"}],"wp:attachment":[{"href":"https:\/\/www.beta-machine.com\/fr\/wp-json\/wp\/v2\/media?parent=180"}],"wp:term":[{"taxonomy":"product_brand","embeddable":true,"href":"https:\/\/www.beta-machine.com\/fr\/wp-json\/wp\/v2\/product_brand?post=180"},{"taxonomy":"product_cat","embeddable":true,"href":"https:\/\/www.beta-machine.com\/fr\/wp-json\/wp\/v2\/product_cat?post=180"},{"taxonomy":"product_tag","embeddable":true,"href":"https:\/\/www.beta-machine.com\/fr\/wp-json\/wp\/v2\/product_tag?post=180"}],"curies":[{"name":"wp","href":"https:\/\/api.w.org\/{rel}","templated":true}]}}